{"id":2867,"date":"2014-10-30T11:40:56","date_gmt":"2014-10-30T15:40:56","guid":{"rendered":"http:\/\/www.northhatley.org\/?page_id=2867"},"modified":"2024-06-11T16:18:17","modified_gmt":"2024-06-11T20:18:17","slug":"sports-et-loisirs","status":"publish","type":"page","link":"https:\/\/www.northhatley.org\/fr\/communaute\/sports-et-loisirs\/","title":{"rendered":"Sports et loisirs"},"content":{"rendered":"<h1><strong>Les sports et loisirs \u00e0 North Hatley<br \/><\/strong><\/h1>\n<p>M\u00eame si sa population de North Hatley s\u2019accro\u00eet sensiblement au cours de l&rsquo;\u00e9t\u00e9 et pendant le temps des F\u00eates, chaque saison a son charme, avec son lot d\u2019activit\u00e9s et de divertissements.<\/p>\n<p><strong>Ressources <\/strong><\/p>\n<ul>\n<li><strong><a href=\"http:\/\/www.northhatley.org\/fr\/communaute\/sports-et-loisirs\/plage-et-tennis\/\">Plage, Tennis et cours de natation<\/a><\/strong><\/li>\n<li><a title=\"Marina et quai public\" href=\"http:\/\/www.northhatley.org\/fr\/communaute\/sports-et-loisirs\/marina-et-quai-public\/\"><strong>La marina et le quai public<\/strong><\/a><\/li>\n<li><a title=\"Les parcs de North Hatley\" href=\"http:\/\/www.northhatley.org\/fr\/communaute\/sports-et-loisirs\/les-parcs-de-north-hatley\/\"><strong>Les parcs<\/strong><\/a><\/li>\n<li><a title=\"Piste pour v\u00e9lo et ski de fond\" href=\"http:\/\/www.northhatley.org\/fr\/communaute\/sports-et-loisirs\/piste-pour-velo-et-ski-de-fond\/\"><strong>La piste pour v\u00e9lo et ski de fond<\/strong><\/a><\/li>\n<li><a title=\"Golf, curling et plus\" href=\"http:\/\/www.northhatley.org\/fr\/communaute\/sports-et-loisirs\/le-curling-club-de-north-hatley\/\"><strong>Le golf, le curling et plus<\/strong><\/a><\/li>\n<li><a title=\"La Soci\u00e9t\u00e9 des loisirs de North Hatley\" href=\"http:\/\/www.northhatley.org\/fr\/communaute\/sports-et-loisirs\/la-societe-des-loisirs-de-north-hatley\/\" data-wplink-edit=\"true\"><strong>La Soci\u00e9t\u00e9 des loisirs de North Hatley<\/strong><\/a><\/li>\n<\/ul>\n\n\n<p><\/p>\n","protected":false},"excerpt":{"rendered":"<p>Les sports et loisirs \u00e0 North Hatley M\u00eame si sa population de North Hatley s\u2019accro\u00eet sensiblement au cours de l&rsquo;\u00e9t\u00e9 et pendant le temps des F\u00eates, chaque saison a son charme, avec son lot d\u2019activit\u00e9s et de divertissements. Ressources Plage, Tennis et cours de natation La marina et le quai public Les parcs La piste<\/p>\n","protected":false},"author":2,"featured_media":0,"parent":1316,"menu_order":1,"comment_status":"open","ping_status":"closed","template":"","meta":{"_acf_changed":false,"footnotes":""},"class_list":["post-2867","page","type-page","status-publish","hentry"],"acf":[],"yoast_head":"<!-- This site is optimized with the Yoast SEO plugin v24.3 - https:\/\/yoast.com\/wordpress\/plugins\/seo\/ -->\n<title>Sports et loisirs - Village de North Hatley<\/title>\n<meta name=\"robots\" content=\"index, follow, max-snippet:-1, max-image-preview:large, max-video-preview:-1\" \/>\n<link rel=\"canonical\" href=\"http:\/\/www.northhatley.org\/fr\/communaute\/sports-et-loisirs\/\" \/>\n<meta property=\"og:locale\" content=\"fr_FR\" \/>\n<meta property=\"og:type\" content=\"article\" \/>\n<meta property=\"og:title\" content=\"Sports et loisirs - Village de North Hatley\" \/>\n<meta property=\"og:description\" content=\"Les sports et loisirs \u00e0 North Hatley M\u00eame si sa population de North Hatley s\u2019accro\u00eet sensiblement au cours de l&rsquo;\u00e9t\u00e9 et pendant le temps des F\u00eates, chaque saison a son charme, avec son lot d\u2019activit\u00e9s et de divertissements. Ressources Plage, Tennis et cours de natation La marina et le quai public Les parcs La piste\" \/>\n<meta property=\"og:url\" content=\"http:\/\/www.northhatley.org\/fr\/communaute\/sports-et-loisirs\/\" \/>\n<meta property=\"og:site_name\" content=\"Village de North Hatley\" \/>\n<meta property=\"article:modified_time\" content=\"2024-06-11T20:18:17+00:00\" \/>\n<meta name=\"twitter:label1\" content=\"Dur\u00e9e de lecture estim\u00e9e\" \/>\n\t<meta name=\"twitter:data1\" content=\"1 minute\" \/>\n<script type=\"application\/ld+json\" class=\"yoast-schema-graph\">{\"@context\":\"https:\/\/schema.org\",\"@graph\":[{\"@type\":\"WebPage\",\"@id\":\"http:\/\/www.northhatley.org\/fr\/communaute\/sports-et-loisirs\/\",\"url\":\"http:\/\/www.northhatley.org\/fr\/communaute\/sports-et-loisirs\/\",\"name\":\"Sports et loisirs - Village de North Hatley\",\"isPartOf\":{\"@id\":\"http:\/\/www.northhatley.org\/en\/#website\"},\"datePublished\":\"2014-10-30T15:40:56+00:00\",\"dateModified\":\"2024-06-11T20:18:17+00:00\",\"breadcrumb\":{\"@id\":\"http:\/\/www.northhatley.org\/fr\/communaute\/sports-et-loisirs\/#breadcrumb\"},\"inLanguage\":\"fr-FR\",\"potentialAction\":[{\"@type\":\"ReadAction\",\"target\":[\"http:\/\/www.northhatley.org\/fr\/communaute\/sports-et-loisirs\/\"]}]},{\"@type\":\"BreadcrumbList\",\"@id\":\"http:\/\/www.northhatley.org\/fr\/communaute\/sports-et-loisirs\/#breadcrumb\",\"itemListElement\":[{\"@type\":\"ListItem\",\"position\":1,\"name\":\"Home\",\"item\":\"https:\/\/www.northhatley.org\/fr\/\"},{\"@type\":\"ListItem\",\"position\":2,\"name\":\"R\u00e9sidents\",\"item\":\"http:\/\/www.northhatley.org\/fr\/communaute\/\"},{\"@type\":\"ListItem\",\"position\":3,\"name\":\"Sports et loisirs\"}]},{\"@type\":\"WebSite\",\"@id\":\"http:\/\/www.northhatley.org\/en\/#website\",\"url\":\"http:\/\/www.northhatley.org\/en\/\",\"name\":\"Village de North Hatley\",\"description\":\"Village of North Hatley\",\"publisher\":{\"@id\":\"http:\/\/www.northhatley.org\/en\/#organization\"},\"potentialAction\":[{\"@type\":\"SearchAction\",\"target\":{\"@type\":\"EntryPoint\",\"urlTemplate\":\"http:\/\/www.northhatley.org\/en\/?s={search_term_string}\"},\"query-input\":{\"@type\":\"PropertyValueSpecification\",\"valueRequired\":true,\"valueName\":\"search_term_string\"}}],\"inLanguage\":\"fr-FR\"},{\"@type\":\"Organization\",\"@id\":\"http:\/\/www.northhatley.org\/en\/#organization\",\"name\":\"MUNICIPALIT\u00c9 DU VILLAGE DE NORTH HATLE\",\"url\":\"http:\/\/www.northhatley.org\/en\/\",\"logo\":{\"@type\":\"ImageObject\",\"inLanguage\":\"fr-FR\",\"@id\":\"http:\/\/www.northhatley.org\/en\/#\/schema\/logo\/image\/\",\"url\":\"https:\/\/www.northhatley.org\/wp-content\/uploads\/2016\/06\/Logo-North-Hatley.jpg\",\"contentUrl\":\"https:\/\/www.northhatley.org\/wp-content\/uploads\/2016\/06\/Logo-North-Hatley.jpg\",\"width\":127,\"height\":164,\"caption\":\"MUNICIPALIT\u00c9 DU VILLAGE DE NORTH HATLE\"},\"image\":{\"@id\":\"http:\/\/www.northhatley.org\/en\/#\/schema\/logo\/image\/\"}}]}<\/script>\n<!-- \/ Yoast SEO plugin. -->","yoast_head_json":{"title":"Sports et loisirs - Village de North Hatley","robots":{"index":"index","follow":"follow","max-snippet":"max-snippet:-1","max-image-preview":"max-image-preview:large","max-video-preview":"max-video-preview:-1"},"canonical":"http:\/\/www.northhatley.org\/fr\/communaute\/sports-et-loisirs\/","og_locale":"fr_FR","og_type":"article","og_title":"Sports et loisirs - Village de North Hatley","og_description":"Les sports et loisirs \u00e0 North Hatley M\u00eame si sa population de North Hatley s\u2019accro\u00eet sensiblement au cours de l&rsquo;\u00e9t\u00e9 et pendant le temps des F\u00eates, chaque saison a son charme, avec son lot d\u2019activit\u00e9s et de divertissements. Ressources Plage, Tennis et cours de natation La marina et le quai public Les parcs La piste","og_url":"http:\/\/www.northhatley.org\/fr\/communaute\/sports-et-loisirs\/","og_site_name":"Village de North Hatley","article_modified_time":"2024-06-11T20:18:17+00:00","twitter_misc":{"Dur\u00e9e de lecture estim\u00e9e":"1 minute"},"schema":{"@context":"https:\/\/schema.org","@graph":[{"@type":"WebPage","@id":"http:\/\/www.northhatley.org\/fr\/communaute\/sports-et-loisirs\/","url":"http:\/\/www.northhatley.org\/fr\/communaute\/sports-et-loisirs\/","name":"Sports et loisirs - Village de North Hatley","isPartOf":{"@id":"http:\/\/www.northhatley.org\/en\/#website"},"datePublished":"2014-10-30T15:40:56+00:00","dateModified":"2024-06-11T20:18:17+00:00","breadcrumb":{"@id":"http:\/\/www.northhatley.org\/fr\/communaute\/sports-et-loisirs\/#breadcrumb"},"inLanguage":"fr-FR","potentialAction":[{"@type":"ReadAction","target":["http:\/\/www.northhatley.org\/fr\/communaute\/sports-et-loisirs\/"]}]},{"@type":"BreadcrumbList","@id":"http:\/\/www.northhatley.org\/fr\/communaute\/sports-et-loisirs\/#breadcrumb","itemListElement":[{"@type":"ListItem","position":1,"name":"Home","item":"https:\/\/www.northhatley.org\/fr\/"},{"@type":"ListItem","position":2,"name":"R\u00e9sidents","item":"http:\/\/www.northhatley.org\/fr\/communaute\/"},{"@type":"ListItem","position":3,"name":"Sports et loisirs"}]},{"@type":"WebSite","@id":"http:\/\/www.northhatley.org\/en\/#website","url":"http:\/\/www.northhatley.org\/en\/","name":"Village de North Hatley","description":"Village of North Hatley","publisher":{"@id":"http:\/\/www.northhatley.org\/en\/#organization"},"potentialAction":[{"@type":"SearchAction","target":{"@type":"EntryPoint","urlTemplate":"http:\/\/www.northhatley.org\/en\/?s={search_term_string}"},"query-input":{"@type":"PropertyValueSpecification","valueRequired":true,"valueName":"search_term_string"}}],"inLanguage":"fr-FR"},{"@type":"Organization","@id":"http:\/\/www.northhatley.org\/en\/#organization","name":"MUNICIPALIT\u00c9 DU VILLAGE DE NORTH HATLE","url":"http:\/\/www.northhatley.org\/en\/","logo":{"@type":"ImageObject","inLanguage":"fr-FR","@id":"http:\/\/www.northhatley.org\/en\/#\/schema\/logo\/image\/","url":"https:\/\/www.northhatley.org\/wp-content\/uploads\/2016\/06\/Logo-North-Hatley.jpg","contentUrl":"https:\/\/www.northhatley.org\/wp-content\/uploads\/2016\/06\/Logo-North-Hatley.jpg","width":127,"height":164,"caption":"MUNICIPALIT\u00c9 DU VILLAGE DE NORTH HATLE"},"image":{"@id":"http:\/\/www.northhatley.org\/en\/#\/schema\/logo\/image\/"}}]}},"_links":{"self":[{"href":"https:\/\/www.northhatley.org\/fr\/wp-json\/wp\/v2\/pages\/2867","targetHints":{"allow":["GET"]}}],"collection":[{"href":"https:\/\/www.northhatley.org\/fr\/wp-json\/wp\/v2\/pages"}],"about":[{"href":"https:\/\/www.northhatley.org\/fr\/wp-json\/wp\/v2\/types\/page"}],"author":[{"embeddable":true,"href":"https:\/\/www.northhatley.org\/fr\/wp-json\/wp\/v2\/users\/2"}],"replies":[{"embeddable":true,"href":"https:\/\/www.northhatley.org\/fr\/wp-json\/wp\/v2\/comments?post=2867"}],"version-history":[{"count":14,"href":"https:\/\/www.northhatley.org\/fr\/wp-json\/wp\/v2\/pages\/2867\/revisions"}],"predecessor-version":[{"id":13416,"href":"https:\/\/www.northhatley.org\/fr\/wp-json\/wp\/v2\/pages\/2867\/revisions\/13416"}],"up":[{"embeddable":true,"href":"https:\/\/www.northhatley.org\/fr\/wp-json\/wp\/v2\/pages\/1316"}],"wp:attachment":[{"href":"https:\/\/www.northhatley.org\/fr\/wp-json\/wp\/v2\/media?parent=2867"}],"curies":[{"name":"wp","href":"https:\/\/api.w.org\/{rel}","templated":true}]}}