{"id":2671,"date":"2014-10-16T13:00:47","date_gmt":"2014-10-16T17:00:47","guid":{"rendered":"http:\/\/www.northhatley.org\/?page_id=2671"},"modified":"2021-07-22T15:07:40","modified_gmt":"2021-07-22T19:07:40","slug":"numeros-de-telephone-importants","status":"publish","type":"page","link":"https:\/\/www.northhatley.org\/fr\/municipalite\/renseignements-generaux\/numeros-de-telephone-importants\/","title":{"rendered":"Num\u00e9ros de t\u00e9l\u00e9phone importants"},"content":{"rendered":"<h1>Num\u00e9ros de t\u00e9l\u00e9phone importants<\/h1>\n<p><strong>La mairie (administration et travaux publics)<\/strong><br \/>\n819 842-2754 ou 1 877 842-2754<\/p>\n<p><strong>La RIPPIME\u00a0 (R\u00e9gie intermunicipale de protection d\u2019incendie)<\/strong><br \/>\n819 838-5877 poste 204 ou <span style=\"color: #ff0000;\"><strong>9-1-1 (urgences)<\/strong><\/span><\/p>\n<p><strong>La Suret\u00e9 du Qu\u00e9bec <\/strong><br \/>\n310-4141 (service de garde disponible en cas d\u2019urgence) ou <span style=\"color: #ff0000;\"><strong>9-1-1 (urgences)<\/strong><\/span><\/p>\n<p><strong>Les Services d\u2019urgence en s\u00e9curit\u00e9 civile<\/strong><br \/>\n(inondation, glissement de terrain, etc.)<br \/>\n1 866 776-8345 (24\/7)<\/p>\n<p><strong>La Soci\u00e9t\u00e9 protectrice des animaux de l\u2019Estrie<\/strong><br \/>\n819 821-4727<\/p>\n<p><strong>Le Minist\u00e8re des for\u00eats, de la faune et des parcs<\/strong><br \/>\n1 877 346-6763<\/p>\n<p><strong>Services Qu\u00e9bec<\/strong><br \/>\n1 877 644-4545 (#4 programmes)<\/p>\n","protected":false},"excerpt":{"rendered":"<p>Num\u00e9ros de t\u00e9l\u00e9phone importants La mairie (administration et travaux publics) 819 842-2754 ou 1 877 842-2754 La RIPPIME\u00a0 (R\u00e9gie intermunicipale de protection d\u2019incendie) 819 838-5877 poste 204 ou 9-1-1 (urgences) La Suret\u00e9 du Qu\u00e9bec 310-4141 (service de garde disponible en cas d\u2019urgence) ou 9-1-1 (urgences) Les Services d\u2019urgence en s\u00e9curit\u00e9 civile (inondation, glissement de terrain,<\/p>\n","protected":false},"author":2,"featured_media":0,"parent":1251,"menu_order":0,"comment_status":"open","ping_status":"open","template":"","meta":{"_acf_changed":false,"footnotes":""},"class_list":["post-2671","page","type-page","status-publish","hentry"],"acf":[],"yoast_head":"<!-- This site is optimized with the Yoast SEO plugin v24.3 - https:\/\/yoast.com\/wordpress\/plugins\/seo\/ -->\n<title>Num\u00e9ros de t\u00e9l\u00e9phone importants - Village de North Hatley<\/title>\n<meta name=\"robots\" content=\"index, follow, max-snippet:-1, max-image-preview:large, max-video-preview:-1\" \/>\n<link rel=\"canonical\" href=\"https:\/\/www.northhatley.org\/fr\/municipalite\/renseignements-generaux\/numeros-de-telephone-importants\/\" \/>\n<meta property=\"og:locale\" content=\"fr_FR\" \/>\n<meta property=\"og:type\" content=\"article\" \/>\n<meta property=\"og:title\" content=\"Num\u00e9ros de t\u00e9l\u00e9phone importants - Village de North Hatley\" \/>\n<meta property=\"og:description\" content=\"Num\u00e9ros de t\u00e9l\u00e9phone importants La mairie (administration et travaux publics) 819 842-2754 ou 1 877 842-2754 La RIPPIME\u00a0 (R\u00e9gie intermunicipale de protection d\u2019incendie) 819 838-5877 poste 204 ou 9-1-1 (urgences) La Suret\u00e9 du Qu\u00e9bec 310-4141 (service de garde disponible en cas d\u2019urgence) ou 9-1-1 (urgences) Les Services d\u2019urgence en s\u00e9curit\u00e9 civile (inondation, glissement de terrain,\" \/>\n<meta property=\"og:url\" content=\"https:\/\/www.northhatley.org\/fr\/municipalite\/renseignements-generaux\/numeros-de-telephone-importants\/\" \/>\n<meta property=\"og:site_name\" content=\"Village de North Hatley\" \/>\n<meta property=\"article:modified_time\" content=\"2021-07-22T19:07:40+00:00\" \/>\n<meta name=\"twitter:label1\" content=\"Dur\u00e9e de lecture estim\u00e9e\" \/>\n\t<meta name=\"twitter:data1\" content=\"1 minute\" \/>\n<script type=\"application\/ld+json\" class=\"yoast-schema-graph\">{\"@context\":\"https:\/\/schema.org\",\"@graph\":[{\"@type\":\"WebPage\",\"@id\":\"https:\/\/www.northhatley.org\/fr\/municipalite\/renseignements-generaux\/numeros-de-telephone-importants\/\",\"url\":\"https:\/\/www.northhatley.org\/fr\/municipalite\/renseignements-generaux\/numeros-de-telephone-importants\/\",\"name\":\"Num\u00e9ros de t\u00e9l\u00e9phone importants - Village de North Hatley\",\"isPartOf\":{\"@id\":\"https:\/\/www.northhatley.org\/fr\/#website\"},\"datePublished\":\"2014-10-16T17:00:47+00:00\",\"dateModified\":\"2021-07-22T19:07:40+00:00\",\"breadcrumb\":{\"@id\":\"https:\/\/www.northhatley.org\/fr\/municipalite\/renseignements-generaux\/numeros-de-telephone-importants\/#breadcrumb\"},\"inLanguage\":\"fr-FR\",\"potentialAction\":[{\"@type\":\"ReadAction\",\"target\":[\"https:\/\/www.northhatley.org\/fr\/municipalite\/renseignements-generaux\/numeros-de-telephone-importants\/\"]}]},{\"@type\":\"BreadcrumbList\",\"@id\":\"https:\/\/www.northhatley.org\/fr\/municipalite\/renseignements-generaux\/numeros-de-telephone-importants\/#breadcrumb\",\"itemListElement\":[{\"@type\":\"ListItem\",\"position\":1,\"name\":\"Home\",\"item\":\"https:\/\/www.northhatley.org\/fr\/\"},{\"@type\":\"ListItem\",\"position\":2,\"name\":\"Mairie\",\"item\":\"http:\/\/www.northhatley.org\/fr\/municipalite\/\"},{\"@type\":\"ListItem\",\"position\":3,\"name\":\"Renseignements g\u00e9n\u00e9raux\",\"item\":\"https:\/\/www.northhatley.org\/fr\/municipalite\/renseignements-generaux\/\"},{\"@type\":\"ListItem\",\"position\":4,\"name\":\"Num\u00e9ros de t\u00e9l\u00e9phone importants\"}]},{\"@type\":\"WebSite\",\"@id\":\"https:\/\/www.northhatley.org\/fr\/#website\",\"url\":\"https:\/\/www.northhatley.org\/fr\/\",\"name\":\"Village de North Hatley\",\"description\":\"Village of North Hatley\",\"publisher\":{\"@id\":\"https:\/\/www.northhatley.org\/fr\/#organization\"},\"potentialAction\":[{\"@type\":\"SearchAction\",\"target\":{\"@type\":\"EntryPoint\",\"urlTemplate\":\"https:\/\/www.northhatley.org\/fr\/?s={search_term_string}\"},\"query-input\":{\"@type\":\"PropertyValueSpecification\",\"valueRequired\":true,\"valueName\":\"search_term_string\"}}],\"inLanguage\":\"fr-FR\"},{\"@type\":\"Organization\",\"@id\":\"https:\/\/www.northhatley.org\/fr\/#organization\",\"name\":\"MUNICIPALIT\u00c9 DU VILLAGE DE NORTH HATLE\",\"url\":\"https:\/\/www.northhatley.org\/fr\/\",\"logo\":{\"@type\":\"ImageObject\",\"inLanguage\":\"fr-FR\",\"@id\":\"https:\/\/www.northhatley.org\/fr\/#\/schema\/logo\/image\/\",\"url\":\"https:\/\/www.northhatley.org\/wp-content\/uploads\/2016\/06\/Logo-North-Hatley.jpg\",\"contentUrl\":\"https:\/\/www.northhatley.org\/wp-content\/uploads\/2016\/06\/Logo-North-Hatley.jpg\",\"width\":127,\"height\":164,\"caption\":\"MUNICIPALIT\u00c9 DU VILLAGE DE NORTH HATLE\"},\"image\":{\"@id\":\"https:\/\/www.northhatley.org\/fr\/#\/schema\/logo\/image\/\"}}]}<\/script>\n<!-- \/ Yoast SEO plugin. -->","yoast_head_json":{"title":"Num\u00e9ros de t\u00e9l\u00e9phone importants - Village de North Hatley","robots":{"index":"index","follow":"follow","max-snippet":"max-snippet:-1","max-image-preview":"max-image-preview:large","max-video-preview":"max-video-preview:-1"},"canonical":"https:\/\/www.northhatley.org\/fr\/municipalite\/renseignements-generaux\/numeros-de-telephone-importants\/","og_locale":"fr_FR","og_type":"article","og_title":"Num\u00e9ros de t\u00e9l\u00e9phone importants - Village de North Hatley","og_description":"Num\u00e9ros de t\u00e9l\u00e9phone importants La mairie (administration et travaux publics) 819 842-2754 ou 1 877 842-2754 La RIPPIME\u00a0 (R\u00e9gie intermunicipale de protection d\u2019incendie) 819 838-5877 poste 204 ou 9-1-1 (urgences) La Suret\u00e9 du Qu\u00e9bec 310-4141 (service de garde disponible en cas d\u2019urgence) ou 9-1-1 (urgences) Les Services d\u2019urgence en s\u00e9curit\u00e9 civile (inondation, glissement de terrain,","og_url":"https:\/\/www.northhatley.org\/fr\/municipalite\/renseignements-generaux\/numeros-de-telephone-importants\/","og_site_name":"Village de North Hatley","article_modified_time":"2021-07-22T19:07:40+00:00","twitter_misc":{"Dur\u00e9e de lecture estim\u00e9e":"1 minute"},"schema":{"@context":"https:\/\/schema.org","@graph":[{"@type":"WebPage","@id":"https:\/\/www.northhatley.org\/fr\/municipalite\/renseignements-generaux\/numeros-de-telephone-importants\/","url":"https:\/\/www.northhatley.org\/fr\/municipalite\/renseignements-generaux\/numeros-de-telephone-importants\/","name":"Num\u00e9ros de t\u00e9l\u00e9phone importants - Village de North Hatley","isPartOf":{"@id":"https:\/\/www.northhatley.org\/fr\/#website"},"datePublished":"2014-10-16T17:00:47+00:00","dateModified":"2021-07-22T19:07:40+00:00","breadcrumb":{"@id":"https:\/\/www.northhatley.org\/fr\/municipalite\/renseignements-generaux\/numeros-de-telephone-importants\/#breadcrumb"},"inLanguage":"fr-FR","potentialAction":[{"@type":"ReadAction","target":["https:\/\/www.northhatley.org\/fr\/municipalite\/renseignements-generaux\/numeros-de-telephone-importants\/"]}]},{"@type":"BreadcrumbList","@id":"https:\/\/www.northhatley.org\/fr\/municipalite\/renseignements-generaux\/numeros-de-telephone-importants\/#breadcrumb","itemListElement":[{"@type":"ListItem","position":1,"name":"Home","item":"https:\/\/www.northhatley.org\/fr\/"},{"@type":"ListItem","position":2,"name":"Mairie","item":"http:\/\/www.northhatley.org\/fr\/municipalite\/"},{"@type":"ListItem","position":3,"name":"Renseignements g\u00e9n\u00e9raux","item":"https:\/\/www.northhatley.org\/fr\/municipalite\/renseignements-generaux\/"},{"@type":"ListItem","position":4,"name":"Num\u00e9ros de t\u00e9l\u00e9phone importants"}]},{"@type":"WebSite","@id":"https:\/\/www.northhatley.org\/fr\/#website","url":"https:\/\/www.northhatley.org\/fr\/","name":"Village de North Hatley","description":"Village of North Hatley","publisher":{"@id":"https:\/\/www.northhatley.org\/fr\/#organization"},"potentialAction":[{"@type":"SearchAction","target":{"@type":"EntryPoint","urlTemplate":"https:\/\/www.northhatley.org\/fr\/?s={search_term_string}"},"query-input":{"@type":"PropertyValueSpecification","valueRequired":true,"valueName":"search_term_string"}}],"inLanguage":"fr-FR"},{"@type":"Organization","@id":"https:\/\/www.northhatley.org\/fr\/#organization","name":"MUNICIPALIT\u00c9 DU VILLAGE DE NORTH HATLE","url":"https:\/\/www.northhatley.org\/fr\/","logo":{"@type":"ImageObject","inLanguage":"fr-FR","@id":"https:\/\/www.northhatley.org\/fr\/#\/schema\/logo\/image\/","url":"https:\/\/www.northhatley.org\/wp-content\/uploads\/2016\/06\/Logo-North-Hatley.jpg","contentUrl":"https:\/\/www.northhatley.org\/wp-content\/uploads\/2016\/06\/Logo-North-Hatley.jpg","width":127,"height":164,"caption":"MUNICIPALIT\u00c9 DU VILLAGE DE NORTH HATLE"},"image":{"@id":"https:\/\/www.northhatley.org\/fr\/#\/schema\/logo\/image\/"}}]}},"_links":{"self":[{"href":"https:\/\/www.northhatley.org\/fr\/wp-json\/wp\/v2\/pages\/2671","targetHints":{"allow":["GET"]}}],"collection":[{"href":"https:\/\/www.northhatley.org\/fr\/wp-json\/wp\/v2\/pages"}],"about":[{"href":"https:\/\/www.northhatley.org\/fr\/wp-json\/wp\/v2\/types\/page"}],"author":[{"embeddable":true,"href":"https:\/\/www.northhatley.org\/fr\/wp-json\/wp\/v2\/users\/2"}],"replies":[{"embeddable":true,"href":"https:\/\/www.northhatley.org\/fr\/wp-json\/wp\/v2\/comments?post=2671"}],"version-history":[{"count":9,"href":"https:\/\/www.northhatley.org\/fr\/wp-json\/wp\/v2\/pages\/2671\/revisions"}],"predecessor-version":[{"id":9969,"href":"https:\/\/www.northhatley.org\/fr\/wp-json\/wp\/v2\/pages\/2671\/revisions\/9969"}],"up":[{"embeddable":true,"href":"https:\/\/www.northhatley.org\/fr\/wp-json\/wp\/v2\/pages\/1251"}],"wp:attachment":[{"href":"https:\/\/www.northhatley.org\/fr\/wp-json\/wp\/v2\/media?parent=2671"}],"curies":[{"name":"wp","href":"https:\/\/api.w.org\/{rel}","templated":true}]}}