{"id":2231,"date":"2014-07-25T18:05:07","date_gmt":"2014-07-25T18:05:07","guid":{"rendered":"http:\/\/www.northhatley.org\/?page_id=2231"},"modified":"2024-10-24T14:26:42","modified_gmt":"2024-10-24T18:26:42","slug":"emplois","status":"publish","type":"page","link":"https:\/\/www.northhatley.org\/fr\/municipalite\/emplois\/","title":{"rendered":"Offres d&#8217;emploi"},"content":{"rendered":"\n<p>La population de North Hatley \u00e9tait en d\u00e9cembre 2024 compos\u00e9e \u00e0 environ 40 % de personnes dont la langue maternelle est l&rsquo;anglais. La Municipalit\u00e9 a obtenu un statut bilingue aupr\u00e8s du gouvernement qu\u00e9b\u00e9cois.  Par cons\u00e9quent, certains postes ayant des contacts directs avec la population doivent avoir une connaissance suffisante de l&rsquo;anglais pour pouvoir \u00e9changer verbalement. <\/p>\n\n\n<p><a href=\"http:\/\/www.northhatley.org\/wp-content\/uploads\/2024\/10\/APPEL-DE-CANDIDATURES_de\u0301neigeur-2024.pdf\">Journalier aux travaux publics &#8211; D\u00e9neigeur<\/a><\/p>","protected":false},"excerpt":{"rendered":"<p>La population de North Hatley \u00e9tait en d\u00e9cembre 2024 compos\u00e9e \u00e0 environ 40 % de personnes dont la langue maternelle est l&rsquo;anglais. La Municipalit\u00e9 a obtenu un statut bilingue aupr\u00e8s du gouvernement qu\u00e9b\u00e9cois. Par cons\u00e9quent, certains postes ayant des contacts directs avec la population doivent avoir une connaissance suffisante de l&rsquo;anglais pour pouvoir \u00e9changer verbalement.<\/p>\n","protected":false},"author":2,"featured_media":0,"parent":808,"menu_order":8,"comment_status":"open","ping_status":"closed","template":"","meta":{"_acf_changed":false,"footnotes":""},"class_list":["post-2231","page","type-page","status-publish","hentry"],"acf":[],"yoast_head":"<!-- This site is optimized with the Yoast SEO plugin v24.3 - https:\/\/yoast.com\/wordpress\/plugins\/seo\/ -->\n<title>Offres d&#039;emploi - Village de North Hatley<\/title>\n<meta name=\"robots\" content=\"index, follow, max-snippet:-1, max-image-preview:large, max-video-preview:-1\" \/>\n<link rel=\"canonical\" href=\"http:\/\/www.northhatley.org\/fr\/municipalite\/emplois\/\" \/>\n<meta property=\"og:locale\" content=\"fr_FR\" \/>\n<meta property=\"og:type\" content=\"article\" \/>\n<meta property=\"og:title\" content=\"Offres d&#039;emploi - Village de North Hatley\" \/>\n<meta property=\"og:description\" content=\"La population de North Hatley \u00e9tait en d\u00e9cembre 2024 compos\u00e9e \u00e0 environ 40 % de personnes dont la langue maternelle est l&rsquo;anglais. La Municipalit\u00e9 a obtenu un statut bilingue aupr\u00e8s du gouvernement qu\u00e9b\u00e9cois. Par cons\u00e9quent, certains postes ayant des contacts directs avec la population doivent avoir une connaissance suffisante de l&rsquo;anglais pour pouvoir \u00e9changer verbalement.\" \/>\n<meta property=\"og:url\" content=\"http:\/\/www.northhatley.org\/fr\/municipalite\/emplois\/\" \/>\n<meta property=\"og:site_name\" content=\"Village de North Hatley\" \/>\n<meta property=\"article:modified_time\" content=\"2024-10-24T18:26:42+00:00\" \/>\n<meta name=\"twitter:label1\" content=\"Dur\u00e9e de lecture estim\u00e9e\" \/>\n\t<meta name=\"twitter:data1\" content=\"1 minute\" \/>\n<script type=\"application\/ld+json\" class=\"yoast-schema-graph\">{\"@context\":\"https:\/\/schema.org\",\"@graph\":[{\"@type\":\"WebPage\",\"@id\":\"http:\/\/www.northhatley.org\/fr\/municipalite\/emplois\/\",\"url\":\"http:\/\/www.northhatley.org\/fr\/municipalite\/emplois\/\",\"name\":\"Offres d'emploi - Village de North Hatley\",\"isPartOf\":{\"@id\":\"http:\/\/www.northhatley.org\/en\/#website\"},\"datePublished\":\"2014-07-25T18:05:07+00:00\",\"dateModified\":\"2024-10-24T18:26:42+00:00\",\"breadcrumb\":{\"@id\":\"http:\/\/www.northhatley.org\/fr\/municipalite\/emplois\/#breadcrumb\"},\"inLanguage\":\"fr-FR\",\"potentialAction\":[{\"@type\":\"ReadAction\",\"target\":[\"http:\/\/www.northhatley.org\/fr\/municipalite\/emplois\/\"]}]},{\"@type\":\"BreadcrumbList\",\"@id\":\"http:\/\/www.northhatley.org\/fr\/municipalite\/emplois\/#breadcrumb\",\"itemListElement\":[{\"@type\":\"ListItem\",\"position\":1,\"name\":\"Home\",\"item\":\"https:\/\/www.northhatley.org\/fr\/\"},{\"@type\":\"ListItem\",\"position\":2,\"name\":\"Mairie\",\"item\":\"http:\/\/www.northhatley.org\/fr\/municipalite\/\"},{\"@type\":\"ListItem\",\"position\":3,\"name\":\"Offres d&#8217;emploi\"}]},{\"@type\":\"WebSite\",\"@id\":\"http:\/\/www.northhatley.org\/en\/#website\",\"url\":\"http:\/\/www.northhatley.org\/en\/\",\"name\":\"Village de North Hatley\",\"description\":\"Village of North Hatley\",\"publisher\":{\"@id\":\"http:\/\/www.northhatley.org\/en\/#organization\"},\"potentialAction\":[{\"@type\":\"SearchAction\",\"target\":{\"@type\":\"EntryPoint\",\"urlTemplate\":\"http:\/\/www.northhatley.org\/en\/?s={search_term_string}\"},\"query-input\":{\"@type\":\"PropertyValueSpecification\",\"valueRequired\":true,\"valueName\":\"search_term_string\"}}],\"inLanguage\":\"fr-FR\"},{\"@type\":\"Organization\",\"@id\":\"http:\/\/www.northhatley.org\/en\/#organization\",\"name\":\"MUNICIPALIT\u00c9 DU VILLAGE DE NORTH HATLE\",\"url\":\"http:\/\/www.northhatley.org\/en\/\",\"logo\":{\"@type\":\"ImageObject\",\"inLanguage\":\"fr-FR\",\"@id\":\"http:\/\/www.northhatley.org\/en\/#\/schema\/logo\/image\/\",\"url\":\"https:\/\/www.northhatley.org\/wp-content\/uploads\/2016\/06\/Logo-North-Hatley.jpg\",\"contentUrl\":\"https:\/\/www.northhatley.org\/wp-content\/uploads\/2016\/06\/Logo-North-Hatley.jpg\",\"width\":127,\"height\":164,\"caption\":\"MUNICIPALIT\u00c9 DU VILLAGE DE NORTH HATLE\"},\"image\":{\"@id\":\"http:\/\/www.northhatley.org\/en\/#\/schema\/logo\/image\/\"}}]}<\/script>\n<!-- \/ Yoast SEO plugin. -->","yoast_head_json":{"title":"Offres d'emploi - Village de North Hatley","robots":{"index":"index","follow":"follow","max-snippet":"max-snippet:-1","max-image-preview":"max-image-preview:large","max-video-preview":"max-video-preview:-1"},"canonical":"http:\/\/www.northhatley.org\/fr\/municipalite\/emplois\/","og_locale":"fr_FR","og_type":"article","og_title":"Offres d'emploi - Village de North Hatley","og_description":"La population de North Hatley \u00e9tait en d\u00e9cembre 2024 compos\u00e9e \u00e0 environ 40 % de personnes dont la langue maternelle est l&rsquo;anglais. La Municipalit\u00e9 a obtenu un statut bilingue aupr\u00e8s du gouvernement qu\u00e9b\u00e9cois. Par cons\u00e9quent, certains postes ayant des contacts directs avec la population doivent avoir une connaissance suffisante de l&rsquo;anglais pour pouvoir \u00e9changer verbalement.","og_url":"http:\/\/www.northhatley.org\/fr\/municipalite\/emplois\/","og_site_name":"Village de North Hatley","article_modified_time":"2024-10-24T18:26:42+00:00","twitter_misc":{"Dur\u00e9e de lecture estim\u00e9e":"1 minute"},"schema":{"@context":"https:\/\/schema.org","@graph":[{"@type":"WebPage","@id":"http:\/\/www.northhatley.org\/fr\/municipalite\/emplois\/","url":"http:\/\/www.northhatley.org\/fr\/municipalite\/emplois\/","name":"Offres d'emploi - Village de North Hatley","isPartOf":{"@id":"http:\/\/www.northhatley.org\/en\/#website"},"datePublished":"2014-07-25T18:05:07+00:00","dateModified":"2024-10-24T18:26:42+00:00","breadcrumb":{"@id":"http:\/\/www.northhatley.org\/fr\/municipalite\/emplois\/#breadcrumb"},"inLanguage":"fr-FR","potentialAction":[{"@type":"ReadAction","target":["http:\/\/www.northhatley.org\/fr\/municipalite\/emplois\/"]}]},{"@type":"BreadcrumbList","@id":"http:\/\/www.northhatley.org\/fr\/municipalite\/emplois\/#breadcrumb","itemListElement":[{"@type":"ListItem","position":1,"name":"Home","item":"https:\/\/www.northhatley.org\/fr\/"},{"@type":"ListItem","position":2,"name":"Mairie","item":"http:\/\/www.northhatley.org\/fr\/municipalite\/"},{"@type":"ListItem","position":3,"name":"Offres d&#8217;emploi"}]},{"@type":"WebSite","@id":"http:\/\/www.northhatley.org\/en\/#website","url":"http:\/\/www.northhatley.org\/en\/","name":"Village de North Hatley","description":"Village of North Hatley","publisher":{"@id":"http:\/\/www.northhatley.org\/en\/#organization"},"potentialAction":[{"@type":"SearchAction","target":{"@type":"EntryPoint","urlTemplate":"http:\/\/www.northhatley.org\/en\/?s={search_term_string}"},"query-input":{"@type":"PropertyValueSpecification","valueRequired":true,"valueName":"search_term_string"}}],"inLanguage":"fr-FR"},{"@type":"Organization","@id":"http:\/\/www.northhatley.org\/en\/#organization","name":"MUNICIPALIT\u00c9 DU VILLAGE DE NORTH HATLE","url":"http:\/\/www.northhatley.org\/en\/","logo":{"@type":"ImageObject","inLanguage":"fr-FR","@id":"http:\/\/www.northhatley.org\/en\/#\/schema\/logo\/image\/","url":"https:\/\/www.northhatley.org\/wp-content\/uploads\/2016\/06\/Logo-North-Hatley.jpg","contentUrl":"https:\/\/www.northhatley.org\/wp-content\/uploads\/2016\/06\/Logo-North-Hatley.jpg","width":127,"height":164,"caption":"MUNICIPALIT\u00c9 DU VILLAGE DE NORTH HATLE"},"image":{"@id":"http:\/\/www.northhatley.org\/en\/#\/schema\/logo\/image\/"}}]}},"_links":{"self":[{"href":"https:\/\/www.northhatley.org\/fr\/wp-json\/wp\/v2\/pages\/2231","targetHints":{"allow":["GET"]}}],"collection":[{"href":"https:\/\/www.northhatley.org\/fr\/wp-json\/wp\/v2\/pages"}],"about":[{"href":"https:\/\/www.northhatley.org\/fr\/wp-json\/wp\/v2\/types\/page"}],"author":[{"embeddable":true,"href":"https:\/\/www.northhatley.org\/fr\/wp-json\/wp\/v2\/users\/2"}],"replies":[{"embeddable":true,"href":"https:\/\/www.northhatley.org\/fr\/wp-json\/wp\/v2\/comments?post=2231"}],"version-history":[{"count":52,"href":"https:\/\/www.northhatley.org\/fr\/wp-json\/wp\/v2\/pages\/2231\/revisions"}],"predecessor-version":[{"id":13639,"href":"https:\/\/www.northhatley.org\/fr\/wp-json\/wp\/v2\/pages\/2231\/revisions\/13639"}],"up":[{"embeddable":true,"href":"https:\/\/www.northhatley.org\/fr\/wp-json\/wp\/v2\/pages\/808"}],"wp:attachment":[{"href":"https:\/\/www.northhatley.org\/fr\/wp-json\/wp\/v2\/media?parent=2231"}],"curies":[{"name":"wp","href":"https:\/\/api.w.org\/{rel}","templated":true}]}}