{"id":1615,"date":"2014-07-03T17:13:27","date_gmt":"2014-07-03T17:13:27","guid":{"rendered":"http:\/\/www.northhatley.org\/?page_id=1615"},"modified":"2021-07-07T10:43:24","modified_gmt":"2021-07-07T14:43:24","slug":"les-gites-bb-north-hatley","status":"publish","type":"page","link":"https:\/\/www.northhatley.org\/fr\/visiteurs\/hebergement\/les-gites-bb-north-hatley\/","title":{"rendered":"Les g\u00eetes (B &#038; B) \u00e0 North Hatley"},"content":{"rendered":"<h1><strong>Les g\u00eetes (B &amp; B) \u00e0 North Hatley<\/strong><\/h1>\n<h1><strong>B &amp; Bs in North Hatley<\/strong><\/h1>\n<p><strong><a href=\"http:\/\/www.lechatbotte.ca\/index.php\" target=\"_blank\" rel=\"noopener\">Le Chat Bott\u00e9 &#8211; B &amp; B &#8211; G\u00eete Touristique\u200e<\/a><\/strong><br \/>\n819 842-4626<br \/>\n550, ch. de la Rivi\u00e8re<br \/>\nNorth Hatley, Qu\u00e9bec<br \/>\nJ0B 2C0<\/p>\n<p><strong><a href=\"http:\/\/serendipitybb.qc.ca\/index.php\/accueil-bb-north-hatley\/10-b-b-north-hatley\u00e0\" target=\"_blank\" rel=\"noopener\">Serendipity B &amp; B<\/a><\/strong><br \/>\n819 842-2970<br \/>\n340, ch. de la Rivi\u00e8re<br \/>\nNorth Hatley, Qu\u00e9bec<br \/>\nJ0B 2C0<\/p>\n<p><strong><a href=\"http:\/\/suitenorthhatley.com\/home\">Suites North Hatley<\/a><br \/>\n<\/strong>95, rue Main<br \/>\nNorth Hatley, Qu\u00e9bec<br \/>\nJ0B 2C0<\/p>\n","protected":false},"excerpt":{"rendered":"<p>Les g\u00eetes (B &amp; B) \u00e0 North Hatley B &amp; Bs in North Hatley Le Chat Bott\u00e9 &#8211; B &amp; B &#8211; G\u00eete Touristique\u200e 819 842-4626 550, ch. de la Rivi\u00e8re North Hatley, Qu\u00e9bec J0B 2C0 Serendipity B &amp; B 819 842-2970 340, ch. de la Rivi\u00e8re North Hatley, Qu\u00e9bec J0B 2C0 Suites North Hatley<\/p>\n","protected":false},"author":2,"featured_media":0,"parent":1515,"menu_order":1,"comment_status":"open","ping_status":"open","template":"","meta":{"_acf_changed":false,"footnotes":""},"class_list":["post-1615","page","type-page","status-publish","hentry"],"acf":[],"yoast_head":"<!-- This site is optimized with the Yoast SEO plugin v24.3 - https:\/\/yoast.com\/wordpress\/plugins\/seo\/ -->\n<title>Les g\u00eetes (B &amp; B) \u00e0 North Hatley - Village de North Hatley<\/title>\n<meta name=\"robots\" content=\"index, follow, max-snippet:-1, max-image-preview:large, max-video-preview:-1\" \/>\n<link rel=\"canonical\" href=\"https:\/\/www.northhatley.org\/fr\/visiteurs\/hebergement\/les-gites-bb-north-hatley\/\" \/>\n<meta property=\"og:locale\" content=\"fr_FR\" \/>\n<meta property=\"og:type\" content=\"article\" \/>\n<meta property=\"og:title\" content=\"Les g\u00eetes (B &amp; B) \u00e0 North Hatley - Village de North Hatley\" \/>\n<meta property=\"og:description\" content=\"Les g\u00eetes (B &amp; B) \u00e0 North Hatley B &amp; Bs in North Hatley Le Chat Bott\u00e9 &#8211; B &amp; B &#8211; G\u00eete Touristique\u200e 819 842-4626 550, ch. de la Rivi\u00e8re North Hatley, Qu\u00e9bec J0B 2C0 Serendipity B &amp; B 819 842-2970 340, ch. de la Rivi\u00e8re North Hatley, Qu\u00e9bec J0B 2C0 Suites North Hatley\" \/>\n<meta property=\"og:url\" content=\"https:\/\/www.northhatley.org\/fr\/visiteurs\/hebergement\/les-gites-bb-north-hatley\/\" \/>\n<meta property=\"og:site_name\" content=\"Village de North Hatley\" \/>\n<meta property=\"article:modified_time\" content=\"2021-07-07T14:43:24+00:00\" \/>\n<meta name=\"twitter:label1\" content=\"Dur\u00e9e de lecture estim\u00e9e\" \/>\n\t<meta name=\"twitter:data1\" content=\"1 minute\" \/>\n<script type=\"application\/ld+json\" class=\"yoast-schema-graph\">{\"@context\":\"https:\/\/schema.org\",\"@graph\":[{\"@type\":\"WebPage\",\"@id\":\"https:\/\/www.northhatley.org\/fr\/visiteurs\/hebergement\/les-gites-bb-north-hatley\/\",\"url\":\"https:\/\/www.northhatley.org\/fr\/visiteurs\/hebergement\/les-gites-bb-north-hatley\/\",\"name\":\"Les g\u00eetes (B & B) \u00e0 North Hatley - Village de North Hatley\",\"isPartOf\":{\"@id\":\"https:\/\/www.northhatley.org\/fr\/#website\"},\"datePublished\":\"2014-07-03T17:13:27+00:00\",\"dateModified\":\"2021-07-07T14:43:24+00:00\",\"breadcrumb\":{\"@id\":\"https:\/\/www.northhatley.org\/fr\/visiteurs\/hebergement\/les-gites-bb-north-hatley\/#breadcrumb\"},\"inLanguage\":\"fr-FR\",\"potentialAction\":[{\"@type\":\"ReadAction\",\"target\":[\"https:\/\/www.northhatley.org\/fr\/visiteurs\/hebergement\/les-gites-bb-north-hatley\/\"]}]},{\"@type\":\"BreadcrumbList\",\"@id\":\"https:\/\/www.northhatley.org\/fr\/visiteurs\/hebergement\/les-gites-bb-north-hatley\/#breadcrumb\",\"itemListElement\":[{\"@type\":\"ListItem\",\"position\":1,\"name\":\"Home\",\"item\":\"https:\/\/www.northhatley.org\/fr\/\"},{\"@type\":\"ListItem\",\"position\":2,\"name\":\"Visiteurs\",\"item\":\"https:\/\/www.northhatley.org\/fr\/visiteurs\/\"},{\"@type\":\"ListItem\",\"position\":3,\"name\":\"H\u00e9bergement\",\"item\":\"https:\/\/www.northhatley.org\/fr\/visiteurs\/hebergement\/\"},{\"@type\":\"ListItem\",\"position\":4,\"name\":\"Les g\u00eetes (B &#038; B) \u00e0 North Hatley\"}]},{\"@type\":\"WebSite\",\"@id\":\"https:\/\/www.northhatley.org\/fr\/#website\",\"url\":\"https:\/\/www.northhatley.org\/fr\/\",\"name\":\"Village de North Hatley\",\"description\":\"Village of North Hatley\",\"publisher\":{\"@id\":\"https:\/\/www.northhatley.org\/fr\/#organization\"},\"potentialAction\":[{\"@type\":\"SearchAction\",\"target\":{\"@type\":\"EntryPoint\",\"urlTemplate\":\"https:\/\/www.northhatley.org\/fr\/?s={search_term_string}\"},\"query-input\":{\"@type\":\"PropertyValueSpecification\",\"valueRequired\":true,\"valueName\":\"search_term_string\"}}],\"inLanguage\":\"fr-FR\"},{\"@type\":\"Organization\",\"@id\":\"https:\/\/www.northhatley.org\/fr\/#organization\",\"name\":\"MUNICIPALIT\u00c9 DU VILLAGE DE NORTH HATLE\",\"url\":\"https:\/\/www.northhatley.org\/fr\/\",\"logo\":{\"@type\":\"ImageObject\",\"inLanguage\":\"fr-FR\",\"@id\":\"https:\/\/www.northhatley.org\/fr\/#\/schema\/logo\/image\/\",\"url\":\"https:\/\/www.northhatley.org\/wp-content\/uploads\/2016\/06\/Logo-North-Hatley.jpg\",\"contentUrl\":\"https:\/\/www.northhatley.org\/wp-content\/uploads\/2016\/06\/Logo-North-Hatley.jpg\",\"width\":127,\"height\":164,\"caption\":\"MUNICIPALIT\u00c9 DU VILLAGE DE NORTH HATLE\"},\"image\":{\"@id\":\"https:\/\/www.northhatley.org\/fr\/#\/schema\/logo\/image\/\"}}]}<\/script>\n<!-- \/ Yoast SEO plugin. -->","yoast_head_json":{"title":"Les g\u00eetes (B & B) \u00e0 North Hatley - Village de North Hatley","robots":{"index":"index","follow":"follow","max-snippet":"max-snippet:-1","max-image-preview":"max-image-preview:large","max-video-preview":"max-video-preview:-1"},"canonical":"https:\/\/www.northhatley.org\/fr\/visiteurs\/hebergement\/les-gites-bb-north-hatley\/","og_locale":"fr_FR","og_type":"article","og_title":"Les g\u00eetes (B & B) \u00e0 North Hatley - Village de North Hatley","og_description":"Les g\u00eetes (B &amp; B) \u00e0 North Hatley B &amp; Bs in North Hatley Le Chat Bott\u00e9 &#8211; B &amp; B &#8211; G\u00eete Touristique\u200e 819 842-4626 550, ch. de la Rivi\u00e8re North Hatley, Qu\u00e9bec J0B 2C0 Serendipity B &amp; B 819 842-2970 340, ch. de la Rivi\u00e8re North Hatley, Qu\u00e9bec J0B 2C0 Suites North Hatley","og_url":"https:\/\/www.northhatley.org\/fr\/visiteurs\/hebergement\/les-gites-bb-north-hatley\/","og_site_name":"Village de North Hatley","article_modified_time":"2021-07-07T14:43:24+00:00","twitter_misc":{"Dur\u00e9e de lecture estim\u00e9e":"1 minute"},"schema":{"@context":"https:\/\/schema.org","@graph":[{"@type":"WebPage","@id":"https:\/\/www.northhatley.org\/fr\/visiteurs\/hebergement\/les-gites-bb-north-hatley\/","url":"https:\/\/www.northhatley.org\/fr\/visiteurs\/hebergement\/les-gites-bb-north-hatley\/","name":"Les g\u00eetes (B & B) \u00e0 North Hatley - Village de North Hatley","isPartOf":{"@id":"https:\/\/www.northhatley.org\/fr\/#website"},"datePublished":"2014-07-03T17:13:27+00:00","dateModified":"2021-07-07T14:43:24+00:00","breadcrumb":{"@id":"https:\/\/www.northhatley.org\/fr\/visiteurs\/hebergement\/les-gites-bb-north-hatley\/#breadcrumb"},"inLanguage":"fr-FR","potentialAction":[{"@type":"ReadAction","target":["https:\/\/www.northhatley.org\/fr\/visiteurs\/hebergement\/les-gites-bb-north-hatley\/"]}]},{"@type":"BreadcrumbList","@id":"https:\/\/www.northhatley.org\/fr\/visiteurs\/hebergement\/les-gites-bb-north-hatley\/#breadcrumb","itemListElement":[{"@type":"ListItem","position":1,"name":"Home","item":"https:\/\/www.northhatley.org\/fr\/"},{"@type":"ListItem","position":2,"name":"Visiteurs","item":"https:\/\/www.northhatley.org\/fr\/visiteurs\/"},{"@type":"ListItem","position":3,"name":"H\u00e9bergement","item":"https:\/\/www.northhatley.org\/fr\/visiteurs\/hebergement\/"},{"@type":"ListItem","position":4,"name":"Les g\u00eetes (B &#038; B) \u00e0 North Hatley"}]},{"@type":"WebSite","@id":"https:\/\/www.northhatley.org\/fr\/#website","url":"https:\/\/www.northhatley.org\/fr\/","name":"Village de North Hatley","description":"Village of North Hatley","publisher":{"@id":"https:\/\/www.northhatley.org\/fr\/#organization"},"potentialAction":[{"@type":"SearchAction","target":{"@type":"EntryPoint","urlTemplate":"https:\/\/www.northhatley.org\/fr\/?s={search_term_string}"},"query-input":{"@type":"PropertyValueSpecification","valueRequired":true,"valueName":"search_term_string"}}],"inLanguage":"fr-FR"},{"@type":"Organization","@id":"https:\/\/www.northhatley.org\/fr\/#organization","name":"MUNICIPALIT\u00c9 DU VILLAGE DE NORTH HATLE","url":"https:\/\/www.northhatley.org\/fr\/","logo":{"@type":"ImageObject","inLanguage":"fr-FR","@id":"https:\/\/www.northhatley.org\/fr\/#\/schema\/logo\/image\/","url":"https:\/\/www.northhatley.org\/wp-content\/uploads\/2016\/06\/Logo-North-Hatley.jpg","contentUrl":"https:\/\/www.northhatley.org\/wp-content\/uploads\/2016\/06\/Logo-North-Hatley.jpg","width":127,"height":164,"caption":"MUNICIPALIT\u00c9 DU VILLAGE DE NORTH HATLE"},"image":{"@id":"https:\/\/www.northhatley.org\/fr\/#\/schema\/logo\/image\/"}}]}},"_links":{"self":[{"href":"https:\/\/www.northhatley.org\/fr\/wp-json\/wp\/v2\/pages\/1615","targetHints":{"allow":["GET"]}}],"collection":[{"href":"https:\/\/www.northhatley.org\/fr\/wp-json\/wp\/v2\/pages"}],"about":[{"href":"https:\/\/www.northhatley.org\/fr\/wp-json\/wp\/v2\/types\/page"}],"author":[{"embeddable":true,"href":"https:\/\/www.northhatley.org\/fr\/wp-json\/wp\/v2\/users\/2"}],"replies":[{"embeddable":true,"href":"https:\/\/www.northhatley.org\/fr\/wp-json\/wp\/v2\/comments?post=1615"}],"version-history":[{"count":15,"href":"https:\/\/www.northhatley.org\/fr\/wp-json\/wp\/v2\/pages\/1615\/revisions"}],"predecessor-version":[{"id":9935,"href":"https:\/\/www.northhatley.org\/fr\/wp-json\/wp\/v2\/pages\/1615\/revisions\/9935"}],"up":[{"embeddable":true,"href":"https:\/\/www.northhatley.org\/fr\/wp-json\/wp\/v2\/pages\/1515"}],"wp:attachment":[{"href":"https:\/\/www.northhatley.org\/fr\/wp-json\/wp\/v2\/media?parent=1615"}],"curies":[{"name":"wp","href":"https:\/\/api.w.org\/{rel}","templated":true}]}}