{"id":1598,"date":"2014-07-03T16:47:39","date_gmt":"2014-07-03T16:47:39","guid":{"rendered":"http:\/\/www.northhatley.org\/?page_id=1598"},"modified":"2019-07-22T18:12:31","modified_gmt":"2019-07-22T22:12:31","slug":"autres-ressources-et-activites","status":"publish","type":"page","link":"https:\/\/www.northhatley.org\/fr\/visiteurs\/faire-et-voir-north-hatley\/autres-ressources-et-activites\/","title":{"rendered":"Autres ressources et activit\u00e9s"},"content":{"rendered":"<h1><strong>Autres ressources et activit\u00e9s \u00e0 North Hatley<\/strong><\/h1>\n<p><strong>La biblioth\u00e8que de North Hatley<br \/>\n<\/strong><\/p>\n<p>Cr\u00e9\u00e9e vers 1898, <a href=\"http:\/\/www.nhlibrary.qc.ca\/\" target=\"_blank\" rel=\"noopener noreferrer\">la biblioth\u00e8que priv\u00e9e de North Hatley<\/a> offre plus de 18\u00a0000 titres dont le tiers environ est destin\u00e9 aux jeunes et aux enfants.\u00a0 On y organise <a href=\"http:\/\/www.nhlibrary.qc.ca\/events.html\" target=\"_blank\" rel=\"noopener noreferrer\">divers \u00e9v\u00e9nements<\/a>\u00a0: projets sp\u00e9ciaux, expositions d&rsquo;artistes de toutes disciplines et lectures de po\u00e8mes par leurs auteurs.<\/p>\n<p><strong>Les tours guid\u00e9s historiques<\/strong><\/p>\n<p>Vous aimeriez en savoir davantage sur les demeures patrimoniales qui font la r\u00e9putation du Village de North Hatley? Adressez-vous \u00e0 la <a title=\"NOUS JOINDRE\" href=\"http:\/\/www.northhatley.org\/fr\/coordonnees\/\">municipalit\u00e9<\/a> pour obtenir le d\u00e9pliant intitul\u00e9 \u00ab\u00a0Bienvenue \u00e0 North Hatley, village patrimonial \u2013 Un tour \u00e0 pied\u00a0\u00bb. Vous y trouverez une carte avec une liste des 39 principales demeures patrimoniales du village. De quoi faire de nombreuses ballades agr\u00e9ables et instructives !<\/p>\n<p><strong>Les concerts dans le parc Dreamland, l&rsquo;\u00e9t\u00e9<\/strong><\/p>\n<p>Pendant les mois de juillet et ao\u00fbt, tous les samedis soirs et dimanches midis, le Village offre des concerts gratuits dans le kiosque \u00e0 musique du parc Dreamland. Un assortiment de musiques populaires est au menu le samedi soir (rock, blues, country, jazz etc.) et le dimanche midi la musique classique est \u00e0 l\u2019honneur. Ces concerts, donn\u00e9s devant le lac Massawippi sont un festin pour les yeux et les oreilles ! <a href=\"http:\/\/www.northhatley.org\/fr\/visiteurs\/faire-et-voir-north-hatley\/evenements\/concerts-du-parc-dreamland\/\" target=\"_blank\" rel=\"noopener noreferrer\">HORAIRE<\/a><\/p>\n<p><strong>Les concerts dans les \u00e9glises Ste. \u00c9lisabeth et UU Estrie<\/strong><\/p>\n<p>L\u2019automne, l\u2019hiver et le printemps, les belles \u00e9glises de <a href=\"http:\/\/www.sainteelisabeth.ca\/concerts\/\" target=\"_blank\" rel=\"noopener noreferrer\">Ste. \u00c9lisabeth<\/a> (3115, ch. Capelton) et <a href=\"http:\/\/www.uuestrie.ca\" target=\"_blank\" rel=\"noopener noreferrer\">UU Estrie<\/a> (201, rue Main), sont l\u2019endroit id\u00e9al pour une vari\u00e9t\u00e9 de concerts classiques, soit de la s\u00e9rie du <a href=\"http:\/\/pages.globetrotter.net\/estria\" target=\"_blank\" rel=\"noopener noreferrer\">Quintette \u00e0 vent Estria<\/a>, du Festival du Lac Massawippi, ou d\u2019artistes invit\u00e9s.<\/p>\n<p><strong>Le concours North Hatley en photo<\/strong><\/p>\n<p>Chaque ann\u00e9e, l\u2019Association des marchands de North Hatley organise un concours de photos prises \u00e0 North Hatley. Les noms des gagnants sont ensuite d\u00e9voil\u00e9s et mis en vedette pendant l\u2019automne \u00e0 l\u2019Auberge La Chocolati\u00e8re (310, ch. de la Rivi\u00e8re). <a href=\"http:\/\/www.northhatley.net\" target=\"_blank\" rel=\"noopener noreferrer\">Plus d\u2019information<\/a>.<\/p>\n","protected":false},"excerpt":{"rendered":"<p>Autres ressources et activit\u00e9s \u00e0 North Hatley La biblioth\u00e8que de North Hatley Cr\u00e9\u00e9e vers 1898, la biblioth\u00e8que priv\u00e9e de North Hatley offre plus de 18\u00a0000 titres dont le tiers environ est destin\u00e9 aux jeunes et aux enfants.\u00a0 On y organise divers \u00e9v\u00e9nements\u00a0: projets sp\u00e9ciaux, expositions d&rsquo;artistes de toutes disciplines et lectures de po\u00e8mes par leurs<\/p>\n","protected":false},"author":2,"featured_media":0,"parent":2916,"menu_order":4,"comment_status":"open","ping_status":"closed","template":"","meta":{"_acf_changed":false,"footnotes":""},"class_list":["post-1598","page","type-page","status-publish","hentry"],"acf":[],"yoast_head":"<!-- This site is optimized with the Yoast SEO plugin v24.3 - https:\/\/yoast.com\/wordpress\/plugins\/seo\/ -->\n<title>Autres ressources et activit\u00e9s - Village de North Hatley<\/title>\n<meta name=\"robots\" content=\"index, follow, max-snippet:-1, max-image-preview:large, max-video-preview:-1\" \/>\n<link rel=\"canonical\" href=\"https:\/\/www.northhatley.org\/fr\/visiteurs\/faire-et-voir-north-hatley\/autres-ressources-et-activites\/\" \/>\n<meta property=\"og:locale\" content=\"fr_FR\" \/>\n<meta property=\"og:type\" content=\"article\" \/>\n<meta property=\"og:title\" content=\"Autres ressources et activit\u00e9s - Village de North Hatley\" \/>\n<meta property=\"og:description\" content=\"Autres ressources et activit\u00e9s \u00e0 North Hatley La biblioth\u00e8que de North Hatley Cr\u00e9\u00e9e vers 1898, la biblioth\u00e8que priv\u00e9e de North Hatley offre plus de 18\u00a0000 titres dont le tiers environ est destin\u00e9 aux jeunes et aux enfants.\u00a0 On y organise divers \u00e9v\u00e9nements\u00a0: projets sp\u00e9ciaux, expositions d&rsquo;artistes de toutes disciplines et lectures de po\u00e8mes par leurs\" \/>\n<meta property=\"og:url\" content=\"https:\/\/www.northhatley.org\/fr\/visiteurs\/faire-et-voir-north-hatley\/autres-ressources-et-activites\/\" \/>\n<meta property=\"og:site_name\" content=\"Village de North Hatley\" \/>\n<meta property=\"article:modified_time\" content=\"2019-07-22T22:12:31+00:00\" \/>\n<meta name=\"twitter:label1\" content=\"Dur\u00e9e de lecture estim\u00e9e\" \/>\n\t<meta name=\"twitter:data1\" content=\"2 minutes\" \/>\n<script type=\"application\/ld+json\" class=\"yoast-schema-graph\">{\"@context\":\"https:\/\/schema.org\",\"@graph\":[{\"@type\":\"WebPage\",\"@id\":\"https:\/\/www.northhatley.org\/fr\/visiteurs\/faire-et-voir-north-hatley\/autres-ressources-et-activites\/\",\"url\":\"https:\/\/www.northhatley.org\/fr\/visiteurs\/faire-et-voir-north-hatley\/autres-ressources-et-activites\/\",\"name\":\"Autres ressources et activit\u00e9s - Village de North Hatley\",\"isPartOf\":{\"@id\":\"https:\/\/www.northhatley.org\/en\/#website\"},\"datePublished\":\"2014-07-03T16:47:39+00:00\",\"dateModified\":\"2019-07-22T22:12:31+00:00\",\"breadcrumb\":{\"@id\":\"https:\/\/www.northhatley.org\/fr\/visiteurs\/faire-et-voir-north-hatley\/autres-ressources-et-activites\/#breadcrumb\"},\"inLanguage\":\"fr-FR\",\"potentialAction\":[{\"@type\":\"ReadAction\",\"target\":[\"https:\/\/www.northhatley.org\/fr\/visiteurs\/faire-et-voir-north-hatley\/autres-ressources-et-activites\/\"]}]},{\"@type\":\"BreadcrumbList\",\"@id\":\"https:\/\/www.northhatley.org\/fr\/visiteurs\/faire-et-voir-north-hatley\/autres-ressources-et-activites\/#breadcrumb\",\"itemListElement\":[{\"@type\":\"ListItem\",\"position\":1,\"name\":\"Home\",\"item\":\"https:\/\/www.northhatley.org\/fr\/\"},{\"@type\":\"ListItem\",\"position\":2,\"name\":\"Visiteurs\",\"item\":\"https:\/\/www.northhatley.org\/fr\/visiteurs\/\"},{\"@type\":\"ListItem\",\"position\":3,\"name\":\"\u00c0 voir et \u00e0 faire \u00e0 North Hatley\",\"item\":\"https:\/\/www.northhatley.org\/fr\/visiteurs\/faire-et-voir-north-hatley\/\"},{\"@type\":\"ListItem\",\"position\":4,\"name\":\"Autres ressources et activit\u00e9s\"}]},{\"@type\":\"WebSite\",\"@id\":\"https:\/\/www.northhatley.org\/en\/#website\",\"url\":\"https:\/\/www.northhatley.org\/en\/\",\"name\":\"Village de North Hatley\",\"description\":\"Village of North Hatley\",\"publisher\":{\"@id\":\"https:\/\/www.northhatley.org\/en\/#organization\"},\"potentialAction\":[{\"@type\":\"SearchAction\",\"target\":{\"@type\":\"EntryPoint\",\"urlTemplate\":\"https:\/\/www.northhatley.org\/en\/?s={search_term_string}\"},\"query-input\":{\"@type\":\"PropertyValueSpecification\",\"valueRequired\":true,\"valueName\":\"search_term_string\"}}],\"inLanguage\":\"fr-FR\"},{\"@type\":\"Organization\",\"@id\":\"https:\/\/www.northhatley.org\/en\/#organization\",\"name\":\"MUNICIPALIT\u00c9 DU VILLAGE DE NORTH HATLE\",\"url\":\"https:\/\/www.northhatley.org\/en\/\",\"logo\":{\"@type\":\"ImageObject\",\"inLanguage\":\"fr-FR\",\"@id\":\"https:\/\/www.northhatley.org\/en\/#\/schema\/logo\/image\/\",\"url\":\"https:\/\/www.northhatley.org\/wp-content\/uploads\/2016\/06\/Logo-North-Hatley.jpg\",\"contentUrl\":\"https:\/\/www.northhatley.org\/wp-content\/uploads\/2016\/06\/Logo-North-Hatley.jpg\",\"width\":127,\"height\":164,\"caption\":\"MUNICIPALIT\u00c9 DU VILLAGE DE NORTH HATLE\"},\"image\":{\"@id\":\"https:\/\/www.northhatley.org\/en\/#\/schema\/logo\/image\/\"}}]}<\/script>\n<!-- \/ Yoast SEO plugin. -->","yoast_head_json":{"title":"Autres ressources et activit\u00e9s - Village de North Hatley","robots":{"index":"index","follow":"follow","max-snippet":"max-snippet:-1","max-image-preview":"max-image-preview:large","max-video-preview":"max-video-preview:-1"},"canonical":"https:\/\/www.northhatley.org\/fr\/visiteurs\/faire-et-voir-north-hatley\/autres-ressources-et-activites\/","og_locale":"fr_FR","og_type":"article","og_title":"Autres ressources et activit\u00e9s - Village de North Hatley","og_description":"Autres ressources et activit\u00e9s \u00e0 North Hatley La biblioth\u00e8que de North Hatley Cr\u00e9\u00e9e vers 1898, la biblioth\u00e8que priv\u00e9e de North Hatley offre plus de 18\u00a0000 titres dont le tiers environ est destin\u00e9 aux jeunes et aux enfants.\u00a0 On y organise divers \u00e9v\u00e9nements\u00a0: projets sp\u00e9ciaux, expositions d&rsquo;artistes de toutes disciplines et lectures de po\u00e8mes par leurs","og_url":"https:\/\/www.northhatley.org\/fr\/visiteurs\/faire-et-voir-north-hatley\/autres-ressources-et-activites\/","og_site_name":"Village de North Hatley","article_modified_time":"2019-07-22T22:12:31+00:00","twitter_misc":{"Dur\u00e9e de lecture estim\u00e9e":"2 minutes"},"schema":{"@context":"https:\/\/schema.org","@graph":[{"@type":"WebPage","@id":"https:\/\/www.northhatley.org\/fr\/visiteurs\/faire-et-voir-north-hatley\/autres-ressources-et-activites\/","url":"https:\/\/www.northhatley.org\/fr\/visiteurs\/faire-et-voir-north-hatley\/autres-ressources-et-activites\/","name":"Autres ressources et activit\u00e9s - Village de North Hatley","isPartOf":{"@id":"https:\/\/www.northhatley.org\/en\/#website"},"datePublished":"2014-07-03T16:47:39+00:00","dateModified":"2019-07-22T22:12:31+00:00","breadcrumb":{"@id":"https:\/\/www.northhatley.org\/fr\/visiteurs\/faire-et-voir-north-hatley\/autres-ressources-et-activites\/#breadcrumb"},"inLanguage":"fr-FR","potentialAction":[{"@type":"ReadAction","target":["https:\/\/www.northhatley.org\/fr\/visiteurs\/faire-et-voir-north-hatley\/autres-ressources-et-activites\/"]}]},{"@type":"BreadcrumbList","@id":"https:\/\/www.northhatley.org\/fr\/visiteurs\/faire-et-voir-north-hatley\/autres-ressources-et-activites\/#breadcrumb","itemListElement":[{"@type":"ListItem","position":1,"name":"Home","item":"https:\/\/www.northhatley.org\/fr\/"},{"@type":"ListItem","position":2,"name":"Visiteurs","item":"https:\/\/www.northhatley.org\/fr\/visiteurs\/"},{"@type":"ListItem","position":3,"name":"\u00c0 voir et \u00e0 faire \u00e0 North Hatley","item":"https:\/\/www.northhatley.org\/fr\/visiteurs\/faire-et-voir-north-hatley\/"},{"@type":"ListItem","position":4,"name":"Autres ressources et activit\u00e9s"}]},{"@type":"WebSite","@id":"https:\/\/www.northhatley.org\/en\/#website","url":"https:\/\/www.northhatley.org\/en\/","name":"Village de North Hatley","description":"Village of North Hatley","publisher":{"@id":"https:\/\/www.northhatley.org\/en\/#organization"},"potentialAction":[{"@type":"SearchAction","target":{"@type":"EntryPoint","urlTemplate":"https:\/\/www.northhatley.org\/en\/?s={search_term_string}"},"query-input":{"@type":"PropertyValueSpecification","valueRequired":true,"valueName":"search_term_string"}}],"inLanguage":"fr-FR"},{"@type":"Organization","@id":"https:\/\/www.northhatley.org\/en\/#organization","name":"MUNICIPALIT\u00c9 DU VILLAGE DE NORTH HATLE","url":"https:\/\/www.northhatley.org\/en\/","logo":{"@type":"ImageObject","inLanguage":"fr-FR","@id":"https:\/\/www.northhatley.org\/en\/#\/schema\/logo\/image\/","url":"https:\/\/www.northhatley.org\/wp-content\/uploads\/2016\/06\/Logo-North-Hatley.jpg","contentUrl":"https:\/\/www.northhatley.org\/wp-content\/uploads\/2016\/06\/Logo-North-Hatley.jpg","width":127,"height":164,"caption":"MUNICIPALIT\u00c9 DU VILLAGE DE NORTH HATLE"},"image":{"@id":"https:\/\/www.northhatley.org\/en\/#\/schema\/logo\/image\/"}}]}},"_links":{"self":[{"href":"https:\/\/www.northhatley.org\/fr\/wp-json\/wp\/v2\/pages\/1598","targetHints":{"allow":["GET"]}}],"collection":[{"href":"https:\/\/www.northhatley.org\/fr\/wp-json\/wp\/v2\/pages"}],"about":[{"href":"https:\/\/www.northhatley.org\/fr\/wp-json\/wp\/v2\/types\/page"}],"author":[{"embeddable":true,"href":"https:\/\/www.northhatley.org\/fr\/wp-json\/wp\/v2\/users\/2"}],"replies":[{"embeddable":true,"href":"https:\/\/www.northhatley.org\/fr\/wp-json\/wp\/v2\/comments?post=1598"}],"version-history":[{"count":14,"href":"https:\/\/www.northhatley.org\/fr\/wp-json\/wp\/v2\/pages\/1598\/revisions"}],"predecessor-version":[{"id":8086,"href":"https:\/\/www.northhatley.org\/fr\/wp-json\/wp\/v2\/pages\/1598\/revisions\/8086"}],"up":[{"embeddable":true,"href":"https:\/\/www.northhatley.org\/fr\/wp-json\/wp\/v2\/pages\/2916"}],"wp:attachment":[{"href":"https:\/\/www.northhatley.org\/fr\/wp-json\/wp\/v2\/media?parent=1598"}],"curies":[{"name":"wp","href":"https:\/\/api.w.org\/{rel}","templated":true}]}}