{"id":1545,"date":"2014-07-02T21:13:30","date_gmt":"2014-07-02T21:13:30","guid":{"rendered":"http:\/\/www.northhatley.org\/?page_id=1545"},"modified":"2014-10-31T20:20:40","modified_gmt":"2014-11-01T00:20:40","slug":"navigation-de-plaisance-peche-et-excursions","status":"publish","type":"page","link":"https:\/\/www.northhatley.org\/fr\/visiteurs\/faire-et-voir-north-hatley\/sports-et-activites-physiques-north-hatley\/navigation-de-plaisance-peche-et-excursions\/","title":{"rendered":"Navigation de plaisance, p\u00eache et excursions"},"content":{"rendered":"<h1>Navigation de plaisance, p\u00eache et excursions<\/h1>\n<p>Le lac Massawippi est tr\u00e8s appr\u00e9ci\u00e9 des plaisanciers, et pour vous assurer de bien en profiter nous vous recommandons de suivre les r\u00e8gles r\u00e9gissant la s\u00e9curit\u00e9 nautique. Consulter le <a href=\"http:\/\/www.tc.gc.ca\/publications\/fr\/tp511\/pdf\/hr\/tp511f.pdf?campaign=Twitter-fra\" target=\"_blank\">Guide de s\u00e9curit\u00e9 nautique de Transports Canada<\/a>.<\/p>\n<h2><strong>Marina de North Hatley<br \/>\n<\/strong><\/h2>\n<p>La marina de North Hatley offre des rampes de mises \u00e0 l&rsquo;eau et loue de l\u2019\u00e9quipement nautique ainsi que des kayaks, p\u00e9dalos et cano\u00ebs. De plus, la marina est le lieu sp\u00e9cifiquement d\u00e9sign\u00e9 par la municipalit\u00e9 pour le lavage des bateaux.<\/p>\n<p><strong>Mises \u00e0 l\u2019eau et abonnements de saison <\/strong><\/p>\n<p>Vous devez vous adresser \u00e0 la Marina pour mettre \u00e0 l\u2019eau un bateau et obtenir un abonnement de saison qui vous donnera un droit d\u2019acc\u00e8s au lac et \u00e0 la rivi\u00e8re Massawippi.<\/p>\n<h2><strong>Halte \u00e0 la moule z\u00e9br\u00e9e !<\/strong><\/h2>\n<p>La moule z\u00e9br\u00e9e constitue une s\u00e9rieuse menace pour nos cours d&rsquo;eau. Afin d&rsquo;enrayer sa propagation, toute embarcation doit donc \u00eatre nettoy\u00e9e avant d\u2019\u00eatre mise \u00e0 l&rsquo;eau dans le lac Massawippi. Le lavage des bateaux s&rsquo;effectue \u00e0 la marina de North Hatley. Ce lavage vous donnera droit \u00e0 une vignette que vous apposerez sur votre bateau pour prouver qu\u2019il a bien \u00e9t\u00e9 nettoy\u00e9. Signalons qu\u2019un patrouille nautique sillonne le lac pendant la p\u00e9riode estivale et que le propri\u00e9taire d\u2019une embarcation sans vignette valide est passible d\u2019amende.<\/p>\n<h2><strong>P\u00eache et excursions<\/strong><\/h2>\n<p>Pour planifier votre aventure de p\u00eache sur le Lac Massawippi et sa rivi\u00e8re, rendez-vous au g\u00eete <a href=\"http:\/\/serendipitybb.qc.ca\/index.php\/accueil-bb-north-hatley\/10-b-b-north-hatley\u00e0\" target=\"_blank\">Serendipity<\/a>.<\/p>\n","protected":false},"excerpt":{"rendered":"<p>Navigation de plaisance, p\u00eache et excursions Le lac Massawippi est tr\u00e8s appr\u00e9ci\u00e9 des plaisanciers, et pour vous assurer de bien en profiter nous vous recommandons de suivre les r\u00e8gles r\u00e9gissant la s\u00e9curit\u00e9 nautique. Consulter le Guide de s\u00e9curit\u00e9 nautique de Transports Canada. Marina de North Hatley La marina de North Hatley offre des rampes de<\/p>\n","protected":false},"author":2,"featured_media":0,"parent":1528,"menu_order":2,"comment_status":"open","ping_status":"open","template":"","meta":{"_acf_changed":false,"footnotes":""},"class_list":["post-1545","page","type-page","status-publish","hentry"],"acf":[],"yoast_head":"<!-- This site is optimized with the Yoast SEO plugin v24.3 - https:\/\/yoast.com\/wordpress\/plugins\/seo\/ -->\n<title>Navigation de plaisance, p\u00eache et excursions - Village de North Hatley<\/title>\n<meta name=\"robots\" content=\"index, follow, max-snippet:-1, max-image-preview:large, max-video-preview:-1\" \/>\n<link rel=\"canonical\" href=\"https:\/\/www.northhatley.org\/fr\/visiteurs\/faire-et-voir-north-hatley\/sports-et-activites-physiques-north-hatley\/navigation-de-plaisance-peche-et-excursions\/\" \/>\n<meta property=\"og:locale\" content=\"fr_FR\" \/>\n<meta property=\"og:type\" content=\"article\" \/>\n<meta property=\"og:title\" content=\"Navigation de plaisance, p\u00eache et excursions - Village de North Hatley\" \/>\n<meta property=\"og:description\" content=\"Navigation de plaisance, p\u00eache et excursions Le lac Massawippi est tr\u00e8s appr\u00e9ci\u00e9 des plaisanciers, et pour vous assurer de bien en profiter nous vous recommandons de suivre les r\u00e8gles r\u00e9gissant la s\u00e9curit\u00e9 nautique. Consulter le Guide de s\u00e9curit\u00e9 nautique de Transports Canada. Marina de North Hatley La marina de North Hatley offre des rampes de\" \/>\n<meta property=\"og:url\" content=\"https:\/\/www.northhatley.org\/fr\/visiteurs\/faire-et-voir-north-hatley\/sports-et-activites-physiques-north-hatley\/navigation-de-plaisance-peche-et-excursions\/\" \/>\n<meta property=\"og:site_name\" content=\"Village de North Hatley\" \/>\n<meta property=\"article:modified_time\" content=\"2014-11-01T00:20:40+00:00\" \/>\n<meta name=\"twitter:label1\" content=\"Dur\u00e9e de lecture estim\u00e9e\" \/>\n\t<meta name=\"twitter:data1\" content=\"1 minute\" \/>\n<script type=\"application\/ld+json\" class=\"yoast-schema-graph\">{\"@context\":\"https:\/\/schema.org\",\"@graph\":[{\"@type\":\"WebPage\",\"@id\":\"https:\/\/www.northhatley.org\/fr\/visiteurs\/faire-et-voir-north-hatley\/sports-et-activites-physiques-north-hatley\/navigation-de-plaisance-peche-et-excursions\/\",\"url\":\"https:\/\/www.northhatley.org\/fr\/visiteurs\/faire-et-voir-north-hatley\/sports-et-activites-physiques-north-hatley\/navigation-de-plaisance-peche-et-excursions\/\",\"name\":\"Navigation de plaisance, p\u00eache et excursions - Village de North Hatley\",\"isPartOf\":{\"@id\":\"http:\/\/www.northhatley.org\/fr\/#website\"},\"datePublished\":\"2014-07-02T21:13:30+00:00\",\"dateModified\":\"2014-11-01T00:20:40+00:00\",\"breadcrumb\":{\"@id\":\"https:\/\/www.northhatley.org\/fr\/visiteurs\/faire-et-voir-north-hatley\/sports-et-activites-physiques-north-hatley\/navigation-de-plaisance-peche-et-excursions\/#breadcrumb\"},\"inLanguage\":\"fr-FR\",\"potentialAction\":[{\"@type\":\"ReadAction\",\"target\":[\"https:\/\/www.northhatley.org\/fr\/visiteurs\/faire-et-voir-north-hatley\/sports-et-activites-physiques-north-hatley\/navigation-de-plaisance-peche-et-excursions\/\"]}]},{\"@type\":\"BreadcrumbList\",\"@id\":\"https:\/\/www.northhatley.org\/fr\/visiteurs\/faire-et-voir-north-hatley\/sports-et-activites-physiques-north-hatley\/navigation-de-plaisance-peche-et-excursions\/#breadcrumb\",\"itemListElement\":[{\"@type\":\"ListItem\",\"position\":1,\"name\":\"Home\",\"item\":\"http:\/\/www.northhatley.org\/fr\/\"},{\"@type\":\"ListItem\",\"position\":2,\"name\":\"Visiteurs\",\"item\":\"http:\/\/www.northhatley.org\/fr\/visiteurs\/\"},{\"@type\":\"ListItem\",\"position\":3,\"name\":\"\u00c0 voir et \u00e0 faire \u00e0 North Hatley\",\"item\":\"http:\/\/www.northhatley.org\/fr\/visiteurs\/faire-et-voir-north-hatley\/\"},{\"@type\":\"ListItem\",\"position\":4,\"name\":\"Sports et activit\u00e9s physiques\",\"item\":\"http:\/\/www.northhatley.org\/fr\/visiteurs\/faire-et-voir-north-hatley\/sports-et-activites-physiques-north-hatley\/\"},{\"@type\":\"ListItem\",\"position\":5,\"name\":\"Navigation de plaisance, p\u00eache et excursions\"}]},{\"@type\":\"WebSite\",\"@id\":\"http:\/\/www.northhatley.org\/fr\/#website\",\"url\":\"http:\/\/www.northhatley.org\/fr\/\",\"name\":\"Village de North Hatley\",\"description\":\"Village of North Hatley\",\"publisher\":{\"@id\":\"http:\/\/www.northhatley.org\/fr\/#organization\"},\"potentialAction\":[{\"@type\":\"SearchAction\",\"target\":{\"@type\":\"EntryPoint\",\"urlTemplate\":\"http:\/\/www.northhatley.org\/fr\/?s={search_term_string}\"},\"query-input\":{\"@type\":\"PropertyValueSpecification\",\"valueRequired\":true,\"valueName\":\"search_term_string\"}}],\"inLanguage\":\"fr-FR\"},{\"@type\":\"Organization\",\"@id\":\"http:\/\/www.northhatley.org\/fr\/#organization\",\"name\":\"MUNICIPALIT\u00c9 DU VILLAGE DE NORTH HATLE\",\"url\":\"http:\/\/www.northhatley.org\/fr\/\",\"logo\":{\"@type\":\"ImageObject\",\"inLanguage\":\"fr-FR\",\"@id\":\"http:\/\/www.northhatley.org\/fr\/#\/schema\/logo\/image\/\",\"url\":\"https:\/\/www.northhatley.org\/wp-content\/uploads\/2016\/06\/Logo-North-Hatley.jpg\",\"contentUrl\":\"https:\/\/www.northhatley.org\/wp-content\/uploads\/2016\/06\/Logo-North-Hatley.jpg\",\"width\":127,\"height\":164,\"caption\":\"MUNICIPALIT\u00c9 DU VILLAGE DE NORTH HATLE\"},\"image\":{\"@id\":\"http:\/\/www.northhatley.org\/fr\/#\/schema\/logo\/image\/\"}}]}<\/script>\n<!-- \/ Yoast SEO plugin. -->","yoast_head_json":{"title":"Navigation de plaisance, p\u00eache et excursions - Village de North Hatley","robots":{"index":"index","follow":"follow","max-snippet":"max-snippet:-1","max-image-preview":"max-image-preview:large","max-video-preview":"max-video-preview:-1"},"canonical":"https:\/\/www.northhatley.org\/fr\/visiteurs\/faire-et-voir-north-hatley\/sports-et-activites-physiques-north-hatley\/navigation-de-plaisance-peche-et-excursions\/","og_locale":"fr_FR","og_type":"article","og_title":"Navigation de plaisance, p\u00eache et excursions - Village de North Hatley","og_description":"Navigation de plaisance, p\u00eache et excursions Le lac Massawippi est tr\u00e8s appr\u00e9ci\u00e9 des plaisanciers, et pour vous assurer de bien en profiter nous vous recommandons de suivre les r\u00e8gles r\u00e9gissant la s\u00e9curit\u00e9 nautique. Consulter le Guide de s\u00e9curit\u00e9 nautique de Transports Canada. Marina de North Hatley La marina de North Hatley offre des rampes de","og_url":"https:\/\/www.northhatley.org\/fr\/visiteurs\/faire-et-voir-north-hatley\/sports-et-activites-physiques-north-hatley\/navigation-de-plaisance-peche-et-excursions\/","og_site_name":"Village de North Hatley","article_modified_time":"2014-11-01T00:20:40+00:00","twitter_misc":{"Dur\u00e9e de lecture estim\u00e9e":"1 minute"},"schema":{"@context":"https:\/\/schema.org","@graph":[{"@type":"WebPage","@id":"https:\/\/www.northhatley.org\/fr\/visiteurs\/faire-et-voir-north-hatley\/sports-et-activites-physiques-north-hatley\/navigation-de-plaisance-peche-et-excursions\/","url":"https:\/\/www.northhatley.org\/fr\/visiteurs\/faire-et-voir-north-hatley\/sports-et-activites-physiques-north-hatley\/navigation-de-plaisance-peche-et-excursions\/","name":"Navigation de plaisance, p\u00eache et excursions - Village de North Hatley","isPartOf":{"@id":"http:\/\/www.northhatley.org\/fr\/#website"},"datePublished":"2014-07-02T21:13:30+00:00","dateModified":"2014-11-01T00:20:40+00:00","breadcrumb":{"@id":"https:\/\/www.northhatley.org\/fr\/visiteurs\/faire-et-voir-north-hatley\/sports-et-activites-physiques-north-hatley\/navigation-de-plaisance-peche-et-excursions\/#breadcrumb"},"inLanguage":"fr-FR","potentialAction":[{"@type":"ReadAction","target":["https:\/\/www.northhatley.org\/fr\/visiteurs\/faire-et-voir-north-hatley\/sports-et-activites-physiques-north-hatley\/navigation-de-plaisance-peche-et-excursions\/"]}]},{"@type":"BreadcrumbList","@id":"https:\/\/www.northhatley.org\/fr\/visiteurs\/faire-et-voir-north-hatley\/sports-et-activites-physiques-north-hatley\/navigation-de-plaisance-peche-et-excursions\/#breadcrumb","itemListElement":[{"@type":"ListItem","position":1,"name":"Home","item":"http:\/\/www.northhatley.org\/fr\/"},{"@type":"ListItem","position":2,"name":"Visiteurs","item":"http:\/\/www.northhatley.org\/fr\/visiteurs\/"},{"@type":"ListItem","position":3,"name":"\u00c0 voir et \u00e0 faire \u00e0 North Hatley","item":"http:\/\/www.northhatley.org\/fr\/visiteurs\/faire-et-voir-north-hatley\/"},{"@type":"ListItem","position":4,"name":"Sports et activit\u00e9s physiques","item":"http:\/\/www.northhatley.org\/fr\/visiteurs\/faire-et-voir-north-hatley\/sports-et-activites-physiques-north-hatley\/"},{"@type":"ListItem","position":5,"name":"Navigation de plaisance, p\u00eache et excursions"}]},{"@type":"WebSite","@id":"http:\/\/www.northhatley.org\/fr\/#website","url":"http:\/\/www.northhatley.org\/fr\/","name":"Village de North Hatley","description":"Village of North Hatley","publisher":{"@id":"http:\/\/www.northhatley.org\/fr\/#organization"},"potentialAction":[{"@type":"SearchAction","target":{"@type":"EntryPoint","urlTemplate":"http:\/\/www.northhatley.org\/fr\/?s={search_term_string}"},"query-input":{"@type":"PropertyValueSpecification","valueRequired":true,"valueName":"search_term_string"}}],"inLanguage":"fr-FR"},{"@type":"Organization","@id":"http:\/\/www.northhatley.org\/fr\/#organization","name":"MUNICIPALIT\u00c9 DU VILLAGE DE NORTH HATLE","url":"http:\/\/www.northhatley.org\/fr\/","logo":{"@type":"ImageObject","inLanguage":"fr-FR","@id":"http:\/\/www.northhatley.org\/fr\/#\/schema\/logo\/image\/","url":"https:\/\/www.northhatley.org\/wp-content\/uploads\/2016\/06\/Logo-North-Hatley.jpg","contentUrl":"https:\/\/www.northhatley.org\/wp-content\/uploads\/2016\/06\/Logo-North-Hatley.jpg","width":127,"height":164,"caption":"MUNICIPALIT\u00c9 DU VILLAGE DE NORTH HATLE"},"image":{"@id":"http:\/\/www.northhatley.org\/fr\/#\/schema\/logo\/image\/"}}]}},"_links":{"self":[{"href":"https:\/\/www.northhatley.org\/fr\/wp-json\/wp\/v2\/pages\/1545","targetHints":{"allow":["GET"]}}],"collection":[{"href":"https:\/\/www.northhatley.org\/fr\/wp-json\/wp\/v2\/pages"}],"about":[{"href":"https:\/\/www.northhatley.org\/fr\/wp-json\/wp\/v2\/types\/page"}],"author":[{"embeddable":true,"href":"https:\/\/www.northhatley.org\/fr\/wp-json\/wp\/v2\/users\/2"}],"replies":[{"embeddable":true,"href":"https:\/\/www.northhatley.org\/fr\/wp-json\/wp\/v2\/comments?post=1545"}],"version-history":[{"count":5,"href":"https:\/\/www.northhatley.org\/fr\/wp-json\/wp\/v2\/pages\/1545\/revisions"}],"predecessor-version":[{"id":11187,"href":"https:\/\/www.northhatley.org\/fr\/wp-json\/wp\/v2\/pages\/1545\/revisions\/11187"}],"up":[{"embeddable":true,"href":"https:\/\/www.northhatley.org\/fr\/wp-json\/wp\/v2\/pages\/1528"}],"wp:attachment":[{"href":"https:\/\/www.northhatley.org\/fr\/wp-json\/wp\/v2\/media?parent=1545"}],"curies":[{"name":"wp","href":"https:\/\/api.w.org\/{rel}","templated":true}]}}