{"id":1500,"date":"2014-07-02T18:21:44","date_gmt":"2014-07-02T18:21:44","guid":{"rendered":"http:\/\/www.northhatley.org\/?page_id=1500"},"modified":"2018-06-12T15:45:14","modified_gmt":"2018-06-12T19:45:14","slug":"marche-champetre","status":"publish","type":"page","link":"https:\/\/www.northhatley.org\/fr\/communaute\/marche-champetre\/","title":{"rendered":"March\u00e9 champ\u00eatre"},"content":{"rendered":"<h1><strong><a href=\"http:\/\/www.northhatley.org\/wp-content\/uploads\/2016\/06\/marche_NHatley_logo_coul.jpg\" rel=\"attachment wp-att-4377\"><img loading=\"lazy\" decoding=\"async\" class=\"size-thumbnail wp-image-4377 aligncenter\" src=\"http:\/\/www.northhatley.org\/wp-content\/uploads\/2016\/06\/marche_NHatley_logo_coul-150x150.jpg\" alt=\"marche_NHatley_logo_coul\" width=\"150\" height=\"150\" srcset=\"https:\/\/www.northhatley.org\/wp-content\/uploads\/2016\/06\/marche_NHatley_logo_coul-150x150.jpg 150w, https:\/\/www.northhatley.org\/wp-content\/uploads\/2016\/06\/marche_NHatley_logo_coul-50x50.jpg 50w\" sizes=\"auto, (max-width: 150px) 100vw, 150px\" \/><\/a><\/strong><\/h1>\n<h1 style=\"text-align: center;\"><strong>Un bonheur renouvel\u00e9 chaque samedi de la belle saison!<\/strong><\/h1>\n<p>Ouvert le samedi matin de 10 h \u00e0 12 h de la fin juin \u00e0 la mi-octobre, le march\u00e9 champ\u00eatre de North Hatley r\u00e9unit plus d\u2019une\u00a0trentaine de marchands et mara\u00eechers. \u00c9tabli autrefois sur la rue School, le march\u00e9 champ\u00eatre de North Hatley se tient maintenant au Parc Rivi\u00e8re. L\u2019entr\u00e9e en voiture se fait via le ch. Capelton .<\/p>\n<p>En plus d&rsquo;offrir une foule de produits du terroir, le march\u00e9 public est l\u2019occasion de faire des d\u00e9couvertes culinaires une exp\u00e9rience agr\u00e9able, de faire de nouvelles rencontres, de prendre le pouls de la r\u00e9gion et de tisser ou de resserrer des liens avec la communaut\u00e9.<\/p>\n<p>En m\u00eame temps, vous soutenez les producteurs locaux en faisant le plein de savoureux produits frais, biologiques et conventionnels.<\/p>\n<p>Vous trouverez en effet au march\u00e9 :<\/p>\n<ul>\n<li>une grande diversit\u00e9 de fruits et l\u00e9gumes frais<\/li>\n<li>des pains et des p\u00e2tisseries<\/li>\n<li>des mets pr\u00e9par\u00e9s<\/li>\n<li>des fromages, des viandes et du poisson fum\u00e9<\/li>\n<li>des produits de pommes, de l\u2019\u00e9rable et du miel<\/li>\n<li>des fleurs, des \u00e9pices, des fines herbes<\/li>\n<li>et plus encore<\/li>\n<\/ul>\n<p>En outre, musiciens et artistes contribuent \u00e0 cr\u00e9er une atmosph\u00e8re festive et bucolique !<\/p>\n<p>Venez casser la cro\u00fbte dans le parc avoisinant, sur le gazon, au bord de la rivi\u00e8re, ou \u00e0 une des tables de pique-nique ! Vous trouverez aussi, au parc, des toilettes publiques et une aire de jeu pour enfants.<\/p>\n<p>Producteurs de la r\u00e9gion, r\u00e9servez votre espace au 819 842-2754.<\/p>\n<p>Consultez la <a href=\"http:\/\/www.mapaq.gouv.qc.ca\/fr\/Regions\/estrie\/prodestrie\/Pages\/MarchesPublics.aspx\" target=\"_blank\" rel=\"noopener\">liste des march\u00e9s publics officiels de la r\u00e9gion<\/a>.<\/p>\n<p><strong>On en parle !<\/strong><\/p>\n<p>Notre march\u00e9 fermier a fait l&rsquo;objet de nombreux reportages et commentaires dans les m\u00e9dias. En voici une s\u00e9lection\u00a0:<\/p>\n<ul>\n<li><a href=\"http:\/\/www.mapaq.gouv.qc.ca\/fr\/Regions\/estrie\/prodestrie\/Pages\/MarchesPublics.aspx\" target=\"_blank\" rel=\"noopener\">Le march\u00e9 champ\u00eatre en photos<\/a>, EstriePlus.com<\/li>\n<li><a href=\"http:\/\/www.radio-canada.ca\/actualite\/v2\/lepicerie\/niveau2_4255.shtml\" target=\"_blank\" rel=\"noopener\">L\u2019\u00e9picerie, Radio-Canada<\/a><\/li>\n<li><a href=\"http:\/\/www.lapresse.ca\/voyage\/top-10\/200908\/21\/01-894673-dix-marches-publics-a-visiter.php\" target=\"_blank\" rel=\"noopener\">Dix march\u00e9s publics \u00e0 visiter<\/a>, La Presse<\/li>\n<li><a href=\"http:\/\/blancmansion.blogspot.ca\/2013\/06\/le-marche-de-north-hatley.html\" target=\"_blank\" rel=\"noopener\">Le blogue Blanc Mansion<\/a><\/li>\n<li><a href=\"http:\/\/aladistasio.telequebec.tv\/a_la_tele\/emission.aspx?id=55\" target=\"_blank\" rel=\"noopener\">\u00c0 la Di Stasio, T\u00e9l\u00e9Qu\u00e9bec<\/a><\/li>\n<li><a href=\"http:\/\/www.magazinelambert.com\" target=\"_blank\" rel=\"noopener\">Le magazine Lambert<\/a><\/li>\n<\/ul>\n<p><a href=\"http:\/\/www.northhatley.org\/wp-content\/uploads\/2015\/08\/2015-Formule-demande-inscription-Marche-champetre.pdf\">Formulaire demande d&rsquo;inscription<\/a><\/p>\n<p>&nbsp;<\/p>\n<p>&nbsp;<\/p>\n<p>&nbsp;<\/p>\n","protected":false},"excerpt":{"rendered":"<p>Un bonheur renouvel\u00e9 chaque samedi de la belle saison! Ouvert le samedi matin de 10 h \u00e0 12 h de la fin juin \u00e0 la mi-octobre, le march\u00e9 champ\u00eatre de North Hatley r\u00e9unit plus d\u2019une\u00a0trentaine de marchands et mara\u00eechers. \u00c9tabli autrefois sur la rue School, le march\u00e9 champ\u00eatre de North Hatley se tient maintenant au<\/p>\n","protected":false},"author":2,"featured_media":0,"parent":1316,"menu_order":5,"comment_status":"open","ping_status":"closed","template":"","meta":{"_acf_changed":false,"footnotes":""},"class_list":["post-1500","page","type-page","status-publish","hentry"],"acf":[],"yoast_head":"<!-- This site is optimized with the Yoast SEO plugin v24.3 - https:\/\/yoast.com\/wordpress\/plugins\/seo\/ -->\n<title>March\u00e9 champ\u00eatre - Village de North Hatley<\/title>\n<meta name=\"robots\" content=\"index, follow, max-snippet:-1, max-image-preview:large, max-video-preview:-1\" \/>\n<link rel=\"canonical\" href=\"https:\/\/www.northhatley.org\/fr\/communaute\/marche-champetre\/\" \/>\n<meta property=\"og:locale\" content=\"fr_FR\" \/>\n<meta property=\"og:type\" content=\"article\" \/>\n<meta property=\"og:title\" content=\"March\u00e9 champ\u00eatre - Village de North Hatley\" \/>\n<meta property=\"og:description\" content=\"Un bonheur renouvel\u00e9 chaque samedi de la belle saison! Ouvert le samedi matin de 10 h \u00e0 12 h de la fin juin \u00e0 la mi-octobre, le march\u00e9 champ\u00eatre de North Hatley r\u00e9unit plus d\u2019une\u00a0trentaine de marchands et mara\u00eechers. \u00c9tabli autrefois sur la rue School, le march\u00e9 champ\u00eatre de North Hatley se tient maintenant au\" \/>\n<meta property=\"og:url\" content=\"https:\/\/www.northhatley.org\/fr\/communaute\/marche-champetre\/\" \/>\n<meta property=\"og:site_name\" content=\"Village de North Hatley\" \/>\n<meta property=\"article:modified_time\" content=\"2018-06-12T19:45:14+00:00\" \/>\n<meta property=\"og:image\" content=\"http:\/\/www.northhatley.org\/wp-content\/uploads\/2016\/06\/marche_NHatley_logo_coul-150x150.jpg\" \/>\n<meta name=\"twitter:label1\" content=\"Dur\u00e9e de lecture estim\u00e9e\" \/>\n\t<meta name=\"twitter:data1\" content=\"2 minutes\" \/>\n<script type=\"application\/ld+json\" class=\"yoast-schema-graph\">{\"@context\":\"https:\/\/schema.org\",\"@graph\":[{\"@type\":\"WebPage\",\"@id\":\"https:\/\/www.northhatley.org\/fr\/communaute\/marche-champetre\/\",\"url\":\"https:\/\/www.northhatley.org\/fr\/communaute\/marche-champetre\/\",\"name\":\"March\u00e9 champ\u00eatre - Village de North Hatley\",\"isPartOf\":{\"@id\":\"https:\/\/www.northhatley.org\/fr\/#website\"},\"primaryImageOfPage\":{\"@id\":\"https:\/\/www.northhatley.org\/fr\/communaute\/marche-champetre\/#primaryimage\"},\"image\":{\"@id\":\"https:\/\/www.northhatley.org\/fr\/communaute\/marche-champetre\/#primaryimage\"},\"thumbnailUrl\":\"http:\/\/www.northhatley.org\/wp-content\/uploads\/2016\/06\/marche_NHatley_logo_coul-150x150.jpg\",\"datePublished\":\"2014-07-02T18:21:44+00:00\",\"dateModified\":\"2018-06-12T19:45:14+00:00\",\"breadcrumb\":{\"@id\":\"https:\/\/www.northhatley.org\/fr\/communaute\/marche-champetre\/#breadcrumb\"},\"inLanguage\":\"fr-FR\",\"potentialAction\":[{\"@type\":\"ReadAction\",\"target\":[\"https:\/\/www.northhatley.org\/fr\/communaute\/marche-champetre\/\"]}]},{\"@type\":\"ImageObject\",\"inLanguage\":\"fr-FR\",\"@id\":\"https:\/\/www.northhatley.org\/fr\/communaute\/marche-champetre\/#primaryimage\",\"url\":\"http:\/\/www.northhatley.org\/wp-content\/uploads\/2016\/06\/marche_NHatley_logo_coul-150x150.jpg\",\"contentUrl\":\"http:\/\/www.northhatley.org\/wp-content\/uploads\/2016\/06\/marche_NHatley_logo_coul-150x150.jpg\"},{\"@type\":\"BreadcrumbList\",\"@id\":\"https:\/\/www.northhatley.org\/fr\/communaute\/marche-champetre\/#breadcrumb\",\"itemListElement\":[{\"@type\":\"ListItem\",\"position\":1,\"name\":\"Home\",\"item\":\"https:\/\/www.northhatley.org\/fr\/\"},{\"@type\":\"ListItem\",\"position\":2,\"name\":\"R\u00e9sidents\",\"item\":\"https:\/\/www.northhatley.org\/fr\/communaute\/\"},{\"@type\":\"ListItem\",\"position\":3,\"name\":\"March\u00e9 champ\u00eatre\"}]},{\"@type\":\"WebSite\",\"@id\":\"https:\/\/www.northhatley.org\/fr\/#website\",\"url\":\"https:\/\/www.northhatley.org\/fr\/\",\"name\":\"Village de North Hatley\",\"description\":\"Village of North Hatley\",\"publisher\":{\"@id\":\"https:\/\/www.northhatley.org\/fr\/#organization\"},\"potentialAction\":[{\"@type\":\"SearchAction\",\"target\":{\"@type\":\"EntryPoint\",\"urlTemplate\":\"https:\/\/www.northhatley.org\/fr\/?s={search_term_string}\"},\"query-input\":{\"@type\":\"PropertyValueSpecification\",\"valueRequired\":true,\"valueName\":\"search_term_string\"}}],\"inLanguage\":\"fr-FR\"},{\"@type\":\"Organization\",\"@id\":\"https:\/\/www.northhatley.org\/fr\/#organization\",\"name\":\"MUNICIPALIT\u00c9 DU VILLAGE DE NORTH HATLE\",\"url\":\"https:\/\/www.northhatley.org\/fr\/\",\"logo\":{\"@type\":\"ImageObject\",\"inLanguage\":\"fr-FR\",\"@id\":\"https:\/\/www.northhatley.org\/fr\/#\/schema\/logo\/image\/\",\"url\":\"https:\/\/www.northhatley.org\/wp-content\/uploads\/2016\/06\/Logo-North-Hatley.jpg\",\"contentUrl\":\"https:\/\/www.northhatley.org\/wp-content\/uploads\/2016\/06\/Logo-North-Hatley.jpg\",\"width\":127,\"height\":164,\"caption\":\"MUNICIPALIT\u00c9 DU VILLAGE DE NORTH HATLE\"},\"image\":{\"@id\":\"https:\/\/www.northhatley.org\/fr\/#\/schema\/logo\/image\/\"}}]}<\/script>\n<!-- \/ Yoast SEO plugin. -->","yoast_head_json":{"title":"March\u00e9 champ\u00eatre - Village de North Hatley","robots":{"index":"index","follow":"follow","max-snippet":"max-snippet:-1","max-image-preview":"max-image-preview:large","max-video-preview":"max-video-preview:-1"},"canonical":"https:\/\/www.northhatley.org\/fr\/communaute\/marche-champetre\/","og_locale":"fr_FR","og_type":"article","og_title":"March\u00e9 champ\u00eatre - Village de North Hatley","og_description":"Un bonheur renouvel\u00e9 chaque samedi de la belle saison! Ouvert le samedi matin de 10 h \u00e0 12 h de la fin juin \u00e0 la mi-octobre, le march\u00e9 champ\u00eatre de North Hatley r\u00e9unit plus d\u2019une\u00a0trentaine de marchands et mara\u00eechers. \u00c9tabli autrefois sur la rue School, le march\u00e9 champ\u00eatre de North Hatley se tient maintenant au","og_url":"https:\/\/www.northhatley.org\/fr\/communaute\/marche-champetre\/","og_site_name":"Village de North Hatley","article_modified_time":"2018-06-12T19:45:14+00:00","og_image":[{"url":"http:\/\/www.northhatley.org\/wp-content\/uploads\/2016\/06\/marche_NHatley_logo_coul-150x150.jpg","type":"","width":"","height":""}],"twitter_misc":{"Dur\u00e9e de lecture estim\u00e9e":"2 minutes"},"schema":{"@context":"https:\/\/schema.org","@graph":[{"@type":"WebPage","@id":"https:\/\/www.northhatley.org\/fr\/communaute\/marche-champetre\/","url":"https:\/\/www.northhatley.org\/fr\/communaute\/marche-champetre\/","name":"March\u00e9 champ\u00eatre - Village de North Hatley","isPartOf":{"@id":"https:\/\/www.northhatley.org\/fr\/#website"},"primaryImageOfPage":{"@id":"https:\/\/www.northhatley.org\/fr\/communaute\/marche-champetre\/#primaryimage"},"image":{"@id":"https:\/\/www.northhatley.org\/fr\/communaute\/marche-champetre\/#primaryimage"},"thumbnailUrl":"http:\/\/www.northhatley.org\/wp-content\/uploads\/2016\/06\/marche_NHatley_logo_coul-150x150.jpg","datePublished":"2014-07-02T18:21:44+00:00","dateModified":"2018-06-12T19:45:14+00:00","breadcrumb":{"@id":"https:\/\/www.northhatley.org\/fr\/communaute\/marche-champetre\/#breadcrumb"},"inLanguage":"fr-FR","potentialAction":[{"@type":"ReadAction","target":["https:\/\/www.northhatley.org\/fr\/communaute\/marche-champetre\/"]}]},{"@type":"ImageObject","inLanguage":"fr-FR","@id":"https:\/\/www.northhatley.org\/fr\/communaute\/marche-champetre\/#primaryimage","url":"http:\/\/www.northhatley.org\/wp-content\/uploads\/2016\/06\/marche_NHatley_logo_coul-150x150.jpg","contentUrl":"http:\/\/www.northhatley.org\/wp-content\/uploads\/2016\/06\/marche_NHatley_logo_coul-150x150.jpg"},{"@type":"BreadcrumbList","@id":"https:\/\/www.northhatley.org\/fr\/communaute\/marche-champetre\/#breadcrumb","itemListElement":[{"@type":"ListItem","position":1,"name":"Home","item":"https:\/\/www.northhatley.org\/fr\/"},{"@type":"ListItem","position":2,"name":"R\u00e9sidents","item":"https:\/\/www.northhatley.org\/fr\/communaute\/"},{"@type":"ListItem","position":3,"name":"March\u00e9 champ\u00eatre"}]},{"@type":"WebSite","@id":"https:\/\/www.northhatley.org\/fr\/#website","url":"https:\/\/www.northhatley.org\/fr\/","name":"Village de North Hatley","description":"Village of North Hatley","publisher":{"@id":"https:\/\/www.northhatley.org\/fr\/#organization"},"potentialAction":[{"@type":"SearchAction","target":{"@type":"EntryPoint","urlTemplate":"https:\/\/www.northhatley.org\/fr\/?s={search_term_string}"},"query-input":{"@type":"PropertyValueSpecification","valueRequired":true,"valueName":"search_term_string"}}],"inLanguage":"fr-FR"},{"@type":"Organization","@id":"https:\/\/www.northhatley.org\/fr\/#organization","name":"MUNICIPALIT\u00c9 DU VILLAGE DE NORTH HATLE","url":"https:\/\/www.northhatley.org\/fr\/","logo":{"@type":"ImageObject","inLanguage":"fr-FR","@id":"https:\/\/www.northhatley.org\/fr\/#\/schema\/logo\/image\/","url":"https:\/\/www.northhatley.org\/wp-content\/uploads\/2016\/06\/Logo-North-Hatley.jpg","contentUrl":"https:\/\/www.northhatley.org\/wp-content\/uploads\/2016\/06\/Logo-North-Hatley.jpg","width":127,"height":164,"caption":"MUNICIPALIT\u00c9 DU VILLAGE DE NORTH HATLE"},"image":{"@id":"https:\/\/www.northhatley.org\/fr\/#\/schema\/logo\/image\/"}}]}},"_links":{"self":[{"href":"https:\/\/www.northhatley.org\/fr\/wp-json\/wp\/v2\/pages\/1500","targetHints":{"allow":["GET"]}}],"collection":[{"href":"https:\/\/www.northhatley.org\/fr\/wp-json\/wp\/v2\/pages"}],"about":[{"href":"https:\/\/www.northhatley.org\/fr\/wp-json\/wp\/v2\/types\/page"}],"author":[{"embeddable":true,"href":"https:\/\/www.northhatley.org\/fr\/wp-json\/wp\/v2\/users\/2"}],"replies":[{"embeddable":true,"href":"https:\/\/www.northhatley.org\/fr\/wp-json\/wp\/v2\/comments?post=1500"}],"version-history":[{"count":17,"href":"https:\/\/www.northhatley.org\/fr\/wp-json\/wp\/v2\/pages\/1500\/revisions"}],"predecessor-version":[{"id":6039,"href":"https:\/\/www.northhatley.org\/fr\/wp-json\/wp\/v2\/pages\/1500\/revisions\/6039"}],"up":[{"embeddable":true,"href":"https:\/\/www.northhatley.org\/fr\/wp-json\/wp\/v2\/pages\/1316"}],"wp:attachment":[{"href":"https:\/\/www.northhatley.org\/fr\/wp-json\/wp\/v2\/media?parent=1500"}],"curies":[{"name":"wp","href":"https:\/\/api.w.org\/{rel}","templated":true}]}}