{"id":1436,"date":"2014-07-01T21:38:07","date_gmt":"2014-07-01T21:38:07","guid":{"rendered":"http:\/\/www.northhatley.org\/?page_id=1436"},"modified":"2021-07-21T13:57:58","modified_gmt":"2021-07-21T17:57:58","slug":"evenements","status":"publish","type":"page","link":"https:\/\/www.northhatley.org\/fr\/communaute\/evenements\/","title":{"rendered":"\u00c9v\u00e9nements"},"content":{"rendered":"<h1><strong>Les \u00e9v\u00e9nements sp\u00e9ciaux \u00e0 North Hatley<br \/>\n<\/strong><\/h1>\n<ul>\n<li><strong>La F\u00eate nationale des Qu\u00e9b\u00e9cois<\/strong><\/li>\n<li><strong>F\u00eate du Canada<\/strong><\/li>\n<li><strong>Le Salon d\u2019antiquit\u00e9s et d\u2019art populaire de North Hatley<\/strong><\/li>\n<li><strong>Concert du parc Dreamland<\/strong><\/li>\n<li><strong>Le Demi-marathon de la f\u00eate des m\u00e8res<\/strong><\/li>\n<li><strong>Les visites guid\u00e9es \u2013 maisons et jardins<\/strong><\/li>\n<\/ul>\n","protected":false},"excerpt":{"rendered":"<p>Les \u00e9v\u00e9nements sp\u00e9ciaux \u00e0 North Hatley La F\u00eate nationale des Qu\u00e9b\u00e9cois F\u00eate du Canada Le Salon d\u2019antiquit\u00e9s et d\u2019art populaire de North Hatley Concert du parc Dreamland Le Demi-marathon de la f\u00eate des m\u00e8res Les visites guid\u00e9es \u2013 maisons et jardins<\/p>\n","protected":false},"author":2,"featured_media":0,"parent":1316,"menu_order":4,"comment_status":"open","ping_status":"closed","template":"","meta":{"_acf_changed":false,"footnotes":""},"class_list":["post-1436","page","type-page","status-publish","hentry"],"acf":[],"yoast_head":"<!-- This site is optimized with the Yoast SEO plugin v24.3 - https:\/\/yoast.com\/wordpress\/plugins\/seo\/ -->\n<title>\u00c9v\u00e9nements - Village de North Hatley<\/title>\n<meta name=\"robots\" content=\"index, follow, max-snippet:-1, max-image-preview:large, max-video-preview:-1\" \/>\n<link rel=\"canonical\" href=\"http:\/\/www.northhatley.org\/fr\/communaute\/evenements\/\" \/>\n<meta property=\"og:locale\" content=\"fr_FR\" \/>\n<meta property=\"og:type\" content=\"article\" \/>\n<meta property=\"og:title\" content=\"\u00c9v\u00e9nements - Village de North Hatley\" \/>\n<meta property=\"og:description\" content=\"Les \u00e9v\u00e9nements sp\u00e9ciaux \u00e0 North Hatley La F\u00eate nationale des Qu\u00e9b\u00e9cois F\u00eate du Canada Le Salon d\u2019antiquit\u00e9s et d\u2019art populaire de North Hatley Concert du parc Dreamland Le Demi-marathon de la f\u00eate des m\u00e8res Les visites guid\u00e9es \u2013 maisons et jardins\" \/>\n<meta property=\"og:url\" content=\"http:\/\/www.northhatley.org\/fr\/communaute\/evenements\/\" \/>\n<meta property=\"og:site_name\" content=\"Village de North Hatley\" \/>\n<meta property=\"article:modified_time\" content=\"2021-07-21T17:57:58+00:00\" \/>\n<meta name=\"twitter:label1\" content=\"Dur\u00e9e de lecture estim\u00e9e\" \/>\n\t<meta name=\"twitter:data1\" content=\"1 minute\" \/>\n<script type=\"application\/ld+json\" class=\"yoast-schema-graph\">{\"@context\":\"https:\/\/schema.org\",\"@graph\":[{\"@type\":\"WebPage\",\"@id\":\"http:\/\/www.northhatley.org\/fr\/communaute\/evenements\/\",\"url\":\"http:\/\/www.northhatley.org\/fr\/communaute\/evenements\/\",\"name\":\"\u00c9v\u00e9nements - Village de North Hatley\",\"isPartOf\":{\"@id\":\"http:\/\/www.northhatley.org\/en\/#website\"},\"datePublished\":\"2014-07-01T21:38:07+00:00\",\"dateModified\":\"2021-07-21T17:57:58+00:00\",\"breadcrumb\":{\"@id\":\"http:\/\/www.northhatley.org\/fr\/communaute\/evenements\/#breadcrumb\"},\"inLanguage\":\"fr-FR\",\"potentialAction\":[{\"@type\":\"ReadAction\",\"target\":[\"http:\/\/www.northhatley.org\/fr\/communaute\/evenements\/\"]}]},{\"@type\":\"BreadcrumbList\",\"@id\":\"http:\/\/www.northhatley.org\/fr\/communaute\/evenements\/#breadcrumb\",\"itemListElement\":[{\"@type\":\"ListItem\",\"position\":1,\"name\":\"Home\",\"item\":\"https:\/\/www.northhatley.org\/fr\/\"},{\"@type\":\"ListItem\",\"position\":2,\"name\":\"R\u00e9sidents\",\"item\":\"http:\/\/www.northhatley.org\/fr\/communaute\/\"},{\"@type\":\"ListItem\",\"position\":3,\"name\":\"\u00c9v\u00e9nements\"}]},{\"@type\":\"WebSite\",\"@id\":\"http:\/\/www.northhatley.org\/en\/#website\",\"url\":\"http:\/\/www.northhatley.org\/en\/\",\"name\":\"Village de North Hatley\",\"description\":\"Village of North Hatley\",\"publisher\":{\"@id\":\"http:\/\/www.northhatley.org\/en\/#organization\"},\"potentialAction\":[{\"@type\":\"SearchAction\",\"target\":{\"@type\":\"EntryPoint\",\"urlTemplate\":\"http:\/\/www.northhatley.org\/en\/?s={search_term_string}\"},\"query-input\":{\"@type\":\"PropertyValueSpecification\",\"valueRequired\":true,\"valueName\":\"search_term_string\"}}],\"inLanguage\":\"fr-FR\"},{\"@type\":\"Organization\",\"@id\":\"http:\/\/www.northhatley.org\/en\/#organization\",\"name\":\"MUNICIPALIT\u00c9 DU VILLAGE DE NORTH HATLE\",\"url\":\"http:\/\/www.northhatley.org\/en\/\",\"logo\":{\"@type\":\"ImageObject\",\"inLanguage\":\"fr-FR\",\"@id\":\"http:\/\/www.northhatley.org\/en\/#\/schema\/logo\/image\/\",\"url\":\"https:\/\/www.northhatley.org\/wp-content\/uploads\/2016\/06\/Logo-North-Hatley.jpg\",\"contentUrl\":\"https:\/\/www.northhatley.org\/wp-content\/uploads\/2016\/06\/Logo-North-Hatley.jpg\",\"width\":127,\"height\":164,\"caption\":\"MUNICIPALIT\u00c9 DU VILLAGE DE NORTH HATLE\"},\"image\":{\"@id\":\"http:\/\/www.northhatley.org\/en\/#\/schema\/logo\/image\/\"}}]}<\/script>\n<!-- \/ Yoast SEO plugin. -->","yoast_head_json":{"title":"\u00c9v\u00e9nements - Village de North Hatley","robots":{"index":"index","follow":"follow","max-snippet":"max-snippet:-1","max-image-preview":"max-image-preview:large","max-video-preview":"max-video-preview:-1"},"canonical":"http:\/\/www.northhatley.org\/fr\/communaute\/evenements\/","og_locale":"fr_FR","og_type":"article","og_title":"\u00c9v\u00e9nements - Village de North Hatley","og_description":"Les \u00e9v\u00e9nements sp\u00e9ciaux \u00e0 North Hatley La F\u00eate nationale des Qu\u00e9b\u00e9cois F\u00eate du Canada Le Salon d\u2019antiquit\u00e9s et d\u2019art populaire de North Hatley Concert du parc Dreamland Le Demi-marathon de la f\u00eate des m\u00e8res Les visites guid\u00e9es \u2013 maisons et jardins","og_url":"http:\/\/www.northhatley.org\/fr\/communaute\/evenements\/","og_site_name":"Village de North Hatley","article_modified_time":"2021-07-21T17:57:58+00:00","twitter_misc":{"Dur\u00e9e de lecture estim\u00e9e":"1 minute"},"schema":{"@context":"https:\/\/schema.org","@graph":[{"@type":"WebPage","@id":"http:\/\/www.northhatley.org\/fr\/communaute\/evenements\/","url":"http:\/\/www.northhatley.org\/fr\/communaute\/evenements\/","name":"\u00c9v\u00e9nements - Village de North Hatley","isPartOf":{"@id":"http:\/\/www.northhatley.org\/en\/#website"},"datePublished":"2014-07-01T21:38:07+00:00","dateModified":"2021-07-21T17:57:58+00:00","breadcrumb":{"@id":"http:\/\/www.northhatley.org\/fr\/communaute\/evenements\/#breadcrumb"},"inLanguage":"fr-FR","potentialAction":[{"@type":"ReadAction","target":["http:\/\/www.northhatley.org\/fr\/communaute\/evenements\/"]}]},{"@type":"BreadcrumbList","@id":"http:\/\/www.northhatley.org\/fr\/communaute\/evenements\/#breadcrumb","itemListElement":[{"@type":"ListItem","position":1,"name":"Home","item":"https:\/\/www.northhatley.org\/fr\/"},{"@type":"ListItem","position":2,"name":"R\u00e9sidents","item":"http:\/\/www.northhatley.org\/fr\/communaute\/"},{"@type":"ListItem","position":3,"name":"\u00c9v\u00e9nements"}]},{"@type":"WebSite","@id":"http:\/\/www.northhatley.org\/en\/#website","url":"http:\/\/www.northhatley.org\/en\/","name":"Village de North Hatley","description":"Village of North Hatley","publisher":{"@id":"http:\/\/www.northhatley.org\/en\/#organization"},"potentialAction":[{"@type":"SearchAction","target":{"@type":"EntryPoint","urlTemplate":"http:\/\/www.northhatley.org\/en\/?s={search_term_string}"},"query-input":{"@type":"PropertyValueSpecification","valueRequired":true,"valueName":"search_term_string"}}],"inLanguage":"fr-FR"},{"@type":"Organization","@id":"http:\/\/www.northhatley.org\/en\/#organization","name":"MUNICIPALIT\u00c9 DU VILLAGE DE NORTH HATLE","url":"http:\/\/www.northhatley.org\/en\/","logo":{"@type":"ImageObject","inLanguage":"fr-FR","@id":"http:\/\/www.northhatley.org\/en\/#\/schema\/logo\/image\/","url":"https:\/\/www.northhatley.org\/wp-content\/uploads\/2016\/06\/Logo-North-Hatley.jpg","contentUrl":"https:\/\/www.northhatley.org\/wp-content\/uploads\/2016\/06\/Logo-North-Hatley.jpg","width":127,"height":164,"caption":"MUNICIPALIT\u00c9 DU VILLAGE DE NORTH HATLE"},"image":{"@id":"http:\/\/www.northhatley.org\/en\/#\/schema\/logo\/image\/"}}]}},"_links":{"self":[{"href":"https:\/\/www.northhatley.org\/fr\/wp-json\/wp\/v2\/pages\/1436","targetHints":{"allow":["GET"]}}],"collection":[{"href":"https:\/\/www.northhatley.org\/fr\/wp-json\/wp\/v2\/pages"}],"about":[{"href":"https:\/\/www.northhatley.org\/fr\/wp-json\/wp\/v2\/types\/page"}],"author":[{"embeddable":true,"href":"https:\/\/www.northhatley.org\/fr\/wp-json\/wp\/v2\/users\/2"}],"replies":[{"embeddable":true,"href":"https:\/\/www.northhatley.org\/fr\/wp-json\/wp\/v2\/comments?post=1436"}],"version-history":[{"count":33,"href":"https:\/\/www.northhatley.org\/fr\/wp-json\/wp\/v2\/pages\/1436\/revisions"}],"predecessor-version":[{"id":9943,"href":"https:\/\/www.northhatley.org\/fr\/wp-json\/wp\/v2\/pages\/1436\/revisions\/9943"}],"up":[{"embeddable":true,"href":"https:\/\/www.northhatley.org\/fr\/wp-json\/wp\/v2\/pages\/1316"}],"wp:attachment":[{"href":"https:\/\/www.northhatley.org\/fr\/wp-json\/wp\/v2\/media?parent=1436"}],"curies":[{"name":"wp","href":"https:\/\/api.w.org\/{rel}","templated":true}]}}