{"id":1353,"date":"2014-07-01T15:32:37","date_gmt":"2014-07-01T15:32:37","guid":{"rendered":"http:\/\/www.northhatley.org\/?page_id=1353"},"modified":"2014-12-13T17:58:40","modified_gmt":"2014-12-13T22:58:40","slug":"ecole","status":"publish","type":"page","link":"https:\/\/www.northhatley.org\/fr\/communaute\/ressources-communautaires\/ecole\/","title":{"rendered":"\u00c9cole"},"content":{"rendered":"<h1><strong>L\u2019\u00c9cole primaire de North Hatley<\/strong><\/h1>\n<p>L\u2019\u00c9cole primaire de North Hatley, qui fait partie de la <a href=\"http:\/\/www.etsb.qc.ca\/fr\/\" target=\"_blank\">Commission scolaire Eastern Townships<\/a>, compte environ 70 \u00e9l\u00e8ves, de la pr\u00e9maternelle \u00e0 la 6<sup>e<\/sup> ann\u00e9e.<\/p>\n<address><a href=\"http:\/\/northhatley.etsb.qc.ca\/\" target=\"_blank\">\u00c9cole primaire de North Hatley <\/a><\/address>\n<address>110, rue School<\/address>\n<address>North Hatley (Qu\u00e9bec) J0B 2C0<\/address>\n<address>819 842-2491<\/address>\n<address>\u00a0<\/address>\n<address>\u00a0<\/address>\n<address>\u00a0<\/address>\n<address>\u00a0<\/address>\n<address>\u00a0<\/address>\n<address>\u00a0<\/address>\n<address>\u00a0<\/address>\n<address>\u00a0<\/address>\n<address>\u00a0<\/address>\n","protected":false},"excerpt":{"rendered":"<p>L\u2019\u00c9cole primaire de North Hatley L\u2019\u00c9cole primaire de North Hatley, qui fait partie de la Commission scolaire Eastern Townships, compte environ 70 \u00e9l\u00e8ves, de la pr\u00e9maternelle \u00e0 la 6e ann\u00e9e. \u00c9cole primaire de North Hatley 110, rue School North Hatley (Qu\u00e9bec) J0B 2C0 819 842-2491 \u00a0 \u00a0 \u00a0 \u00a0 \u00a0 \u00a0 \u00a0 \u00a0 \u00a0<\/p>\n","protected":false},"author":2,"featured_media":0,"parent":2800,"menu_order":0,"comment_status":"open","ping_status":"closed","template":"","meta":{"_acf_changed":false,"footnotes":""},"class_list":["post-1353","page","type-page","status-publish","hentry"],"acf":[],"yoast_head":"<!-- This site is optimized with the Yoast SEO plugin v24.3 - https:\/\/yoast.com\/wordpress\/plugins\/seo\/ -->\n<title>\u00c9cole - Village de North Hatley<\/title>\n<meta name=\"robots\" content=\"index, follow, max-snippet:-1, max-image-preview:large, max-video-preview:-1\" \/>\n<link rel=\"canonical\" href=\"https:\/\/www.northhatley.org\/fr\/communaute\/ressources-communautaires\/ecole\/\" \/>\n<meta property=\"og:locale\" content=\"fr_FR\" \/>\n<meta property=\"og:type\" content=\"article\" \/>\n<meta property=\"og:title\" content=\"\u00c9cole - Village de North Hatley\" \/>\n<meta property=\"og:description\" content=\"L\u2019\u00c9cole primaire de North Hatley L\u2019\u00c9cole primaire de North Hatley, qui fait partie de la Commission scolaire Eastern Townships, compte environ 70 \u00e9l\u00e8ves, de la pr\u00e9maternelle \u00e0 la 6e ann\u00e9e. \u00c9cole primaire de North Hatley 110, rue School North Hatley (Qu\u00e9bec) J0B 2C0 819 842-2491 \u00a0 \u00a0 \u00a0 \u00a0 \u00a0 \u00a0 \u00a0 \u00a0 \u00a0\" \/>\n<meta property=\"og:url\" content=\"https:\/\/www.northhatley.org\/fr\/communaute\/ressources-communautaires\/ecole\/\" \/>\n<meta property=\"og:site_name\" content=\"Village de North Hatley\" \/>\n<meta property=\"article:modified_time\" content=\"2014-12-13T22:58:40+00:00\" \/>\n<script type=\"application\/ld+json\" class=\"yoast-schema-graph\">{\"@context\":\"https:\/\/schema.org\",\"@graph\":[{\"@type\":\"WebPage\",\"@id\":\"https:\/\/www.northhatley.org\/fr\/communaute\/ressources-communautaires\/ecole\/\",\"url\":\"https:\/\/www.northhatley.org\/fr\/communaute\/ressources-communautaires\/ecole\/\",\"name\":\"\u00c9cole - Village de North Hatley\",\"isPartOf\":{\"@id\":\"http:\/\/www.northhatley.org\/en\/#website\"},\"datePublished\":\"2014-07-01T15:32:37+00:00\",\"dateModified\":\"2014-12-13T22:58:40+00:00\",\"breadcrumb\":{\"@id\":\"https:\/\/www.northhatley.org\/fr\/communaute\/ressources-communautaires\/ecole\/#breadcrumb\"},\"inLanguage\":\"fr-FR\",\"potentialAction\":[{\"@type\":\"ReadAction\",\"target\":[\"https:\/\/www.northhatley.org\/fr\/communaute\/ressources-communautaires\/ecole\/\"]}]},{\"@type\":\"BreadcrumbList\",\"@id\":\"https:\/\/www.northhatley.org\/fr\/communaute\/ressources-communautaires\/ecole\/#breadcrumb\",\"itemListElement\":[{\"@type\":\"ListItem\",\"position\":1,\"name\":\"Home\",\"item\":\"https:\/\/www.northhatley.org\/fr\/\"},{\"@type\":\"ListItem\",\"position\":2,\"name\":\"R\u00e9sidents\",\"item\":\"http:\/\/www.northhatley.org\/fr\/communaute\/\"},{\"@type\":\"ListItem\",\"position\":3,\"name\":\"Ressources\",\"item\":\"http:\/\/www.northhatley.org\/fr\/communaute\/ressources-communautaires\/\"},{\"@type\":\"ListItem\",\"position\":4,\"name\":\"\u00c9cole\"}]},{\"@type\":\"WebSite\",\"@id\":\"http:\/\/www.northhatley.org\/en\/#website\",\"url\":\"http:\/\/www.northhatley.org\/en\/\",\"name\":\"Village de North Hatley\",\"description\":\"Village of North Hatley\",\"publisher\":{\"@id\":\"http:\/\/www.northhatley.org\/en\/#organization\"},\"potentialAction\":[{\"@type\":\"SearchAction\",\"target\":{\"@type\":\"EntryPoint\",\"urlTemplate\":\"http:\/\/www.northhatley.org\/en\/?s={search_term_string}\"},\"query-input\":{\"@type\":\"PropertyValueSpecification\",\"valueRequired\":true,\"valueName\":\"search_term_string\"}}],\"inLanguage\":\"fr-FR\"},{\"@type\":\"Organization\",\"@id\":\"http:\/\/www.northhatley.org\/en\/#organization\",\"name\":\"MUNICIPALIT\u00c9 DU VILLAGE DE NORTH HATLE\",\"url\":\"http:\/\/www.northhatley.org\/en\/\",\"logo\":{\"@type\":\"ImageObject\",\"inLanguage\":\"fr-FR\",\"@id\":\"http:\/\/www.northhatley.org\/en\/#\/schema\/logo\/image\/\",\"url\":\"https:\/\/www.northhatley.org\/wp-content\/uploads\/2016\/06\/Logo-North-Hatley.jpg\",\"contentUrl\":\"https:\/\/www.northhatley.org\/wp-content\/uploads\/2016\/06\/Logo-North-Hatley.jpg\",\"width\":127,\"height\":164,\"caption\":\"MUNICIPALIT\u00c9 DU VILLAGE DE NORTH HATLE\"},\"image\":{\"@id\":\"http:\/\/www.northhatley.org\/en\/#\/schema\/logo\/image\/\"}}]}<\/script>\n<!-- \/ Yoast SEO plugin. -->","yoast_head_json":{"title":"\u00c9cole - Village de North Hatley","robots":{"index":"index","follow":"follow","max-snippet":"max-snippet:-1","max-image-preview":"max-image-preview:large","max-video-preview":"max-video-preview:-1"},"canonical":"https:\/\/www.northhatley.org\/fr\/communaute\/ressources-communautaires\/ecole\/","og_locale":"fr_FR","og_type":"article","og_title":"\u00c9cole - Village de North Hatley","og_description":"L\u2019\u00c9cole primaire de North Hatley L\u2019\u00c9cole primaire de North Hatley, qui fait partie de la Commission scolaire Eastern Townships, compte environ 70 \u00e9l\u00e8ves, de la pr\u00e9maternelle \u00e0 la 6e ann\u00e9e. \u00c9cole primaire de North Hatley 110, rue School North Hatley (Qu\u00e9bec) J0B 2C0 819 842-2491 \u00a0 \u00a0 \u00a0 \u00a0 \u00a0 \u00a0 \u00a0 \u00a0 \u00a0","og_url":"https:\/\/www.northhatley.org\/fr\/communaute\/ressources-communautaires\/ecole\/","og_site_name":"Village de North Hatley","article_modified_time":"2014-12-13T22:58:40+00:00","schema":{"@context":"https:\/\/schema.org","@graph":[{"@type":"WebPage","@id":"https:\/\/www.northhatley.org\/fr\/communaute\/ressources-communautaires\/ecole\/","url":"https:\/\/www.northhatley.org\/fr\/communaute\/ressources-communautaires\/ecole\/","name":"\u00c9cole - Village de North Hatley","isPartOf":{"@id":"http:\/\/www.northhatley.org\/en\/#website"},"datePublished":"2014-07-01T15:32:37+00:00","dateModified":"2014-12-13T22:58:40+00:00","breadcrumb":{"@id":"https:\/\/www.northhatley.org\/fr\/communaute\/ressources-communautaires\/ecole\/#breadcrumb"},"inLanguage":"fr-FR","potentialAction":[{"@type":"ReadAction","target":["https:\/\/www.northhatley.org\/fr\/communaute\/ressources-communautaires\/ecole\/"]}]},{"@type":"BreadcrumbList","@id":"https:\/\/www.northhatley.org\/fr\/communaute\/ressources-communautaires\/ecole\/#breadcrumb","itemListElement":[{"@type":"ListItem","position":1,"name":"Home","item":"https:\/\/www.northhatley.org\/fr\/"},{"@type":"ListItem","position":2,"name":"R\u00e9sidents","item":"http:\/\/www.northhatley.org\/fr\/communaute\/"},{"@type":"ListItem","position":3,"name":"Ressources","item":"http:\/\/www.northhatley.org\/fr\/communaute\/ressources-communautaires\/"},{"@type":"ListItem","position":4,"name":"\u00c9cole"}]},{"@type":"WebSite","@id":"http:\/\/www.northhatley.org\/en\/#website","url":"http:\/\/www.northhatley.org\/en\/","name":"Village de North Hatley","description":"Village of North Hatley","publisher":{"@id":"http:\/\/www.northhatley.org\/en\/#organization"},"potentialAction":[{"@type":"SearchAction","target":{"@type":"EntryPoint","urlTemplate":"http:\/\/www.northhatley.org\/en\/?s={search_term_string}"},"query-input":{"@type":"PropertyValueSpecification","valueRequired":true,"valueName":"search_term_string"}}],"inLanguage":"fr-FR"},{"@type":"Organization","@id":"http:\/\/www.northhatley.org\/en\/#organization","name":"MUNICIPALIT\u00c9 DU VILLAGE DE NORTH HATLE","url":"http:\/\/www.northhatley.org\/en\/","logo":{"@type":"ImageObject","inLanguage":"fr-FR","@id":"http:\/\/www.northhatley.org\/en\/#\/schema\/logo\/image\/","url":"https:\/\/www.northhatley.org\/wp-content\/uploads\/2016\/06\/Logo-North-Hatley.jpg","contentUrl":"https:\/\/www.northhatley.org\/wp-content\/uploads\/2016\/06\/Logo-North-Hatley.jpg","width":127,"height":164,"caption":"MUNICIPALIT\u00c9 DU VILLAGE DE NORTH HATLE"},"image":{"@id":"http:\/\/www.northhatley.org\/en\/#\/schema\/logo\/image\/"}}]}},"_links":{"self":[{"href":"https:\/\/www.northhatley.org\/fr\/wp-json\/wp\/v2\/pages\/1353","targetHints":{"allow":["GET"]}}],"collection":[{"href":"https:\/\/www.northhatley.org\/fr\/wp-json\/wp\/v2\/pages"}],"about":[{"href":"https:\/\/www.northhatley.org\/fr\/wp-json\/wp\/v2\/types\/page"}],"author":[{"embeddable":true,"href":"https:\/\/www.northhatley.org\/fr\/wp-json\/wp\/v2\/users\/2"}],"replies":[{"embeddable":true,"href":"https:\/\/www.northhatley.org\/fr\/wp-json\/wp\/v2\/comments?post=1353"}],"version-history":[{"count":3,"href":"https:\/\/www.northhatley.org\/fr\/wp-json\/wp\/v2\/pages\/1353\/revisions"}],"predecessor-version":[{"id":3414,"href":"https:\/\/www.northhatley.org\/fr\/wp-json\/wp\/v2\/pages\/1353\/revisions\/3414"}],"up":[{"embeddable":true,"href":"https:\/\/www.northhatley.org\/fr\/wp-json\/wp\/v2\/pages\/2800"}],"wp:attachment":[{"href":"https:\/\/www.northhatley.org\/fr\/wp-json\/wp\/v2\/media?parent=1353"}],"curies":[{"name":"wp","href":"https:\/\/api.w.org\/{rel}","templated":true}]}}