{"id":1333,"date":"2014-06-30T21:46:37","date_gmt":"2014-06-30T21:46:37","guid":{"rendered":"http:\/\/www.northhatley.org\/?page_id=1333"},"modified":"2020-03-05T09:18:04","modified_gmt":"2020-03-05T14:18:04","slug":"coordonnees","status":"publish","type":"page","link":"https:\/\/www.northhatley.org\/fr\/coordonnees\/","title":{"rendered":"NOUS JOINDRE"},"content":{"rendered":"<h1><strong>NOUS JOINDRE<\/strong><\/h1>\n<h3><strong>Municipalit\u00e9 du Village de North Hatley<\/strong><\/h3>\n<p>Heures d&rsquo;ouverture :<\/p>\n<p style=\"padding-left: 30px;\">Lundi et mardi de 8h00 h \u00e0 12h00 et de 13h00 \u00e0 16h30<br \/>\nMercredi: Ferm\u00e9<br \/>\nJeudi de 8h00 h \u00e0 12h00 et de 13h00 \u00e0 16h30<br \/>\nVendredi de 8h00 \u00e0 12h30<\/p>\n<address>T\u00e9l\u00e9phone : 819 842-2754<br \/>\nNum\u00e9ro sans frais :1\u00a0877 842-2754<br \/>\nT\u00e9l\u00e9copieur : 819 842-4501<br \/>\nCourriel : <a href=\"mailto:info@northhatley.org\">info@northhatley.org<\/a><br \/>\n3125 Chemin Capelton<br \/>\nNorth Hatley, QC<br \/>\nJ0B 2C0<\/address>\n","protected":false},"excerpt":{"rendered":"<p>NOUS JOINDRE Municipalit\u00e9 du Village de North Hatley Heures d&rsquo;ouverture : Lundi et mardi de 8h00 h \u00e0 12h00 et de 13h00 \u00e0 16h30 Mercredi: Ferm\u00e9 Jeudi de 8h00 h \u00e0 12h00 et de 13h00 \u00e0 16h30 Vendredi de 8h00 \u00e0 12h30 T\u00e9l\u00e9phone : 819 842-2754 Num\u00e9ro sans frais :1\u00a0877 842-2754 T\u00e9l\u00e9copieur : 819 842-4501<\/p>\n","protected":false},"author":2,"featured_media":0,"parent":0,"menu_order":4,"comment_status":"open","ping_status":"closed","template":"","meta":{"_acf_changed":false,"footnotes":""},"class_list":["post-1333","page","type-page","status-publish","hentry"],"acf":[],"yoast_head":"<!-- This site is optimized with the Yoast SEO plugin v24.3 - https:\/\/yoast.com\/wordpress\/plugins\/seo\/ -->\n<title>NOUS JOINDRE - Village de North Hatley<\/title>\n<meta name=\"robots\" content=\"index, follow, max-snippet:-1, max-image-preview:large, max-video-preview:-1\" \/>\n<link rel=\"canonical\" href=\"https:\/\/www.northhatley.org\/fr\/coordonnees\/\" \/>\n<meta property=\"og:locale\" content=\"fr_FR\" \/>\n<meta property=\"og:type\" content=\"article\" \/>\n<meta property=\"og:title\" content=\"NOUS JOINDRE - Village de North Hatley\" \/>\n<meta property=\"og:description\" content=\"NOUS JOINDRE Municipalit\u00e9 du Village de North Hatley Heures d&rsquo;ouverture : Lundi et mardi de 8h00 h \u00e0 12h00 et de 13h00 \u00e0 16h30 Mercredi: Ferm\u00e9 Jeudi de 8h00 h \u00e0 12h00 et de 13h00 \u00e0 16h30 Vendredi de 8h00 \u00e0 12h30 T\u00e9l\u00e9phone : 819 842-2754 Num\u00e9ro sans frais :1\u00a0877 842-2754 T\u00e9l\u00e9copieur : 819 842-4501\" \/>\n<meta property=\"og:url\" content=\"https:\/\/www.northhatley.org\/fr\/coordonnees\/\" \/>\n<meta property=\"og:site_name\" content=\"Village de North Hatley\" \/>\n<meta property=\"article:modified_time\" content=\"2020-03-05T14:18:04+00:00\" \/>\n<script type=\"application\/ld+json\" class=\"yoast-schema-graph\">{\"@context\":\"https:\/\/schema.org\",\"@graph\":[{\"@type\":\"WebPage\",\"@id\":\"https:\/\/www.northhatley.org\/fr\/coordonnees\/\",\"url\":\"https:\/\/www.northhatley.org\/fr\/coordonnees\/\",\"name\":\"NOUS JOINDRE - Village de North Hatley\",\"isPartOf\":{\"@id\":\"https:\/\/www.northhatley.org\/fr\/#website\"},\"datePublished\":\"2014-06-30T21:46:37+00:00\",\"dateModified\":\"2020-03-05T14:18:04+00:00\",\"breadcrumb\":{\"@id\":\"https:\/\/www.northhatley.org\/fr\/coordonnees\/#breadcrumb\"},\"inLanguage\":\"fr-FR\",\"potentialAction\":[{\"@type\":\"ReadAction\",\"target\":[\"https:\/\/www.northhatley.org\/fr\/coordonnees\/\"]}]},{\"@type\":\"BreadcrumbList\",\"@id\":\"https:\/\/www.northhatley.org\/fr\/coordonnees\/#breadcrumb\",\"itemListElement\":[{\"@type\":\"ListItem\",\"position\":1,\"name\":\"Home\",\"item\":\"https:\/\/www.northhatley.org\/fr\/\"},{\"@type\":\"ListItem\",\"position\":2,\"name\":\"NOUS JOINDRE\"}]},{\"@type\":\"WebSite\",\"@id\":\"https:\/\/www.northhatley.org\/fr\/#website\",\"url\":\"https:\/\/www.northhatley.org\/fr\/\",\"name\":\"Village de North Hatley\",\"description\":\"Village of North Hatley\",\"publisher\":{\"@id\":\"https:\/\/www.northhatley.org\/fr\/#organization\"},\"potentialAction\":[{\"@type\":\"SearchAction\",\"target\":{\"@type\":\"EntryPoint\",\"urlTemplate\":\"https:\/\/www.northhatley.org\/fr\/?s={search_term_string}\"},\"query-input\":{\"@type\":\"PropertyValueSpecification\",\"valueRequired\":true,\"valueName\":\"search_term_string\"}}],\"inLanguage\":\"fr-FR\"},{\"@type\":\"Organization\",\"@id\":\"https:\/\/www.northhatley.org\/fr\/#organization\",\"name\":\"MUNICIPALIT\u00c9 DU VILLAGE DE NORTH HATLE\",\"url\":\"https:\/\/www.northhatley.org\/fr\/\",\"logo\":{\"@type\":\"ImageObject\",\"inLanguage\":\"fr-FR\",\"@id\":\"https:\/\/www.northhatley.org\/fr\/#\/schema\/logo\/image\/\",\"url\":\"https:\/\/www.northhatley.org\/wp-content\/uploads\/2016\/06\/Logo-North-Hatley.jpg\",\"contentUrl\":\"https:\/\/www.northhatley.org\/wp-content\/uploads\/2016\/06\/Logo-North-Hatley.jpg\",\"width\":127,\"height\":164,\"caption\":\"MUNICIPALIT\u00c9 DU VILLAGE DE NORTH HATLE\"},\"image\":{\"@id\":\"https:\/\/www.northhatley.org\/fr\/#\/schema\/logo\/image\/\"}}]}<\/script>\n<!-- \/ Yoast SEO plugin. -->","yoast_head_json":{"title":"NOUS JOINDRE - Village de North Hatley","robots":{"index":"index","follow":"follow","max-snippet":"max-snippet:-1","max-image-preview":"max-image-preview:large","max-video-preview":"max-video-preview:-1"},"canonical":"https:\/\/www.northhatley.org\/fr\/coordonnees\/","og_locale":"fr_FR","og_type":"article","og_title":"NOUS JOINDRE - Village de North Hatley","og_description":"NOUS JOINDRE Municipalit\u00e9 du Village de North Hatley Heures d&rsquo;ouverture : Lundi et mardi de 8h00 h \u00e0 12h00 et de 13h00 \u00e0 16h30 Mercredi: Ferm\u00e9 Jeudi de 8h00 h \u00e0 12h00 et de 13h00 \u00e0 16h30 Vendredi de 8h00 \u00e0 12h30 T\u00e9l\u00e9phone : 819 842-2754 Num\u00e9ro sans frais :1\u00a0877 842-2754 T\u00e9l\u00e9copieur : 819 842-4501","og_url":"https:\/\/www.northhatley.org\/fr\/coordonnees\/","og_site_name":"Village de North Hatley","article_modified_time":"2020-03-05T14:18:04+00:00","schema":{"@context":"https:\/\/schema.org","@graph":[{"@type":"WebPage","@id":"https:\/\/www.northhatley.org\/fr\/coordonnees\/","url":"https:\/\/www.northhatley.org\/fr\/coordonnees\/","name":"NOUS JOINDRE - Village de North Hatley","isPartOf":{"@id":"https:\/\/www.northhatley.org\/fr\/#website"},"datePublished":"2014-06-30T21:46:37+00:00","dateModified":"2020-03-05T14:18:04+00:00","breadcrumb":{"@id":"https:\/\/www.northhatley.org\/fr\/coordonnees\/#breadcrumb"},"inLanguage":"fr-FR","potentialAction":[{"@type":"ReadAction","target":["https:\/\/www.northhatley.org\/fr\/coordonnees\/"]}]},{"@type":"BreadcrumbList","@id":"https:\/\/www.northhatley.org\/fr\/coordonnees\/#breadcrumb","itemListElement":[{"@type":"ListItem","position":1,"name":"Home","item":"https:\/\/www.northhatley.org\/fr\/"},{"@type":"ListItem","position":2,"name":"NOUS JOINDRE"}]},{"@type":"WebSite","@id":"https:\/\/www.northhatley.org\/fr\/#website","url":"https:\/\/www.northhatley.org\/fr\/","name":"Village de North Hatley","description":"Village of North Hatley","publisher":{"@id":"https:\/\/www.northhatley.org\/fr\/#organization"},"potentialAction":[{"@type":"SearchAction","target":{"@type":"EntryPoint","urlTemplate":"https:\/\/www.northhatley.org\/fr\/?s={search_term_string}"},"query-input":{"@type":"PropertyValueSpecification","valueRequired":true,"valueName":"search_term_string"}}],"inLanguage":"fr-FR"},{"@type":"Organization","@id":"https:\/\/www.northhatley.org\/fr\/#organization","name":"MUNICIPALIT\u00c9 DU VILLAGE DE NORTH HATLE","url":"https:\/\/www.northhatley.org\/fr\/","logo":{"@type":"ImageObject","inLanguage":"fr-FR","@id":"https:\/\/www.northhatley.org\/fr\/#\/schema\/logo\/image\/","url":"https:\/\/www.northhatley.org\/wp-content\/uploads\/2016\/06\/Logo-North-Hatley.jpg","contentUrl":"https:\/\/www.northhatley.org\/wp-content\/uploads\/2016\/06\/Logo-North-Hatley.jpg","width":127,"height":164,"caption":"MUNICIPALIT\u00c9 DU VILLAGE DE NORTH HATLE"},"image":{"@id":"https:\/\/www.northhatley.org\/fr\/#\/schema\/logo\/image\/"}}]}},"_links":{"self":[{"href":"https:\/\/www.northhatley.org\/fr\/wp-json\/wp\/v2\/pages\/1333","targetHints":{"allow":["GET"]}}],"collection":[{"href":"https:\/\/www.northhatley.org\/fr\/wp-json\/wp\/v2\/pages"}],"about":[{"href":"https:\/\/www.northhatley.org\/fr\/wp-json\/wp\/v2\/types\/page"}],"author":[{"embeddable":true,"href":"https:\/\/www.northhatley.org\/fr\/wp-json\/wp\/v2\/users\/2"}],"replies":[{"embeddable":true,"href":"https:\/\/www.northhatley.org\/fr\/wp-json\/wp\/v2\/comments?post=1333"}],"version-history":[{"count":7,"href":"https:\/\/www.northhatley.org\/fr\/wp-json\/wp\/v2\/pages\/1333\/revisions"}],"predecessor-version":[{"id":8683,"href":"https:\/\/www.northhatley.org\/fr\/wp-json\/wp\/v2\/pages\/1333\/revisions\/8683"}],"wp:attachment":[{"href":"https:\/\/www.northhatley.org\/fr\/wp-json\/wp\/v2\/media?parent=1333"}],"curies":[{"name":"wp","href":"https:\/\/api.w.org\/{rel}","templated":true}]}}