{"id":1280,"date":"2014-06-30T18:27:21","date_gmt":"2014-06-30T18:27:21","guid":{"rendered":"http:\/\/www.northhatley.org\/?page_id=1280"},"modified":"2015-01-30T16:42:07","modified_gmt":"2015-01-30T21:42:07","slug":"pesticides-et-residus-dangereux","status":"publish","type":"page","link":"https:\/\/www.northhatley.org\/fr\/municipalite\/renseignements-generaux\/pesticides-et-residus-dangereux\/","title":{"rendered":"Pesticides et r\u00e9sidus dangereux"},"content":{"rendered":"<h1><strong>Les pesticides et r\u00e9sidus dangereux <\/strong><\/h1>\n<h3><strong>Les pesticides<\/strong><\/h3>\n<p>Afin de prot\u00e9ger l\u2019environnement et de pr\u00e9server la sant\u00e9 et la qualit\u00e9 de vie des r\u00e9sidents, la municipalit\u00e9 du Village de North Hatley a adopt\u00e9 le r\u00e8glement 2002-442 en ce qui concerne l\u2019utilisation des pesticides sur son territoire.\u00a0 L\u2019objectif du Conseil municipal \u00e9tait de respecter le \u00ab principe de pr\u00e9caution \u00bb, reconnu en droit international et confirm\u00e9 par la jurisprudence.\u00a0 Parmi les pesticides, on trouve\u00a0:<\/p>\n<ul>\n<li>Les fongicides<\/li>\n<li>Les herbicides<\/li>\n<li>Les insecticides<\/li>\n<\/ul>\n<p><strong>Avant tout \u00e9pandage \u2013 m\u00eame conforme au r\u00e8glement en vigueur \u2013 veuillez donc aviser l\u2019inspecteur en b\u00e2timent et en environnement\u00a0 de\u00a0la Municipalit\u00e9.<\/strong><\/p>\n<p><strong>Les r\u00e9sidus domestiques dangereux (RDD)<\/strong><\/p>\n<p>Deux fois par an, la Municipalit\u00e9, en collaboration avec la <a href=\"http:\/\/www.sadccoaticook.ca\/fr\/repertoires\/socio_economique\/entreprise\/regie_intermunicipale_de_gestion_des_dechets_solides\" target=\"_blank\">R\u00e9gie intermunicipale de gestion des d\u00e9chets solides de la R\u00e9gion de Coaticook<\/a> (RIDGC), organise une collecte sp\u00e9ciale de r\u00e9sidus domestiques dangereux. Vous trouverez la date exacte sur le Calendrier des collectes (PDF).<\/p>\n<p>Pour toute demande de recyclage ou r\u00e9cup\u00e9ration en dehors des p\u00e9riodes de pointe, veuillez nous contacter afin que nous puissions vous diriger vers les organismes concern\u00e9s.<\/p>\n<p>En tout temps, la Municipalit\u00e9 r\u00e9cup\u00e8re les objets suivants\u00a0:<\/p>\n<ul>\n<li>les cartouches d\u2019encre usag\u00e9es<\/li>\n<li>les t\u00e9l\u00e9phones cellulaires<\/li>\n<li>les piles<\/li>\n<\/ul>\n<p>Vous pouvez les d\u00e9poser aux bureaux de la municipalit\u00e9, au 3125, ch. Capelton.<\/p>\n<p><strong>Qu\u2019est-ce qui est consid\u00e9r\u00e9 comme un RDD?<\/strong><\/p>\n<p style=\"padding-left: 60px;\"><strong>Solvants et lubrifiants<\/strong><\/p>\n<ul style=\"padding-left: 60px;\">\n<li>L\u2019antigel<\/li>\n<li>Le d\u00e9capant pour peinture<\/li>\n<li>Le diluant \u00e0 peinture<\/li>\n<li>L\u2019essence<\/li>\n<li>L\u2019huile \u00e0 moteur us\u00e9e<\/li>\n<li>Le liquide pour r\u00e9chaud de camping<\/li>\n<li>Le mazout (huile \u00e0 chauffage)<\/li>\n<\/ul>\n<p style=\"padding-left: 60px;\"><strong>Acides <\/strong><\/p>\n<ul style=\"padding-left: 60px;\">\n<li>L\u2019acide muriatique<\/li>\n<li>Certains produits pour d\u00e9boucher les tuyaux<\/li>\n<li>Les produits antirouille et anticalcaires<\/li>\n<li>Les produits de piscine servant \u00e0 r\u00e9duire le pH<\/li>\n<li>Les produits de d\u00e9veloppement de photos<\/li>\n<\/ul>\n<p style=\"padding-left: 60px;\"><strong>Laques, teintures et vernis<\/strong><\/p>\n<ul style=\"padding-left: 60px;\">\n<li>Les produits pour rev\u00eatir le bois et le m\u00e9tal<\/li>\n<li>Les peintures au latex et \u00e0 l\u2019huile<\/li>\n<li>Les produits pour sceller les entr\u00e9es d\u2019auto<\/li>\n<\/ul>\n<p style=\"padding-left: 60px;\"><strong>Bases <\/strong><\/p>\n<ul style=\"padding-left: 60px;\">\n<li>Certains d\u00e9capants<\/li>\n<li>Certains produits pour d\u00e9boucher les tuyaux<\/li>\n<li>Les produits pour nettoyer les cuisini\u00e8res<\/li>\n<li>Les produits de piscine servant \u00e0 \u00e9lever le pH<\/li>\n<\/ul>\n<p style=\"padding-left: 60px;\"><strong>Oxydants <\/strong><\/p>\n<ul style=\"padding-left: 60px;\">\n<li>Le chlore pour piscines<\/li>\n<li>L\u2019eau de javel<\/li>\n<li>Le peroxyde<\/li>\n<\/ul>\n<p style=\"padding-left: 60px;\"><strong>A\u00e9rosols et bonbonnes<\/strong><\/p>\n<ul style=\"padding-left: 60px;\">\n<li>Les bonbonnes de propane pour camping<\/li>\n<li>Les bonbonnes de propane (20 litres)<\/li>\n<li>Les produits en a\u00e9rosol (peinture, fixatif, cr\u00e8me \u00e0 raser, etc.)<\/li>\n<\/ul>\n<p style=\"padding-left: 60px;\"><strong>Divers <\/strong><\/p>\n<ul style=\"padding-left: 60px;\">\n<li>Les ampoules \u00e9co-\u00e9nerg\u00e9tiques (en spirale)<\/li>\n<li>Les piles<\/li>\n<li>Les batteries de v\u00e9hicules et de motos<\/li>\n<li>Les pneus<\/li>\n<li>Les tubes fluorescents<\/li>\n<\/ul>\n<p>&nbsp;<\/p>\n<p>&nbsp;<\/p>\n<p>&nbsp;<\/p>\n<p>&nbsp;<\/p>\n<p>&nbsp;<\/p>\n","protected":false},"excerpt":{"rendered":"<p>Les pesticides et r\u00e9sidus dangereux Les pesticides Afin de prot\u00e9ger l\u2019environnement et de pr\u00e9server la sant\u00e9 et la qualit\u00e9 de vie des r\u00e9sidents, la municipalit\u00e9 du Village de North Hatley a adopt\u00e9 le r\u00e8glement 2002-442 en ce qui concerne l\u2019utilisation des pesticides sur son territoire.\u00a0 L\u2019objectif du Conseil municipal \u00e9tait de respecter le \u00ab principe<\/p>\n","protected":false},"author":2,"featured_media":0,"parent":1251,"menu_order":4,"comment_status":"open","ping_status":"closed","template":"","meta":{"_acf_changed":false,"footnotes":""},"class_list":["post-1280","page","type-page","status-publish","hentry"],"acf":[],"yoast_head":"<!-- This site is optimized with the Yoast SEO plugin v24.3 - https:\/\/yoast.com\/wordpress\/plugins\/seo\/ -->\n<title>Pesticides et r\u00e9sidus dangereux  - Village de North Hatley<\/title>\n<meta name=\"robots\" content=\"index, follow, max-snippet:-1, max-image-preview:large, max-video-preview:-1\" \/>\n<link rel=\"canonical\" href=\"http:\/\/www.northhatley.org\/fr\/municipalite\/renseignements-generaux\/pesticides-et-residus-dangereux\/\" \/>\n<meta property=\"og:locale\" content=\"fr_FR\" \/>\n<meta property=\"og:type\" content=\"article\" \/>\n<meta property=\"og:title\" content=\"Pesticides et r\u00e9sidus dangereux  - Village de North Hatley\" \/>\n<meta property=\"og:description\" content=\"Les pesticides et r\u00e9sidus dangereux Les pesticides Afin de prot\u00e9ger l\u2019environnement et de pr\u00e9server la sant\u00e9 et la qualit\u00e9 de vie des r\u00e9sidents, la municipalit\u00e9 du Village de North Hatley a adopt\u00e9 le r\u00e8glement 2002-442 en ce qui concerne l\u2019utilisation des pesticides sur son territoire.\u00a0 L\u2019objectif du Conseil municipal \u00e9tait de respecter le \u00ab principe\" \/>\n<meta property=\"og:url\" content=\"http:\/\/www.northhatley.org\/fr\/municipalite\/renseignements-generaux\/pesticides-et-residus-dangereux\/\" \/>\n<meta property=\"og:site_name\" content=\"Village de North Hatley\" \/>\n<meta property=\"article:modified_time\" content=\"2015-01-30T21:42:07+00:00\" \/>\n<meta name=\"twitter:label1\" content=\"Dur\u00e9e de lecture estim\u00e9e\" \/>\n\t<meta name=\"twitter:data1\" content=\"2 minutes\" \/>\n<script type=\"application\/ld+json\" class=\"yoast-schema-graph\">{\"@context\":\"https:\/\/schema.org\",\"@graph\":[{\"@type\":\"WebPage\",\"@id\":\"http:\/\/www.northhatley.org\/fr\/municipalite\/renseignements-generaux\/pesticides-et-residus-dangereux\/\",\"url\":\"http:\/\/www.northhatley.org\/fr\/municipalite\/renseignements-generaux\/pesticides-et-residus-dangereux\/\",\"name\":\"Pesticides et r\u00e9sidus dangereux - Village de North Hatley\",\"isPartOf\":{\"@id\":\"https:\/\/www.northhatley.org\/fr\/#website\"},\"datePublished\":\"2014-06-30T18:27:21+00:00\",\"dateModified\":\"2015-01-30T21:42:07+00:00\",\"breadcrumb\":{\"@id\":\"http:\/\/www.northhatley.org\/fr\/municipalite\/renseignements-generaux\/pesticides-et-residus-dangereux\/#breadcrumb\"},\"inLanguage\":\"fr-FR\",\"potentialAction\":[{\"@type\":\"ReadAction\",\"target\":[\"http:\/\/www.northhatley.org\/fr\/municipalite\/renseignements-generaux\/pesticides-et-residus-dangereux\/\"]}]},{\"@type\":\"BreadcrumbList\",\"@id\":\"http:\/\/www.northhatley.org\/fr\/municipalite\/renseignements-generaux\/pesticides-et-residus-dangereux\/#breadcrumb\",\"itemListElement\":[{\"@type\":\"ListItem\",\"position\":1,\"name\":\"Home\",\"item\":\"https:\/\/www.northhatley.org\/fr\/\"},{\"@type\":\"ListItem\",\"position\":2,\"name\":\"Mairie\",\"item\":\"http:\/\/www.northhatley.org\/fr\/municipalite\/\"},{\"@type\":\"ListItem\",\"position\":3,\"name\":\"Renseignements g\u00e9n\u00e9raux\",\"item\":\"https:\/\/www.northhatley.org\/fr\/municipalite\/renseignements-generaux\/\"},{\"@type\":\"ListItem\",\"position\":4,\"name\":\"Pesticides et r\u00e9sidus dangereux\"}]},{\"@type\":\"WebSite\",\"@id\":\"https:\/\/www.northhatley.org\/fr\/#website\",\"url\":\"https:\/\/www.northhatley.org\/fr\/\",\"name\":\"Village de North Hatley\",\"description\":\"Village of North Hatley\",\"publisher\":{\"@id\":\"https:\/\/www.northhatley.org\/fr\/#organization\"},\"potentialAction\":[{\"@type\":\"SearchAction\",\"target\":{\"@type\":\"EntryPoint\",\"urlTemplate\":\"https:\/\/www.northhatley.org\/fr\/?s={search_term_string}\"},\"query-input\":{\"@type\":\"PropertyValueSpecification\",\"valueRequired\":true,\"valueName\":\"search_term_string\"}}],\"inLanguage\":\"fr-FR\"},{\"@type\":\"Organization\",\"@id\":\"https:\/\/www.northhatley.org\/fr\/#organization\",\"name\":\"MUNICIPALIT\u00c9 DU VILLAGE DE NORTH HATLE\",\"url\":\"https:\/\/www.northhatley.org\/fr\/\",\"logo\":{\"@type\":\"ImageObject\",\"inLanguage\":\"fr-FR\",\"@id\":\"https:\/\/www.northhatley.org\/fr\/#\/schema\/logo\/image\/\",\"url\":\"https:\/\/www.northhatley.org\/wp-content\/uploads\/2016\/06\/Logo-North-Hatley.jpg\",\"contentUrl\":\"https:\/\/www.northhatley.org\/wp-content\/uploads\/2016\/06\/Logo-North-Hatley.jpg\",\"width\":127,\"height\":164,\"caption\":\"MUNICIPALIT\u00c9 DU VILLAGE DE NORTH HATLE\"},\"image\":{\"@id\":\"https:\/\/www.northhatley.org\/fr\/#\/schema\/logo\/image\/\"}}]}<\/script>\n<!-- \/ Yoast SEO plugin. -->","yoast_head_json":{"title":"Pesticides et r\u00e9sidus dangereux  - Village de North Hatley","robots":{"index":"index","follow":"follow","max-snippet":"max-snippet:-1","max-image-preview":"max-image-preview:large","max-video-preview":"max-video-preview:-1"},"canonical":"http:\/\/www.northhatley.org\/fr\/municipalite\/renseignements-generaux\/pesticides-et-residus-dangereux\/","og_locale":"fr_FR","og_type":"article","og_title":"Pesticides et r\u00e9sidus dangereux  - Village de North Hatley","og_description":"Les pesticides et r\u00e9sidus dangereux Les pesticides Afin de prot\u00e9ger l\u2019environnement et de pr\u00e9server la sant\u00e9 et la qualit\u00e9 de vie des r\u00e9sidents, la municipalit\u00e9 du Village de North Hatley a adopt\u00e9 le r\u00e8glement 2002-442 en ce qui concerne l\u2019utilisation des pesticides sur son territoire.\u00a0 L\u2019objectif du Conseil municipal \u00e9tait de respecter le \u00ab principe","og_url":"http:\/\/www.northhatley.org\/fr\/municipalite\/renseignements-generaux\/pesticides-et-residus-dangereux\/","og_site_name":"Village de North Hatley","article_modified_time":"2015-01-30T21:42:07+00:00","twitter_misc":{"Dur\u00e9e de lecture estim\u00e9e":"2 minutes"},"schema":{"@context":"https:\/\/schema.org","@graph":[{"@type":"WebPage","@id":"http:\/\/www.northhatley.org\/fr\/municipalite\/renseignements-generaux\/pesticides-et-residus-dangereux\/","url":"http:\/\/www.northhatley.org\/fr\/municipalite\/renseignements-generaux\/pesticides-et-residus-dangereux\/","name":"Pesticides et r\u00e9sidus dangereux - Village de North Hatley","isPartOf":{"@id":"https:\/\/www.northhatley.org\/fr\/#website"},"datePublished":"2014-06-30T18:27:21+00:00","dateModified":"2015-01-30T21:42:07+00:00","breadcrumb":{"@id":"http:\/\/www.northhatley.org\/fr\/municipalite\/renseignements-generaux\/pesticides-et-residus-dangereux\/#breadcrumb"},"inLanguage":"fr-FR","potentialAction":[{"@type":"ReadAction","target":["http:\/\/www.northhatley.org\/fr\/municipalite\/renseignements-generaux\/pesticides-et-residus-dangereux\/"]}]},{"@type":"BreadcrumbList","@id":"http:\/\/www.northhatley.org\/fr\/municipalite\/renseignements-generaux\/pesticides-et-residus-dangereux\/#breadcrumb","itemListElement":[{"@type":"ListItem","position":1,"name":"Home","item":"https:\/\/www.northhatley.org\/fr\/"},{"@type":"ListItem","position":2,"name":"Mairie","item":"http:\/\/www.northhatley.org\/fr\/municipalite\/"},{"@type":"ListItem","position":3,"name":"Renseignements g\u00e9n\u00e9raux","item":"https:\/\/www.northhatley.org\/fr\/municipalite\/renseignements-generaux\/"},{"@type":"ListItem","position":4,"name":"Pesticides et r\u00e9sidus dangereux"}]},{"@type":"WebSite","@id":"https:\/\/www.northhatley.org\/fr\/#website","url":"https:\/\/www.northhatley.org\/fr\/","name":"Village de North Hatley","description":"Village of North Hatley","publisher":{"@id":"https:\/\/www.northhatley.org\/fr\/#organization"},"potentialAction":[{"@type":"SearchAction","target":{"@type":"EntryPoint","urlTemplate":"https:\/\/www.northhatley.org\/fr\/?s={search_term_string}"},"query-input":{"@type":"PropertyValueSpecification","valueRequired":true,"valueName":"search_term_string"}}],"inLanguage":"fr-FR"},{"@type":"Organization","@id":"https:\/\/www.northhatley.org\/fr\/#organization","name":"MUNICIPALIT\u00c9 DU VILLAGE DE NORTH HATLE","url":"https:\/\/www.northhatley.org\/fr\/","logo":{"@type":"ImageObject","inLanguage":"fr-FR","@id":"https:\/\/www.northhatley.org\/fr\/#\/schema\/logo\/image\/","url":"https:\/\/www.northhatley.org\/wp-content\/uploads\/2016\/06\/Logo-North-Hatley.jpg","contentUrl":"https:\/\/www.northhatley.org\/wp-content\/uploads\/2016\/06\/Logo-North-Hatley.jpg","width":127,"height":164,"caption":"MUNICIPALIT\u00c9 DU VILLAGE DE NORTH HATLE"},"image":{"@id":"https:\/\/www.northhatley.org\/fr\/#\/schema\/logo\/image\/"}}]}},"_links":{"self":[{"href":"https:\/\/www.northhatley.org\/fr\/wp-json\/wp\/v2\/pages\/1280","targetHints":{"allow":["GET"]}}],"collection":[{"href":"https:\/\/www.northhatley.org\/fr\/wp-json\/wp\/v2\/pages"}],"about":[{"href":"https:\/\/www.northhatley.org\/fr\/wp-json\/wp\/v2\/types\/page"}],"author":[{"embeddable":true,"href":"https:\/\/www.northhatley.org\/fr\/wp-json\/wp\/v2\/users\/2"}],"replies":[{"embeddable":true,"href":"https:\/\/www.northhatley.org\/fr\/wp-json\/wp\/v2\/comments?post=1280"}],"version-history":[{"count":9,"href":"https:\/\/www.northhatley.org\/fr\/wp-json\/wp\/v2\/pages\/1280\/revisions"}],"predecessor-version":[{"id":3785,"href":"https:\/\/www.northhatley.org\/fr\/wp-json\/wp\/v2\/pages\/1280\/revisions\/3785"}],"up":[{"embeddable":true,"href":"https:\/\/www.northhatley.org\/fr\/wp-json\/wp\/v2\/pages\/1251"}],"wp:attachment":[{"href":"https:\/\/www.northhatley.org\/fr\/wp-json\/wp\/v2\/media?parent=1280"}],"curies":[{"name":"wp","href":"https:\/\/api.w.org\/{rel}","templated":true}]}}