{"id":1266,"date":"2014-06-30T17:42:27","date_gmt":"2014-06-30T17:42:27","guid":{"rendered":"http:\/\/www.northhatley.org\/?page_id=1266"},"modified":"2025-01-22T14:05:18","modified_gmt":"2025-01-22T19:05:18","slug":"recyclage-et-cie","status":"publish","type":"page","link":"https:\/\/www.northhatley.org\/fr\/municipalite\/renseignements-generaux\/recyclage-ordures-compost-etc\/recyclage-et-cie\/","title":{"rendered":"Bac de recyclage"},"content":{"rendered":"<h1><strong>Quoi mettre dans le bac de recyclage?<\/strong><\/h1>\n<h3><strong>Contenants et emballages<\/strong><\/h3>\n<p>\u2713 Contenant de produit d\u2019entretien m\u00e9nager<br \/>\n\u2713 Emballage, pot et contenant de produit alimentaire<br \/>\n\u2713 Bo\u00eete de carton<br \/>\n\u2713 Assiette et papier d\u2019aluminium<br \/>\n\u2713 Emballage de mets \u00e0 emporter et pr\u00e9par\u00e9<\/p>\n<p><strong>Imprim\u00e9<\/strong><\/p>\n<p>\u2713 Journal et circulaire<br \/>\n\u2713 Enveloppe<br \/>\n\u2713 Feuille de papier<br \/>\n\u2713 Cahier<\/p>\n<pre style=\"text-align: left;\"><strong><span style=\"color: #ff0000;\">NE PAS METTRE DANS LE BAC<\/span><\/strong>\n\n<em>\u2715 Pile <\/em>\n<em>\u2715 Seringue <\/em>\n<em>\u2715 Boyau d'arrosage <\/em>\n<em>\u2715 Chaise de jardin <\/em>\n<em>\u2715 Jouet <\/em>\n<em>\u2715 Casserole <\/em>\n<em>\u2715 V\u00eatement et tissu<\/em><\/pre>\n<p>&nbsp;<\/p>\n<p>&nbsp;<\/p>\n<p>&nbsp;<\/p>\n<p>&nbsp;<\/p>\n<p>&nbsp;<\/p>\n<p>&nbsp;<\/p>\n","protected":false},"excerpt":{"rendered":"<p>Quoi mettre dans le bac de recyclage? Contenants et emballages \u2713 Contenant de produit d\u2019entretien m\u00e9nager \u2713 Emballage, pot et contenant de produit alimentaire \u2713 Bo\u00eete de carton \u2713 Assiette et papier d\u2019aluminium \u2713 Emballage de mets \u00e0 emporter et pr\u00e9par\u00e9 Imprim\u00e9 \u2713 Journal et circulaire \u2713 Enveloppe \u2713 Feuille de papier \u2713 Cahier NE<\/p>\n","protected":false},"author":2,"featured_media":0,"parent":1263,"menu_order":0,"comment_status":"open","ping_status":"closed","template":"","meta":{"_acf_changed":false,"footnotes":""},"class_list":["post-1266","page","type-page","status-publish","hentry"],"acf":[],"yoast_head":"<!-- This site is optimized with the Yoast SEO plugin v24.3 - https:\/\/yoast.com\/wordpress\/plugins\/seo\/ -->\n<title>Bac de recyclage - Village de North Hatley<\/title>\n<meta name=\"robots\" content=\"index, follow, max-snippet:-1, max-image-preview:large, max-video-preview:-1\" \/>\n<link rel=\"canonical\" href=\"https:\/\/www.northhatley.org\/fr\/municipalite\/renseignements-generaux\/recyclage-ordures-compost-etc\/recyclage-et-cie\/\" \/>\n<meta property=\"og:locale\" content=\"fr_FR\" \/>\n<meta property=\"og:type\" content=\"article\" \/>\n<meta property=\"og:title\" content=\"Bac de recyclage - Village de North Hatley\" \/>\n<meta property=\"og:description\" content=\"Quoi mettre dans le bac de recyclage? Contenants et emballages \u2713 Contenant de produit d\u2019entretien m\u00e9nager \u2713 Emballage, pot et contenant de produit alimentaire \u2713 Bo\u00eete de carton \u2713 Assiette et papier d\u2019aluminium \u2713 Emballage de mets \u00e0 emporter et pr\u00e9par\u00e9 Imprim\u00e9 \u2713 Journal et circulaire \u2713 Enveloppe \u2713 Feuille de papier \u2713 Cahier NE\" \/>\n<meta property=\"og:url\" content=\"https:\/\/www.northhatley.org\/fr\/municipalite\/renseignements-generaux\/recyclage-ordures-compost-etc\/recyclage-et-cie\/\" \/>\n<meta property=\"og:site_name\" content=\"Village de North Hatley\" \/>\n<meta property=\"article:modified_time\" content=\"2025-01-22T19:05:18+00:00\" \/>\n<meta name=\"twitter:label1\" content=\"Dur\u00e9e de lecture estim\u00e9e\" \/>\n\t<meta name=\"twitter:data1\" content=\"1 minute\" \/>\n<script type=\"application\/ld+json\" class=\"yoast-schema-graph\">{\"@context\":\"https:\/\/schema.org\",\"@graph\":[{\"@type\":\"WebPage\",\"@id\":\"https:\/\/www.northhatley.org\/fr\/municipalite\/renseignements-generaux\/recyclage-ordures-compost-etc\/recyclage-et-cie\/\",\"url\":\"https:\/\/www.northhatley.org\/fr\/municipalite\/renseignements-generaux\/recyclage-ordures-compost-etc\/recyclage-et-cie\/\",\"name\":\"Bac de recyclage - Village de North Hatley\",\"isPartOf\":{\"@id\":\"http:\/\/www.northhatley.org\/en\/#website\"},\"datePublished\":\"2014-06-30T17:42:27+00:00\",\"dateModified\":\"2025-01-22T19:05:18+00:00\",\"breadcrumb\":{\"@id\":\"https:\/\/www.northhatley.org\/fr\/municipalite\/renseignements-generaux\/recyclage-ordures-compost-etc\/recyclage-et-cie\/#breadcrumb\"},\"inLanguage\":\"fr-FR\",\"potentialAction\":[{\"@type\":\"ReadAction\",\"target\":[\"https:\/\/www.northhatley.org\/fr\/municipalite\/renseignements-generaux\/recyclage-ordures-compost-etc\/recyclage-et-cie\/\"]}]},{\"@type\":\"BreadcrumbList\",\"@id\":\"https:\/\/www.northhatley.org\/fr\/municipalite\/renseignements-generaux\/recyclage-ordures-compost-etc\/recyclage-et-cie\/#breadcrumb\",\"itemListElement\":[{\"@type\":\"ListItem\",\"position\":1,\"name\":\"Home\",\"item\":\"https:\/\/www.northhatley.org\/fr\/\"},{\"@type\":\"ListItem\",\"position\":2,\"name\":\"Mairie\",\"item\":\"http:\/\/www.northhatley.org\/fr\/municipalite\/\"},{\"@type\":\"ListItem\",\"position\":3,\"name\":\"Renseignements g\u00e9n\u00e9raux\",\"item\":\"https:\/\/www.northhatley.org\/fr\/municipalite\/renseignements-generaux\/\"},{\"@type\":\"ListItem\",\"position\":4,\"name\":\"Ordures, recyclage et compost\",\"item\":\"https:\/\/www.northhatley.org\/fr\/municipalite\/renseignements-generaux\/recyclage-ordures-compost-etc\/\"},{\"@type\":\"ListItem\",\"position\":5,\"name\":\"Bac de recyclage\"}]},{\"@type\":\"WebSite\",\"@id\":\"http:\/\/www.northhatley.org\/en\/#website\",\"url\":\"http:\/\/www.northhatley.org\/en\/\",\"name\":\"Village de North Hatley\",\"description\":\"Village of North Hatley\",\"publisher\":{\"@id\":\"http:\/\/www.northhatley.org\/en\/#organization\"},\"potentialAction\":[{\"@type\":\"SearchAction\",\"target\":{\"@type\":\"EntryPoint\",\"urlTemplate\":\"http:\/\/www.northhatley.org\/en\/?s={search_term_string}\"},\"query-input\":{\"@type\":\"PropertyValueSpecification\",\"valueRequired\":true,\"valueName\":\"search_term_string\"}}],\"inLanguage\":\"fr-FR\"},{\"@type\":\"Organization\",\"@id\":\"http:\/\/www.northhatley.org\/en\/#organization\",\"name\":\"MUNICIPALIT\u00c9 DU VILLAGE DE NORTH HATLE\",\"url\":\"http:\/\/www.northhatley.org\/en\/\",\"logo\":{\"@type\":\"ImageObject\",\"inLanguage\":\"fr-FR\",\"@id\":\"http:\/\/www.northhatley.org\/en\/#\/schema\/logo\/image\/\",\"url\":\"https:\/\/www.northhatley.org\/wp-content\/uploads\/2016\/06\/Logo-North-Hatley.jpg\",\"contentUrl\":\"https:\/\/www.northhatley.org\/wp-content\/uploads\/2016\/06\/Logo-North-Hatley.jpg\",\"width\":127,\"height\":164,\"caption\":\"MUNICIPALIT\u00c9 DU VILLAGE DE NORTH HATLE\"},\"image\":{\"@id\":\"http:\/\/www.northhatley.org\/en\/#\/schema\/logo\/image\/\"}}]}<\/script>\n<!-- \/ Yoast SEO plugin. -->","yoast_head_json":{"title":"Bac de recyclage - Village de North Hatley","robots":{"index":"index","follow":"follow","max-snippet":"max-snippet:-1","max-image-preview":"max-image-preview:large","max-video-preview":"max-video-preview:-1"},"canonical":"https:\/\/www.northhatley.org\/fr\/municipalite\/renseignements-generaux\/recyclage-ordures-compost-etc\/recyclage-et-cie\/","og_locale":"fr_FR","og_type":"article","og_title":"Bac de recyclage - Village de North Hatley","og_description":"Quoi mettre dans le bac de recyclage? Contenants et emballages \u2713 Contenant de produit d\u2019entretien m\u00e9nager \u2713 Emballage, pot et contenant de produit alimentaire \u2713 Bo\u00eete de carton \u2713 Assiette et papier d\u2019aluminium \u2713 Emballage de mets \u00e0 emporter et pr\u00e9par\u00e9 Imprim\u00e9 \u2713 Journal et circulaire \u2713 Enveloppe \u2713 Feuille de papier \u2713 Cahier NE","og_url":"https:\/\/www.northhatley.org\/fr\/municipalite\/renseignements-generaux\/recyclage-ordures-compost-etc\/recyclage-et-cie\/","og_site_name":"Village de North Hatley","article_modified_time":"2025-01-22T19:05:18+00:00","twitter_misc":{"Dur\u00e9e de lecture estim\u00e9e":"1 minute"},"schema":{"@context":"https:\/\/schema.org","@graph":[{"@type":"WebPage","@id":"https:\/\/www.northhatley.org\/fr\/municipalite\/renseignements-generaux\/recyclage-ordures-compost-etc\/recyclage-et-cie\/","url":"https:\/\/www.northhatley.org\/fr\/municipalite\/renseignements-generaux\/recyclage-ordures-compost-etc\/recyclage-et-cie\/","name":"Bac de recyclage - Village de North Hatley","isPartOf":{"@id":"http:\/\/www.northhatley.org\/en\/#website"},"datePublished":"2014-06-30T17:42:27+00:00","dateModified":"2025-01-22T19:05:18+00:00","breadcrumb":{"@id":"https:\/\/www.northhatley.org\/fr\/municipalite\/renseignements-generaux\/recyclage-ordures-compost-etc\/recyclage-et-cie\/#breadcrumb"},"inLanguage":"fr-FR","potentialAction":[{"@type":"ReadAction","target":["https:\/\/www.northhatley.org\/fr\/municipalite\/renseignements-generaux\/recyclage-ordures-compost-etc\/recyclage-et-cie\/"]}]},{"@type":"BreadcrumbList","@id":"https:\/\/www.northhatley.org\/fr\/municipalite\/renseignements-generaux\/recyclage-ordures-compost-etc\/recyclage-et-cie\/#breadcrumb","itemListElement":[{"@type":"ListItem","position":1,"name":"Home","item":"https:\/\/www.northhatley.org\/fr\/"},{"@type":"ListItem","position":2,"name":"Mairie","item":"http:\/\/www.northhatley.org\/fr\/municipalite\/"},{"@type":"ListItem","position":3,"name":"Renseignements g\u00e9n\u00e9raux","item":"https:\/\/www.northhatley.org\/fr\/municipalite\/renseignements-generaux\/"},{"@type":"ListItem","position":4,"name":"Ordures, recyclage et compost","item":"https:\/\/www.northhatley.org\/fr\/municipalite\/renseignements-generaux\/recyclage-ordures-compost-etc\/"},{"@type":"ListItem","position":5,"name":"Bac de recyclage"}]},{"@type":"WebSite","@id":"http:\/\/www.northhatley.org\/en\/#website","url":"http:\/\/www.northhatley.org\/en\/","name":"Village de North Hatley","description":"Village of North Hatley","publisher":{"@id":"http:\/\/www.northhatley.org\/en\/#organization"},"potentialAction":[{"@type":"SearchAction","target":{"@type":"EntryPoint","urlTemplate":"http:\/\/www.northhatley.org\/en\/?s={search_term_string}"},"query-input":{"@type":"PropertyValueSpecification","valueRequired":true,"valueName":"search_term_string"}}],"inLanguage":"fr-FR"},{"@type":"Organization","@id":"http:\/\/www.northhatley.org\/en\/#organization","name":"MUNICIPALIT\u00c9 DU VILLAGE DE NORTH HATLE","url":"http:\/\/www.northhatley.org\/en\/","logo":{"@type":"ImageObject","inLanguage":"fr-FR","@id":"http:\/\/www.northhatley.org\/en\/#\/schema\/logo\/image\/","url":"https:\/\/www.northhatley.org\/wp-content\/uploads\/2016\/06\/Logo-North-Hatley.jpg","contentUrl":"https:\/\/www.northhatley.org\/wp-content\/uploads\/2016\/06\/Logo-North-Hatley.jpg","width":127,"height":164,"caption":"MUNICIPALIT\u00c9 DU VILLAGE DE NORTH HATLE"},"image":{"@id":"http:\/\/www.northhatley.org\/en\/#\/schema\/logo\/image\/"}}]}},"_links":{"self":[{"href":"https:\/\/www.northhatley.org\/fr\/wp-json\/wp\/v2\/pages\/1266","targetHints":{"allow":["GET"]}}],"collection":[{"href":"https:\/\/www.northhatley.org\/fr\/wp-json\/wp\/v2\/pages"}],"about":[{"href":"https:\/\/www.northhatley.org\/fr\/wp-json\/wp\/v2\/types\/page"}],"author":[{"embeddable":true,"href":"https:\/\/www.northhatley.org\/fr\/wp-json\/wp\/v2\/users\/2"}],"replies":[{"embeddable":true,"href":"https:\/\/www.northhatley.org\/fr\/wp-json\/wp\/v2\/comments?post=1266"}],"version-history":[{"count":9,"href":"https:\/\/www.northhatley.org\/fr\/wp-json\/wp\/v2\/pages\/1266\/revisions"}],"predecessor-version":[{"id":14002,"href":"https:\/\/www.northhatley.org\/fr\/wp-json\/wp\/v2\/pages\/1266\/revisions\/14002"}],"up":[{"embeddable":true,"href":"https:\/\/www.northhatley.org\/fr\/wp-json\/wp\/v2\/pages\/1263"}],"wp:attachment":[{"href":"https:\/\/www.northhatley.org\/fr\/wp-json\/wp\/v2\/media?parent=1266"}],"curies":[{"name":"wp","href":"https:\/\/api.w.org\/{rel}","templated":true}]}}