{"id":1259,"date":"2014-06-30T16:39:33","date_gmt":"2014-06-30T20:39:33","guid":{"rendered":"http:\/\/www.northhatley.org\/?page_id=1259"},"modified":"2024-03-07T08:44:06","modified_gmt":"2024-03-07T13:44:06","slug":"reglements-municipaux","status":"publish","type":"page","link":"https:\/\/www.northhatley.org\/fr\/municipalite\/renseignements-generaux\/reglements-municipaux\/","title":{"rendered":"R\u00e8glements municipaux"},"content":{"rendered":"\n<h1 class=\"wp-block-heading\"><strong>Principaux r\u00e8glements en vigueur \u00e0 North Hatley<\/strong><\/h1>\n\n\n\n<p>Nous vous invitons \u00e0 prendre connaissance des principaux r\u00e8glements appliqu\u00e9s sur le territoire de North Hatley.<\/p>\n\n\n\n<p><\/p>\n\n\n\n<p><strong>Taxes municipales<\/strong><br>En 2024, le paiement des taxes municipales s\u2019effectue en six (6) versements : le 7 mars, le 18 avril, le 30 mai, le 11 juillet, le 22 ao\u00fbt et le 3 octobre.<br>Pour consultation :<strong> <a href=\"http:\/\/www.northhatley.org\/wp-content\/uploads\/2024\/03\/2023-749-taxation-2024.pdf\">Taxation 2024<\/a><\/strong><\/p>\n\n\n\n<p><strong><strong>\u00c9thique et d\u00e9ontologie des \u00e9lus et employ\u00e9s<br><\/strong><\/strong>Pour consultation : <strong><a href=\"http:\/\/www.northhatley.org\/wp-content\/uploads\/2023\/06\/2022-643-REGLEMENT-ETHIQUE-ET-DEONTOLOGIE-ELUS.pdf\" target=\"_blank\" rel=\"noreferrer noopener\">\u00c9thique et d\u00e9ontologie des \u00e9lus municipaux<\/a><strong><br><\/strong><\/strong>Pour consultation :<strong><strong> <a href=\"http:\/\/www.northhatley.org\/wp-content\/uploads\/2021\/10\/Regl.-ethique-et-deontologie-des-empl.-municipaux.pdf\">\u00c9thique et d\u00e9ontologie des employ\u00e9s municipaux<\/a><\/strong><\/strong><\/p>\n\n\n\n<p><strong>R\u00e8glement sur l&rsquo;utilisation de l&rsquo;eau potable<br><\/strong>Le projet de r\u00e8glement 2016-589 a pour objectif de r\u00e9gir l\u2019utilisation de l\u2019eau potable en vue de pr\u00e9server la qualit\u00e9 et la quantit\u00e9 de la ressource.<br>Pour consultation : <strong><a href=\"http:\/\/www.northhatley.org\/wp-content\/uploads\/2016\/04\/R\u00e8glement-2016-589.pdf\" rel=\"\">R\u00e8glement sur l&rsquo;utilisation de l&rsquo;eau potable<\/a><\/strong><\/p>\n\n\n\n<p><strong>Num\u00e9ros d&rsquo;immeuble<br><\/strong>Il est tr\u00e8s important que votre num\u00e9ro d&rsquo;immeuble soit visible de la rue.&nbsp; Les chiffres devraient mesurer pas moins de 10 cm (4 po) afin que les services d\u2019urgence (police, ambulance, pompiers, etc.) trouvent facilement votre r\u00e9sidence rapidement en cas d\u2019urgence<strong>.<\/strong><\/p>\n\n\n\n<p><strong>Changements d\u2019adresse<br><\/strong>Il est de votre responsabilit\u00e9 d\u2019aviser la municipalit\u00e9 de tout changement d\u2019adresse.&nbsp; Les changements par t\u00e9l\u00e9phone ne sont pas accept\u00e9s : pour qu\u2019une modification soit apport\u00e9e \u00e0 votre dossier, vous devez nous faire parvenir par la poste, par t\u00e9l\u00e9copieur ou par courriel un document sign\u00e9 et dat\u00e9 indiquant vos anciennes et vos nouvelles coordonn\u00e9es.<\/p>\n\n\n\n<p><strong>Vendeurs itin\u00e9rants (porte-\u00e0-porte)<br><\/strong>La municipalit\u00e9 ne mandate aucune compagnie pour quelque service r\u00e9sidentiel que ce soit. Toute personne d\u00e9sirant offrir des services doit d\u00e9tenir un permis valide \u00e9mis par la municipalit\u00e9.&nbsp; Vous pouvez en tout temps v\u00e9rifier les dires d\u2019un vendeur aupr\u00e8s de la municipalit\u00e9&nbsp;: nous nous ferons un plaisir de vous informer sur la r\u00e9glementation en vigueur.<br>Pour consultation :&nbsp;<strong><a href=\"http:\/\/www.northhatley.org\/wp-content\/uploads\/2021\/10\/RU-2018-614-Colportage.pdf\">Colportage<\/a><\/strong><\/p>\n\n\n\n<p><strong>M\u00e9dailles pour chiens et chats<br><\/strong>Le renouvellement des permis pour les chiens et chats se fait du 15 janvier au 15 f\u00e9vrier, chaque ann\u00e9e.&nbsp; Si vous n\u2019avez pas renouvel\u00e9 le permis pour votre animal, il n\u2019est pas trop tard mais nous vous sugg\u00e9rons de contacter la SPA par t\u00e9l\u00e9phone (819 821-4727) ou <a href=\"http:\/\/www.spaestrie.qc.ca\/\" target=\"_blank\" rel=\"noopener noreferrer\">par Internet<\/a>. Des frais suppl\u00e9mentaires pourraient s\u2019appliquer. Si vous n\u2019avez plus votre animal, si vous l\u2019avez fait st\u00e9riliser ou si vous avez d\u00e9m\u00e9nag\u00e9, merci de contacter la SPA par t\u00e9l\u00e9phone (819 821-4727) ou <a href=\"http:\/\/www.spaestrie.qc.ca\/\">par Internet<\/a> afin de mettre \u00e0 jour votre dossier.<strong><br><\/strong>Pour consultation : <a href=\"http:\/\/www.northhatley.org\/wp-content\/uploads\/2023\/03\/RU-2021-630-concernant-le-controle-et-la-garde-responsable-danimaux.pdf\">R\u00e8glement sur les animaux<\/a><\/p>\n\n\n\n<p><strong>Autres<br><mark style=\"background-color: rgba(0, 0, 0, 0);\" class=\"has-inline-color has-luminous-vivid-orange-color\">*Veuillez contacter l&rsquo;inspecteur municipal avant de pr\u00e9parer votre demande de projet, afin de vous assurer que vous disposez de la derni\u00e8re version du r\u00e8glement.<\/mark><br><\/strong>Pour consultation : <a href=\"http:\/\/www.northhatley.org\/wp-content\/uploads\/2024\/03\/Projet-2024-751-relatif-a-la-Circulation.pdf\"><strong>R\u00e8glement relatif \u00e0 la circulation<\/strong><\/a><br>Pour consultation <strong>: <a href=\"http:\/\/www.northhatley.org\/wp-content\/uploads\/2023\/02\/2022-641-reglement_regissant_la_demolition_dimmeuble_a.pdf\">D\u00e9molition d&rsquo;immeubles sur le territoire\u00a0<\/a><br><\/strong>Pour consultation : <strong><a href=\"http:\/\/www.northhatley.org\/wp-content\/uploads\/2018\/04\/NH-2018-607-D\u00e9rogations-mineures-fran\u00e7ais.pdf\">D\u00e9rogations mineures<\/a><br><\/strong>Pour consultation :\u00a0<strong><a href=\"http:\/\/www.northhatley.org\/wp-content\/uploads\/2021\/10\/2003-458-Fosse-emprise-et-ponceau.pdf\">Foss\u00e9, emprise et ponceau<\/a><br><\/strong>Pour consultation : <strong><a href=\"http:\/\/www.northhatley.org\/wp-content\/uploads\/2021\/11\/2001-433-Lotissement.pdf\">R\u00e8glement de lotissement 2001-433<\/a><br><\/strong>Pour consultation <strong>:\u00a0<a href=\"http:\/\/www.northhatley.org\/wp-content\/uploads\/2021\/10\/2009-533-Matieres-residuelles.pdf\">Mati\u00e8res r\u00e9siduelles<\/a><br><\/strong>Pour consultation<strong> :\u00a0<a href=\"http:\/\/www.northhatley.org\/wp-content\/uploads\/2018\/10\/RU-2018-613-NUISANCES.pdf\" target=\"_blank\" rel=\"noopener noreferrer\">Nuisances<\/a><br><\/strong>Pour consultation :<strong>\u00a0<a href=\"http:\/\/www.northhatley.org\/wp-content\/uploads\/2018\/10\/RU-2018-612-PAIX-et-ORDRE.pdf\" target=\"_blank\" rel=\"noopener noreferrer\">Paix et ordre<\/a><br><\/strong>Pour consultation <strong>: <a href=\"http:\/\/www.northhatley.org\/wp-content\/uploads\/2017\/02\/2017-601-Moules-zebr\u00e9es.pdf\">R\u00e8glement concernant les nuisances et visant \u00e0 pr\u00e9venir l&rsquo;infestation des moules z\u00e9br\u00e9es et autres esp\u00e8ces exotiques envahissantes<\/a><br><\/strong>Pour consultation<strong> :\u00a0<a href=\"http:\/\/www.northhatley.org\/wp-content\/uploads\/2021\/10\/2001-432-ZONAGE.pdf\">R\u00e8glement zonage 2001-432\u00a0 \/ <\/a><a href=\"http:\/\/www.northhatley.org\/wp-content\/uploads\/2021\/11\/Plan-Zonage-no.-6-0798-Z.pdf\">(Plan de zonage)<\/a><br>\u00a0 \u00a0 \u00a0 \u00a0 \u00a0 \u00a0 \u00a0 \u00a0 \u00a0 \u00a0 \u00a0 \u00a0 \u00a0 \u00a0 \u00a0 \u00a0 \u00a0 \u00a0&#8211; <a href=\"http:\/\/www.northhatley.org\/wp-content\/uploads\/2023\/02\/2022-653-modifiant-le-reglement-de-zonage-2001-432.pdf\">H\u00e9bergement (2022-653)<\/a><br>\u00a0 \u00a0 \u00a0 \u00a0 \u00a0 \u00a0 \u00a0 \u00a0 \u00a0 \u00a0 \u00a0 \u00a0 \u00a0 \u00a0 \u00a0 \u00a0 \u00a0 \u00a0&#8211; <a href=\"http:\/\/www.northhatley.org\/wp-content\/uploads\/2023\/02\/2022-657-modifiant-regl-zonage-2001-432.pdf\">Unit\u00e9s de logement zone Rb-7 (2022-657)<\/a><br><\/strong>Pour consultation <strong>: <a href=\"http:\/\/www.northhatley.org\/wp-content\/uploads\/2021\/10\/RU-2018-611-Stationnement-et-gestion-des-voies-publiques.pdf\">Stationnement et gestion des voies publiques<\/a><br><\/strong>Pour consultation : <strong><a href=\"http:\/\/www.northhatley.org\/wp-content\/uploads\/2018\/10\/RU-2018-610.pdf\" target=\"_blank\" rel=\"noopener noreferrer\">Syst\u00e8me d&rsquo;alarme<\/a><br><\/strong>Pour consultation <strong>: <a href=\"http:\/\/www.northhatley.org\/wp-content\/uploads\/2021\/10\/2002-442-Utilisation-pesticides.pdf\">Utilisation pesticides et<\/a><a href=\"http:\/\/www.northhatley.org\/wp-content\/uploads\/2021\/10\/2011-559-Utilisation-des-fertilisants.pdf\">\u00a0 \/ fertilisants<\/a><br><\/strong>Pour consultation : <strong><a href=\"http:\/\/www.northhatley.org\/wp-content\/uploads\/2023\/01\/2000-424-PIIA.pdf\">R\u00e8glement PIIA 2000-424 \/<\/a> <a href=\"http:\/\/www.northhatley.org\/wp-content\/uploads\/2023\/01\/Plan-PIIA-no.-NHAM-071-U01.pdf\">(Plan PIIA)<\/a><br><\/strong>Pour consultation : <a href=\"http:\/\/www.northhatley.org\/wp-content\/uploads\/2023\/01\/2001-434-CONSTRUCTION.pdf\"><strong>R\u00e8glement de construction 2001-434<\/strong><\/a><br>Pour consultation :\u00a0<a href=\"http:\/\/www.northhatley.org\/wp-content\/uploads\/2023\/01\/2001-435-PERMIS-CERTIFICATS.pdf\"><strong>R\u00e8glement de permis et certificats 2001-435<\/strong><\/a><br>Pour consultation : <strong><a href=\"http:\/\/www.northhatley.org\/wp-content\/uploads\/2023\/01\/Plan-Zone-Inondable-A2-7.pdf\">Plan zone inondable<\/a><\/strong><\/p>\n\n\n\n<p>&nbsp;<\/p>\n\n\n\n\n\n<div class=\"wp-block-media-text alignwide is-stacked-on-mobile\"><figure class=\"wp-block-media-text__media\"><\/figure><div class=\"wp-block-media-text__content\">\n<p>&nbsp;<\/p>\n<\/div><\/div>\n\n\n\n<p>&nbsp;<\/p>\n","protected":false},"excerpt":{"rendered":"<p>Principaux r\u00e8glements en vigueur \u00e0 North Hatley Nous vous invitons \u00e0 prendre connaissance des principaux r\u00e8glements appliqu\u00e9s sur le territoire de North Hatley. Taxes municipalesEn 2024, le paiement des taxes municipales s\u2019effectue en six (6) versements : le 7 mars, le 18 avril, le 30 mai, le 11 juillet, le 22 ao\u00fbt et le 3<\/p>\n","protected":false},"author":2,"featured_media":0,"parent":1251,"menu_order":2,"comment_status":"open","ping_status":"closed","template":"","meta":{"_acf_changed":false,"footnotes":""},"class_list":["post-1259","page","type-page","status-publish","hentry"],"acf":[],"yoast_head":"<!-- This site is optimized with the Yoast SEO plugin v24.3 - https:\/\/yoast.com\/wordpress\/plugins\/seo\/ -->\n<title>R\u00e8glements municipaux - Village de North Hatley<\/title>\n<meta name=\"robots\" content=\"index, follow, max-snippet:-1, max-image-preview:large, max-video-preview:-1\" \/>\n<link rel=\"canonical\" href=\"https:\/\/www.northhatley.org\/fr\/municipalite\/renseignements-generaux\/reglements-municipaux\/\" \/>\n<meta property=\"og:locale\" content=\"fr_FR\" \/>\n<meta property=\"og:type\" content=\"article\" \/>\n<meta property=\"og:title\" content=\"R\u00e8glements municipaux - Village de North Hatley\" \/>\n<meta property=\"og:description\" content=\"Principaux r\u00e8glements en vigueur \u00e0 North Hatley Nous vous invitons \u00e0 prendre connaissance des principaux r\u00e8glements appliqu\u00e9s sur le territoire de North Hatley. Taxes municipalesEn 2024, le paiement des taxes municipales s\u2019effectue en six (6) versements : le 7 mars, le 18 avril, le 30 mai, le 11 juillet, le 22 ao\u00fbt et le 3\" \/>\n<meta property=\"og:url\" content=\"https:\/\/www.northhatley.org\/fr\/municipalite\/renseignements-generaux\/reglements-municipaux\/\" \/>\n<meta property=\"og:site_name\" content=\"Village de North Hatley\" \/>\n<meta property=\"article:modified_time\" content=\"2024-03-07T13:44:06+00:00\" \/>\n<meta name=\"twitter:label1\" content=\"Dur\u00e9e de lecture estim\u00e9e\" \/>\n\t<meta name=\"twitter:data1\" content=\"3 minutes\" \/>\n<script type=\"application\/ld+json\" class=\"yoast-schema-graph\">{\"@context\":\"https:\/\/schema.org\",\"@graph\":[{\"@type\":\"WebPage\",\"@id\":\"https:\/\/www.northhatley.org\/fr\/municipalite\/renseignements-generaux\/reglements-municipaux\/\",\"url\":\"https:\/\/www.northhatley.org\/fr\/municipalite\/renseignements-generaux\/reglements-municipaux\/\",\"name\":\"R\u00e8glements municipaux - Village de North Hatley\",\"isPartOf\":{\"@id\":\"https:\/\/www.northhatley.org\/fr\/#website\"},\"datePublished\":\"2014-06-30T20:39:33+00:00\",\"dateModified\":\"2024-03-07T13:44:06+00:00\",\"breadcrumb\":{\"@id\":\"https:\/\/www.northhatley.org\/fr\/municipalite\/renseignements-generaux\/reglements-municipaux\/#breadcrumb\"},\"inLanguage\":\"fr-FR\",\"potentialAction\":[{\"@type\":\"ReadAction\",\"target\":[\"https:\/\/www.northhatley.org\/fr\/municipalite\/renseignements-generaux\/reglements-municipaux\/\"]}]},{\"@type\":\"BreadcrumbList\",\"@id\":\"https:\/\/www.northhatley.org\/fr\/municipalite\/renseignements-generaux\/reglements-municipaux\/#breadcrumb\",\"itemListElement\":[{\"@type\":\"ListItem\",\"position\":1,\"name\":\"Home\",\"item\":\"https:\/\/www.northhatley.org\/fr\/\"},{\"@type\":\"ListItem\",\"position\":2,\"name\":\"Mairie\",\"item\":\"http:\/\/www.northhatley.org\/fr\/municipalite\/\"},{\"@type\":\"ListItem\",\"position\":3,\"name\":\"Renseignements g\u00e9n\u00e9raux\",\"item\":\"http:\/\/www.northhatley.org\/fr\/municipalite\/renseignements-generaux\/\"},{\"@type\":\"ListItem\",\"position\":4,\"name\":\"R\u00e8glements municipaux\"}]},{\"@type\":\"WebSite\",\"@id\":\"https:\/\/www.northhatley.org\/fr\/#website\",\"url\":\"https:\/\/www.northhatley.org\/fr\/\",\"name\":\"Village de North Hatley\",\"description\":\"Village of North Hatley\",\"publisher\":{\"@id\":\"https:\/\/www.northhatley.org\/fr\/#organization\"},\"potentialAction\":[{\"@type\":\"SearchAction\",\"target\":{\"@type\":\"EntryPoint\",\"urlTemplate\":\"https:\/\/www.northhatley.org\/fr\/?s={search_term_string}\"},\"query-input\":{\"@type\":\"PropertyValueSpecification\",\"valueRequired\":true,\"valueName\":\"search_term_string\"}}],\"inLanguage\":\"fr-FR\"},{\"@type\":\"Organization\",\"@id\":\"https:\/\/www.northhatley.org\/fr\/#organization\",\"name\":\"MUNICIPALIT\u00c9 DU VILLAGE DE NORTH HATLE\",\"url\":\"https:\/\/www.northhatley.org\/fr\/\",\"logo\":{\"@type\":\"ImageObject\",\"inLanguage\":\"fr-FR\",\"@id\":\"https:\/\/www.northhatley.org\/fr\/#\/schema\/logo\/image\/\",\"url\":\"https:\/\/www.northhatley.org\/wp-content\/uploads\/2016\/06\/Logo-North-Hatley.jpg\",\"contentUrl\":\"https:\/\/www.northhatley.org\/wp-content\/uploads\/2016\/06\/Logo-North-Hatley.jpg\",\"width\":127,\"height\":164,\"caption\":\"MUNICIPALIT\u00c9 DU VILLAGE DE NORTH HATLE\"},\"image\":{\"@id\":\"https:\/\/www.northhatley.org\/fr\/#\/schema\/logo\/image\/\"}}]}<\/script>\n<!-- \/ Yoast SEO plugin. -->","yoast_head_json":{"title":"R\u00e8glements municipaux - Village de North Hatley","robots":{"index":"index","follow":"follow","max-snippet":"max-snippet:-1","max-image-preview":"max-image-preview:large","max-video-preview":"max-video-preview:-1"},"canonical":"https:\/\/www.northhatley.org\/fr\/municipalite\/renseignements-generaux\/reglements-municipaux\/","og_locale":"fr_FR","og_type":"article","og_title":"R\u00e8glements municipaux - Village de North Hatley","og_description":"Principaux r\u00e8glements en vigueur \u00e0 North Hatley Nous vous invitons \u00e0 prendre connaissance des principaux r\u00e8glements appliqu\u00e9s sur le territoire de North Hatley. Taxes municipalesEn 2024, le paiement des taxes municipales s\u2019effectue en six (6) versements : le 7 mars, le 18 avril, le 30 mai, le 11 juillet, le 22 ao\u00fbt et le 3","og_url":"https:\/\/www.northhatley.org\/fr\/municipalite\/renseignements-generaux\/reglements-municipaux\/","og_site_name":"Village de North Hatley","article_modified_time":"2024-03-07T13:44:06+00:00","twitter_misc":{"Dur\u00e9e de lecture estim\u00e9e":"3 minutes"},"schema":{"@context":"https:\/\/schema.org","@graph":[{"@type":"WebPage","@id":"https:\/\/www.northhatley.org\/fr\/municipalite\/renseignements-generaux\/reglements-municipaux\/","url":"https:\/\/www.northhatley.org\/fr\/municipalite\/renseignements-generaux\/reglements-municipaux\/","name":"R\u00e8glements municipaux - Village de North Hatley","isPartOf":{"@id":"https:\/\/www.northhatley.org\/fr\/#website"},"datePublished":"2014-06-30T20:39:33+00:00","dateModified":"2024-03-07T13:44:06+00:00","breadcrumb":{"@id":"https:\/\/www.northhatley.org\/fr\/municipalite\/renseignements-generaux\/reglements-municipaux\/#breadcrumb"},"inLanguage":"fr-FR","potentialAction":[{"@type":"ReadAction","target":["https:\/\/www.northhatley.org\/fr\/municipalite\/renseignements-generaux\/reglements-municipaux\/"]}]},{"@type":"BreadcrumbList","@id":"https:\/\/www.northhatley.org\/fr\/municipalite\/renseignements-generaux\/reglements-municipaux\/#breadcrumb","itemListElement":[{"@type":"ListItem","position":1,"name":"Home","item":"https:\/\/www.northhatley.org\/fr\/"},{"@type":"ListItem","position":2,"name":"Mairie","item":"http:\/\/www.northhatley.org\/fr\/municipalite\/"},{"@type":"ListItem","position":3,"name":"Renseignements g\u00e9n\u00e9raux","item":"http:\/\/www.northhatley.org\/fr\/municipalite\/renseignements-generaux\/"},{"@type":"ListItem","position":4,"name":"R\u00e8glements municipaux"}]},{"@type":"WebSite","@id":"https:\/\/www.northhatley.org\/fr\/#website","url":"https:\/\/www.northhatley.org\/fr\/","name":"Village de North Hatley","description":"Village of North Hatley","publisher":{"@id":"https:\/\/www.northhatley.org\/fr\/#organization"},"potentialAction":[{"@type":"SearchAction","target":{"@type":"EntryPoint","urlTemplate":"https:\/\/www.northhatley.org\/fr\/?s={search_term_string}"},"query-input":{"@type":"PropertyValueSpecification","valueRequired":true,"valueName":"search_term_string"}}],"inLanguage":"fr-FR"},{"@type":"Organization","@id":"https:\/\/www.northhatley.org\/fr\/#organization","name":"MUNICIPALIT\u00c9 DU VILLAGE DE NORTH HATLE","url":"https:\/\/www.northhatley.org\/fr\/","logo":{"@type":"ImageObject","inLanguage":"fr-FR","@id":"https:\/\/www.northhatley.org\/fr\/#\/schema\/logo\/image\/","url":"https:\/\/www.northhatley.org\/wp-content\/uploads\/2016\/06\/Logo-North-Hatley.jpg","contentUrl":"https:\/\/www.northhatley.org\/wp-content\/uploads\/2016\/06\/Logo-North-Hatley.jpg","width":127,"height":164,"caption":"MUNICIPALIT\u00c9 DU VILLAGE DE NORTH HATLE"},"image":{"@id":"https:\/\/www.northhatley.org\/fr\/#\/schema\/logo\/image\/"}}]}},"_links":{"self":[{"href":"https:\/\/www.northhatley.org\/fr\/wp-json\/wp\/v2\/pages\/1259","targetHints":{"allow":["GET"]}}],"collection":[{"href":"https:\/\/www.northhatley.org\/fr\/wp-json\/wp\/v2\/pages"}],"about":[{"href":"https:\/\/www.northhatley.org\/fr\/wp-json\/wp\/v2\/types\/page"}],"author":[{"embeddable":true,"href":"https:\/\/www.northhatley.org\/fr\/wp-json\/wp\/v2\/users\/2"}],"replies":[{"embeddable":true,"href":"https:\/\/www.northhatley.org\/fr\/wp-json\/wp\/v2\/comments?post=1259"}],"version-history":[{"count":101,"href":"https:\/\/www.northhatley.org\/fr\/wp-json\/wp\/v2\/pages\/1259\/revisions"}],"predecessor-version":[{"id":13143,"href":"https:\/\/www.northhatley.org\/fr\/wp-json\/wp\/v2\/pages\/1259\/revisions\/13143"}],"up":[{"embeddable":true,"href":"https:\/\/www.northhatley.org\/fr\/wp-json\/wp\/v2\/pages\/1251"}],"wp:attachment":[{"href":"https:\/\/www.northhatley.org\/fr\/wp-json\/wp\/v2\/media?parent=1259"}],"curies":[{"name":"wp","href":"https:\/\/api.w.org\/{rel}","templated":true}]}}