{"id":1228,"date":"2023-12-01T00:00:07","date_gmt":"2023-12-01T05:00:07","guid":{"rendered":"http:\/\/www.northhatley.org\/?page_id=1228"},"modified":"2023-03-02T10:21:58","modified_gmt":"2023-03-02T15:21:58","slug":"mot-du-maire","status":"publish","type":"page","link":"https:\/\/www.northhatley.org\/fr\/municipalite\/mot-du-maire\/","title":{"rendered":"Le mot de la mairesse"},"content":{"rendered":"<div class=\"wpb-content-wrapper\"><p>[vc_row][vc_column][vc_single_image image=\u00a0\u00bb10652&Prime; img_size=\u00a0\u00bbmedium\u00a0\u00bb style=\u00a0\u00bbvc_box_rounded\u00a0\u00bb][vc_column_text]Marcella DAVIS GERRISH<br \/>\n<strong>Mairesse<\/strong>[\/vc_column_text][\/vc_column][vc_column][vc_column_text]<\/p>\n<h1>Le mot de la mairesse<\/h1>\n<p>Le temps des f\u00eates, une p\u00e9riode de l&rsquo;ann\u00e9e propice \u00e0 la r\u00e9flexion sur nos nombreux bienfaits. C&rsquo;est un moment festif o\u00f9 nous partageons des moments sp\u00e9ciaux avec notre famille, nos amis et nos proches. C&rsquo;est aussi un temps pour se rem\u00e9morer les moments irrempla\u00e7able que nous avons pu partag\u00e9 avec ceux qui ne sont plus parmi nous. Nous nous tournons vers une nouvelle ann\u00e9e pleine de promesses et de nouvelles opportunit\u00e9s.<\/p>\n<p>En cette p\u00e9riode de f\u00eates, je souhaite prendre le temps d&rsquo;offrir mes sinc\u00e8res remerciements et ma gratitude \u00e0 tous les citoyens de North Hatley pour leur engagement, leur coop\u00e9ration et leur soutien continus. Je crois que c&rsquo;est gr\u00e2ce \u00e0 cet implication continu que nous allons pouvoir r\u00e9aliser les r\u00eaves que nous avons pour notre village.<\/p>\n<p>Je tiens \u00e9galement \u00e0 exprimer ma reconnaissance au directeur g\u00e9n\u00e9ral et \u00e0 tous les membres de notre administration, ainsi qu&rsquo;au service des travaux publics pour leur d\u00e9vouement, leur engagement et leur service \u00e0 notre communaut\u00e9. Le travail que vous accomplissez tous chaque jour, en r\u00e9pondant aux besoins de nos citoyens, fait partie de ce qui peut am\u00e9liorer la qualit\u00e9 de vie et qui aide \u00e0 construire notre communaut\u00e9.<\/p>\n<p>Je f\u00e9licite tous ceux qui ont fait un effort particulier pour redonner \u00e0 notre communaut\u00e9. \u00c0 l&rsquo;approche de la nouvelle ann\u00e9e, je me r\u00e9jouis des opportunit\u00e9s nouvelles et passionnantes qui se pr\u00e9sentent \u00e0 North Hatley. Je reste d\u00e9termin\u00e9 \u00e0 raviver l&rsquo;esprit communautaire et la participation des citoyens.<\/p>\n<p>Je vous souhaite, \u00e0 vous et \u00e0 vos proches, un joyeux No\u00ebl, de joyeuses f\u00eates\u00a0 et une nouvelle ann\u00e9e pleine de bonheur, de sant\u00e9 et de succ\u00e8s.<\/p>\n<p>Marcella DAVIS GERRISH, Mairesse<\/p>\n<p>[\/vc_column_text][vc_column_text][\/vc_column_text][\/vc_column][\/vc_row]<\/p>\n<\/div>","protected":false},"excerpt":{"rendered":"<p>[vc_row][vc_column][vc_single_image image=\u00a0\u00bb10652&Prime; img_size=\u00a0\u00bbmedium\u00a0\u00bb style=\u00a0\u00bbvc_box_rounded\u00a0\u00bb][vc_column_text]Marcella DAVIS GERRISH Mairesse[\/vc_column_text][\/vc_column][vc_column][vc_column_text] Le mot de la mairesse Le temps des f\u00eates, une p\u00e9riode de l&rsquo;ann\u00e9e propice \u00e0 la r\u00e9flexion sur nos nombreux bienfaits. C&rsquo;est un moment festif o\u00f9 nous partageons des moments sp\u00e9ciaux avec notre famille, nos amis et nos proches. C&rsquo;est aussi un temps pour se rem\u00e9morer les moments<\/p>\n","protected":false},"author":2,"featured_media":0,"parent":808,"menu_order":0,"comment_status":"open","ping_status":"closed","template":"","meta":{"_acf_changed":false,"footnotes":""},"class_list":["post-1228","page","type-page","status-publish","hentry"],"acf":[],"yoast_head":"<!-- This site is optimized with the Yoast SEO plugin v24.3 - https:\/\/yoast.com\/wordpress\/plugins\/seo\/ -->\n<title>Le mot de la mairesse - Village de North Hatley<\/title>\n<meta name=\"robots\" content=\"index, follow, max-snippet:-1, max-image-preview:large, max-video-preview:-1\" \/>\n<link rel=\"canonical\" href=\"http:\/\/www.northhatley.org\/fr\/municipalite\/mot-du-maire\/\" \/>\n<meta property=\"og:locale\" content=\"fr_FR\" \/>\n<meta property=\"og:type\" content=\"article\" \/>\n<meta property=\"og:title\" content=\"Le mot de la mairesse - Village de North Hatley\" \/>\n<meta property=\"og:description\" content=\"[vc_row][vc_column][vc_single_image image=\u00a0\u00bb10652&Prime; img_size=\u00a0\u00bbmedium\u00a0\u00bb style=\u00a0\u00bbvc_box_rounded\u00a0\u00bb][vc_column_text]Marcella DAVIS GERRISH Mairesse[\/vc_column_text][\/vc_column][vc_column][vc_column_text] Le mot de la mairesse Le temps des f\u00eates, une p\u00e9riode de l&rsquo;ann\u00e9e propice \u00e0 la r\u00e9flexion sur nos nombreux bienfaits. C&rsquo;est un moment festif o\u00f9 nous partageons des moments sp\u00e9ciaux avec notre famille, nos amis et nos proches. C&rsquo;est aussi un temps pour se rem\u00e9morer les moments\" \/>\n<meta property=\"og:url\" content=\"http:\/\/www.northhatley.org\/fr\/municipalite\/mot-du-maire\/\" \/>\n<meta property=\"og:site_name\" content=\"Village de North Hatley\" \/>\n<meta property=\"article:modified_time\" content=\"2023-03-02T15:21:58+00:00\" \/>\n<meta name=\"twitter:label1\" content=\"Dur\u00e9e de lecture estim\u00e9e\" \/>\n\t<meta name=\"twitter:data1\" content=\"2 minutes\" \/>\n<script type=\"application\/ld+json\" class=\"yoast-schema-graph\">{\"@context\":\"https:\/\/schema.org\",\"@graph\":[{\"@type\":\"WebPage\",\"@id\":\"http:\/\/www.northhatley.org\/fr\/municipalite\/mot-du-maire\/\",\"url\":\"http:\/\/www.northhatley.org\/fr\/municipalite\/mot-du-maire\/\",\"name\":\"Le mot de la mairesse - Village de North Hatley\",\"isPartOf\":{\"@id\":\"http:\/\/www.northhatley.org\/en\/#website\"},\"datePublished\":\"2023-12-01T05:00:07+00:00\",\"dateModified\":\"2023-03-02T15:21:58+00:00\",\"breadcrumb\":{\"@id\":\"http:\/\/www.northhatley.org\/fr\/municipalite\/mot-du-maire\/#breadcrumb\"},\"inLanguage\":\"fr-FR\",\"potentialAction\":[{\"@type\":\"ReadAction\",\"target\":[\"http:\/\/www.northhatley.org\/fr\/municipalite\/mot-du-maire\/\"]}]},{\"@type\":\"BreadcrumbList\",\"@id\":\"http:\/\/www.northhatley.org\/fr\/municipalite\/mot-du-maire\/#breadcrumb\",\"itemListElement\":[{\"@type\":\"ListItem\",\"position\":1,\"name\":\"Home\",\"item\":\"https:\/\/www.northhatley.org\/fr\/\"},{\"@type\":\"ListItem\",\"position\":2,\"name\":\"Mairie\",\"item\":\"http:\/\/www.northhatley.org\/fr\/municipalite\/\"},{\"@type\":\"ListItem\",\"position\":3,\"name\":\"Le mot de la mairesse\"}]},{\"@type\":\"WebSite\",\"@id\":\"http:\/\/www.northhatley.org\/en\/#website\",\"url\":\"http:\/\/www.northhatley.org\/en\/\",\"name\":\"Village de North Hatley\",\"description\":\"Village of North Hatley\",\"publisher\":{\"@id\":\"http:\/\/www.northhatley.org\/en\/#organization\"},\"potentialAction\":[{\"@type\":\"SearchAction\",\"target\":{\"@type\":\"EntryPoint\",\"urlTemplate\":\"http:\/\/www.northhatley.org\/en\/?s={search_term_string}\"},\"query-input\":{\"@type\":\"PropertyValueSpecification\",\"valueRequired\":true,\"valueName\":\"search_term_string\"}}],\"inLanguage\":\"fr-FR\"},{\"@type\":\"Organization\",\"@id\":\"http:\/\/www.northhatley.org\/en\/#organization\",\"name\":\"MUNICIPALIT\u00c9 DU VILLAGE DE NORTH HATLE\",\"url\":\"http:\/\/www.northhatley.org\/en\/\",\"logo\":{\"@type\":\"ImageObject\",\"inLanguage\":\"fr-FR\",\"@id\":\"http:\/\/www.northhatley.org\/en\/#\/schema\/logo\/image\/\",\"url\":\"https:\/\/www.northhatley.org\/wp-content\/uploads\/2016\/06\/Logo-North-Hatley.jpg\",\"contentUrl\":\"https:\/\/www.northhatley.org\/wp-content\/uploads\/2016\/06\/Logo-North-Hatley.jpg\",\"width\":127,\"height\":164,\"caption\":\"MUNICIPALIT\u00c9 DU VILLAGE DE NORTH HATLE\"},\"image\":{\"@id\":\"http:\/\/www.northhatley.org\/en\/#\/schema\/logo\/image\/\"}}]}<\/script>\n<!-- \/ Yoast SEO plugin. -->","yoast_head_json":{"title":"Le mot de la mairesse - Village de North Hatley","robots":{"index":"index","follow":"follow","max-snippet":"max-snippet:-1","max-image-preview":"max-image-preview:large","max-video-preview":"max-video-preview:-1"},"canonical":"http:\/\/www.northhatley.org\/fr\/municipalite\/mot-du-maire\/","og_locale":"fr_FR","og_type":"article","og_title":"Le mot de la mairesse - Village de North Hatley","og_description":"[vc_row][vc_column][vc_single_image image=\u00a0\u00bb10652&Prime; img_size=\u00a0\u00bbmedium\u00a0\u00bb style=\u00a0\u00bbvc_box_rounded\u00a0\u00bb][vc_column_text]Marcella DAVIS GERRISH Mairesse[\/vc_column_text][\/vc_column][vc_column][vc_column_text] Le mot de la mairesse Le temps des f\u00eates, une p\u00e9riode de l&rsquo;ann\u00e9e propice \u00e0 la r\u00e9flexion sur nos nombreux bienfaits. C&rsquo;est un moment festif o\u00f9 nous partageons des moments sp\u00e9ciaux avec notre famille, nos amis et nos proches. C&rsquo;est aussi un temps pour se rem\u00e9morer les moments","og_url":"http:\/\/www.northhatley.org\/fr\/municipalite\/mot-du-maire\/","og_site_name":"Village de North Hatley","article_modified_time":"2023-03-02T15:21:58+00:00","twitter_misc":{"Dur\u00e9e de lecture estim\u00e9e":"2 minutes"},"schema":{"@context":"https:\/\/schema.org","@graph":[{"@type":"WebPage","@id":"http:\/\/www.northhatley.org\/fr\/municipalite\/mot-du-maire\/","url":"http:\/\/www.northhatley.org\/fr\/municipalite\/mot-du-maire\/","name":"Le mot de la mairesse - Village de North Hatley","isPartOf":{"@id":"http:\/\/www.northhatley.org\/en\/#website"},"datePublished":"2023-12-01T05:00:07+00:00","dateModified":"2023-03-02T15:21:58+00:00","breadcrumb":{"@id":"http:\/\/www.northhatley.org\/fr\/municipalite\/mot-du-maire\/#breadcrumb"},"inLanguage":"fr-FR","potentialAction":[{"@type":"ReadAction","target":["http:\/\/www.northhatley.org\/fr\/municipalite\/mot-du-maire\/"]}]},{"@type":"BreadcrumbList","@id":"http:\/\/www.northhatley.org\/fr\/municipalite\/mot-du-maire\/#breadcrumb","itemListElement":[{"@type":"ListItem","position":1,"name":"Home","item":"https:\/\/www.northhatley.org\/fr\/"},{"@type":"ListItem","position":2,"name":"Mairie","item":"http:\/\/www.northhatley.org\/fr\/municipalite\/"},{"@type":"ListItem","position":3,"name":"Le mot de la mairesse"}]},{"@type":"WebSite","@id":"http:\/\/www.northhatley.org\/en\/#website","url":"http:\/\/www.northhatley.org\/en\/","name":"Village de North Hatley","description":"Village of North Hatley","publisher":{"@id":"http:\/\/www.northhatley.org\/en\/#organization"},"potentialAction":[{"@type":"SearchAction","target":{"@type":"EntryPoint","urlTemplate":"http:\/\/www.northhatley.org\/en\/?s={search_term_string}"},"query-input":{"@type":"PropertyValueSpecification","valueRequired":true,"valueName":"search_term_string"}}],"inLanguage":"fr-FR"},{"@type":"Organization","@id":"http:\/\/www.northhatley.org\/en\/#organization","name":"MUNICIPALIT\u00c9 DU VILLAGE DE NORTH HATLE","url":"http:\/\/www.northhatley.org\/en\/","logo":{"@type":"ImageObject","inLanguage":"fr-FR","@id":"http:\/\/www.northhatley.org\/en\/#\/schema\/logo\/image\/","url":"https:\/\/www.northhatley.org\/wp-content\/uploads\/2016\/06\/Logo-North-Hatley.jpg","contentUrl":"https:\/\/www.northhatley.org\/wp-content\/uploads\/2016\/06\/Logo-North-Hatley.jpg","width":127,"height":164,"caption":"MUNICIPALIT\u00c9 DU VILLAGE DE NORTH HATLE"},"image":{"@id":"http:\/\/www.northhatley.org\/en\/#\/schema\/logo\/image\/"}}]}},"_links":{"self":[{"href":"https:\/\/www.northhatley.org\/fr\/wp-json\/wp\/v2\/pages\/1228","targetHints":{"allow":["GET"]}}],"collection":[{"href":"https:\/\/www.northhatley.org\/fr\/wp-json\/wp\/v2\/pages"}],"about":[{"href":"https:\/\/www.northhatley.org\/fr\/wp-json\/wp\/v2\/types\/page"}],"author":[{"embeddable":true,"href":"https:\/\/www.northhatley.org\/fr\/wp-json\/wp\/v2\/users\/2"}],"replies":[{"embeddable":true,"href":"https:\/\/www.northhatley.org\/fr\/wp-json\/wp\/v2\/comments?post=1228"}],"version-history":[{"count":14,"href":"https:\/\/www.northhatley.org\/fr\/wp-json\/wp\/v2\/pages\/1228\/revisions"}],"predecessor-version":[{"id":12016,"href":"https:\/\/www.northhatley.org\/fr\/wp-json\/wp\/v2\/pages\/1228\/revisions\/12016"}],"up":[{"embeddable":true,"href":"https:\/\/www.northhatley.org\/fr\/wp-json\/wp\/v2\/pages\/808"}],"wp:attachment":[{"href":"https:\/\/www.northhatley.org\/fr\/wp-json\/wp\/v2\/media?parent=1228"}],"curies":[{"name":"wp","href":"https:\/\/api.w.org\/{rel}","templated":true}]}}