{"id":10645,"date":"2021-11-25T09:30:10","date_gmt":"2021-11-25T14:30:10","guid":{"rendered":"http:\/\/www.northhatley.org\/?page_id=10645"},"modified":"2022-02-15T09:20:35","modified_gmt":"2022-02-15T14:20:35","slug":"mairesse","status":"publish","type":"page","link":"https:\/\/www.northhatley.org\/fr\/mairesse\/","title":{"rendered":"Mairesse"},"content":{"rendered":"\n<h3 class=\"has-text-align-center wp-block-heading\">CONSEIL MUNICIPAL 2021-2025<\/h3>\n\n\n\n<div class=\"wp-block-image\"><figure class=\"aligncenter size-large is-resized\"><a href=\"http:\/\/www.northhatley.org\/wp-content\/uploads\/2021\/11\/Marcella-DAVIS-GERRISH-2-scaled.jpg\"><img loading=\"lazy\" decoding=\"async\" src=\"http:\/\/www.northhatley.org\/wp-content\/uploads\/2021\/11\/Marcella-DAVIS-GERRISH-2-679x1024.jpg\" alt=\"\" class=\"wp-image-10652\" width=\"340\" height=\"512\" srcset=\"https:\/\/www.northhatley.org\/wp-content\/uploads\/2021\/11\/Marcella-DAVIS-GERRISH-2-679x1024.jpg 679w, https:\/\/www.northhatley.org\/wp-content\/uploads\/2021\/11\/Marcella-DAVIS-GERRISH-2-199x300.jpg 199w, https:\/\/www.northhatley.org\/wp-content\/uploads\/2021\/11\/Marcella-DAVIS-GERRISH-2-768x1159.jpg 768w, https:\/\/www.northhatley.org\/wp-content\/uploads\/2021\/11\/Marcella-DAVIS-GERRISH-2-1018x1536.jpg 1018w, https:\/\/www.northhatley.org\/wp-content\/uploads\/2021\/11\/Marcella-DAVIS-GERRISH-2-1358x2048.jpg 1358w, https:\/\/www.northhatley.org\/wp-content\/uploads\/2021\/11\/Marcella-DAVIS-GERRISH-2-72x108.jpg 72w, https:\/\/www.northhatley.org\/wp-content\/uploads\/2021\/11\/Marcella-DAVIS-GERRISH-2-scaled.jpg 1697w\" sizes=\"auto, (max-width: 340px) 100vw, 340px\" \/><\/a><\/figure><\/div>\n\n\n\n<h3 class=\"has-text-align-center wp-block-heading\"><strong>MARCELLA DAVIS-GERRISH<\/strong><\/h3>\n\n\n\n<h3 class=\"has-text-align-center wp-block-heading\">MAIRESSE<\/h3>\n\n\n\n<div class=\"wp-block-buttons is-content-justification-center is-layout-flex wp-block-buttons-is-layout-flex\">\n<div class=\"wp-block-button is-style-fill\"><a class=\"wp-block-button__link has-white-color has-text-color has-background\" href=\"mailto:MAIRIE@northhatley.org\" style=\"border-radius:3px;background-color:#1f6887\" target=\"_blank\" rel=\"noreferrer noopener\">Pour me rejoindre<\/a><\/div>\n<\/div>\n\n\n\n<h4 class=\"has-text-align-center wp-block-heading\">DOSSIERS \/ COMIT\u00c9S<\/h4>\n\n\n\n<p class=\"has-text-align-center has-medium-font-size\">Pr\u00e9sidente R\u00e9gie intermunicipale des eaux Massawippi (RIEM)<\/p>\n\n\n\n<p class=\"has-text-align-center has-medium-font-size\">D\u00e9l\u00e9gu\u00e9e \u00e0 la r\u00e9gie du parc r\u00e9gional Massawippi<br><br>Comit\u00e9 de Loisirs et Vie Communautaire<br><br>Comit\u00e9 des March\u00e9s Publics de North Hatley<br><br>Comit\u00e9 des \u00e9v\u00e9nements<br><br>Comit\u00e9 municipal de s\u00e9curit\u00e9 civile<br><br>Comit\u00e9 de d\u00e9veloppement socio-\u00e9conomique<br><br>Comit\u00e9 des communications<\/p>\n\n\n\n<p><\/p>\n\n\n\n<p><\/p>\n","protected":false},"excerpt":{"rendered":"<p>CONSEIL MUNICIPAL 2021-2025 MARCELLA DAVIS-GERRISH MAIRESSE DOSSIERS \/ COMIT\u00c9S Pr\u00e9sidente R\u00e9gie intermunicipale des eaux Massawippi (RIEM) D\u00e9l\u00e9gu\u00e9e \u00e0 la r\u00e9gie du parc r\u00e9gional Massawippi Comit\u00e9 de Loisirs et Vie Communautaire Comit\u00e9 des March\u00e9s Publics de North Hatley Comit\u00e9 des \u00e9v\u00e9nements Comit\u00e9 municipal de s\u00e9curit\u00e9 civile Comit\u00e9 de d\u00e9veloppement socio-\u00e9conomique Comit\u00e9 des communications<\/p>\n","protected":false},"author":4,"featured_media":0,"parent":0,"menu_order":0,"comment_status":"closed","ping_status":"closed","template":"","meta":{"_acf_changed":false,"footnotes":""},"class_list":["post-10645","page","type-page","status-publish","hentry"],"acf":[],"yoast_head":"<!-- This site is optimized with the Yoast SEO plugin v24.3 - https:\/\/yoast.com\/wordpress\/plugins\/seo\/ -->\n<title>Mairesse - Village de North Hatley<\/title>\n<meta name=\"robots\" content=\"index, follow, max-snippet:-1, max-image-preview:large, max-video-preview:-1\" \/>\n<link rel=\"canonical\" href=\"https:\/\/www.northhatley.org\/fr\/mairesse\/\" \/>\n<meta property=\"og:locale\" content=\"fr_FR\" \/>\n<meta property=\"og:type\" content=\"article\" \/>\n<meta property=\"og:title\" content=\"Mairesse - Village de North Hatley\" \/>\n<meta property=\"og:description\" content=\"CONSEIL MUNICIPAL 2021-2025 MARCELLA DAVIS-GERRISH MAIRESSE DOSSIERS \/ COMIT\u00c9S Pr\u00e9sidente R\u00e9gie intermunicipale des eaux Massawippi (RIEM) D\u00e9l\u00e9gu\u00e9e \u00e0 la r\u00e9gie du parc r\u00e9gional Massawippi Comit\u00e9 de Loisirs et Vie Communautaire Comit\u00e9 des March\u00e9s Publics de North Hatley Comit\u00e9 des \u00e9v\u00e9nements Comit\u00e9 municipal de s\u00e9curit\u00e9 civile Comit\u00e9 de d\u00e9veloppement socio-\u00e9conomique Comit\u00e9 des communications\" \/>\n<meta property=\"og:url\" content=\"https:\/\/www.northhatley.org\/fr\/mairesse\/\" \/>\n<meta property=\"og:site_name\" content=\"Village de North Hatley\" \/>\n<meta property=\"article:modified_time\" content=\"2022-02-15T14:20:35+00:00\" \/>\n<meta property=\"og:image\" content=\"http:\/\/www.northhatley.org\/wp-content\/uploads\/2021\/11\/Marcella-DAVIS-GERRISH-2-679x1024.jpg\" \/>\n<meta name=\"twitter:label1\" content=\"Dur\u00e9e de lecture estim\u00e9e\" \/>\n\t<meta name=\"twitter:data1\" content=\"1 minute\" \/>\n<script type=\"application\/ld+json\" class=\"yoast-schema-graph\">{\"@context\":\"https:\/\/schema.org\",\"@graph\":[{\"@type\":\"WebPage\",\"@id\":\"https:\/\/www.northhatley.org\/fr\/mairesse\/\",\"url\":\"https:\/\/www.northhatley.org\/fr\/mairesse\/\",\"name\":\"Mairesse - Village de North Hatley\",\"isPartOf\":{\"@id\":\"http:\/\/www.northhatley.org\/fr\/#website\"},\"primaryImageOfPage\":{\"@id\":\"https:\/\/www.northhatley.org\/fr\/mairesse\/#primaryimage\"},\"image\":{\"@id\":\"https:\/\/www.northhatley.org\/fr\/mairesse\/#primaryimage\"},\"thumbnailUrl\":\"http:\/\/www.northhatley.org\/wp-content\/uploads\/2021\/11\/Marcella-DAVIS-GERRISH-2-679x1024.jpg\",\"datePublished\":\"2021-11-25T14:30:10+00:00\",\"dateModified\":\"2022-02-15T14:20:35+00:00\",\"breadcrumb\":{\"@id\":\"https:\/\/www.northhatley.org\/fr\/mairesse\/#breadcrumb\"},\"inLanguage\":\"fr-FR\",\"potentialAction\":[{\"@type\":\"ReadAction\",\"target\":[\"https:\/\/www.northhatley.org\/fr\/mairesse\/\"]}]},{\"@type\":\"ImageObject\",\"inLanguage\":\"fr-FR\",\"@id\":\"https:\/\/www.northhatley.org\/fr\/mairesse\/#primaryimage\",\"url\":\"http:\/\/www.northhatley.org\/wp-content\/uploads\/2021\/11\/Marcella-DAVIS-GERRISH-2-679x1024.jpg\",\"contentUrl\":\"http:\/\/www.northhatley.org\/wp-content\/uploads\/2021\/11\/Marcella-DAVIS-GERRISH-2-679x1024.jpg\"},{\"@type\":\"BreadcrumbList\",\"@id\":\"https:\/\/www.northhatley.org\/fr\/mairesse\/#breadcrumb\",\"itemListElement\":[{\"@type\":\"ListItem\",\"position\":1,\"name\":\"Home\",\"item\":\"http:\/\/www.northhatley.org\/fr\/\"},{\"@type\":\"ListItem\",\"position\":2,\"name\":\"Mairesse\"}]},{\"@type\":\"WebSite\",\"@id\":\"http:\/\/www.northhatley.org\/fr\/#website\",\"url\":\"http:\/\/www.northhatley.org\/fr\/\",\"name\":\"Village de North Hatley\",\"description\":\"Village of North Hatley\",\"publisher\":{\"@id\":\"http:\/\/www.northhatley.org\/fr\/#organization\"},\"potentialAction\":[{\"@type\":\"SearchAction\",\"target\":{\"@type\":\"EntryPoint\",\"urlTemplate\":\"http:\/\/www.northhatley.org\/fr\/?s={search_term_string}\"},\"query-input\":{\"@type\":\"PropertyValueSpecification\",\"valueRequired\":true,\"valueName\":\"search_term_string\"}}],\"inLanguage\":\"fr-FR\"},{\"@type\":\"Organization\",\"@id\":\"http:\/\/www.northhatley.org\/fr\/#organization\",\"name\":\"MUNICIPALIT\u00c9 DU VILLAGE DE NORTH HATLE\",\"url\":\"http:\/\/www.northhatley.org\/fr\/\",\"logo\":{\"@type\":\"ImageObject\",\"inLanguage\":\"fr-FR\",\"@id\":\"http:\/\/www.northhatley.org\/fr\/#\/schema\/logo\/image\/\",\"url\":\"https:\/\/www.northhatley.org\/wp-content\/uploads\/2016\/06\/Logo-North-Hatley.jpg\",\"contentUrl\":\"https:\/\/www.northhatley.org\/wp-content\/uploads\/2016\/06\/Logo-North-Hatley.jpg\",\"width\":127,\"height\":164,\"caption\":\"MUNICIPALIT\u00c9 DU VILLAGE DE NORTH HATLE\"},\"image\":{\"@id\":\"http:\/\/www.northhatley.org\/fr\/#\/schema\/logo\/image\/\"}}]}<\/script>\n<!-- \/ Yoast SEO plugin. -->","yoast_head_json":{"title":"Mairesse - Village de North Hatley","robots":{"index":"index","follow":"follow","max-snippet":"max-snippet:-1","max-image-preview":"max-image-preview:large","max-video-preview":"max-video-preview:-1"},"canonical":"https:\/\/www.northhatley.org\/fr\/mairesse\/","og_locale":"fr_FR","og_type":"article","og_title":"Mairesse - Village de North Hatley","og_description":"CONSEIL MUNICIPAL 2021-2025 MARCELLA DAVIS-GERRISH MAIRESSE DOSSIERS \/ COMIT\u00c9S Pr\u00e9sidente R\u00e9gie intermunicipale des eaux Massawippi (RIEM) D\u00e9l\u00e9gu\u00e9e \u00e0 la r\u00e9gie du parc r\u00e9gional Massawippi Comit\u00e9 de Loisirs et Vie Communautaire Comit\u00e9 des March\u00e9s Publics de North Hatley Comit\u00e9 des \u00e9v\u00e9nements Comit\u00e9 municipal de s\u00e9curit\u00e9 civile Comit\u00e9 de d\u00e9veloppement socio-\u00e9conomique Comit\u00e9 des communications","og_url":"https:\/\/www.northhatley.org\/fr\/mairesse\/","og_site_name":"Village de North Hatley","article_modified_time":"2022-02-15T14:20:35+00:00","og_image":[{"url":"http:\/\/www.northhatley.org\/wp-content\/uploads\/2021\/11\/Marcella-DAVIS-GERRISH-2-679x1024.jpg","type":"","width":"","height":""}],"twitter_misc":{"Dur\u00e9e de lecture estim\u00e9e":"1 minute"},"schema":{"@context":"https:\/\/schema.org","@graph":[{"@type":"WebPage","@id":"https:\/\/www.northhatley.org\/fr\/mairesse\/","url":"https:\/\/www.northhatley.org\/fr\/mairesse\/","name":"Mairesse - Village de North Hatley","isPartOf":{"@id":"http:\/\/www.northhatley.org\/fr\/#website"},"primaryImageOfPage":{"@id":"https:\/\/www.northhatley.org\/fr\/mairesse\/#primaryimage"},"image":{"@id":"https:\/\/www.northhatley.org\/fr\/mairesse\/#primaryimage"},"thumbnailUrl":"http:\/\/www.northhatley.org\/wp-content\/uploads\/2021\/11\/Marcella-DAVIS-GERRISH-2-679x1024.jpg","datePublished":"2021-11-25T14:30:10+00:00","dateModified":"2022-02-15T14:20:35+00:00","breadcrumb":{"@id":"https:\/\/www.northhatley.org\/fr\/mairesse\/#breadcrumb"},"inLanguage":"fr-FR","potentialAction":[{"@type":"ReadAction","target":["https:\/\/www.northhatley.org\/fr\/mairesse\/"]}]},{"@type":"ImageObject","inLanguage":"fr-FR","@id":"https:\/\/www.northhatley.org\/fr\/mairesse\/#primaryimage","url":"http:\/\/www.northhatley.org\/wp-content\/uploads\/2021\/11\/Marcella-DAVIS-GERRISH-2-679x1024.jpg","contentUrl":"http:\/\/www.northhatley.org\/wp-content\/uploads\/2021\/11\/Marcella-DAVIS-GERRISH-2-679x1024.jpg"},{"@type":"BreadcrumbList","@id":"https:\/\/www.northhatley.org\/fr\/mairesse\/#breadcrumb","itemListElement":[{"@type":"ListItem","position":1,"name":"Home","item":"http:\/\/www.northhatley.org\/fr\/"},{"@type":"ListItem","position":2,"name":"Mairesse"}]},{"@type":"WebSite","@id":"http:\/\/www.northhatley.org\/fr\/#website","url":"http:\/\/www.northhatley.org\/fr\/","name":"Village de North Hatley","description":"Village of North Hatley","publisher":{"@id":"http:\/\/www.northhatley.org\/fr\/#organization"},"potentialAction":[{"@type":"SearchAction","target":{"@type":"EntryPoint","urlTemplate":"http:\/\/www.northhatley.org\/fr\/?s={search_term_string}"},"query-input":{"@type":"PropertyValueSpecification","valueRequired":true,"valueName":"search_term_string"}}],"inLanguage":"fr-FR"},{"@type":"Organization","@id":"http:\/\/www.northhatley.org\/fr\/#organization","name":"MUNICIPALIT\u00c9 DU VILLAGE DE NORTH HATLE","url":"http:\/\/www.northhatley.org\/fr\/","logo":{"@type":"ImageObject","inLanguage":"fr-FR","@id":"http:\/\/www.northhatley.org\/fr\/#\/schema\/logo\/image\/","url":"https:\/\/www.northhatley.org\/wp-content\/uploads\/2016\/06\/Logo-North-Hatley.jpg","contentUrl":"https:\/\/www.northhatley.org\/wp-content\/uploads\/2016\/06\/Logo-North-Hatley.jpg","width":127,"height":164,"caption":"MUNICIPALIT\u00c9 DU VILLAGE DE NORTH HATLE"},"image":{"@id":"http:\/\/www.northhatley.org\/fr\/#\/schema\/logo\/image\/"}}]}},"_links":{"self":[{"href":"https:\/\/www.northhatley.org\/fr\/wp-json\/wp\/v2\/pages\/10645","targetHints":{"allow":["GET"]}}],"collection":[{"href":"https:\/\/www.northhatley.org\/fr\/wp-json\/wp\/v2\/pages"}],"about":[{"href":"https:\/\/www.northhatley.org\/fr\/wp-json\/wp\/v2\/types\/page"}],"author":[{"embeddable":true,"href":"https:\/\/www.northhatley.org\/fr\/wp-json\/wp\/v2\/users\/4"}],"replies":[{"embeddable":true,"href":"https:\/\/www.northhatley.org\/fr\/wp-json\/wp\/v2\/comments?post=10645"}],"version-history":[{"count":5,"href":"https:\/\/www.northhatley.org\/fr\/wp-json\/wp\/v2\/pages\/10645\/revisions"}],"predecessor-version":[{"id":11021,"href":"https:\/\/www.northhatley.org\/fr\/wp-json\/wp\/v2\/pages\/10645\/revisions\/11021"}],"wp:attachment":[{"href":"https:\/\/www.northhatley.org\/fr\/wp-json\/wp\/v2\/media?parent=10645"}],"curies":[{"name":"wp","href":"https:\/\/api.w.org\/{rel}","templated":true}]}}