{"id":10281,"date":"2021-09-16T10:50:09","date_gmt":"2021-09-16T14:50:09","guid":{"rendered":"https:\/\/www.northhatley.org\/?page_id=10281"},"modified":"2023-01-30T13:20:21","modified_gmt":"2023-01-30T18:20:21","slug":"elections-municipales-candidats","status":"publish","type":"page","link":"https:\/\/www.northhatley.org\/fr\/municipalite\/elections\/elections-municipales-candidats\/","title":{"rendered":"\u00c9lections municipales &#8211; CANDIDATS"},"content":{"rendered":"\n<h2 class=\"wp-block-heading\">Je veux \u00eatre candidat ou candidate<\/h2>\n\n\n\n<p><\/p>\n\n\n\n<h4 class=\"wp-block-heading\">Le poste de conseiller no 3 est en \u00e9lection.<\/h4>\n\n\n\n<p>Conditions d\u2019admission<\/p>\n\n\n\n<p>Pour se pr\u00e9senter \u00e0 titre de candidat, une personne doit avoir le droit d\u2019\u00eatre inscrite sur la liste \u00e9lectorale de la municipalit\u00e9 et r\u00e9sider sur ce territoire de fa\u00e7on continue ou non depuis au moins 12 mois, le 1er septembre de l\u2019ann\u00e9e civile o\u00f9 doit avoir lieu l\u2019\u00e9lection g\u00e9n\u00e9rale ou, dans le cas d\u2019une \u00e9lection partielle, au moins 12 mois \u00e0 la date de la publication de l\u2019avis d\u2019\u00e9lection.<\/p>\n\n\n\n<p>L&rsquo;avis d&rsquo;\u00e9lection pour le poste no 3 est le 20 janvier 2023.<\/p>\n\n\n\n<h4 class=\"wp-block-heading\">Comment se porter candidat<\/h4>\n\n\n\n<p>On peut se procurer le formulaire de d\u00e9claration de candidature au bureau du pr\u00e9sident d\u2019\u00e9lection de la municipalit\u00e9 ou&nbsp;<a href=\"http:\/\/www.northhatley.org\/wp-content\/uploads\/2021\/09\/SM-29-2.pdf\" target=\"_blank\" rel=\"noopener\">en ligne<\/a>.<\/p>\n\n\n\n<ul class=\"wp-block-list\">\n<li><a href=\"http:\/\/www.northhatley.org\/wp-content\/uploads\/2017\/09\/Guide-DGE-1054-VF.pdf\">Guide &nbsp;\u00bb se porter candidat aux \u00e9lections municipales&nbsp;\u00bb<\/a><\/li>\n\n\n\n<li><a href=\"http:\/\/www.northhatley.org\/wp-content\/uploads\/2023\/01\/SM-29-2.pdf\" target=\"_blank\" rel=\"noreferrer noopener\">Formulaire en ligne<\/a><\/li>\n<\/ul>\n\n\n\n<p>Une fois la candidature d\u00e9pos\u00e9e, il y aura une rencontre d\u2019information obligatoire pour les candidats et leur agent officiel.\u00a0 La rencontre d\u2019une dur\u00e9e de 2 heures se tiendra dans la semaine du 6 ou du 13 f\u00e9vrier 2023.<\/p>\n\n\n\n<p>Document de la rencontre des candidats (\u00e0 venir)<br>PowerPoint de la rencontre (\u00e0 venir)<\/p>\n\n\n\n<h4 class=\"wp-block-heading\">Regroupement permis<\/h4>\n\n\n\n<p>Pour les municipalit\u00e9s de moins de 5 000 habitants, les candidats peuvent former des \u00e9quipes reconnues par le pr\u00e9sident d\u2019\u00e9lection.<\/p>\n\n\n\n<h4 class=\"wp-block-heading\">P\u00e9riode pour d\u00e9poser sa candidature<\/h4>\n\n\n\n<p>La p\u00e9riode pendant laquelle une personne peut d\u00e9poser sa d\u00e9claration de candidature d\u00fbment remplie, accompagn\u00e9e des documents appropri\u00e9s, au bureau du pr\u00e9sident d\u2019\u00e9lection, d\u00e9bute le 44<sup>e<\/sup>\u00a0jour (23 janvier 2023) et se termine \u00e0 16\u00a0h\u00a030 le 30<sup>e<\/sup>\u00a0jour pr\u00e9c\u00e9dant celui qui a \u00e9t\u00e9 fix\u00e9 pour le scrutin (3 f\u00e9vrier 2023).<\/p>\n\n\n\n<p>Les jours o\u00f9 il est possible de d\u00e9poser une d\u00e9claration de candidature d\u00fbment remplie est :<\/p>\n\n\n\n<p><strong>Lundi 23 JANVIER 2023 : 10h00 \u00e0 12h00, 13h00 \u00e0 16h00<\/strong><br><strong>Mardi 24 <strong>JANVIER 2023<\/strong><\/strong> <strong>:\u00a010h00 \u00e0 12h00, 13h00 \u00e0 16h00<\/strong><br><strong>Mercredi 25 <strong>JANVIER 2023<\/strong> :\u00a010h00 \u00e0 12h00, 13h00 \u00e0 16h00<\/strong><br><strong>Jeudi 26 <strong>JANVIER 2023<\/strong> :\u00a010h00 \u00e0 12h00, 13h00 \u00e0 16h00<\/strong><\/p>\n\n\n\n<p><strong>Lundi 30 <strong>JANVIER 2023<\/strong> : 10h00 \u00e0 12h00, 13h00 \u00e0 16h00<\/strong><br><strong>Mardi 31 <strong>JANVIER 2023<\/strong> :\u00a010h00 \u00e0 12h00, 13h00 \u00e0 16h00<\/strong><br><strong>Mercredi 1<sup>er<\/sup> F\u00c9VRIER 2023 :\u00a010h00 \u00e0 12h00, 13h00 \u00e0 16h00<\/strong><br><strong>Jeudi 2 F\u00c9VRIER 2023 :\u00a010h00 \u00e0 12h00, 13h00 \u00e0 16h00<\/strong><br><strong>Vendredi 3 F\u00c9VRIER 2023 : 9h00 \u00e0 16h 30<\/strong><\/p>\n\n\n\n<p><a href=\"https:\/\/www.electionsmunicipales.gouv.qc.ca\/\">SITE DU MAMH SUR LES \u00c9LECTIONS MUNICPALES<\/a><\/p>\n\n\n\n<p><a href=\"https:\/\/www.electionsmunicipales.gouv.qc.ca\/je-minforme\/conseil-municipal-et-elus\/\" target=\"_blank\" rel=\"noopener\">Page web du MAMH sur l\u2019organisation municipale<\/a><\/p>\n\n\n\n<p><a href=\"https:\/\/www.electionsmunicipales.gouv.qc.ca\/fileadmin\/publications\/elections\/guide_candidate.pdf\" target=\"_blank\" rel=\"noopener\">Guide \u00e0 l\u2019intention des personnes qui d\u00e9sirent poser leur candidature lors des \u00e9lections municipales<\/a><\/p>\n\n\n\n<h2 class=\"wp-block-heading\"><\/h2>\n","protected":false},"excerpt":{"rendered":"<p>Je veux \u00eatre candidat ou candidate Le poste de conseiller no 3 est en \u00e9lection. Conditions d\u2019admission Pour se pr\u00e9senter \u00e0 titre de candidat, une personne doit avoir le droit d\u2019\u00eatre inscrite sur la liste \u00e9lectorale de la municipalit\u00e9 et r\u00e9sider sur ce territoire de fa\u00e7on continue ou non depuis au moins 12 mois, le<\/p>\n","protected":false},"author":4,"featured_media":0,"parent":10114,"menu_order":0,"comment_status":"closed","ping_status":"open","template":"","meta":{"_acf_changed":false,"footnotes":""},"class_list":["post-10281","page","type-page","status-publish","hentry"],"acf":[],"yoast_head":"<!-- This site is optimized with the Yoast SEO plugin v24.3 - https:\/\/yoast.com\/wordpress\/plugins\/seo\/ -->\n<title>\u00c9lections municipales - CANDIDATS - Village de North Hatley<\/title>\n<meta name=\"robots\" content=\"index, follow, max-snippet:-1, max-image-preview:large, max-video-preview:-1\" \/>\n<link rel=\"canonical\" href=\"https:\/\/www.northhatley.org\/fr\/municipalite\/elections\/elections-municipales-candidats\/\" \/>\n<meta property=\"og:locale\" content=\"fr_FR\" \/>\n<meta property=\"og:type\" content=\"article\" \/>\n<meta property=\"og:title\" content=\"\u00c9lections municipales - CANDIDATS - Village de North Hatley\" \/>\n<meta property=\"og:description\" content=\"Je veux \u00eatre candidat ou candidate Le poste de conseiller no 3 est en \u00e9lection. Conditions d\u2019admission Pour se pr\u00e9senter \u00e0 titre de candidat, une personne doit avoir le droit d\u2019\u00eatre inscrite sur la liste \u00e9lectorale de la municipalit\u00e9 et r\u00e9sider sur ce territoire de fa\u00e7on continue ou non depuis au moins 12 mois, le\" \/>\n<meta property=\"og:url\" content=\"https:\/\/www.northhatley.org\/fr\/municipalite\/elections\/elections-municipales-candidats\/\" \/>\n<meta property=\"og:site_name\" content=\"Village de North Hatley\" \/>\n<meta property=\"article:modified_time\" content=\"2023-01-30T18:20:21+00:00\" \/>\n<meta name=\"twitter:label1\" content=\"Dur\u00e9e de lecture estim\u00e9e\" \/>\n\t<meta name=\"twitter:data1\" content=\"2 minutes\" \/>\n<script type=\"application\/ld+json\" class=\"yoast-schema-graph\">{\"@context\":\"https:\/\/schema.org\",\"@graph\":[{\"@type\":\"WebPage\",\"@id\":\"https:\/\/www.northhatley.org\/fr\/municipalite\/elections\/elections-municipales-candidats\/\",\"url\":\"https:\/\/www.northhatley.org\/fr\/municipalite\/elections\/elections-municipales-candidats\/\",\"name\":\"\u00c9lections municipales - CANDIDATS - Village de North Hatley\",\"isPartOf\":{\"@id\":\"https:\/\/www.northhatley.org\/en\/#website\"},\"datePublished\":\"2021-09-16T14:50:09+00:00\",\"dateModified\":\"2023-01-30T18:20:21+00:00\",\"breadcrumb\":{\"@id\":\"https:\/\/www.northhatley.org\/fr\/municipalite\/elections\/elections-municipales-candidats\/#breadcrumb\"},\"inLanguage\":\"fr-FR\",\"potentialAction\":[{\"@type\":\"ReadAction\",\"target\":[\"https:\/\/www.northhatley.org\/fr\/municipalite\/elections\/elections-municipales-candidats\/\"]}]},{\"@type\":\"BreadcrumbList\",\"@id\":\"https:\/\/www.northhatley.org\/fr\/municipalite\/elections\/elections-municipales-candidats\/#breadcrumb\",\"itemListElement\":[{\"@type\":\"ListItem\",\"position\":1,\"name\":\"Home\",\"item\":\"https:\/\/www.northhatley.org\/fr\/\"},{\"@type\":\"ListItem\",\"position\":2,\"name\":\"Mairie\",\"item\":\"https:\/\/www.northhatley.org\/fr\/municipalite\/\"},{\"@type\":\"ListItem\",\"position\":3,\"name\":\"\u00c9LECTIONS MUNICIPALES 2023\",\"item\":\"https:\/\/www.northhatley.org\/fr\/?page_id=10114\"},{\"@type\":\"ListItem\",\"position\":4,\"name\":\"\u00c9lections municipales &#8211; CANDIDATS\"}]},{\"@type\":\"WebSite\",\"@id\":\"https:\/\/www.northhatley.org\/en\/#website\",\"url\":\"https:\/\/www.northhatley.org\/en\/\",\"name\":\"Village de North Hatley\",\"description\":\"Village of North Hatley\",\"publisher\":{\"@id\":\"https:\/\/www.northhatley.org\/en\/#organization\"},\"potentialAction\":[{\"@type\":\"SearchAction\",\"target\":{\"@type\":\"EntryPoint\",\"urlTemplate\":\"https:\/\/www.northhatley.org\/en\/?s={search_term_string}\"},\"query-input\":{\"@type\":\"PropertyValueSpecification\",\"valueRequired\":true,\"valueName\":\"search_term_string\"}}],\"inLanguage\":\"fr-FR\"},{\"@type\":\"Organization\",\"@id\":\"https:\/\/www.northhatley.org\/en\/#organization\",\"name\":\"MUNICIPALIT\u00c9 DU VILLAGE DE NORTH HATLE\",\"url\":\"https:\/\/www.northhatley.org\/en\/\",\"logo\":{\"@type\":\"ImageObject\",\"inLanguage\":\"fr-FR\",\"@id\":\"https:\/\/www.northhatley.org\/en\/#\/schema\/logo\/image\/\",\"url\":\"https:\/\/www.northhatley.org\/wp-content\/uploads\/2016\/06\/Logo-North-Hatley.jpg\",\"contentUrl\":\"https:\/\/www.northhatley.org\/wp-content\/uploads\/2016\/06\/Logo-North-Hatley.jpg\",\"width\":127,\"height\":164,\"caption\":\"MUNICIPALIT\u00c9 DU VILLAGE DE NORTH HATLE\"},\"image\":{\"@id\":\"https:\/\/www.northhatley.org\/en\/#\/schema\/logo\/image\/\"}}]}<\/script>\n<!-- \/ Yoast SEO plugin. -->","yoast_head_json":{"title":"\u00c9lections municipales - CANDIDATS - Village de North Hatley","robots":{"index":"index","follow":"follow","max-snippet":"max-snippet:-1","max-image-preview":"max-image-preview:large","max-video-preview":"max-video-preview:-1"},"canonical":"https:\/\/www.northhatley.org\/fr\/municipalite\/elections\/elections-municipales-candidats\/","og_locale":"fr_FR","og_type":"article","og_title":"\u00c9lections municipales - CANDIDATS - Village de North Hatley","og_description":"Je veux \u00eatre candidat ou candidate Le poste de conseiller no 3 est en \u00e9lection. Conditions d\u2019admission Pour se pr\u00e9senter \u00e0 titre de candidat, une personne doit avoir le droit d\u2019\u00eatre inscrite sur la liste \u00e9lectorale de la municipalit\u00e9 et r\u00e9sider sur ce territoire de fa\u00e7on continue ou non depuis au moins 12 mois, le","og_url":"https:\/\/www.northhatley.org\/fr\/municipalite\/elections\/elections-municipales-candidats\/","og_site_name":"Village de North Hatley","article_modified_time":"2023-01-30T18:20:21+00:00","twitter_misc":{"Dur\u00e9e de lecture estim\u00e9e":"2 minutes"},"schema":{"@context":"https:\/\/schema.org","@graph":[{"@type":"WebPage","@id":"https:\/\/www.northhatley.org\/fr\/municipalite\/elections\/elections-municipales-candidats\/","url":"https:\/\/www.northhatley.org\/fr\/municipalite\/elections\/elections-municipales-candidats\/","name":"\u00c9lections municipales - CANDIDATS - Village de North Hatley","isPartOf":{"@id":"https:\/\/www.northhatley.org\/en\/#website"},"datePublished":"2021-09-16T14:50:09+00:00","dateModified":"2023-01-30T18:20:21+00:00","breadcrumb":{"@id":"https:\/\/www.northhatley.org\/fr\/municipalite\/elections\/elections-municipales-candidats\/#breadcrumb"},"inLanguage":"fr-FR","potentialAction":[{"@type":"ReadAction","target":["https:\/\/www.northhatley.org\/fr\/municipalite\/elections\/elections-municipales-candidats\/"]}]},{"@type":"BreadcrumbList","@id":"https:\/\/www.northhatley.org\/fr\/municipalite\/elections\/elections-municipales-candidats\/#breadcrumb","itemListElement":[{"@type":"ListItem","position":1,"name":"Home","item":"https:\/\/www.northhatley.org\/fr\/"},{"@type":"ListItem","position":2,"name":"Mairie","item":"https:\/\/www.northhatley.org\/fr\/municipalite\/"},{"@type":"ListItem","position":3,"name":"\u00c9LECTIONS MUNICIPALES 2023","item":"https:\/\/www.northhatley.org\/fr\/?page_id=10114"},{"@type":"ListItem","position":4,"name":"\u00c9lections municipales &#8211; CANDIDATS"}]},{"@type":"WebSite","@id":"https:\/\/www.northhatley.org\/en\/#website","url":"https:\/\/www.northhatley.org\/en\/","name":"Village de North Hatley","description":"Village of North Hatley","publisher":{"@id":"https:\/\/www.northhatley.org\/en\/#organization"},"potentialAction":[{"@type":"SearchAction","target":{"@type":"EntryPoint","urlTemplate":"https:\/\/www.northhatley.org\/en\/?s={search_term_string}"},"query-input":{"@type":"PropertyValueSpecification","valueRequired":true,"valueName":"search_term_string"}}],"inLanguage":"fr-FR"},{"@type":"Organization","@id":"https:\/\/www.northhatley.org\/en\/#organization","name":"MUNICIPALIT\u00c9 DU VILLAGE DE NORTH HATLE","url":"https:\/\/www.northhatley.org\/en\/","logo":{"@type":"ImageObject","inLanguage":"fr-FR","@id":"https:\/\/www.northhatley.org\/en\/#\/schema\/logo\/image\/","url":"https:\/\/www.northhatley.org\/wp-content\/uploads\/2016\/06\/Logo-North-Hatley.jpg","contentUrl":"https:\/\/www.northhatley.org\/wp-content\/uploads\/2016\/06\/Logo-North-Hatley.jpg","width":127,"height":164,"caption":"MUNICIPALIT\u00c9 DU VILLAGE DE NORTH HATLE"},"image":{"@id":"https:\/\/www.northhatley.org\/en\/#\/schema\/logo\/image\/"}}]}},"_links":{"self":[{"href":"https:\/\/www.northhatley.org\/fr\/wp-json\/wp\/v2\/pages\/10281","targetHints":{"allow":["GET"]}}],"collection":[{"href":"https:\/\/www.northhatley.org\/fr\/wp-json\/wp\/v2\/pages"}],"about":[{"href":"https:\/\/www.northhatley.org\/fr\/wp-json\/wp\/v2\/types\/page"}],"author":[{"embeddable":true,"href":"https:\/\/www.northhatley.org\/fr\/wp-json\/wp\/v2\/users\/4"}],"replies":[{"embeddable":true,"href":"https:\/\/www.northhatley.org\/fr\/wp-json\/wp\/v2\/comments?post=10281"}],"version-history":[{"count":11,"href":"https:\/\/www.northhatley.org\/fr\/wp-json\/wp\/v2\/pages\/10281\/revisions"}],"predecessor-version":[{"id":11864,"href":"https:\/\/www.northhatley.org\/fr\/wp-json\/wp\/v2\/pages\/10281\/revisions\/11864"}],"up":[{"embeddable":true,"href":"https:\/\/www.northhatley.org\/fr\/wp-json\/wp\/v2\/pages\/10114"}],"wp:attachment":[{"href":"https:\/\/www.northhatley.org\/fr\/wp-json\/wp\/v2\/media?parent=10281"}],"curies":[{"name":"wp","href":"https:\/\/api.w.org\/{rel}","templated":true}]}}