{"id":5343,"date":"2017-09-26T09:57:27","date_gmt":"2017-09-26T13:57:27","guid":{"rendered":"http:\/\/www.northhatley.org\/aines\/"},"modified":"2022-02-15T15:48:10","modified_gmt":"2022-02-15T20:48:10","slug":"aines","status":"publish","type":"page","link":"https:\/\/www.northhatley.org\/en\/aines\/","title":{"rendered":"SENIORS"},"content":{"rendered":"<div class=\"wpb-content-wrapper\"><p>[vc_row][vc_column][vc_column_text]<\/p>\n<p>The Municipality of the Village of North Hatley is currently in the process of becoming recognized as an Age Friendly Municipality. \u00a0North Hatley began the process of putting together its Age Friendly Municipality policy in the spring of 2016, thanks to the financial support of the Minist\u00e8re de la famille of the Government of Qu\u00e9bec (Secr\u00e9tariat aux a\u00een\u00e9s). \u00a0The municipality formed a project committee made up of citizens who are active within the community, a project coordinator, elected officials and administrative employees of the municipality, and a supervisor from the Carrefour Action Municipale et Famille (CAMF). \u00a0The committee set to work immediately on the process of defining what it means to be a senior in North Hatley, completed a situational assessment of the municipality with the aid of socio-demographic data and an inventory of services that are offered on its territory, identified the main priorities affecting the lives of seniors and consulted the population of North Hatley to identify seniors\u2019 needs.<\/p>\n<p>The MADA committee is made up of the following members :<\/p>\n<ul>\n<li><strong>Elizabeth Fee<\/strong>, councillor<\/li>\n<li><strong>David Wilson<\/strong>, councillor<\/li>\n<\/ul>\n<p>The committee completed the policy and action plan and North Hatley&#8217;s municipal council adopted the policy and plan on August 7th 2017.<\/p>\n<p>[\/vc_column_text][\/vc_column][vc_column][vc_separator][\/vc_column][\/vc_row][vc_row][vc_column][vc_column_text]<\/p>\n<p id=\"tw-target-text\" class=\"tw-data-text tw-ta tw-text-small\" dir=\"ltr\" style=\"text-align: center;\" data-placeholder=\"Traduction\">Click to access North Hatley\u2019s AFM Policy and Action Plan in PDF format<\/p>\n<p>[\/vc_column_text][\/vc_column][\/vc_row][vc_row][vc_column][vc_single_image image=&#8221;5345&#8243; img_size=&#8221;medium&#8221; alignment=&#8221;center&#8221; onclick=&#8221;custom_link&#8221; link=&#8221;http:\/\/www.northhatley.org\/wp-content\/uploads\/2019\/09\/61991_broch_ENG.pdf&#8221;][\/vc_column][\/vc_row]<\/p>\n<\/div>","protected":false},"excerpt":{"rendered":"<p>[vc_row][vc_column][vc_column_text] The Municipality of the Village of North Hatley is currently in the process of becoming recognized as an Age Friendly Municipality. \u00a0North Hatley began the process of putting together its Age Friendly Municipality policy in the spring of 2016, thanks to the financial support of the Minist\u00e8re de la famille of the Government of<\/p>\n","protected":false},"author":4,"featured_media":0,"parent":0,"menu_order":0,"comment_status":"closed","ping_status":"closed","template":"","meta":{"_acf_changed":false,"footnotes":""},"class_list":["post-5343","page","type-page","status-publish","hentry"],"acf":[],"yoast_head":"<!-- This site is optimized with the Yoast SEO plugin v24.3 - https:\/\/yoast.com\/wordpress\/plugins\/seo\/ -->\n<title>SENIORS - Village de North Hatley<\/title>\n<meta name=\"robots\" content=\"index, follow, max-snippet:-1, max-image-preview:large, max-video-preview:-1\" \/>\n<link rel=\"canonical\" href=\"https:\/\/www.northhatley.org\/en\/aines\/\" \/>\n<meta property=\"og:locale\" content=\"en_US\" \/>\n<meta property=\"og:type\" content=\"article\" \/>\n<meta property=\"og:title\" content=\"SENIORS - Village de North Hatley\" \/>\n<meta property=\"og:description\" content=\"[vc_row][vc_column][vc_column_text] The Municipality of the Village of North Hatley is currently in the process of becoming recognized as an Age Friendly Municipality. \u00a0North Hatley began the process of putting together its Age Friendly Municipality policy in the spring of 2016, thanks to the financial support of the Minist\u00e8re de la famille of the Government of\" \/>\n<meta property=\"og:url\" content=\"https:\/\/www.northhatley.org\/en\/aines\/\" \/>\n<meta property=\"og:site_name\" content=\"Village de North Hatley\" \/>\n<meta property=\"article:modified_time\" content=\"2022-02-15T20:48:10+00:00\" \/>\n<meta name=\"twitter:label1\" content=\"Est. reading time\" \/>\n\t<meta name=\"twitter:data1\" content=\"1 minute\" \/>\n<script type=\"application\/ld+json\" class=\"yoast-schema-graph\">{\"@context\":\"https:\/\/schema.org\",\"@graph\":[{\"@type\":\"WebPage\",\"@id\":\"https:\/\/www.northhatley.org\/en\/aines\/\",\"url\":\"https:\/\/www.northhatley.org\/en\/aines\/\",\"name\":\"SENIORS - Village de North Hatley\",\"isPartOf\":{\"@id\":\"http:\/\/www.northhatley.org\/en\/#website\"},\"datePublished\":\"2017-09-26T13:57:27+00:00\",\"dateModified\":\"2022-02-15T20:48:10+00:00\",\"breadcrumb\":{\"@id\":\"https:\/\/www.northhatley.org\/en\/aines\/#breadcrumb\"},\"inLanguage\":\"en-US\",\"potentialAction\":[{\"@type\":\"ReadAction\",\"target\":[\"https:\/\/www.northhatley.org\/en\/aines\/\"]}]},{\"@type\":\"BreadcrumbList\",\"@id\":\"https:\/\/www.northhatley.org\/en\/aines\/#breadcrumb\",\"itemListElement\":[{\"@type\":\"ListItem\",\"position\":1,\"name\":\"Home\",\"item\":\"http:\/\/www.northhatley.org\/en\/\"},{\"@type\":\"ListItem\",\"position\":2,\"name\":\"SENIORS\"}]},{\"@type\":\"WebSite\",\"@id\":\"http:\/\/www.northhatley.org\/en\/#website\",\"url\":\"http:\/\/www.northhatley.org\/en\/\",\"name\":\"Village de North Hatley\",\"description\":\"Village of North Hatley\",\"publisher\":{\"@id\":\"http:\/\/www.northhatley.org\/en\/#organization\"},\"potentialAction\":[{\"@type\":\"SearchAction\",\"target\":{\"@type\":\"EntryPoint\",\"urlTemplate\":\"http:\/\/www.northhatley.org\/en\/?s={search_term_string}\"},\"query-input\":{\"@type\":\"PropertyValueSpecification\",\"valueRequired\":true,\"valueName\":\"search_term_string\"}}],\"inLanguage\":\"en-US\"},{\"@type\":\"Organization\",\"@id\":\"http:\/\/www.northhatley.org\/en\/#organization\",\"name\":\"MUNICIPALIT\u00c9 DU VILLAGE DE NORTH HATLE\",\"url\":\"http:\/\/www.northhatley.org\/en\/\",\"logo\":{\"@type\":\"ImageObject\",\"inLanguage\":\"en-US\",\"@id\":\"http:\/\/www.northhatley.org\/en\/#\/schema\/logo\/image\/\",\"url\":\"https:\/\/www.northhatley.org\/wp-content\/uploads\/2016\/06\/Logo-North-Hatley.jpg\",\"contentUrl\":\"https:\/\/www.northhatley.org\/wp-content\/uploads\/2016\/06\/Logo-North-Hatley.jpg\",\"width\":127,\"height\":164,\"caption\":\"MUNICIPALIT\u00c9 DU VILLAGE DE NORTH HATLE\"},\"image\":{\"@id\":\"http:\/\/www.northhatley.org\/en\/#\/schema\/logo\/image\/\"}}]}<\/script>\n<!-- \/ Yoast SEO plugin. -->","yoast_head_json":{"title":"SENIORS - Village de North Hatley","robots":{"index":"index","follow":"follow","max-snippet":"max-snippet:-1","max-image-preview":"max-image-preview:large","max-video-preview":"max-video-preview:-1"},"canonical":"https:\/\/www.northhatley.org\/en\/aines\/","og_locale":"en_US","og_type":"article","og_title":"SENIORS - Village de North Hatley","og_description":"[vc_row][vc_column][vc_column_text] The Municipality of the Village of North Hatley is currently in the process of becoming recognized as an Age Friendly Municipality. \u00a0North Hatley began the process of putting together its Age Friendly Municipality policy in the spring of 2016, thanks to the financial support of the Minist\u00e8re de la famille of the Government of","og_url":"https:\/\/www.northhatley.org\/en\/aines\/","og_site_name":"Village de North Hatley","article_modified_time":"2022-02-15T20:48:10+00:00","twitter_misc":{"Est. reading time":"1 minute"},"schema":{"@context":"https:\/\/schema.org","@graph":[{"@type":"WebPage","@id":"https:\/\/www.northhatley.org\/en\/aines\/","url":"https:\/\/www.northhatley.org\/en\/aines\/","name":"SENIORS - Village de North Hatley","isPartOf":{"@id":"http:\/\/www.northhatley.org\/en\/#website"},"datePublished":"2017-09-26T13:57:27+00:00","dateModified":"2022-02-15T20:48:10+00:00","breadcrumb":{"@id":"https:\/\/www.northhatley.org\/en\/aines\/#breadcrumb"},"inLanguage":"en-US","potentialAction":[{"@type":"ReadAction","target":["https:\/\/www.northhatley.org\/en\/aines\/"]}]},{"@type":"BreadcrumbList","@id":"https:\/\/www.northhatley.org\/en\/aines\/#breadcrumb","itemListElement":[{"@type":"ListItem","position":1,"name":"Home","item":"http:\/\/www.northhatley.org\/en\/"},{"@type":"ListItem","position":2,"name":"SENIORS"}]},{"@type":"WebSite","@id":"http:\/\/www.northhatley.org\/en\/#website","url":"http:\/\/www.northhatley.org\/en\/","name":"Village de North Hatley","description":"Village of North Hatley","publisher":{"@id":"http:\/\/www.northhatley.org\/en\/#organization"},"potentialAction":[{"@type":"SearchAction","target":{"@type":"EntryPoint","urlTemplate":"http:\/\/www.northhatley.org\/en\/?s={search_term_string}"},"query-input":{"@type":"PropertyValueSpecification","valueRequired":true,"valueName":"search_term_string"}}],"inLanguage":"en-US"},{"@type":"Organization","@id":"http:\/\/www.northhatley.org\/en\/#organization","name":"MUNICIPALIT\u00c9 DU VILLAGE DE NORTH HATLE","url":"http:\/\/www.northhatley.org\/en\/","logo":{"@type":"ImageObject","inLanguage":"en-US","@id":"http:\/\/www.northhatley.org\/en\/#\/schema\/logo\/image\/","url":"https:\/\/www.northhatley.org\/wp-content\/uploads\/2016\/06\/Logo-North-Hatley.jpg","contentUrl":"https:\/\/www.northhatley.org\/wp-content\/uploads\/2016\/06\/Logo-North-Hatley.jpg","width":127,"height":164,"caption":"MUNICIPALIT\u00c9 DU VILLAGE DE NORTH HATLE"},"image":{"@id":"http:\/\/www.northhatley.org\/en\/#\/schema\/logo\/image\/"}}]}},"_links":{"self":[{"href":"https:\/\/www.northhatley.org\/en\/wp-json\/wp\/v2\/pages\/5343","targetHints":{"allow":["GET"]}}],"collection":[{"href":"https:\/\/www.northhatley.org\/en\/wp-json\/wp\/v2\/pages"}],"about":[{"href":"https:\/\/www.northhatley.org\/en\/wp-json\/wp\/v2\/types\/page"}],"author":[{"embeddable":true,"href":"https:\/\/www.northhatley.org\/en\/wp-json\/wp\/v2\/users\/4"}],"replies":[{"embeddable":true,"href":"https:\/\/www.northhatley.org\/en\/wp-json\/wp\/v2\/comments?post=5343"}],"version-history":[{"count":9,"href":"https:\/\/www.northhatley.org\/en\/wp-json\/wp\/v2\/pages\/5343\/revisions"}],"predecessor-version":[{"id":11070,"href":"https:\/\/www.northhatley.org\/en\/wp-json\/wp\/v2\/pages\/5343\/revisions\/11070"}],"wp:attachment":[{"href":"https:\/\/www.northhatley.org\/en\/wp-json\/wp\/v2\/media?parent=5343"}],"curies":[{"name":"wp","href":"https:\/\/api.w.org\/{rel}","templated":true}]}}