{"id":20,"date":"2013-03-11T11:20:07","date_gmt":"2013-03-11T15:20:07","guid":{"rendered":"http:\/\/localhost\/2013\/3\/vonh\/?page_id=20"},"modified":"2025-07-30T15:11:27","modified_gmt":"2025-07-30T19:11:27","slug":"administration","status":"publish","type":"page","link":"https:\/\/www.northhatley.org\/en\/municipality\/administration\/","title":{"rendered":"Municipal Administration"},"content":{"rendered":"<h2><strong>North Hatley&#8217;s Municipal Administration<\/strong><\/h2>\n<ul>\n<li>Director General and clerk-treasurer : Benoit Tremblay<\/li>\n<li>Assistant clerk-treasurer : Matthieu Simoneau<\/li>\n<li>Building\u00a0 Inspector : Mathieu Abran<\/li>\n<li>Building\u00a0 Inspector : Simon Proven\u00e7al<\/li>\n<li>Accounting Assistant : Marie-Pier Roy<\/li>\n<li>Secretary-Receptionist : Nathalie Colbert<\/li>\n<li>Public Works Coordinator : Jean-Fran\u00e7ois Sala\u00fcn<\/li>\n<li>Public Works employee : Scot Fergusson<\/li>\n<li>Public Works employee : Jonathan Par\u00e9<\/li>\n<li>Public Works employee : Scott Muth<\/li>\n<li>Public Works employee : David Jean<\/li>\n<\/ul>\n<p><strong>Offices Hours:<\/strong><br \/>\nMonday, Tuesday and Thursday : 8:00 a.m. to 12:00p.m. and from 1:00a.m. to 4:30 p.m.<br \/>\nWednesday : 8:00 a.m. to 12:00 p.m. and from 1:00 to 4:30 Closed to public<br \/>\nFriday 8:00 a.m. to 12:00 p.m.<\/p>\n<p>Telephone: 819 842-2754<br \/>\nMunicipality offices are located at 3125, ch. Capelton.<\/p>\n","protected":false},"excerpt":{"rendered":"<p>North Hatley&#8217;s Municipal Administration Director General and clerk-treasurer : Benoit Tremblay Assistant clerk-treasurer : Matthieu Simoneau Building\u00a0 Inspector : Mathieu Abran Building\u00a0 Inspector : Simon Proven\u00e7al Accounting Assistant : Marie-Pier Roy Secretary-Receptionist : Nathalie Colbert Public Works Coordinator : Jean-Fran\u00e7ois Sala\u00fcn Public Works employee : Scot Fergusson Public Works employee : Jonathan Par\u00e9 Public Works<\/p>\n","protected":false},"author":2,"featured_media":0,"parent":17,"menu_order":3,"comment_status":"open","ping_status":"closed","template":"","meta":{"_acf_changed":false,"footnotes":""},"class_list":["post-20","page","type-page","status-publish","hentry"],"acf":[],"yoast_head":"<!-- This site is optimized with the Yoast SEO plugin v24.3 - https:\/\/yoast.com\/wordpress\/plugins\/seo\/ -->\n<title>Municipal Administration - Village de North Hatley<\/title>\n<meta name=\"robots\" content=\"index, follow, max-snippet:-1, max-image-preview:large, max-video-preview:-1\" \/>\n<link rel=\"canonical\" href=\"https:\/\/www.northhatley.org\/en\/municipality\/administration\/\" \/>\n<meta property=\"og:locale\" content=\"en_US\" \/>\n<meta property=\"og:type\" content=\"article\" \/>\n<meta property=\"og:title\" content=\"Municipal Administration - Village de North Hatley\" \/>\n<meta property=\"og:description\" content=\"North Hatley&#8217;s Municipal Administration Director General and clerk-treasurer : Benoit Tremblay Assistant clerk-treasurer : Matthieu Simoneau Building\u00a0 Inspector : Mathieu Abran Building\u00a0 Inspector : Simon Proven\u00e7al Accounting Assistant : Marie-Pier Roy Secretary-Receptionist : Nathalie Colbert Public Works Coordinator : Jean-Fran\u00e7ois Sala\u00fcn Public Works employee : Scot Fergusson Public Works employee : Jonathan Par\u00e9 Public Works\" \/>\n<meta property=\"og:url\" content=\"https:\/\/www.northhatley.org\/en\/municipality\/administration\/\" \/>\n<meta property=\"og:site_name\" content=\"Village de North Hatley\" \/>\n<meta property=\"article:modified_time\" content=\"2025-07-30T19:11:27+00:00\" \/>\n<meta name=\"twitter:label1\" content=\"Est. reading time\" \/>\n\t<meta name=\"twitter:data1\" content=\"1 minute\" \/>\n<script type=\"application\/ld+json\" class=\"yoast-schema-graph\">{\"@context\":\"https:\/\/schema.org\",\"@graph\":[{\"@type\":\"WebPage\",\"@id\":\"https:\/\/www.northhatley.org\/en\/municipality\/administration\/\",\"url\":\"https:\/\/www.northhatley.org\/en\/municipality\/administration\/\",\"name\":\"Municipal Administration - Village de North Hatley\",\"isPartOf\":{\"@id\":\"http:\/\/www.northhatley.org\/en\/#website\"},\"datePublished\":\"2013-03-11T15:20:07+00:00\",\"dateModified\":\"2025-07-30T19:11:27+00:00\",\"breadcrumb\":{\"@id\":\"https:\/\/www.northhatley.org\/en\/municipality\/administration\/#breadcrumb\"},\"inLanguage\":\"en-US\",\"potentialAction\":[{\"@type\":\"ReadAction\",\"target\":[\"https:\/\/www.northhatley.org\/en\/municipality\/administration\/\"]}]},{\"@type\":\"BreadcrumbList\",\"@id\":\"https:\/\/www.northhatley.org\/en\/municipality\/administration\/#breadcrumb\",\"itemListElement\":[{\"@type\":\"ListItem\",\"position\":1,\"name\":\"Home\",\"item\":\"http:\/\/www.northhatley.org\/en\/\"},{\"@type\":\"ListItem\",\"position\":2,\"name\":\"Town Hall\",\"item\":\"http:\/\/www.northhatley.org\/en\/municipality\/\"},{\"@type\":\"ListItem\",\"position\":3,\"name\":\"Municipal Administration\"}]},{\"@type\":\"WebSite\",\"@id\":\"http:\/\/www.northhatley.org\/en\/#website\",\"url\":\"http:\/\/www.northhatley.org\/en\/\",\"name\":\"Village de North Hatley\",\"description\":\"Village of North Hatley\",\"publisher\":{\"@id\":\"http:\/\/www.northhatley.org\/en\/#organization\"},\"potentialAction\":[{\"@type\":\"SearchAction\",\"target\":{\"@type\":\"EntryPoint\",\"urlTemplate\":\"http:\/\/www.northhatley.org\/en\/?s={search_term_string}\"},\"query-input\":{\"@type\":\"PropertyValueSpecification\",\"valueRequired\":true,\"valueName\":\"search_term_string\"}}],\"inLanguage\":\"en-US\"},{\"@type\":\"Organization\",\"@id\":\"http:\/\/www.northhatley.org\/en\/#organization\",\"name\":\"MUNICIPALIT\u00c9 DU VILLAGE DE NORTH HATLE\",\"url\":\"http:\/\/www.northhatley.org\/en\/\",\"logo\":{\"@type\":\"ImageObject\",\"inLanguage\":\"en-US\",\"@id\":\"http:\/\/www.northhatley.org\/en\/#\/schema\/logo\/image\/\",\"url\":\"https:\/\/www.northhatley.org\/wp-content\/uploads\/2016\/06\/Logo-North-Hatley.jpg\",\"contentUrl\":\"https:\/\/www.northhatley.org\/wp-content\/uploads\/2016\/06\/Logo-North-Hatley.jpg\",\"width\":127,\"height\":164,\"caption\":\"MUNICIPALIT\u00c9 DU VILLAGE DE NORTH HATLE\"},\"image\":{\"@id\":\"http:\/\/www.northhatley.org\/en\/#\/schema\/logo\/image\/\"}}]}<\/script>\n<!-- \/ Yoast SEO plugin. -->","yoast_head_json":{"title":"Municipal Administration - Village de North Hatley","robots":{"index":"index","follow":"follow","max-snippet":"max-snippet:-1","max-image-preview":"max-image-preview:large","max-video-preview":"max-video-preview:-1"},"canonical":"https:\/\/www.northhatley.org\/en\/municipality\/administration\/","og_locale":"en_US","og_type":"article","og_title":"Municipal Administration - Village de North Hatley","og_description":"North Hatley&#8217;s Municipal Administration Director General and clerk-treasurer : Benoit Tremblay Assistant clerk-treasurer : Matthieu Simoneau Building\u00a0 Inspector : Mathieu Abran Building\u00a0 Inspector : Simon Proven\u00e7al Accounting Assistant : Marie-Pier Roy Secretary-Receptionist : Nathalie Colbert Public Works Coordinator : Jean-Fran\u00e7ois Sala\u00fcn Public Works employee : Scot Fergusson Public Works employee : Jonathan Par\u00e9 Public Works","og_url":"https:\/\/www.northhatley.org\/en\/municipality\/administration\/","og_site_name":"Village de North Hatley","article_modified_time":"2025-07-30T19:11:27+00:00","twitter_misc":{"Est. reading time":"1 minute"},"schema":{"@context":"https:\/\/schema.org","@graph":[{"@type":"WebPage","@id":"https:\/\/www.northhatley.org\/en\/municipality\/administration\/","url":"https:\/\/www.northhatley.org\/en\/municipality\/administration\/","name":"Municipal Administration - Village de North Hatley","isPartOf":{"@id":"http:\/\/www.northhatley.org\/en\/#website"},"datePublished":"2013-03-11T15:20:07+00:00","dateModified":"2025-07-30T19:11:27+00:00","breadcrumb":{"@id":"https:\/\/www.northhatley.org\/en\/municipality\/administration\/#breadcrumb"},"inLanguage":"en-US","potentialAction":[{"@type":"ReadAction","target":["https:\/\/www.northhatley.org\/en\/municipality\/administration\/"]}]},{"@type":"BreadcrumbList","@id":"https:\/\/www.northhatley.org\/en\/municipality\/administration\/#breadcrumb","itemListElement":[{"@type":"ListItem","position":1,"name":"Home","item":"http:\/\/www.northhatley.org\/en\/"},{"@type":"ListItem","position":2,"name":"Town Hall","item":"http:\/\/www.northhatley.org\/en\/municipality\/"},{"@type":"ListItem","position":3,"name":"Municipal Administration"}]},{"@type":"WebSite","@id":"http:\/\/www.northhatley.org\/en\/#website","url":"http:\/\/www.northhatley.org\/en\/","name":"Village de North Hatley","description":"Village of North Hatley","publisher":{"@id":"http:\/\/www.northhatley.org\/en\/#organization"},"potentialAction":[{"@type":"SearchAction","target":{"@type":"EntryPoint","urlTemplate":"http:\/\/www.northhatley.org\/en\/?s={search_term_string}"},"query-input":{"@type":"PropertyValueSpecification","valueRequired":true,"valueName":"search_term_string"}}],"inLanguage":"en-US"},{"@type":"Organization","@id":"http:\/\/www.northhatley.org\/en\/#organization","name":"MUNICIPALIT\u00c9 DU VILLAGE DE NORTH HATLE","url":"http:\/\/www.northhatley.org\/en\/","logo":{"@type":"ImageObject","inLanguage":"en-US","@id":"http:\/\/www.northhatley.org\/en\/#\/schema\/logo\/image\/","url":"https:\/\/www.northhatley.org\/wp-content\/uploads\/2016\/06\/Logo-North-Hatley.jpg","contentUrl":"https:\/\/www.northhatley.org\/wp-content\/uploads\/2016\/06\/Logo-North-Hatley.jpg","width":127,"height":164,"caption":"MUNICIPALIT\u00c9 DU VILLAGE DE NORTH HATLE"},"image":{"@id":"http:\/\/www.northhatley.org\/en\/#\/schema\/logo\/image\/"}}]}},"_links":{"self":[{"href":"https:\/\/www.northhatley.org\/en\/wp-json\/wp\/v2\/pages\/20","targetHints":{"allow":["GET"]}}],"collection":[{"href":"https:\/\/www.northhatley.org\/en\/wp-json\/wp\/v2\/pages"}],"about":[{"href":"https:\/\/www.northhatley.org\/en\/wp-json\/wp\/v2\/types\/page"}],"author":[{"embeddable":true,"href":"https:\/\/www.northhatley.org\/en\/wp-json\/wp\/v2\/users\/2"}],"replies":[{"embeddable":true,"href":"https:\/\/www.northhatley.org\/en\/wp-json\/wp\/v2\/comments?post=20"}],"version-history":[{"count":37,"href":"https:\/\/www.northhatley.org\/en\/wp-json\/wp\/v2\/pages\/20\/revisions"}],"predecessor-version":[{"id":14217,"href":"https:\/\/www.northhatley.org\/en\/wp-json\/wp\/v2\/pages\/20\/revisions\/14217"}],"up":[{"embeddable":true,"href":"https:\/\/www.northhatley.org\/en\/wp-json\/wp\/v2\/pages\/17"}],"wp:attachment":[{"href":"https:\/\/www.northhatley.org\/en\/wp-json\/wp\/v2\/media?parent=20"}],"curies":[{"name":"wp","href":"https:\/\/api.w.org\/{rel}","templated":true}]}}