{"id":1098,"date":"2014-06-26T01:34:01","date_gmt":"2014-06-26T05:34:01","guid":{"rendered":"http:\/\/www.northhatley.org\/?page_id=1098"},"modified":"2016-05-09T14:22:09","modified_gmt":"2016-05-09T18:22:09","slug":"country-inns","status":"publish","type":"page","link":"https:\/\/www.northhatley.org\/en\/tourism\/bb\/country-inns\/","title":{"rendered":"North Hatley&#8217;s Inns"},"content":{"rendered":"<h1>North Hatley&#8217;s Inns<\/h1>\n<p><a href=\"http:\/\/www.aubergelecoeurdor.com\/\" target=\"_blank\"><strong>Auberge Le C\u0153ur d&#8217;Or<\/strong><\/a><br \/>\n819 842-4363<br \/>\n85, rue School<br \/>\nNorth Hatley, Qu\u00e9bec<br \/>\nJ0B 2C0, Canada<\/p>\n<p>&nbsp;<\/p>\n<p><strong><a href=\"http:\/\/aubergelachocolatiere.com\/\">Auberge La Chocolati\u00e8re<\/a><\/strong><\/p>\n<p>819 842-4530<br \/>\n312, chemin de la Rivi\u00e8re<br \/>\nNorth Hatley, Qu\u00e9bec<br \/>\nJ0B 2C0, Canada<\/p>\n<p>&nbsp;<\/p>\n<p><a href=\"http:\/\/www.manoirhovey.com\/\" target=\"_blank\"><strong>Le Manoir Hovey<\/strong> <\/a><br \/>\ninfo@manoirhovey.com<br \/>\n819 842-2421<br \/>\nToll free: 1 800 661-2421<br \/>\n575, rue Hovey<br \/>\nNorth Hatley, Qu\u00e9bec<br \/>\nJ0B 2C0<\/p>\n<p>&nbsp;<\/p>\n<p>&nbsp;<\/p>\n<p>&nbsp;<\/p>\n<p>&nbsp;<\/p>\n<p>&nbsp;<\/p>\n<p>&nbsp;<\/p>\n","protected":false},"excerpt":{"rendered":"<p>North Hatley&#8217;s Inns Auberge Le C\u0153ur d&#8217;Or 819 842-4363 85, rue School North Hatley, Qu\u00e9bec J0B 2C0, Canada &nbsp; Auberge La Chocolati\u00e8re 819 842-4530 312, chemin de la Rivi\u00e8re North Hatley, Qu\u00e9bec J0B 2C0, Canada &nbsp; Le Manoir Hovey info@manoirhovey.com 819 842-2421 Toll free: 1 800 661-2421 575, rue Hovey North Hatley, Qu\u00e9bec J0B 2C0<\/p>\n","protected":false},"author":2,"featured_media":0,"parent":253,"menu_order":0,"comment_status":"open","ping_status":"closed","template":"","meta":{"_acf_changed":false,"footnotes":""},"class_list":["post-1098","page","type-page","status-publish","hentry"],"acf":[],"yoast_head":"<!-- This site is optimized with the Yoast SEO plugin v24.3 - https:\/\/yoast.com\/wordpress\/plugins\/seo\/ -->\n<title>North Hatley&#039;s Inns - Village de North Hatley<\/title>\n<meta name=\"robots\" content=\"index, follow, max-snippet:-1, max-image-preview:large, max-video-preview:-1\" \/>\n<link rel=\"canonical\" href=\"https:\/\/www.northhatley.org\/en\/tourism\/bb\/country-inns\/\" \/>\n<meta property=\"og:locale\" content=\"en_US\" \/>\n<meta property=\"og:type\" content=\"article\" \/>\n<meta property=\"og:title\" content=\"North Hatley&#039;s Inns - Village de North Hatley\" \/>\n<meta property=\"og:description\" content=\"North Hatley&#8217;s Inns Auberge Le C\u0153ur d&#8217;Or 819 842-4363 85, rue School North Hatley, Qu\u00e9bec J0B 2C0, Canada &nbsp; Auberge La Chocolati\u00e8re 819 842-4530 312, chemin de la Rivi\u00e8re North Hatley, Qu\u00e9bec J0B 2C0, Canada &nbsp; Le Manoir Hovey info@manoirhovey.com 819 842-2421 Toll free: 1 800 661-2421 575, rue Hovey North Hatley, Qu\u00e9bec J0B 2C0\" \/>\n<meta property=\"og:url\" content=\"https:\/\/www.northhatley.org\/en\/tourism\/bb\/country-inns\/\" \/>\n<meta property=\"og:site_name\" content=\"Village de North Hatley\" \/>\n<meta property=\"article:modified_time\" content=\"2016-05-09T18:22:09+00:00\" \/>\n<script type=\"application\/ld+json\" class=\"yoast-schema-graph\">{\"@context\":\"https:\/\/schema.org\",\"@graph\":[{\"@type\":\"WebPage\",\"@id\":\"https:\/\/www.northhatley.org\/en\/tourism\/bb\/country-inns\/\",\"url\":\"https:\/\/www.northhatley.org\/en\/tourism\/bb\/country-inns\/\",\"name\":\"North Hatley's Inns - Village de North Hatley\",\"isPartOf\":{\"@id\":\"https:\/\/www.northhatley.org\/fr\/#website\"},\"datePublished\":\"2014-06-26T05:34:01+00:00\",\"dateModified\":\"2016-05-09T18:22:09+00:00\",\"breadcrumb\":{\"@id\":\"https:\/\/www.northhatley.org\/en\/tourism\/bb\/country-inns\/#breadcrumb\"},\"inLanguage\":\"en-US\",\"potentialAction\":[{\"@type\":\"ReadAction\",\"target\":[\"https:\/\/www.northhatley.org\/en\/tourism\/bb\/country-inns\/\"]}]},{\"@type\":\"BreadcrumbList\",\"@id\":\"https:\/\/www.northhatley.org\/en\/tourism\/bb\/country-inns\/#breadcrumb\",\"itemListElement\":[{\"@type\":\"ListItem\",\"position\":1,\"name\":\"Home\",\"item\":\"https:\/\/www.northhatley.org\/en\/\"},{\"@type\":\"ListItem\",\"position\":2,\"name\":\"Visitors\",\"item\":\"http:\/\/www.northhatley.org\/en\/tourism\/\"},{\"@type\":\"ListItem\",\"position\":3,\"name\":\"Accommodation\",\"item\":\"https:\/\/www.northhatley.org\/en\/tourism\/bb\/\"},{\"@type\":\"ListItem\",\"position\":4,\"name\":\"North Hatley&#8217;s Inns\"}]},{\"@type\":\"WebSite\",\"@id\":\"https:\/\/www.northhatley.org\/fr\/#website\",\"url\":\"https:\/\/www.northhatley.org\/fr\/\",\"name\":\"Village de North Hatley\",\"description\":\"Village of North Hatley\",\"publisher\":{\"@id\":\"https:\/\/www.northhatley.org\/fr\/#organization\"},\"potentialAction\":[{\"@type\":\"SearchAction\",\"target\":{\"@type\":\"EntryPoint\",\"urlTemplate\":\"https:\/\/www.northhatley.org\/fr\/?s={search_term_string}\"},\"query-input\":{\"@type\":\"PropertyValueSpecification\",\"valueRequired\":true,\"valueName\":\"search_term_string\"}}],\"inLanguage\":\"en-US\"},{\"@type\":\"Organization\",\"@id\":\"https:\/\/www.northhatley.org\/fr\/#organization\",\"name\":\"MUNICIPALIT\u00c9 DU VILLAGE DE NORTH HATLE\",\"url\":\"https:\/\/www.northhatley.org\/fr\/\",\"logo\":{\"@type\":\"ImageObject\",\"inLanguage\":\"en-US\",\"@id\":\"https:\/\/www.northhatley.org\/fr\/#\/schema\/logo\/image\/\",\"url\":\"https:\/\/www.northhatley.org\/wp-content\/uploads\/2016\/06\/Logo-North-Hatley.jpg\",\"contentUrl\":\"https:\/\/www.northhatley.org\/wp-content\/uploads\/2016\/06\/Logo-North-Hatley.jpg\",\"width\":127,\"height\":164,\"caption\":\"MUNICIPALIT\u00c9 DU VILLAGE DE NORTH HATLE\"},\"image\":{\"@id\":\"https:\/\/www.northhatley.org\/fr\/#\/schema\/logo\/image\/\"}}]}<\/script>\n<!-- \/ Yoast SEO plugin. -->","yoast_head_json":{"title":"North Hatley's Inns - Village de North Hatley","robots":{"index":"index","follow":"follow","max-snippet":"max-snippet:-1","max-image-preview":"max-image-preview:large","max-video-preview":"max-video-preview:-1"},"canonical":"https:\/\/www.northhatley.org\/en\/tourism\/bb\/country-inns\/","og_locale":"en_US","og_type":"article","og_title":"North Hatley's Inns - Village de North Hatley","og_description":"North Hatley&#8217;s Inns Auberge Le C\u0153ur d&#8217;Or 819 842-4363 85, rue School North Hatley, Qu\u00e9bec J0B 2C0, Canada &nbsp; Auberge La Chocolati\u00e8re 819 842-4530 312, chemin de la Rivi\u00e8re North Hatley, Qu\u00e9bec J0B 2C0, Canada &nbsp; Le Manoir Hovey info@manoirhovey.com 819 842-2421 Toll free: 1 800 661-2421 575, rue Hovey North Hatley, Qu\u00e9bec J0B 2C0","og_url":"https:\/\/www.northhatley.org\/en\/tourism\/bb\/country-inns\/","og_site_name":"Village de North Hatley","article_modified_time":"2016-05-09T18:22:09+00:00","schema":{"@context":"https:\/\/schema.org","@graph":[{"@type":"WebPage","@id":"https:\/\/www.northhatley.org\/en\/tourism\/bb\/country-inns\/","url":"https:\/\/www.northhatley.org\/en\/tourism\/bb\/country-inns\/","name":"North Hatley's Inns - Village de North Hatley","isPartOf":{"@id":"https:\/\/www.northhatley.org\/fr\/#website"},"datePublished":"2014-06-26T05:34:01+00:00","dateModified":"2016-05-09T18:22:09+00:00","breadcrumb":{"@id":"https:\/\/www.northhatley.org\/en\/tourism\/bb\/country-inns\/#breadcrumb"},"inLanguage":"en-US","potentialAction":[{"@type":"ReadAction","target":["https:\/\/www.northhatley.org\/en\/tourism\/bb\/country-inns\/"]}]},{"@type":"BreadcrumbList","@id":"https:\/\/www.northhatley.org\/en\/tourism\/bb\/country-inns\/#breadcrumb","itemListElement":[{"@type":"ListItem","position":1,"name":"Home","item":"https:\/\/www.northhatley.org\/en\/"},{"@type":"ListItem","position":2,"name":"Visitors","item":"http:\/\/www.northhatley.org\/en\/tourism\/"},{"@type":"ListItem","position":3,"name":"Accommodation","item":"https:\/\/www.northhatley.org\/en\/tourism\/bb\/"},{"@type":"ListItem","position":4,"name":"North Hatley&#8217;s Inns"}]},{"@type":"WebSite","@id":"https:\/\/www.northhatley.org\/fr\/#website","url":"https:\/\/www.northhatley.org\/fr\/","name":"Village de North Hatley","description":"Village of North Hatley","publisher":{"@id":"https:\/\/www.northhatley.org\/fr\/#organization"},"potentialAction":[{"@type":"SearchAction","target":{"@type":"EntryPoint","urlTemplate":"https:\/\/www.northhatley.org\/fr\/?s={search_term_string}"},"query-input":{"@type":"PropertyValueSpecification","valueRequired":true,"valueName":"search_term_string"}}],"inLanguage":"en-US"},{"@type":"Organization","@id":"https:\/\/www.northhatley.org\/fr\/#organization","name":"MUNICIPALIT\u00c9 DU VILLAGE DE NORTH HATLE","url":"https:\/\/www.northhatley.org\/fr\/","logo":{"@type":"ImageObject","inLanguage":"en-US","@id":"https:\/\/www.northhatley.org\/fr\/#\/schema\/logo\/image\/","url":"https:\/\/www.northhatley.org\/wp-content\/uploads\/2016\/06\/Logo-North-Hatley.jpg","contentUrl":"https:\/\/www.northhatley.org\/wp-content\/uploads\/2016\/06\/Logo-North-Hatley.jpg","width":127,"height":164,"caption":"MUNICIPALIT\u00c9 DU VILLAGE DE NORTH HATLE"},"image":{"@id":"https:\/\/www.northhatley.org\/fr\/#\/schema\/logo\/image\/"}}]}},"_links":{"self":[{"href":"https:\/\/www.northhatley.org\/en\/wp-json\/wp\/v2\/pages\/1098","targetHints":{"allow":["GET"]}}],"collection":[{"href":"https:\/\/www.northhatley.org\/en\/wp-json\/wp\/v2\/pages"}],"about":[{"href":"https:\/\/www.northhatley.org\/en\/wp-json\/wp\/v2\/types\/page"}],"author":[{"embeddable":true,"href":"https:\/\/www.northhatley.org\/en\/wp-json\/wp\/v2\/users\/2"}],"replies":[{"embeddable":true,"href":"https:\/\/www.northhatley.org\/en\/wp-json\/wp\/v2\/comments?post=1098"}],"version-history":[{"count":8,"href":"https:\/\/www.northhatley.org\/en\/wp-json\/wp\/v2\/pages\/1098\/revisions"}],"predecessor-version":[{"id":4337,"href":"https:\/\/www.northhatley.org\/en\/wp-json\/wp\/v2\/pages\/1098\/revisions\/4337"}],"up":[{"embeddable":true,"href":"https:\/\/www.northhatley.org\/en\/wp-json\/wp\/v2\/pages\/253"}],"wp:attachment":[{"href":"https:\/\/www.northhatley.org\/en\/wp-json\/wp\/v2\/media?parent=1098"}],"curies":[{"name":"wp","href":"https:\/\/api.w.org\/{rel}","templated":true}]}}