{"id":9797,"date":"2024-08-08T14:20:32","date_gmt":"2024-08-08T18:20:32","guid":{"rendered":"http:\/\/www.northhatley.org\/?page_id=9797"},"modified":"2024-08-08T14:32:28","modified_gmt":"2024-08-08T18:32:28","slug":"regies","status":"publish","type":"page","link":"http:\/\/www.northhatley.org\/fr\/regies\/","title":{"rendered":"R\u00c9GIES"},"content":{"rendered":"\n<p>La Municipalit\u00e9 du Village de North Hatley fait partie de diff\u00e9rentes r\u00e9gies afin d&rsquo;assurer les services \u00e0 sa population.<br>Cliquez sur les liens pour acc\u00e9der aux informations relatives \u00e0 chaque r\u00e9gie.<\/p>\n\n\n\n<ul class=\"wp-block-list\">\n<li><a href=\"http:\/\/www.northhatley.org\/fr\/riem\/\" target=\"_blank\" rel=\"noreferrer noopener\">R\u00e9gie intermunicipale des eaux Massawippi (RIEM)<\/a><\/li>\n\n\n\n<li><a href=\"https:\/\/www.regieincendieest.ca\/\" target=\"_blank\" rel=\"noreferrer noopener\"><a href=\"https:\/\/www.regieincendieest.ca\/\" target=\"_blank\" rel=\"noreferrer noopener\">Regie incendie memphr\u00e9magog est<\/a><\/a><\/li>\n\n\n\n<li><a href=\"http:\/\/www.parcmassawippi.com\/\" target=\"_blank\" rel=\"noreferrer noopener\">R\u00e9gie du Parc r\u00e9gional Massawippi<\/a><\/li>\n\n\n\n<li><a href=\"http:\/\/www.enfouissementcoaticook.com\/\" target=\"_blank\" rel=\"noreferrer noopener\">R\u00e9gie intermunicipale de gestion des d\u00e9chets solides de la r\u00e9gion de Coaticook<\/a><\/li>\n<\/ul>\n","protected":false},"excerpt":{"rendered":"<p>La Municipalit\u00e9 du Village de North Hatley fait partie de diff\u00e9rentes r\u00e9gies afin d&rsquo;assurer les services \u00e0 sa population.Cliquez sur les liens pour acc\u00e9der aux informations relatives \u00e0 chaque r\u00e9gie.<\/p>\n","protected":false},"author":4,"featured_media":0,"parent":0,"menu_order":0,"comment_status":"closed","ping_status":"closed","template":"","meta":{"_acf_changed":false,"footnotes":""},"class_list":["post-9797","page","type-page","status-publish","hentry"],"acf":[],"yoast_head":"<!-- This site is optimized with the Yoast SEO plugin v24.3 - https:\/\/yoast.com\/wordpress\/plugins\/seo\/ -->\n<title>R\u00c9GIES - Village de North Hatley<\/title>\n<meta name=\"robots\" content=\"index, follow, max-snippet:-1, max-image-preview:large, max-video-preview:-1\" \/>\n<link rel=\"canonical\" href=\"http:\/\/www.northhatley.org\/fr\/regies\/\" \/>\n<meta property=\"og:locale\" content=\"fr_FR\" \/>\n<meta property=\"og:type\" content=\"article\" \/>\n<meta property=\"og:title\" content=\"R\u00c9GIES - Village de North Hatley\" \/>\n<meta property=\"og:description\" content=\"La Municipalit\u00e9 du Village de North Hatley fait partie de diff\u00e9rentes r\u00e9gies afin d&rsquo;assurer les services \u00e0 sa population.Cliquez sur les liens pour acc\u00e9der aux informations relatives \u00e0 chaque r\u00e9gie.\" \/>\n<meta property=\"og:url\" content=\"http:\/\/www.northhatley.org\/fr\/regies\/\" \/>\n<meta property=\"og:site_name\" content=\"Village de North Hatley\" \/>\n<meta property=\"article:modified_time\" content=\"2024-08-08T18:32:28+00:00\" \/>\n<meta name=\"twitter:label1\" content=\"Dur\u00e9e de lecture estim\u00e9e\" \/>\n\t<meta name=\"twitter:data1\" content=\"1 minute\" \/>\n<script type=\"application\/ld+json\" class=\"yoast-schema-graph\">{\"@context\":\"https:\/\/schema.org\",\"@graph\":[{\"@type\":\"WebPage\",\"@id\":\"http:\/\/www.northhatley.org\/fr\/regies\/\",\"url\":\"http:\/\/www.northhatley.org\/fr\/regies\/\",\"name\":\"R\u00c9GIES - Village de North Hatley\",\"isPartOf\":{\"@id\":\"https:\/\/www.northhatley.org\/fr\/#website\"},\"datePublished\":\"2024-08-08T18:20:32+00:00\",\"dateModified\":\"2024-08-08T18:32:28+00:00\",\"breadcrumb\":{\"@id\":\"http:\/\/www.northhatley.org\/fr\/regies\/#breadcrumb\"},\"inLanguage\":\"fr-FR\",\"potentialAction\":[{\"@type\":\"ReadAction\",\"target\":[\"http:\/\/www.northhatley.org\/fr\/regies\/\"]}]},{\"@type\":\"BreadcrumbList\",\"@id\":\"http:\/\/www.northhatley.org\/fr\/regies\/#breadcrumb\",\"itemListElement\":[{\"@type\":\"ListItem\",\"position\":1,\"name\":\"Home\",\"item\":\"https:\/\/www.northhatley.org\/fr\/\"},{\"@type\":\"ListItem\",\"position\":2,\"name\":\"R\u00c9GIES\"}]},{\"@type\":\"WebSite\",\"@id\":\"https:\/\/www.northhatley.org\/fr\/#website\",\"url\":\"https:\/\/www.northhatley.org\/fr\/\",\"name\":\"Village de North Hatley\",\"description\":\"Village of North Hatley\",\"publisher\":{\"@id\":\"https:\/\/www.northhatley.org\/fr\/#organization\"},\"potentialAction\":[{\"@type\":\"SearchAction\",\"target\":{\"@type\":\"EntryPoint\",\"urlTemplate\":\"https:\/\/www.northhatley.org\/fr\/?s={search_term_string}\"},\"query-input\":{\"@type\":\"PropertyValueSpecification\",\"valueRequired\":true,\"valueName\":\"search_term_string\"}}],\"inLanguage\":\"fr-FR\"},{\"@type\":\"Organization\",\"@id\":\"https:\/\/www.northhatley.org\/fr\/#organization\",\"name\":\"MUNICIPALIT\u00c9 DU VILLAGE DE NORTH HATLE\",\"url\":\"https:\/\/www.northhatley.org\/fr\/\",\"logo\":{\"@type\":\"ImageObject\",\"inLanguage\":\"fr-FR\",\"@id\":\"https:\/\/www.northhatley.org\/fr\/#\/schema\/logo\/image\/\",\"url\":\"https:\/\/www.northhatley.org\/wp-content\/uploads\/2016\/06\/Logo-North-Hatley.jpg\",\"contentUrl\":\"https:\/\/www.northhatley.org\/wp-content\/uploads\/2016\/06\/Logo-North-Hatley.jpg\",\"width\":127,\"height\":164,\"caption\":\"MUNICIPALIT\u00c9 DU VILLAGE DE NORTH HATLE\"},\"image\":{\"@id\":\"https:\/\/www.northhatley.org\/fr\/#\/schema\/logo\/image\/\"}}]}<\/script>\n<!-- \/ Yoast SEO plugin. -->","yoast_head_json":{"title":"R\u00c9GIES - Village de North Hatley","robots":{"index":"index","follow":"follow","max-snippet":"max-snippet:-1","max-image-preview":"max-image-preview:large","max-video-preview":"max-video-preview:-1"},"canonical":"http:\/\/www.northhatley.org\/fr\/regies\/","og_locale":"fr_FR","og_type":"article","og_title":"R\u00c9GIES - Village de North Hatley","og_description":"La Municipalit\u00e9 du Village de North Hatley fait partie de diff\u00e9rentes r\u00e9gies afin d&rsquo;assurer les services \u00e0 sa population.Cliquez sur les liens pour acc\u00e9der aux informations relatives \u00e0 chaque r\u00e9gie.","og_url":"http:\/\/www.northhatley.org\/fr\/regies\/","og_site_name":"Village de North Hatley","article_modified_time":"2024-08-08T18:32:28+00:00","twitter_misc":{"Dur\u00e9e de lecture estim\u00e9e":"1 minute"},"schema":{"@context":"https:\/\/schema.org","@graph":[{"@type":"WebPage","@id":"http:\/\/www.northhatley.org\/fr\/regies\/","url":"http:\/\/www.northhatley.org\/fr\/regies\/","name":"R\u00c9GIES - Village de North Hatley","isPartOf":{"@id":"https:\/\/www.northhatley.org\/fr\/#website"},"datePublished":"2024-08-08T18:20:32+00:00","dateModified":"2024-08-08T18:32:28+00:00","breadcrumb":{"@id":"http:\/\/www.northhatley.org\/fr\/regies\/#breadcrumb"},"inLanguage":"fr-FR","potentialAction":[{"@type":"ReadAction","target":["http:\/\/www.northhatley.org\/fr\/regies\/"]}]},{"@type":"BreadcrumbList","@id":"http:\/\/www.northhatley.org\/fr\/regies\/#breadcrumb","itemListElement":[{"@type":"ListItem","position":1,"name":"Home","item":"https:\/\/www.northhatley.org\/fr\/"},{"@type":"ListItem","position":2,"name":"R\u00c9GIES"}]},{"@type":"WebSite","@id":"https:\/\/www.northhatley.org\/fr\/#website","url":"https:\/\/www.northhatley.org\/fr\/","name":"Village de North Hatley","description":"Village of North Hatley","publisher":{"@id":"https:\/\/www.northhatley.org\/fr\/#organization"},"potentialAction":[{"@type":"SearchAction","target":{"@type":"EntryPoint","urlTemplate":"https:\/\/www.northhatley.org\/fr\/?s={search_term_string}"},"query-input":{"@type":"PropertyValueSpecification","valueRequired":true,"valueName":"search_term_string"}}],"inLanguage":"fr-FR"},{"@type":"Organization","@id":"https:\/\/www.northhatley.org\/fr\/#organization","name":"MUNICIPALIT\u00c9 DU VILLAGE DE NORTH HATLE","url":"https:\/\/www.northhatley.org\/fr\/","logo":{"@type":"ImageObject","inLanguage":"fr-FR","@id":"https:\/\/www.northhatley.org\/fr\/#\/schema\/logo\/image\/","url":"https:\/\/www.northhatley.org\/wp-content\/uploads\/2016\/06\/Logo-North-Hatley.jpg","contentUrl":"https:\/\/www.northhatley.org\/wp-content\/uploads\/2016\/06\/Logo-North-Hatley.jpg","width":127,"height":164,"caption":"MUNICIPALIT\u00c9 DU VILLAGE DE NORTH HATLE"},"image":{"@id":"https:\/\/www.northhatley.org\/fr\/#\/schema\/logo\/image\/"}}]}},"_links":{"self":[{"href":"http:\/\/www.northhatley.org\/fr\/wp-json\/wp\/v2\/pages\/9797","targetHints":{"allow":["GET"]}}],"collection":[{"href":"http:\/\/www.northhatley.org\/fr\/wp-json\/wp\/v2\/pages"}],"about":[{"href":"http:\/\/www.northhatley.org\/fr\/wp-json\/wp\/v2\/types\/page"}],"author":[{"embeddable":true,"href":"http:\/\/www.northhatley.org\/fr\/wp-json\/wp\/v2\/users\/4"}],"replies":[{"embeddable":true,"href":"http:\/\/www.northhatley.org\/fr\/wp-json\/wp\/v2\/comments?post=9797"}],"version-history":[{"count":4,"href":"http:\/\/www.northhatley.org\/fr\/wp-json\/wp\/v2\/pages\/9797\/revisions"}],"predecessor-version":[{"id":13534,"href":"http:\/\/www.northhatley.org\/fr\/wp-json\/wp\/v2\/pages\/9797\/revisions\/13534"}],"wp:attachment":[{"href":"http:\/\/www.northhatley.org\/fr\/wp-json\/wp\/v2\/media?parent=9797"}],"curies":[{"name":"wp","href":"https:\/\/api.w.org\/{rel}","templated":true}]}}