{"id":6764,"date":"2019-02-04T10:25:59","date_gmt":"2019-02-04T15:25:59","guid":{"rendered":"http:\/\/www.northhatley.org\/?page_id=6764"},"modified":"2023-03-09T08:33:58","modified_gmt":"2023-03-09T13:33:58","slug":"systeme-dalerte-automatise","status":"publish","type":"page","link":"http:\/\/www.northhatley.org\/fr\/systeme-dalerte-automatise\/","title":{"rendered":"SYST\u00c8ME D&rsquo;ALERTE AUTOMATIS\u00c9"},"content":{"rendered":"<div class=\"wpb-content-wrapper\"><p>[vc_row][vc_column][vc_column_text]La Municipalit\u00e9 utilise entre autre, un syst\u00e8me d&rsquo;alerte automatis\u00e9 afin d&rsquo;avertir la population en cas d&rsquo;urgence.<\/p>\n<p>Ce syst\u00e8me s\u2019av\u00e8re d\u2019une grande utilit\u00e9 pour faire l\u2019envoi de consignes en cas d\u2019avis d\u2019\u00e9bullition, d\u2019avis de non-consommation d\u2019eau, de fuite de gaz ou de toute autre situation d\u2019urgence. L\u2019alerte automatis\u00e9e peut \u00eatre d\u00e9ploy\u00e9e par secteur ou m\u00eame par rue; ce qui permet de bien cibler les citoyens concern\u00e9s par la mesure d\u2019urgence. En cas d\u2019absence, un message est laiss\u00e9 sur la bo\u00eete vocale.<\/p>\n<p>Vous pouvez choisir la fa\u00e7on dont vous voulez \u00eatre averti (courriel, SMS, message vocal) ainsi que la langue de votre choix (fran\u00e7ais\/anglais).<\/p>\n<p>Pr\u00e9cisons que les renseignements fournis demeurent confidentiels et ne sont utilis\u00e9s qu\u2019aux fins d\u2019alertes citoyennes. \u00c0 tout moment, vous pouvez aller modifier votre dossier personnel et ainsi vous assurer que vos coordonn\u00e9es sont mises \u00e0 jour.[\/vc_column_text][\/vc_column][\/vc_row][vc_row][vc_column][vc_btn title=\u00a0\u00bbpour s&rsquo;inscrire\u00a0\u00bb color=\u00a0\u00bbsuccess\u00a0\u00bb align=\u00a0\u00bbcenter\u00a0\u00bb link=\u00a0\u00bburl:https%3A%2F%2Fnorthhatley.omnivigil.com|title:Pour%20s&rsquo;inscrire|target:_blank\u00a0\u00bb][\/vc_column][\/vc_row][vc_row][vc_column][vc_column_text]<\/p>\n<h2>Avis d&rsquo;\u00e9bullition<\/h2>\n<p>Lorsqu\u2019un avis d\u2019\u00e9bullition d\u2019eau est en vigueur, il est important de faire bouillir l\u2019eau du robinet \u00e0 gros bouillons pendant au moins 1 minute. Une fois bouilli, l&rsquo;eau peut se conserver 3 jours au r\u00e9frig\u00e9rateur.<\/p>\n<p>Un nouvel avis permettant \u00e0 nouveau la consommation de l\u2019eau du robinet (lev\u00e9e de l&rsquo;avis d&rsquo;\u00e9bullition) sera diffus\u00e9 lorsque la situation sera revenu \u00e0 l&rsquo;ordre.<\/p>\n<h3>Quand utiliser l&rsquo;eau bouillie ou l&rsquo;eau du robinet ?<\/h3>\n<p><strong>Eau bouillie<\/strong><\/p>\n<ul>\n<li>boire, pr\u00e9parer des breuvages<\/li>\n<li>pr\u00e9parer le lait maternis\u00e9 et les aliments pour b\u00e9b\u00e9s<\/li>\n<li>laver et pr\u00e9parer des aliments mang\u00e9s crus (fruits, l\u00e9gumes, etc.)<\/li>\n<li>pr\u00e9parer les aliments qui ne requi\u00e8rent pas de cuisson prolong\u00e9e (soupes en conserve, desserts en gel\u00e9e, etc.)<\/li>\n<li>vous brosser les dents et vous rincer la bouche<\/li>\n<li>donner \u00e0 boire aux animaux de compagnie<\/li>\n<\/ul>\n<p><strong>Eau du robinet<\/strong><\/p>\n<ul>\n<li>vous laver les mains avec du savon et bien les s\u00e9cher<\/li>\n<li>laver la vaisselle \u00e0 l\u2019eau chaude (essuyez bien ensuite)<\/li>\n<li>laver les v\u00eatements<\/li>\n<li>prendre une douche ou un bain (attention de ne pas avaler l\u2019eau et de laver les jeunes enfants \u00e0 la d\u00e9barbouillette)<\/li>\n<\/ul>\n<h3>Lev\u00e9e de l&rsquo;avis d&rsquo;\u00e9bullition<\/h3>\n<p>Une fois la situation r\u00e9tablie, un avis informant que l&rsquo;eau du robinet est de nouveau potable et s\u00e9curitaire \u00e0 la consommation sera transmis.<\/p>\n<p>Avant de boire celle-ci, quelques pr\u00e9cautions suppl\u00e9mentaires peuvent \u00eatre \u00e0 prendre :<\/p>\n<ul>\n<li>Ouvrez tous les robinets d\u2019eau froide et laissez couler l\u2019eau pendant quelques minutes avant de l\u2019utiliser pour permettre la vidange compl\u00e8te de la tuyauterie. La m\u00eame proc\u00e9dure s\u2019applique pour les robinets ext\u00e9rieurs, les boyaux d\u2019arrosage et les fontaines \u00e0 boire.<\/li>\n<li>Changez les filtres si vous poss\u00e9dez un syst\u00e8me de traitement ou de filtration d\u2019eau (pichet, filtre au robinet ou sous l\u2019\u00e9vier, frigo avec distributeur d\u2019eau, etc.) en suivant les recommandations du fabricant.<\/li>\n<\/ul>\n<p>[\/vc_column_text][\/vc_column][\/vc_row][vc_row][vc_column][vc_column_text]<\/p>\n<h2>Avis de non-consommation de l&rsquo;eau<\/h2>\n<p>Lors d&rsquo;un avis de non-consommation, vous ne devez <strong>pas boire<\/strong> l\u2019eau du robinet, <strong>m\u00eame bouillie<\/strong>.<\/p>\n<p>L\u2019eau pourrait contenir des produits chimiques dangereux pour la sant\u00e9 m\u00eame si elle est incolore, inodore et qu&rsquo;elle n&rsquo;a aucun go\u00fbt particulier.<\/p>\n<p>L&rsquo;utilisation d&rsquo;eau embouteill\u00e9e est donc n\u00e9cessaire durant un tel avis.<\/p>\n<h3>Quand utiliser l&rsquo;eau embouteill\u00e9e ou l&rsquo;eau du robinet ?<\/h3>\n<p><strong>Eau embouteill\u00e9e<\/strong><\/p>\n<ul>\n<li>boire ou pr\u00e9parer des breuvages, des biberons.<\/li>\n<li>laver les fruits, les l\u00e9gumes, la vaisselle.<\/li>\n<li>se brosser les dents et se rincer la bouche<\/li>\n<li>donner \u00e0 boire aux animaux de compagnie<\/li>\n<\/ul>\n<p><strong>Eau du robinet<\/strong><\/p>\n<ul>\n<li>se laver les mains avec du savon et bien les s\u00e9cher<\/li>\n<li>laver les v\u00eatements<\/li>\n<li>prendre une douche ou un bain (attention de ne pas avaler l\u2019eau et de laver les jeunes enfants \u00e0 la d\u00e9barbouillette)<\/li>\n<li>tirer la chasse d\u2019eau des toilettes<\/li>\n<\/ul>\n<p><strong>Pour les \u00e9tablissements alimentaires<\/strong>\u00a0: il ne faut pas utiliser l\u2019eau du robinet pour nettoyer du mat\u00e9riel ou des installations.<\/p>\n<h3>Lev\u00e9e de l&rsquo;avis de non-consommation<\/h3>\n<p>Vous avez re\u00e7u l&rsquo;avis que l\u2019eau du robinet est redevenue potable et s\u00e9curitaire pour la consommation.<\/p>\n<p>Avant de boire celle-ci, quelques pr\u00e9cautions suppl\u00e9mentaires sont \u00e0 prendre.<\/p>\n<ul>\n<li>Assurez-vous de suivre les consignes de rin\u00e7age sp\u00e9cifiques \u00e0 la nature de la contamination qui seront transmises par la Ville.<\/li>\n<li>Changez les filtres si vous poss\u00e9dez un syst\u00e8me de traitement ou de filtration d\u2019eau (pichet, filtre au robinet ou sous l\u2019\u00e9vier, frigo avec distributeur d\u2019eau, etc.).<\/li>\n<li>Nettoyer les a\u00e9rateurs (filtre qui se d\u00e9visse au bout du robinet), lorsque possible. Certains robinets peuvent \u00eatre diff\u00e9rents ou ne pas avoir d\u2019a\u00e9rateur accessible.<\/li>\n<\/ul>\n<p>[\/vc_column_text][\/vc_column][\/vc_row][vc_row][vc_column][vc_column_text]<\/p>\n<h2>Avis de non-utilisation<\/h2>\n<p>En cas d\u2019avis de non-utilisation, vous ne devez pas consommer ni utiliser l\u2019eau du robinet sous aucun pr\u00e9texte, <strong>m\u00eame si elle est bouillie<\/strong>.<\/p>\n<p>L\u2019eau du robinet pourrait contenir des produits chimiques dangereux pour la sant\u00e9 m\u00eame si elle est incolore, inodore et qu&rsquo;elle n&rsquo;a aucun go\u00fbt particulier.<\/p>\n<p>Utiliser exclusivement l&rsquo;eau embouteill\u00e9e pour <strong>TOUS<\/strong> vos usages.<\/p>\n<h3>Quand utiliser l&rsquo;eau embouteill\u00e9e ou l&rsquo;eau du robinet ?<\/h3>\n<p>Utilisez obligatoirement de l\u2019eau embouteill\u00e9e tous vos besoins.<\/p>\n<p><strong>Eau embouteill\u00e9e<\/strong><\/p>\n<ul>\n<li>boire, pr\u00e9parer des breuvages, des biberons, des aliments.<\/li>\n<li>laver les fruits et les l\u00e9gumes<\/li>\n<li>nettoyer des surfaces, de la vaisselle ou des v\u00eatements<\/li>\n<li>se brosser les dents, se laver les mains, prendre une douche ou un bain<\/li>\n<li>donner \u00e0 boire aux animaux de compagnie<\/li>\n<\/ul>\n<p><strong>Eau du robinet<\/strong><\/p>\n<ul>\n<li>tirer la chasse d\u2019eau des toilettes \u00e0 moins d\u2019avis d&rsquo;avoir re\u00e7u l&rsquo;avis contraire par la Municipalit\u00e9.<\/li>\n<\/ul>\n<h3>Lev\u00e9e de l&rsquo;avis de non-utilisation<\/h3>\n<p>Vous avez re\u00e7u l&rsquo;avis que l\u2019eau du robinet est redevenue potable et s\u00e9curitaire pour la consommation.<\/p>\n<p>Avant de boire celle-ci, quelques pr\u00e9cautions suppl\u00e9mentaires sont \u00e0 prendre.<\/p>\n<ul>\n<li>Assurez-vous de suivre les consignes de rin\u00e7age sp\u00e9cifiques \u00e0 la nature de la contamination qui seront transmises.<\/li>\n<li>Changez les filtres si vous poss\u00e9dez un syst\u00e8me de traitement ou de filtration d\u2019eau (pichet, filtre au robinet ou sous l\u2019\u00e9vier, frigo avec distributeur d\u2019eau, etc.).<\/li>\n<li>Suivre les consignes qui seront transmises pour proc\u00e9der \u00e0 la vidange des r\u00e9servoirs d\u2019eau chaude.<\/li>\n<li>Nettoyer les a\u00e9rateurs (filtre qui se d\u00e9visse au bout du robinet), lorsque possible. Certains robinets peuvent \u00eatre diff\u00e9rents ou ne pas avoir d\u2019a\u00e9rateur accessible.<\/li>\n<\/ul>\n<p>[\/vc_column_text][\/vc_column][\/vc_row][vc_row][vc_column][vc_column_text]<\/p>\n<h2>Avis d&rsquo;interruption de l&rsquo;eau<\/h2>\n<p>Lors de travaux d&rsquo;aqueduc, un avis d&rsquo;interruption du service d&rsquo;eau potable pourrait \u00eatre \u00e9mis dans votre secteur ou sur l&rsquo;enti\u00e8ret\u00e9 du territoire de la Municipalit\u00e9.<\/p>\n<p>Lors d&rsquo;une interruption planifi\u00e9e, le d\u00e9but et la fin de l&rsquo;interruption seront mentionn\u00e9s dans l&rsquo;avis.<\/p>\n<h3>Lev\u00e9e de l&rsquo;avis d&rsquo;interruption de l&rsquo;eau<\/h3>\n<p>Vous avez re\u00e7u l&rsquo;avis que l&rsquo;interruption du service d&rsquo;eau potable est lev\u00e9e, mais vous remarquez que celle-ci est brouill\u00e9e ou color\u00e9e.\u00a0 Laissez couler l\u2019eau froide jusqu\u2019\u00e0 ce qu\u2019elle devienne claire et incolore.<\/p>\n<p>Si vous observez une baisse de pression, assurez vous que votre a\u00e9rateur (filtre qui se d\u00e9visse au bout du robinet) est propre. Certains robinets peuvent \u00eatre diff\u00e9rents ou ne pas avoir d\u2019a\u00e9rateur accessible.<\/p>\n<p>Si la baisse de pressions persiste, veuillez communiquer avec la Municipalit\u00e9.[\/vc_column_text][\/vc_column][\/vc_row][vc_row][vc_column][vc_column_text]<\/p>\n<h2>Avis de pr\u00e9sence d&rsquo;algues bleu-vert<\/h2>\n<p>Les algues bleu-vert, aussi appel\u00e9es \u00ab\u00a0cyanobact\u00e9ries\u00a0\u00bb, sont naturellement pr\u00e9sentes dans les plans d\u2019eau du Qu\u00e9bec. Elles se multiplient surtout en \u00e9t\u00e9. Lorsqu\u2019elles deviennent tr\u00e8s abondantes, les algues bleu-vert forment ce que l\u2019on appelle des fleurs d\u2019eau, qui peuvent s\u2019\u00e9tendre dans une partie ou dans la totalit\u00e9 d\u2019un plan d\u2019eau. L\u2019eau prend alors une couleur verte et sa texture devient semblable \u00e0 celle de la peinture ou d\u2019une soupe au brocoli. De l\u2019\u00e9cume peut aussi appara\u00eetre \u00e0 la surface de l\u2019eau. C\u2019est g\u00e9n\u00e9ralement lorsque l\u2019on commence \u00e0 voir de l\u2019\u00e9cume que les fleurs d\u2019eau algues bleu-vert peuvent pr\u00e9senter un risque pour la sant\u00e9.<\/p>\n<h3>Effets sur la sant\u00e9<\/h3>\n<p>Certaines esp\u00e8ces de fleurs d\u2019eau d\u2019algues bleu-vert peuvent pr\u00e9senter un risque \u00e0 la sant\u00e9. Par exemple, une personne peut pr\u00e9senter des sympt\u00f4mes de <a href=\"https:\/\/www.quebec.ca\/sante\/problemes-de-sante\/grippe-rhume-et-gastro\/gastro-enterite\">gastro-ent\u00e9rite<\/a>\u00a0ou ressentir une irritation de la peau ou de la gorge apr\u00e8s avoir bu de l\u2019eau provenant d\u2019une fleur d\u2019eau d\u2019algues bleu-vert ou apr\u00e8s \u00eatre entr\u00e9e en contact avec celle-ci.<\/p>\n<p><strong>Si vous avez \u00e9t\u00e9 en contact direct avec des fleurs d\u2019eau ou de l\u2019\u00e9cume ou que vous avez aval\u00e9 de l\u2019eau dans les secteurs touch\u00e9s par des fleurs d\u2019eau, surveillez l\u2019apparition des sympt\u00f4mes suivants\u00a0:<\/strong><\/p>\n<ul>\n<li>maux de ventre;<\/li>\n<li>diarrh\u00e9e;<\/li>\n<li>vomissements;<\/li>\n<li>maux de t\u00eate;<\/li>\n<li>fi\u00e8vre;<\/li>\n<li>irritation de la peau;<\/li>\n<li>irritation de la gorge.<\/li>\n<\/ul>\n<p>Si l\u2019un ou plusieurs de ces sympt\u00f4mes se manifestent dans les 24 \u00e0 48 heures apr\u00e8s le contact avec l\u2019eau contamin\u00e9e, vous pouvez communiquer avec Info-Sant\u00e9 811 ou consulter un m\u00e9decin. Pr\u00e9cisez que vous avez \u00e9t\u00e9 en contact direct avec des fleurs d\u2019eau d\u2019algues bleu-vert ou que vous avez aval\u00e9 de l\u2019eau dans les secteurs touch\u00e9s par celles-ci.<\/p>\n<h3>Baignade et activit\u00e9s nautiques et aquatiques<\/h3>\n<p>Vous pouvez vous baigner et pratiquer des activit\u00e9s nautiques et aquatiques dans les secteurs d\u2019un plan d\u2019eau o\u00f9 vous ne voyez pas de fleurs d\u2019eau ou d\u2019\u00e9cume. Par contre, dans les secteurs o\u00f9 celles-ci sont visibles :<\/p>\n<ul>\n<li>tenez-vous \u00e0 une distance d\u2019au moins 3 m\u00e8tres des fleurs d\u2019eau ou de l\u2019\u00e9cume. Veuillez vous r\u00e9f\u00e9rer \u00e0 l&rsquo;autorit\u00e9 en place (sauveteurs) avant d&rsquo;entrer dans l&rsquo;eau;<\/li>\n<li>\u00e9vitez toute activit\u00e9 pouvant vous faire entrer en contact avec elles.<\/li>\n<\/ul>\n<p>Vous pouvez reprendre la baignade et les activit\u00e9s nautiques et aquatiques dans un secteur o\u00f9 les fleurs d\u2019eau ou l\u2019\u00e9cume ont disparu, mais seulement\u00a0<strong>24 heures<\/strong>\u00a0apr\u00e8s leur disparition.<\/p>\n<h3>Autres pr\u00e9cautions<\/h3>\n<p>Si vous avez touch\u00e9 \u00e0 des fleurs d\u2019eau d\u2019algues bleu-vert ou \u00e0 un objet ou un animal qui est entr\u00e9 en contact avec elles\u00a0:<\/p>\n<ul>\n<li>\u00e9vitez de porter vos mains \u00e0 votre bouche;<\/li>\n<li>lavez-vous les mains d\u00e8s que possible.<\/li>\n<\/ul>\n<p>Pour plus de renseignement, veuillez consulter le lien suivant :\u00a0<a href=\"https:\/\/www.quebec.ca\/sante\/conseils-et-prevention\/sante-et-environnement\/algues-bleu-vert\">Gouvernement du Qu\u00e9bec &#8211; Algues bleu-vert<\/a>[\/vc_column_text][\/vc_column][\/vc_row]<\/p>\n<\/div>","protected":false},"excerpt":{"rendered":"<p>[vc_row][vc_column][vc_column_text]La Municipalit\u00e9 utilise entre autre, un syst\u00e8me d&rsquo;alerte automatis\u00e9 afin d&rsquo;avertir la population en cas d&rsquo;urgence. Ce syst\u00e8me s\u2019av\u00e8re d\u2019une grande utilit\u00e9 pour faire l\u2019envoi de consignes en cas d\u2019avis d\u2019\u00e9bullition, d\u2019avis de non-consommation d\u2019eau, de fuite de gaz ou de toute autre situation d\u2019urgence. L\u2019alerte automatis\u00e9e peut \u00eatre d\u00e9ploy\u00e9e par secteur ou m\u00eame par<\/p>\n","protected":false},"author":4,"featured_media":0,"parent":0,"menu_order":0,"comment_status":"closed","ping_status":"closed","template":"","meta":{"_acf_changed":false,"footnotes":""},"class_list":["post-6764","page","type-page","status-publish","hentry"],"acf":[],"yoast_head":"<!-- This site is optimized with the Yoast SEO plugin v24.3 - https:\/\/yoast.com\/wordpress\/plugins\/seo\/ -->\n<title>SYST\u00c8ME D&#039;ALERTE AUTOMATIS\u00c9 - Village de North Hatley<\/title>\n<meta name=\"robots\" content=\"index, follow, max-snippet:-1, max-image-preview:large, max-video-preview:-1\" \/>\n<link rel=\"canonical\" href=\"http:\/\/www.northhatley.org\/fr\/systeme-dalerte-automatise\/\" \/>\n<meta property=\"og:locale\" content=\"fr_FR\" \/>\n<meta property=\"og:type\" content=\"article\" \/>\n<meta property=\"og:title\" content=\"SYST\u00c8ME D&#039;ALERTE AUTOMATIS\u00c9 - Village de North Hatley\" \/>\n<meta property=\"og:description\" content=\"[vc_row][vc_column][vc_column_text]La Municipalit\u00e9 utilise entre autre, un syst\u00e8me d&rsquo;alerte automatis\u00e9 afin d&rsquo;avertir la population en cas d&rsquo;urgence. Ce syst\u00e8me s\u2019av\u00e8re d\u2019une grande utilit\u00e9 pour faire l\u2019envoi de consignes en cas d\u2019avis d\u2019\u00e9bullition, d\u2019avis de non-consommation d\u2019eau, de fuite de gaz ou de toute autre situation d\u2019urgence. L\u2019alerte automatis\u00e9e peut \u00eatre d\u00e9ploy\u00e9e par secteur ou m\u00eame par\" \/>\n<meta property=\"og:url\" content=\"http:\/\/www.northhatley.org\/fr\/systeme-dalerte-automatise\/\" \/>\n<meta property=\"og:site_name\" content=\"Village de North Hatley\" \/>\n<meta property=\"article:modified_time\" content=\"2023-03-09T13:33:58+00:00\" \/>\n<meta name=\"twitter:label1\" content=\"Dur\u00e9e de lecture estim\u00e9e\" \/>\n\t<meta name=\"twitter:data1\" content=\"7 minutes\" \/>\n<script type=\"application\/ld+json\" class=\"yoast-schema-graph\">{\"@context\":\"https:\/\/schema.org\",\"@graph\":[{\"@type\":\"WebPage\",\"@id\":\"http:\/\/www.northhatley.org\/fr\/systeme-dalerte-automatise\/\",\"url\":\"http:\/\/www.northhatley.org\/fr\/systeme-dalerte-automatise\/\",\"name\":\"SYST\u00c8ME D'ALERTE AUTOMATIS\u00c9 - Village de North Hatley\",\"isPartOf\":{\"@id\":\"http:\/\/www.northhatley.org\/fr\/#website\"},\"datePublished\":\"2019-02-04T15:25:59+00:00\",\"dateModified\":\"2023-03-09T13:33:58+00:00\",\"breadcrumb\":{\"@id\":\"http:\/\/www.northhatley.org\/fr\/systeme-dalerte-automatise\/#breadcrumb\"},\"inLanguage\":\"fr-FR\",\"potentialAction\":[{\"@type\":\"ReadAction\",\"target\":[\"http:\/\/www.northhatley.org\/fr\/systeme-dalerte-automatise\/\"]}]},{\"@type\":\"BreadcrumbList\",\"@id\":\"http:\/\/www.northhatley.org\/fr\/systeme-dalerte-automatise\/#breadcrumb\",\"itemListElement\":[{\"@type\":\"ListItem\",\"position\":1,\"name\":\"Home\",\"item\":\"http:\/\/www.northhatley.org\/fr\/\"},{\"@type\":\"ListItem\",\"position\":2,\"name\":\"SYST\u00c8ME D&rsquo;ALERTE AUTOMATIS\u00c9\"}]},{\"@type\":\"WebSite\",\"@id\":\"http:\/\/www.northhatley.org\/fr\/#website\",\"url\":\"http:\/\/www.northhatley.org\/fr\/\",\"name\":\"Village de North Hatley\",\"description\":\"Village of North Hatley\",\"publisher\":{\"@id\":\"http:\/\/www.northhatley.org\/fr\/#organization\"},\"potentialAction\":[{\"@type\":\"SearchAction\",\"target\":{\"@type\":\"EntryPoint\",\"urlTemplate\":\"http:\/\/www.northhatley.org\/fr\/?s={search_term_string}\"},\"query-input\":{\"@type\":\"PropertyValueSpecification\",\"valueRequired\":true,\"valueName\":\"search_term_string\"}}],\"inLanguage\":\"fr-FR\"},{\"@type\":\"Organization\",\"@id\":\"http:\/\/www.northhatley.org\/fr\/#organization\",\"name\":\"MUNICIPALIT\u00c9 DU VILLAGE DE NORTH HATLE\",\"url\":\"http:\/\/www.northhatley.org\/fr\/\",\"logo\":{\"@type\":\"ImageObject\",\"inLanguage\":\"fr-FR\",\"@id\":\"http:\/\/www.northhatley.org\/fr\/#\/schema\/logo\/image\/\",\"url\":\"https:\/\/www.northhatley.org\/wp-content\/uploads\/2016\/06\/Logo-North-Hatley.jpg\",\"contentUrl\":\"https:\/\/www.northhatley.org\/wp-content\/uploads\/2016\/06\/Logo-North-Hatley.jpg\",\"width\":127,\"height\":164,\"caption\":\"MUNICIPALIT\u00c9 DU VILLAGE DE NORTH HATLE\"},\"image\":{\"@id\":\"http:\/\/www.northhatley.org\/fr\/#\/schema\/logo\/image\/\"}}]}<\/script>\n<!-- \/ Yoast SEO plugin. -->","yoast_head_json":{"title":"SYST\u00c8ME D'ALERTE AUTOMATIS\u00c9 - Village de North Hatley","robots":{"index":"index","follow":"follow","max-snippet":"max-snippet:-1","max-image-preview":"max-image-preview:large","max-video-preview":"max-video-preview:-1"},"canonical":"http:\/\/www.northhatley.org\/fr\/systeme-dalerte-automatise\/","og_locale":"fr_FR","og_type":"article","og_title":"SYST\u00c8ME D'ALERTE AUTOMATIS\u00c9 - Village de North Hatley","og_description":"[vc_row][vc_column][vc_column_text]La Municipalit\u00e9 utilise entre autre, un syst\u00e8me d&rsquo;alerte automatis\u00e9 afin d&rsquo;avertir la population en cas d&rsquo;urgence. Ce syst\u00e8me s\u2019av\u00e8re d\u2019une grande utilit\u00e9 pour faire l\u2019envoi de consignes en cas d\u2019avis d\u2019\u00e9bullition, d\u2019avis de non-consommation d\u2019eau, de fuite de gaz ou de toute autre situation d\u2019urgence. L\u2019alerte automatis\u00e9e peut \u00eatre d\u00e9ploy\u00e9e par secteur ou m\u00eame par","og_url":"http:\/\/www.northhatley.org\/fr\/systeme-dalerte-automatise\/","og_site_name":"Village de North Hatley","article_modified_time":"2023-03-09T13:33:58+00:00","twitter_misc":{"Dur\u00e9e de lecture estim\u00e9e":"7 minutes"},"schema":{"@context":"https:\/\/schema.org","@graph":[{"@type":"WebPage","@id":"http:\/\/www.northhatley.org\/fr\/systeme-dalerte-automatise\/","url":"http:\/\/www.northhatley.org\/fr\/systeme-dalerte-automatise\/","name":"SYST\u00c8ME D'ALERTE AUTOMATIS\u00c9 - Village de North Hatley","isPartOf":{"@id":"http:\/\/www.northhatley.org\/fr\/#website"},"datePublished":"2019-02-04T15:25:59+00:00","dateModified":"2023-03-09T13:33:58+00:00","breadcrumb":{"@id":"http:\/\/www.northhatley.org\/fr\/systeme-dalerte-automatise\/#breadcrumb"},"inLanguage":"fr-FR","potentialAction":[{"@type":"ReadAction","target":["http:\/\/www.northhatley.org\/fr\/systeme-dalerte-automatise\/"]}]},{"@type":"BreadcrumbList","@id":"http:\/\/www.northhatley.org\/fr\/systeme-dalerte-automatise\/#breadcrumb","itemListElement":[{"@type":"ListItem","position":1,"name":"Home","item":"http:\/\/www.northhatley.org\/fr\/"},{"@type":"ListItem","position":2,"name":"SYST\u00c8ME D&rsquo;ALERTE AUTOMATIS\u00c9"}]},{"@type":"WebSite","@id":"http:\/\/www.northhatley.org\/fr\/#website","url":"http:\/\/www.northhatley.org\/fr\/","name":"Village de North Hatley","description":"Village of North Hatley","publisher":{"@id":"http:\/\/www.northhatley.org\/fr\/#organization"},"potentialAction":[{"@type":"SearchAction","target":{"@type":"EntryPoint","urlTemplate":"http:\/\/www.northhatley.org\/fr\/?s={search_term_string}"},"query-input":{"@type":"PropertyValueSpecification","valueRequired":true,"valueName":"search_term_string"}}],"inLanguage":"fr-FR"},{"@type":"Organization","@id":"http:\/\/www.northhatley.org\/fr\/#organization","name":"MUNICIPALIT\u00c9 DU VILLAGE DE NORTH HATLE","url":"http:\/\/www.northhatley.org\/fr\/","logo":{"@type":"ImageObject","inLanguage":"fr-FR","@id":"http:\/\/www.northhatley.org\/fr\/#\/schema\/logo\/image\/","url":"https:\/\/www.northhatley.org\/wp-content\/uploads\/2016\/06\/Logo-North-Hatley.jpg","contentUrl":"https:\/\/www.northhatley.org\/wp-content\/uploads\/2016\/06\/Logo-North-Hatley.jpg","width":127,"height":164,"caption":"MUNICIPALIT\u00c9 DU VILLAGE DE NORTH HATLE"},"image":{"@id":"http:\/\/www.northhatley.org\/fr\/#\/schema\/logo\/image\/"}}]}},"_links":{"self":[{"href":"http:\/\/www.northhatley.org\/fr\/wp-json\/wp\/v2\/pages\/6764","targetHints":{"allow":["GET"]}}],"collection":[{"href":"http:\/\/www.northhatley.org\/fr\/wp-json\/wp\/v2\/pages"}],"about":[{"href":"http:\/\/www.northhatley.org\/fr\/wp-json\/wp\/v2\/types\/page"}],"author":[{"embeddable":true,"href":"http:\/\/www.northhatley.org\/fr\/wp-json\/wp\/v2\/users\/4"}],"replies":[{"embeddable":true,"href":"http:\/\/www.northhatley.org\/fr\/wp-json\/wp\/v2\/comments?post=6764"}],"version-history":[{"count":18,"href":"http:\/\/www.northhatley.org\/fr\/wp-json\/wp\/v2\/pages\/6764\/revisions"}],"predecessor-version":[{"id":12097,"href":"http:\/\/www.northhatley.org\/fr\/wp-json\/wp\/v2\/pages\/6764\/revisions\/12097"}],"wp:attachment":[{"href":"http:\/\/www.northhatley.org\/fr\/wp-json\/wp\/v2\/media?parent=6764"}],"curies":[{"name":"wp","href":"https:\/\/api.w.org\/{rel}","templated":true}]}}