{"id":5326,"date":"2017-09-26T09:57:27","date_gmt":"2017-09-26T13:57:27","guid":{"rendered":"http:\/\/www.northhatley.org\/?page_id=5326"},"modified":"2022-02-15T15:47:40","modified_gmt":"2022-02-15T20:47:40","slug":"aines","status":"publish","type":"page","link":"http:\/\/www.northhatley.org\/fr\/aines\/","title":{"rendered":"A\u00ceN\u00c9S"},"content":{"rendered":"<div class=\"wpb-content-wrapper\"><p>[vc_row][vc_column][vc_column_text]La Municipalit\u00e9 du Village de North Hatley est engag\u00e9e dans une d\u00e9marche en vue d\u2019\u00eatre reconnue Municipalit\u00e9 amie des a\u00een\u00e9s.\u00a0 North Hatley a d\u00e9but\u00e9 la d\u00e9marche d\u2019\u00e9laboration de sa politique Municipalit\u00e9\u00a0Amie des A\u00een\u00e9s (MADA) au printemps 2016 gr\u00e2ce au soutien financier\u00a0du Minist\u00e8re de la famille du Gouvernement du Qu\u00e9bec (Secr\u00e9tariat\u00a0aux a\u00een\u00e9s). La municipalit\u00e9 a form\u00e9 un comit\u00e9 de pilotage compos\u00e9 de\u00a0citoyens engag\u00e9s dans la communaut\u00e9, d\u2019une charg\u00e9e de projet, d\u2019\u00e9lus et\u00a0d\u2019employ\u00e9s de la municipalit\u00e9 et d\u2019un accompagnateur du\u00a0Carrefour Action\u00a0Municipale et Famille\u00a0(CAMF). Le comit\u00e9, \u00e0 pied d\u2019\u0153uvre d\u00e8s le d\u00e9but du\u00a0processus, a \u00e9tabli une d\u00e9finition de la personne a\u00een\u00e9e pour la communaut\u00e9\u00a0de North Hatley, a compl\u00e9t\u00e9 un diagnostic de la municipalit\u00e9 \u00e0 l\u2019aide de\u00a0statistiques socio-d\u00e9mographiques et d\u2019un bilan des services offerts sur le\u00a0territoire, a identifi\u00e9 les grands th\u00e8mes qui repr\u00e9sentent les enjeux majeurs\u00a0pour le milieu de vie et a consult\u00e9 la population de North\u00a0Hatley pour cerner\u00a0les besoins des a\u00een\u00e9s.[\/vc_column_text][\/vc_column][vc_column][vc_column_text]<\/p>\n<p>Le comit\u00e9 MADA est compos\u00e9 de :<\/p>\n<ul>\n<li><strong>Elizabeth Fee<\/strong>, conseill\u00e8re<\/li>\n<li><strong>David Wilson<\/strong>, conseiller<\/li>\n<\/ul>\n<p>Le comit\u00e9 a entrepris l\u2019\u00e9nonc\u00e9 de la politique et la r\u00e9daction du\u00a0plan d\u2019action. \u00a0Le conseil de la municipalit\u00e9 de North Hatley adoptait la politique le 7 ao\u00fbt\u00a02017.<\/p>\n<p>[\/vc_column_text][\/vc_column][\/vc_row][vc_row][vc_column][vc_separator][\/vc_column][\/vc_row][vc_row][vc_column][vc_column_text]<\/p>\n<p style=\"text-align: center;\">Cliquez pour acc\u00e9der \u00e0 la politique et plan d\u2019action MADA de North Hatley en format PDF<\/p>\n<p>[\/vc_column_text][\/vc_column][\/vc_row][vc_row][vc_column][vc_single_image image=\u00a0\u00bb5333&Prime; img_size=\u00a0\u00bbmedium\u00a0\u00bb alignment=\u00a0\u00bbcenter\u00a0\u00bb onclick=\u00a0\u00bbcustom_link\u00a0\u00bb img_link_target=\u00a0\u00bb_blank\u00a0\u00bb link=\u00a0\u00bbhttp:\/\/www.northhatley.org\/wp-content\/uploads\/2019\/09\/61991_broch_FR.pdf\u00a0\u00bb][\/vc_column][\/vc_row]<\/p>\n<\/div>","protected":false},"excerpt":{"rendered":"<p>[vc_row][vc_column][vc_column_text]La Municipalit\u00e9 du Village de North Hatley est engag\u00e9e dans une d\u00e9marche en vue d\u2019\u00eatre reconnue Municipalit\u00e9 amie des a\u00een\u00e9s.\u00a0 North Hatley a d\u00e9but\u00e9 la d\u00e9marche d\u2019\u00e9laboration de sa politique Municipalit\u00e9\u00a0Amie des A\u00een\u00e9s (MADA) au printemps 2016 gr\u00e2ce au soutien financier\u00a0du Minist\u00e8re de la famille du Gouvernement du Qu\u00e9bec (Secr\u00e9tariat\u00a0aux a\u00een\u00e9s). La municipalit\u00e9 a form\u00e9<\/p>\n","protected":false},"author":4,"featured_media":0,"parent":0,"menu_order":0,"comment_status":"closed","ping_status":"closed","template":"","meta":{"_acf_changed":false,"footnotes":""},"class_list":["post-5326","page","type-page","status-publish","hentry"],"acf":[],"yoast_head":"<!-- This site is optimized with the Yoast SEO plugin v24.3 - https:\/\/yoast.com\/wordpress\/plugins\/seo\/ -->\n<title>A\u00ceN\u00c9S - Village de North Hatley<\/title>\n<meta name=\"robots\" content=\"index, follow, max-snippet:-1, max-image-preview:large, max-video-preview:-1\" \/>\n<link rel=\"canonical\" href=\"http:\/\/www.northhatley.org\/fr\/aines\/\" \/>\n<meta property=\"og:locale\" content=\"fr_FR\" \/>\n<meta property=\"og:type\" content=\"article\" \/>\n<meta property=\"og:title\" content=\"A\u00ceN\u00c9S - Village de North Hatley\" \/>\n<meta property=\"og:description\" content=\"[vc_row][vc_column][vc_column_text]La Municipalit\u00e9 du Village de North Hatley est engag\u00e9e dans une d\u00e9marche en vue d\u2019\u00eatre reconnue Municipalit\u00e9 amie des a\u00een\u00e9s.\u00a0 North Hatley a d\u00e9but\u00e9 la d\u00e9marche d\u2019\u00e9laboration de sa politique Municipalit\u00e9\u00a0Amie des A\u00een\u00e9s (MADA) au printemps 2016 gr\u00e2ce au soutien financier\u00a0du Minist\u00e8re de la famille du Gouvernement du Qu\u00e9bec (Secr\u00e9tariat\u00a0aux a\u00een\u00e9s). La municipalit\u00e9 a form\u00e9\" \/>\n<meta property=\"og:url\" content=\"http:\/\/www.northhatley.org\/fr\/aines\/\" \/>\n<meta property=\"og:site_name\" content=\"Village de North Hatley\" \/>\n<meta property=\"article:modified_time\" content=\"2022-02-15T20:47:40+00:00\" \/>\n<meta name=\"twitter:label1\" content=\"Dur\u00e9e de lecture estim\u00e9e\" \/>\n\t<meta name=\"twitter:data1\" content=\"1 minute\" \/>\n<script type=\"application\/ld+json\" class=\"yoast-schema-graph\">{\"@context\":\"https:\/\/schema.org\",\"@graph\":[{\"@type\":\"WebPage\",\"@id\":\"http:\/\/www.northhatley.org\/fr\/aines\/\",\"url\":\"http:\/\/www.northhatley.org\/fr\/aines\/\",\"name\":\"A\u00ceN\u00c9S - Village de North Hatley\",\"isPartOf\":{\"@id\":\"https:\/\/www.northhatley.org\/en\/#website\"},\"datePublished\":\"2017-09-26T13:57:27+00:00\",\"dateModified\":\"2022-02-15T20:47:40+00:00\",\"breadcrumb\":{\"@id\":\"http:\/\/www.northhatley.org\/fr\/aines\/#breadcrumb\"},\"inLanguage\":\"fr-FR\",\"potentialAction\":[{\"@type\":\"ReadAction\",\"target\":[\"http:\/\/www.northhatley.org\/fr\/aines\/\"]}]},{\"@type\":\"BreadcrumbList\",\"@id\":\"http:\/\/www.northhatley.org\/fr\/aines\/#breadcrumb\",\"itemListElement\":[{\"@type\":\"ListItem\",\"position\":1,\"name\":\"Home\",\"item\":\"https:\/\/www.northhatley.org\/fr\/\"},{\"@type\":\"ListItem\",\"position\":2,\"name\":\"A\u00ceN\u00c9S\"}]},{\"@type\":\"WebSite\",\"@id\":\"https:\/\/www.northhatley.org\/en\/#website\",\"url\":\"https:\/\/www.northhatley.org\/en\/\",\"name\":\"Village de North Hatley\",\"description\":\"Village of North Hatley\",\"publisher\":{\"@id\":\"https:\/\/www.northhatley.org\/en\/#organization\"},\"potentialAction\":[{\"@type\":\"SearchAction\",\"target\":{\"@type\":\"EntryPoint\",\"urlTemplate\":\"https:\/\/www.northhatley.org\/en\/?s={search_term_string}\"},\"query-input\":{\"@type\":\"PropertyValueSpecification\",\"valueRequired\":true,\"valueName\":\"search_term_string\"}}],\"inLanguage\":\"fr-FR\"},{\"@type\":\"Organization\",\"@id\":\"https:\/\/www.northhatley.org\/en\/#organization\",\"name\":\"MUNICIPALIT\u00c9 DU VILLAGE DE NORTH HATLE\",\"url\":\"https:\/\/www.northhatley.org\/en\/\",\"logo\":{\"@type\":\"ImageObject\",\"inLanguage\":\"fr-FR\",\"@id\":\"https:\/\/www.northhatley.org\/en\/#\/schema\/logo\/image\/\",\"url\":\"https:\/\/www.northhatley.org\/wp-content\/uploads\/2016\/06\/Logo-North-Hatley.jpg\",\"contentUrl\":\"https:\/\/www.northhatley.org\/wp-content\/uploads\/2016\/06\/Logo-North-Hatley.jpg\",\"width\":127,\"height\":164,\"caption\":\"MUNICIPALIT\u00c9 DU VILLAGE DE NORTH HATLE\"},\"image\":{\"@id\":\"https:\/\/www.northhatley.org\/en\/#\/schema\/logo\/image\/\"}}]}<\/script>\n<!-- \/ Yoast SEO plugin. -->","yoast_head_json":{"title":"A\u00ceN\u00c9S - Village de North Hatley","robots":{"index":"index","follow":"follow","max-snippet":"max-snippet:-1","max-image-preview":"max-image-preview:large","max-video-preview":"max-video-preview:-1"},"canonical":"http:\/\/www.northhatley.org\/fr\/aines\/","og_locale":"fr_FR","og_type":"article","og_title":"A\u00ceN\u00c9S - Village de North Hatley","og_description":"[vc_row][vc_column][vc_column_text]La Municipalit\u00e9 du Village de North Hatley est engag\u00e9e dans une d\u00e9marche en vue d\u2019\u00eatre reconnue Municipalit\u00e9 amie des a\u00een\u00e9s.\u00a0 North Hatley a d\u00e9but\u00e9 la d\u00e9marche d\u2019\u00e9laboration de sa politique Municipalit\u00e9\u00a0Amie des A\u00een\u00e9s (MADA) au printemps 2016 gr\u00e2ce au soutien financier\u00a0du Minist\u00e8re de la famille du Gouvernement du Qu\u00e9bec (Secr\u00e9tariat\u00a0aux a\u00een\u00e9s). La municipalit\u00e9 a form\u00e9","og_url":"http:\/\/www.northhatley.org\/fr\/aines\/","og_site_name":"Village de North Hatley","article_modified_time":"2022-02-15T20:47:40+00:00","twitter_misc":{"Dur\u00e9e de lecture estim\u00e9e":"1 minute"},"schema":{"@context":"https:\/\/schema.org","@graph":[{"@type":"WebPage","@id":"http:\/\/www.northhatley.org\/fr\/aines\/","url":"http:\/\/www.northhatley.org\/fr\/aines\/","name":"A\u00ceN\u00c9S - Village de North Hatley","isPartOf":{"@id":"https:\/\/www.northhatley.org\/en\/#website"},"datePublished":"2017-09-26T13:57:27+00:00","dateModified":"2022-02-15T20:47:40+00:00","breadcrumb":{"@id":"http:\/\/www.northhatley.org\/fr\/aines\/#breadcrumb"},"inLanguage":"fr-FR","potentialAction":[{"@type":"ReadAction","target":["http:\/\/www.northhatley.org\/fr\/aines\/"]}]},{"@type":"BreadcrumbList","@id":"http:\/\/www.northhatley.org\/fr\/aines\/#breadcrumb","itemListElement":[{"@type":"ListItem","position":1,"name":"Home","item":"https:\/\/www.northhatley.org\/fr\/"},{"@type":"ListItem","position":2,"name":"A\u00ceN\u00c9S"}]},{"@type":"WebSite","@id":"https:\/\/www.northhatley.org\/en\/#website","url":"https:\/\/www.northhatley.org\/en\/","name":"Village de North Hatley","description":"Village of North Hatley","publisher":{"@id":"https:\/\/www.northhatley.org\/en\/#organization"},"potentialAction":[{"@type":"SearchAction","target":{"@type":"EntryPoint","urlTemplate":"https:\/\/www.northhatley.org\/en\/?s={search_term_string}"},"query-input":{"@type":"PropertyValueSpecification","valueRequired":true,"valueName":"search_term_string"}}],"inLanguage":"fr-FR"},{"@type":"Organization","@id":"https:\/\/www.northhatley.org\/en\/#organization","name":"MUNICIPALIT\u00c9 DU VILLAGE DE NORTH HATLE","url":"https:\/\/www.northhatley.org\/en\/","logo":{"@type":"ImageObject","inLanguage":"fr-FR","@id":"https:\/\/www.northhatley.org\/en\/#\/schema\/logo\/image\/","url":"https:\/\/www.northhatley.org\/wp-content\/uploads\/2016\/06\/Logo-North-Hatley.jpg","contentUrl":"https:\/\/www.northhatley.org\/wp-content\/uploads\/2016\/06\/Logo-North-Hatley.jpg","width":127,"height":164,"caption":"MUNICIPALIT\u00c9 DU VILLAGE DE NORTH HATLE"},"image":{"@id":"https:\/\/www.northhatley.org\/en\/#\/schema\/logo\/image\/"}}]}},"_links":{"self":[{"href":"http:\/\/www.northhatley.org\/fr\/wp-json\/wp\/v2\/pages\/5326","targetHints":{"allow":["GET"]}}],"collection":[{"href":"http:\/\/www.northhatley.org\/fr\/wp-json\/wp\/v2\/pages"}],"about":[{"href":"http:\/\/www.northhatley.org\/fr\/wp-json\/wp\/v2\/types\/page"}],"author":[{"embeddable":true,"href":"http:\/\/www.northhatley.org\/fr\/wp-json\/wp\/v2\/users\/4"}],"replies":[{"embeddable":true,"href":"http:\/\/www.northhatley.org\/fr\/wp-json\/wp\/v2\/comments?post=5326"}],"version-history":[{"count":14,"href":"http:\/\/www.northhatley.org\/fr\/wp-json\/wp\/v2\/pages\/5326\/revisions"}],"predecessor-version":[{"id":11069,"href":"http:\/\/www.northhatley.org\/fr\/wp-json\/wp\/v2\/pages\/5326\/revisions\/11069"}],"wp:attachment":[{"href":"http:\/\/www.northhatley.org\/fr\/wp-json\/wp\/v2\/media?parent=5326"}],"curies":[{"name":"wp","href":"https:\/\/api.w.org\/{rel}","templated":true}]}}