{"id":5286,"date":"2017-09-20T08:41:43","date_gmt":"2017-09-20T12:41:43","guid":{"rendered":"http:\/\/www.northhatley.org\/?page_id=5286"},"modified":"2022-11-19T09:40:57","modified_gmt":"2022-11-19T14:40:57","slug":"elections-emplois","status":"publish","type":"page","link":"http:\/\/www.northhatley.org\/fr\/elections-emplois\/","title":{"rendered":"\u00c9LECTIONS &#8211; EMPLOIS"},"content":{"rendered":"<div class=\"wpb-content-wrapper\"><p>Plusieurs postes sont disponibles pour les \u00e9lections du 4 d\u00e9cembre 2022.<\/p>\n<ul>\n<li>Scrutateurs (6 au total)<\/li>\n<li>Secr\u00e9taires d&rsquo;\u00e9lection (6 au total)<\/li>\n<li>Pr\u00e9pos\u00e9 \u00e0 l&rsquo;accueil<\/li>\n<li>PRIMO<\/li>\n<li>Pr\u00e9pos\u00e9 au stationnement<\/li>\n<\/ul>\n<p>Le travail est r\u00e9mun\u00e9r\u00e9 et est diff\u00e9rent selon les postes occup\u00e9s.\u00a0 Veuillez contacter Bruno B\u00e9lisle au 819 842-2754 poste 222 pour plus d&rsquo;information.<\/p>\n<p>Une formation (r\u00e9mun\u00e9r\u00e9e) du personnel \u00e9lectoral aura lieu dans la semaine du 21 au 25 novembre 2022.<\/p>\n<p>&nbsp;<\/p>\n<p>[vc_row][\/vc_row][vc_row][vc_column][vc_column_text]\n<div class=\"wpcf7 no-js\" id=\"wpcf7-f5232-o1\" lang=\"en-US\" dir=\"ltr\" data-wpcf7-id=\"5232\">\n<div class=\"screen-reader-response\"><p role=\"status\" aria-live=\"polite\" aria-atomic=\"true\"><\/p> <ul><\/ul><\/div>\n<form action=\"\/fr\/wp-json\/wp\/v2\/pages\/5286#wpcf7-f5232-o1\" method=\"post\" class=\"wpcf7-form init\" aria-label=\"Contact form\" novalidate=\"novalidate\" data-status=\"init\">\n<div style=\"display: none;\">\n<input type=\"hidden\" name=\"_wpcf7\" value=\"5232\" \/>\n<input type=\"hidden\" name=\"_wpcf7_version\" value=\"6.0.3\" \/>\n<input type=\"hidden\" name=\"_wpcf7_locale\" value=\"en_US\" \/>\n<input type=\"hidden\" name=\"_wpcf7_unit_tag\" value=\"wpcf7-f5232-o1\" \/>\n<input type=\"hidden\" name=\"_wpcf7_container_post\" value=\"0\" \/>\n<input type=\"hidden\" name=\"_wpcf7_posted_data_hash\" value=\"\" \/>\n<\/div>\n<p><label> Nom \/ Name, Pr\u00e9nom \/ First Name (obligatoire \/ required) :<br \/>\n<span class=\"wpcf7-form-control-wrap\" data-name=\"your-name\"><input size=\"40\" maxlength=\"400\" class=\"wpcf7-form-control wpcf7-text wpcf7-validates-as-required\" aria-required=\"true\" aria-invalid=\"false\" value=\"\" type=\"text\" name=\"your-name\" \/><\/span> <\/label>\n<\/p>\n<p><label> Adresse \/ Adress (obligatoire \/ required):<br \/>\n<span class=\"wpcf7-form-control-wrap\" data-name=\"Adresse_Adress\"><input size=\"40\" maxlength=\"400\" class=\"wpcf7-form-control wpcf7-text wpcf7-validates-as-required\" aria-required=\"true\" aria-invalid=\"false\" value=\"\" type=\"text\" name=\"Adresse_Adress\" \/><\/span> <\/label>\n<\/p>\n<p><label> Ville \/ Town (obligatoire \/ required) :<br \/>\n<span class=\"wpcf7-form-control-wrap\" data-name=\"ville\"><input size=\"40\" maxlength=\"400\" class=\"wpcf7-form-control wpcf7-text wpcf7-validates-as-required\" aria-required=\"true\" aria-invalid=\"false\" value=\"\" type=\"text\" name=\"ville\" \/><\/span> <\/label>\n<\/p>\n<p><label> Code postal \/ Postal code :<br \/>\n<span class=\"wpcf7-form-control-wrap\" data-name=\"code_postal\"><input size=\"40\" maxlength=\"400\" class=\"wpcf7-form-control wpcf7-text wpcf7-validates-as-required\" aria-required=\"true\" aria-invalid=\"false\" value=\"\" type=\"text\" name=\"code_postal\" \/><\/span> <\/label>\n<\/p>\n<p><label> T\u00e9l\u00e9phone jour \/ Phone day (obligatoire \/ required) :<br \/>\n<span class=\"wpcf7-form-control-wrap\" data-name=\"tel-775\"><input size=\"40\" maxlength=\"400\" class=\"wpcf7-form-control wpcf7-tel wpcf7-validates-as-required wpcf7-text wpcf7-validates-as-tel\" aria-required=\"true\" aria-invalid=\"false\" value=\"\" type=\"tel\" name=\"tel-775\" \/><\/span><\/label>\n<\/p>\n<p><label> T\u00e9l\u00e9phone soir \/ Phone evening :<br \/>\n<span class=\"wpcf7-form-control-wrap\" data-name=\"tel-848\"><input size=\"40\" maxlength=\"400\" class=\"wpcf7-form-control wpcf7-tel wpcf7-validates-as-required wpcf7-text wpcf7-validates-as-tel\" aria-required=\"true\" aria-invalid=\"false\" value=\"\" type=\"tel\" name=\"tel-848\" \/><\/span> <\/label>\n<\/p>\n<p><label> Courriel \/ Mail adress (obligatoire \/ required)<br \/>\n<span class=\"wpcf7-form-control-wrap\" data-name=\"your-email\"><input size=\"40\" maxlength=\"400\" class=\"wpcf7-form-control wpcf7-email wpcf7-validates-as-required wpcf7-text wpcf7-validates-as-email\" aria-required=\"true\" aria-invalid=\"false\" value=\"\" type=\"email\" name=\"your-email\" \/><\/span> <\/label>\n<\/p>\n<p>Date de naissance \/ Birthdate : (obligatoire \/ required)<br \/>\n<span class=\"wpcf7-form-control-wrap\" data-name=\"date-584\"><input class=\"wpcf7-form-control wpcf7-date wpcf7-validates-as-required wpcf7-validates-as-date\" aria-required=\"true\" aria-invalid=\"false\" placeholder=\"(999) 999-9999\" value=\"\" type=\"date\" name=\"date-584\" \/><\/span>\n<\/p>\n<p>Exp\u00e9rience aux \u00e9lections ?<br \/>\n<span class=\"wpcf7-form-control-wrap\" data-name=\"radio-22\"><span class=\"wpcf7-form-control wpcf7-radio\"><span class=\"wpcf7-list-item first\"><label><input type=\"radio\" name=\"radio-22\" value=\"OUI \/ YES\" \/><span class=\"wpcf7-list-item-label\">OUI \/ YES<\/span><\/label><\/span><span class=\"wpcf7-list-item last\"><label><input type=\"radio\" name=\"radio-22\" value=\"NON \/ NO\" \/><span class=\"wpcf7-list-item-label\">NON \/ NO<\/span><\/label><\/span><\/span><\/span>\n<\/p>\n<p>Poste convoit\u00e9 \/ desired position<br \/>\n<span class=\"wpcf7-form-control-wrap\" data-name=\"checkbox-267\"><span class=\"wpcf7-form-control wpcf7-checkbox\"><span class=\"wpcf7-list-item first\"><label><span class=\"wpcf7-list-item-label\">N&#039;importe quel poste\/any job<\/span><input type=\"checkbox\" name=\"checkbox-267[]\" value=\"N&#039;importe quel poste\/any job\" \/><\/label><\/span><span class=\"wpcf7-list-item\"><label><span class=\"wpcf7-list-item-label\">Scrutateurs\/deputy returning officer<\/span><input type=\"checkbox\" name=\"checkbox-267[]\" value=\"Scrutateurs\/deputy returning officer\" \/><\/label><\/span><span class=\"wpcf7-list-item\"><label><span class=\"wpcf7-list-item-label\">Secr\u00e9taire de bureau de vote\/Poll clerck<\/span><input type=\"checkbox\" name=\"checkbox-267[]\" value=\"Secr\u00e9taire de bureau de vote\/Poll clerck\" \/><\/label><\/span><span class=\"wpcf7-list-item\"><label><span class=\"wpcf7-list-item-label\">PRIMO\/Officer in charge of information and ordre<\/span><input type=\"checkbox\" name=\"checkbox-267[]\" value=\"PRIMO\/Officer in charge of information and ordre\" \/><\/label><\/span><span class=\"wpcf7-list-item last\"><label><span class=\"wpcf7-list-item-label\">Pr\u00e9pos\u00e9 \u00e0 l&#039;accueil\/reception officer<\/span><input type=\"checkbox\" name=\"checkbox-267[]\" value=\"Pr\u00e9pos\u00e9 \u00e0 l&#039;accueil\/reception officer\" \/><\/label><\/span><\/span><\/span>\n<\/p>\n<p>Disponibilit\u00e9 \/ Availability<br \/>\n<span class=\"wpcf7-form-control-wrap\" data-name=\"menu-312\"><select class=\"wpcf7-form-control wpcf7-select wpcf7-validates-as-required\" aria-required=\"true\" aria-invalid=\"false\" name=\"menu-312\"><option value=\"\">&#8212;Please choose an option&#8212;<\/option><option value=\"Vote par anticipation\/Advanced poll (27 novembre 2022)\">Vote par anticipation\/Advanced poll (27 novembre 2022)<\/option><option value=\"Jour du scrutin \/ Poll day (4 d\u00e9cembre 2022)\">Jour du scrutin \/ Poll day (4 d\u00e9cembre 2022)<\/option><option value=\"Les 2 journ\u00e9es\">Les 2 journ\u00e9es<\/option><\/select><\/span>\n<\/p>\n<p><label> Autre information \/ Other information :<br \/>\n<span class=\"wpcf7-form-control-wrap\" data-name=\"your-message\"><textarea cols=\"40\" rows=\"10\" maxlength=\"2000\" class=\"wpcf7-form-control wpcf7-textarea\" aria-invalid=\"false\" name=\"your-message\"><\/textarea><\/span> <\/label>\n<\/p>\n<p><input class=\"wpcf7-form-control wpcf7-submit has-spinner\" type=\"submit\" value=\"Envoyer \/ Send\" \/>\n<\/p><input type='hidden' class='wpcf7-pum' value='{\"closepopup\":false,\"closedelay\":0,\"openpopup\":false,\"openpopup_id\":0}' \/><div class=\"wpcf7-response-output\" aria-hidden=\"true\"><\/div>\n<\/form>\n<\/div>\n[\/vc_column_text][\/vc_column][\/vc_row]<\/p>\n<\/div>","protected":false},"excerpt":{"rendered":"<p>Plusieurs postes sont disponibles pour les \u00e9lections du 4 d\u00e9cembre 2022. Scrutateurs (6 au total) Secr\u00e9taires d&rsquo;\u00e9lection (6 au total) Pr\u00e9pos\u00e9 \u00e0 l&rsquo;accueil PRIMO Pr\u00e9pos\u00e9 au stationnement Le travail est r\u00e9mun\u00e9r\u00e9 et est diff\u00e9rent selon les postes occup\u00e9s.\u00a0 Veuillez contacter Bruno B\u00e9lisle au 819 842-2754 poste 222 pour plus d&rsquo;information. Une formation (r\u00e9mun\u00e9r\u00e9e) du personnel<\/p>\n","protected":false},"author":4,"featured_media":0,"parent":0,"menu_order":0,"comment_status":"closed","ping_status":"closed","template":"","meta":{"_acf_changed":false,"footnotes":""},"class_list":["post-5286","page","type-page","status-publish","hentry"],"acf":[],"yoast_head":"<!-- This site is optimized with the Yoast SEO plugin v24.3 - https:\/\/yoast.com\/wordpress\/plugins\/seo\/ -->\n<title>\u00c9LECTIONS - EMPLOIS - Village de North Hatley<\/title>\n<meta name=\"robots\" content=\"index, follow, max-snippet:-1, max-image-preview:large, max-video-preview:-1\" \/>\n<link rel=\"canonical\" href=\"http:\/\/www.northhatley.org\/fr\/elections-emplois\/\" \/>\n<meta property=\"og:locale\" content=\"fr_FR\" \/>\n<meta property=\"og:type\" content=\"article\" \/>\n<meta property=\"og:title\" content=\"\u00c9LECTIONS - EMPLOIS - Village de North Hatley\" \/>\n<meta property=\"og:description\" content=\"Plusieurs postes sont disponibles pour les \u00e9lections du 4 d\u00e9cembre 2022. Scrutateurs (6 au total) Secr\u00e9taires d&rsquo;\u00e9lection (6 au total) Pr\u00e9pos\u00e9 \u00e0 l&rsquo;accueil PRIMO Pr\u00e9pos\u00e9 au stationnement Le travail est r\u00e9mun\u00e9r\u00e9 et est diff\u00e9rent selon les postes occup\u00e9s.\u00a0 Veuillez contacter Bruno B\u00e9lisle au 819 842-2754 poste 222 pour plus d&rsquo;information. Une formation (r\u00e9mun\u00e9r\u00e9e) du personnel\" \/>\n<meta property=\"og:url\" content=\"http:\/\/www.northhatley.org\/fr\/elections-emplois\/\" \/>\n<meta property=\"og:site_name\" content=\"Village de North Hatley\" \/>\n<meta property=\"article:modified_time\" content=\"2022-11-19T14:40:57+00:00\" \/>\n<meta name=\"twitter:label1\" content=\"Dur\u00e9e de lecture estim\u00e9e\" \/>\n\t<meta name=\"twitter:data1\" content=\"1 minute\" \/>\n<script type=\"application\/ld+json\" class=\"yoast-schema-graph\">{\"@context\":\"https:\/\/schema.org\",\"@graph\":[{\"@type\":\"WebPage\",\"@id\":\"http:\/\/www.northhatley.org\/fr\/elections-emplois\/\",\"url\":\"http:\/\/www.northhatley.org\/fr\/elections-emplois\/\",\"name\":\"\u00c9LECTIONS - EMPLOIS - Village de North Hatley\",\"isPartOf\":{\"@id\":\"http:\/\/www.northhatley.org\/fr\/#website\"},\"datePublished\":\"2017-09-20T12:41:43+00:00\",\"dateModified\":\"2022-11-19T14:40:57+00:00\",\"breadcrumb\":{\"@id\":\"http:\/\/www.northhatley.org\/fr\/elections-emplois\/#breadcrumb\"},\"inLanguage\":\"fr-FR\",\"potentialAction\":[{\"@type\":\"ReadAction\",\"target\":[\"http:\/\/www.northhatley.org\/fr\/elections-emplois\/\"]}]},{\"@type\":\"BreadcrumbList\",\"@id\":\"http:\/\/www.northhatley.org\/fr\/elections-emplois\/#breadcrumb\",\"itemListElement\":[{\"@type\":\"ListItem\",\"position\":1,\"name\":\"Home\",\"item\":\"http:\/\/www.northhatley.org\/fr\/\"},{\"@type\":\"ListItem\",\"position\":2,\"name\":\"\u00c9LECTIONS &#8211; EMPLOIS\"}]},{\"@type\":\"WebSite\",\"@id\":\"http:\/\/www.northhatley.org\/fr\/#website\",\"url\":\"http:\/\/www.northhatley.org\/fr\/\",\"name\":\"Village de North Hatley\",\"description\":\"Village of North Hatley\",\"publisher\":{\"@id\":\"http:\/\/www.northhatley.org\/fr\/#organization\"},\"potentialAction\":[{\"@type\":\"SearchAction\",\"target\":{\"@type\":\"EntryPoint\",\"urlTemplate\":\"http:\/\/www.northhatley.org\/fr\/?s={search_term_string}\"},\"query-input\":{\"@type\":\"PropertyValueSpecification\",\"valueRequired\":true,\"valueName\":\"search_term_string\"}}],\"inLanguage\":\"fr-FR\"},{\"@type\":\"Organization\",\"@id\":\"http:\/\/www.northhatley.org\/fr\/#organization\",\"name\":\"MUNICIPALIT\u00c9 DU VILLAGE DE NORTH HATLE\",\"url\":\"http:\/\/www.northhatley.org\/fr\/\",\"logo\":{\"@type\":\"ImageObject\",\"inLanguage\":\"fr-FR\",\"@id\":\"http:\/\/www.northhatley.org\/fr\/#\/schema\/logo\/image\/\",\"url\":\"https:\/\/www.northhatley.org\/wp-content\/uploads\/2016\/06\/Logo-North-Hatley.jpg\",\"contentUrl\":\"https:\/\/www.northhatley.org\/wp-content\/uploads\/2016\/06\/Logo-North-Hatley.jpg\",\"width\":127,\"height\":164,\"caption\":\"MUNICIPALIT\u00c9 DU VILLAGE DE NORTH HATLE\"},\"image\":{\"@id\":\"http:\/\/www.northhatley.org\/fr\/#\/schema\/logo\/image\/\"}}]}<\/script>\n<!-- \/ Yoast SEO plugin. -->","yoast_head_json":{"title":"\u00c9LECTIONS - EMPLOIS - Village de North Hatley","robots":{"index":"index","follow":"follow","max-snippet":"max-snippet:-1","max-image-preview":"max-image-preview:large","max-video-preview":"max-video-preview:-1"},"canonical":"http:\/\/www.northhatley.org\/fr\/elections-emplois\/","og_locale":"fr_FR","og_type":"article","og_title":"\u00c9LECTIONS - EMPLOIS - Village de North Hatley","og_description":"Plusieurs postes sont disponibles pour les \u00e9lections du 4 d\u00e9cembre 2022. Scrutateurs (6 au total) Secr\u00e9taires d&rsquo;\u00e9lection (6 au total) Pr\u00e9pos\u00e9 \u00e0 l&rsquo;accueil PRIMO Pr\u00e9pos\u00e9 au stationnement Le travail est r\u00e9mun\u00e9r\u00e9 et est diff\u00e9rent selon les postes occup\u00e9s.\u00a0 Veuillez contacter Bruno B\u00e9lisle au 819 842-2754 poste 222 pour plus d&rsquo;information. Une formation (r\u00e9mun\u00e9r\u00e9e) du personnel","og_url":"http:\/\/www.northhatley.org\/fr\/elections-emplois\/","og_site_name":"Village de North Hatley","article_modified_time":"2022-11-19T14:40:57+00:00","twitter_misc":{"Dur\u00e9e de lecture estim\u00e9e":"1 minute"},"schema":{"@context":"https:\/\/schema.org","@graph":[{"@type":"WebPage","@id":"http:\/\/www.northhatley.org\/fr\/elections-emplois\/","url":"http:\/\/www.northhatley.org\/fr\/elections-emplois\/","name":"\u00c9LECTIONS - EMPLOIS - Village de North Hatley","isPartOf":{"@id":"http:\/\/www.northhatley.org\/fr\/#website"},"datePublished":"2017-09-20T12:41:43+00:00","dateModified":"2022-11-19T14:40:57+00:00","breadcrumb":{"@id":"http:\/\/www.northhatley.org\/fr\/elections-emplois\/#breadcrumb"},"inLanguage":"fr-FR","potentialAction":[{"@type":"ReadAction","target":["http:\/\/www.northhatley.org\/fr\/elections-emplois\/"]}]},{"@type":"BreadcrumbList","@id":"http:\/\/www.northhatley.org\/fr\/elections-emplois\/#breadcrumb","itemListElement":[{"@type":"ListItem","position":1,"name":"Home","item":"http:\/\/www.northhatley.org\/fr\/"},{"@type":"ListItem","position":2,"name":"\u00c9LECTIONS &#8211; EMPLOIS"}]},{"@type":"WebSite","@id":"http:\/\/www.northhatley.org\/fr\/#website","url":"http:\/\/www.northhatley.org\/fr\/","name":"Village de North Hatley","description":"Village of North Hatley","publisher":{"@id":"http:\/\/www.northhatley.org\/fr\/#organization"},"potentialAction":[{"@type":"SearchAction","target":{"@type":"EntryPoint","urlTemplate":"http:\/\/www.northhatley.org\/fr\/?s={search_term_string}"},"query-input":{"@type":"PropertyValueSpecification","valueRequired":true,"valueName":"search_term_string"}}],"inLanguage":"fr-FR"},{"@type":"Organization","@id":"http:\/\/www.northhatley.org\/fr\/#organization","name":"MUNICIPALIT\u00c9 DU VILLAGE DE NORTH HATLE","url":"http:\/\/www.northhatley.org\/fr\/","logo":{"@type":"ImageObject","inLanguage":"fr-FR","@id":"http:\/\/www.northhatley.org\/fr\/#\/schema\/logo\/image\/","url":"https:\/\/www.northhatley.org\/wp-content\/uploads\/2016\/06\/Logo-North-Hatley.jpg","contentUrl":"https:\/\/www.northhatley.org\/wp-content\/uploads\/2016\/06\/Logo-North-Hatley.jpg","width":127,"height":164,"caption":"MUNICIPALIT\u00c9 DU VILLAGE DE NORTH HATLE"},"image":{"@id":"http:\/\/www.northhatley.org\/fr\/#\/schema\/logo\/image\/"}}]}},"_links":{"self":[{"href":"http:\/\/www.northhatley.org\/fr\/wp-json\/wp\/v2\/pages\/5286","targetHints":{"allow":["GET"]}}],"collection":[{"href":"http:\/\/www.northhatley.org\/fr\/wp-json\/wp\/v2\/pages"}],"about":[{"href":"http:\/\/www.northhatley.org\/fr\/wp-json\/wp\/v2\/types\/page"}],"author":[{"embeddable":true,"href":"http:\/\/www.northhatley.org\/fr\/wp-json\/wp\/v2\/users\/4"}],"replies":[{"embeddable":true,"href":"http:\/\/www.northhatley.org\/fr\/wp-json\/wp\/v2\/comments?post=5286"}],"version-history":[{"count":5,"href":"http:\/\/www.northhatley.org\/fr\/wp-json\/wp\/v2\/pages\/5286\/revisions"}],"predecessor-version":[{"id":11550,"href":"http:\/\/www.northhatley.org\/fr\/wp-json\/wp\/v2\/pages\/5286\/revisions\/11550"}],"wp:attachment":[{"href":"http:\/\/www.northhatley.org\/fr\/wp-json\/wp\/v2\/media?parent=5286"}],"curies":[{"name":"wp","href":"https:\/\/api.w.org\/{rel}","templated":true}]}}