{"id":3341,"date":"2014-12-12T15:55:22","date_gmt":"2014-12-12T20:55:22","guid":{"rendered":"http:\/\/www.northhatley.org\/?page_id=3341"},"modified":"2023-07-03T11:47:07","modified_gmt":"2023-07-03T15:47:07","slug":"securite-publiqueurgences","status":"publish","type":"page","link":"http:\/\/www.northhatley.org\/fr\/municipalite\/securite-publiqueurgences\/","title":{"rendered":"S\u00e9curit\u00e9 publique et urgences"},"content":{"rendered":"\n<h1 class=\"wp-block-heading\">S\u00e9curit\u00e9 publique et urgences<\/h1>\n\n\n\n<p>\u2022 <a title=\"S\u00e9curit\u00e9 civile\" href=\"http:\/\/www.northhatley.org\/fr\/municipalite\/responsabilite-en-matiere-de-securite-publique\/\">S\u00e9curit\u00e9 civile<\/a><br>\u2022 <a title=\"S\u00e9curit\u00e9 incendie\" href=\"http:\/\/www.northhatley.org\/fr\/municipalite\/securite-publiqueurgences\/securite-incendie\/\">S\u00e9curit\u00e9 incendie<\/a><br>\u2022 <a title=\"S\u00e9curit\u00e9 personnelle, routi\u00e8re et nautique\" href=\"http:\/\/www.northhatley.org\/fr\/municipalite\/securite-publiqueurgences\/securite-nautique\/\">S\u00e9curit\u00e9 personnelle, routi\u00e8re et nautique<\/a><br>\u2022 <a title=\"Promenades hivernales\" href=\"http:\/\/www.northhatley.org\/fr\/municipalite\/securite-publiqueurgences\/promenades-hivernales\/\">Promenades hivernales<\/a><br>\u2022 <a href=\"http:\/\/_wp_link_placeholder\" target=\"_blank\" rel=\"noreferrer noopener\">En cas d&rsquo;inondation<\/a><\/p>\n\n\n\n<h4 class=\"wp-block-heading\"><span style=\"color: #ff0000;\"><strong>Pour une urgence contactez le 911<\/strong><\/span><\/h4>\n\n\n\n<p><strong>Pour signaler une urgence en s\u00e9curit\u00e9 civile 24\/7&nbsp;: 1 866 776-8345<\/strong><\/p>\n\n\n\n<p>RIPPIME (R\u00e9gie Intermunicipale de Protection et de Pr\u00e9vention Incendies Memphr\u00e9magog Est) : 819 838-5877 poste 204<\/p>\n\n\n\n<p><a href=\"http:\/\/www.securitepublique.gouv.qc.ca\/\" target=\"_blank\" rel=\"noopener noreferrer\">Le site du minist\u00e8re de la s\u00e9curit\u00e9 publique du Qu\u00e9bec.<\/a><\/p>\n","protected":false},"excerpt":{"rendered":"<p>S\u00e9curit\u00e9 publique et urgences \u2022 S\u00e9curit\u00e9 civile\u2022 S\u00e9curit\u00e9 incendie\u2022 S\u00e9curit\u00e9 personnelle, routi\u00e8re et nautique\u2022 Promenades hivernales\u2022 En cas d&rsquo;inondation Pour une urgence contactez le 911 Pour signaler une urgence en s\u00e9curit\u00e9 civile 24\/7&nbsp;: 1 866 776-8345 RIPPIME (R\u00e9gie Intermunicipale de Protection et de Pr\u00e9vention Incendies Memphr\u00e9magog Est) : 819 838-5877 poste 204 Le site du<\/p>\n","protected":false},"author":2,"featured_media":0,"parent":808,"menu_order":5,"comment_status":"open","ping_status":"closed","template":"","meta":{"_acf_changed":false,"footnotes":""},"class_list":["post-3341","page","type-page","status-publish","hentry"],"acf":[],"yoast_head":"<!-- This site is optimized with the Yoast SEO plugin v24.3 - https:\/\/yoast.com\/wordpress\/plugins\/seo\/ -->\n<title>S\u00e9curit\u00e9 publique et urgences - Village de North Hatley<\/title>\n<meta name=\"robots\" content=\"index, follow, max-snippet:-1, max-image-preview:large, max-video-preview:-1\" \/>\n<link rel=\"canonical\" href=\"http:\/\/www.northhatley.org\/fr\/municipalite\/securite-publiqueurgences\/\" \/>\n<meta property=\"og:locale\" content=\"fr_FR\" \/>\n<meta property=\"og:type\" content=\"article\" \/>\n<meta property=\"og:title\" content=\"S\u00e9curit\u00e9 publique et urgences - Village de North Hatley\" \/>\n<meta property=\"og:description\" content=\"S\u00e9curit\u00e9 publique et urgences \u2022 S\u00e9curit\u00e9 civile\u2022 S\u00e9curit\u00e9 incendie\u2022 S\u00e9curit\u00e9 personnelle, routi\u00e8re et nautique\u2022 Promenades hivernales\u2022 En cas d&rsquo;inondation Pour une urgence contactez le 911 Pour signaler une urgence en s\u00e9curit\u00e9 civile 24\/7&nbsp;: 1 866 776-8345 RIPPIME (R\u00e9gie Intermunicipale de Protection et de Pr\u00e9vention Incendies Memphr\u00e9magog Est) : 819 838-5877 poste 204 Le site du\" \/>\n<meta property=\"og:url\" content=\"http:\/\/www.northhatley.org\/fr\/municipalite\/securite-publiqueurgences\/\" \/>\n<meta property=\"og:site_name\" content=\"Village de North Hatley\" \/>\n<meta property=\"article:modified_time\" content=\"2023-07-03T15:47:07+00:00\" \/>\n<meta name=\"twitter:label1\" content=\"Dur\u00e9e de lecture estim\u00e9e\" \/>\n\t<meta name=\"twitter:data1\" content=\"1 minute\" \/>\n<script type=\"application\/ld+json\" class=\"yoast-schema-graph\">{\"@context\":\"https:\/\/schema.org\",\"@graph\":[{\"@type\":\"WebPage\",\"@id\":\"http:\/\/www.northhatley.org\/fr\/municipalite\/securite-publiqueurgences\/\",\"url\":\"http:\/\/www.northhatley.org\/fr\/municipalite\/securite-publiqueurgences\/\",\"name\":\"S\u00e9curit\u00e9 publique et urgences - Village de North Hatley\",\"isPartOf\":{\"@id\":\"http:\/\/www.northhatley.org\/fr\/#website\"},\"datePublished\":\"2014-12-12T20:55:22+00:00\",\"dateModified\":\"2023-07-03T15:47:07+00:00\",\"breadcrumb\":{\"@id\":\"http:\/\/www.northhatley.org\/fr\/municipalite\/securite-publiqueurgences\/#breadcrumb\"},\"inLanguage\":\"fr-FR\",\"potentialAction\":[{\"@type\":\"ReadAction\",\"target\":[\"http:\/\/www.northhatley.org\/fr\/municipalite\/securite-publiqueurgences\/\"]}]},{\"@type\":\"BreadcrumbList\",\"@id\":\"http:\/\/www.northhatley.org\/fr\/municipalite\/securite-publiqueurgences\/#breadcrumb\",\"itemListElement\":[{\"@type\":\"ListItem\",\"position\":1,\"name\":\"Home\",\"item\":\"http:\/\/www.northhatley.org\/fr\/\"},{\"@type\":\"ListItem\",\"position\":2,\"name\":\"Mairie\",\"item\":\"https:\/\/www.northhatley.org\/fr\/municipalite\/\"},{\"@type\":\"ListItem\",\"position\":3,\"name\":\"S\u00e9curit\u00e9 publique et urgences\"}]},{\"@type\":\"WebSite\",\"@id\":\"http:\/\/www.northhatley.org\/fr\/#website\",\"url\":\"http:\/\/www.northhatley.org\/fr\/\",\"name\":\"Village de North Hatley\",\"description\":\"Village of North Hatley\",\"publisher\":{\"@id\":\"http:\/\/www.northhatley.org\/fr\/#organization\"},\"potentialAction\":[{\"@type\":\"SearchAction\",\"target\":{\"@type\":\"EntryPoint\",\"urlTemplate\":\"http:\/\/www.northhatley.org\/fr\/?s={search_term_string}\"},\"query-input\":{\"@type\":\"PropertyValueSpecification\",\"valueRequired\":true,\"valueName\":\"search_term_string\"}}],\"inLanguage\":\"fr-FR\"},{\"@type\":\"Organization\",\"@id\":\"http:\/\/www.northhatley.org\/fr\/#organization\",\"name\":\"MUNICIPALIT\u00c9 DU VILLAGE DE NORTH HATLE\",\"url\":\"http:\/\/www.northhatley.org\/fr\/\",\"logo\":{\"@type\":\"ImageObject\",\"inLanguage\":\"fr-FR\",\"@id\":\"http:\/\/www.northhatley.org\/fr\/#\/schema\/logo\/image\/\",\"url\":\"https:\/\/www.northhatley.org\/wp-content\/uploads\/2016\/06\/Logo-North-Hatley.jpg\",\"contentUrl\":\"https:\/\/www.northhatley.org\/wp-content\/uploads\/2016\/06\/Logo-North-Hatley.jpg\",\"width\":127,\"height\":164,\"caption\":\"MUNICIPALIT\u00c9 DU VILLAGE DE NORTH HATLE\"},\"image\":{\"@id\":\"http:\/\/www.northhatley.org\/fr\/#\/schema\/logo\/image\/\"}}]}<\/script>\n<!-- \/ Yoast SEO plugin. -->","yoast_head_json":{"title":"S\u00e9curit\u00e9 publique et urgences - Village de North Hatley","robots":{"index":"index","follow":"follow","max-snippet":"max-snippet:-1","max-image-preview":"max-image-preview:large","max-video-preview":"max-video-preview:-1"},"canonical":"http:\/\/www.northhatley.org\/fr\/municipalite\/securite-publiqueurgences\/","og_locale":"fr_FR","og_type":"article","og_title":"S\u00e9curit\u00e9 publique et urgences - Village de North Hatley","og_description":"S\u00e9curit\u00e9 publique et urgences \u2022 S\u00e9curit\u00e9 civile\u2022 S\u00e9curit\u00e9 incendie\u2022 S\u00e9curit\u00e9 personnelle, routi\u00e8re et nautique\u2022 Promenades hivernales\u2022 En cas d&rsquo;inondation Pour une urgence contactez le 911 Pour signaler une urgence en s\u00e9curit\u00e9 civile 24\/7&nbsp;: 1 866 776-8345 RIPPIME (R\u00e9gie Intermunicipale de Protection et de Pr\u00e9vention Incendies Memphr\u00e9magog Est) : 819 838-5877 poste 204 Le site du","og_url":"http:\/\/www.northhatley.org\/fr\/municipalite\/securite-publiqueurgences\/","og_site_name":"Village de North Hatley","article_modified_time":"2023-07-03T15:47:07+00:00","twitter_misc":{"Dur\u00e9e de lecture estim\u00e9e":"1 minute"},"schema":{"@context":"https:\/\/schema.org","@graph":[{"@type":"WebPage","@id":"http:\/\/www.northhatley.org\/fr\/municipalite\/securite-publiqueurgences\/","url":"http:\/\/www.northhatley.org\/fr\/municipalite\/securite-publiqueurgences\/","name":"S\u00e9curit\u00e9 publique et urgences - Village de North Hatley","isPartOf":{"@id":"http:\/\/www.northhatley.org\/fr\/#website"},"datePublished":"2014-12-12T20:55:22+00:00","dateModified":"2023-07-03T15:47:07+00:00","breadcrumb":{"@id":"http:\/\/www.northhatley.org\/fr\/municipalite\/securite-publiqueurgences\/#breadcrumb"},"inLanguage":"fr-FR","potentialAction":[{"@type":"ReadAction","target":["http:\/\/www.northhatley.org\/fr\/municipalite\/securite-publiqueurgences\/"]}]},{"@type":"BreadcrumbList","@id":"http:\/\/www.northhatley.org\/fr\/municipalite\/securite-publiqueurgences\/#breadcrumb","itemListElement":[{"@type":"ListItem","position":1,"name":"Home","item":"http:\/\/www.northhatley.org\/fr\/"},{"@type":"ListItem","position":2,"name":"Mairie","item":"https:\/\/www.northhatley.org\/fr\/municipalite\/"},{"@type":"ListItem","position":3,"name":"S\u00e9curit\u00e9 publique et urgences"}]},{"@type":"WebSite","@id":"http:\/\/www.northhatley.org\/fr\/#website","url":"http:\/\/www.northhatley.org\/fr\/","name":"Village de North Hatley","description":"Village of North Hatley","publisher":{"@id":"http:\/\/www.northhatley.org\/fr\/#organization"},"potentialAction":[{"@type":"SearchAction","target":{"@type":"EntryPoint","urlTemplate":"http:\/\/www.northhatley.org\/fr\/?s={search_term_string}"},"query-input":{"@type":"PropertyValueSpecification","valueRequired":true,"valueName":"search_term_string"}}],"inLanguage":"fr-FR"},{"@type":"Organization","@id":"http:\/\/www.northhatley.org\/fr\/#organization","name":"MUNICIPALIT\u00c9 DU VILLAGE DE NORTH HATLE","url":"http:\/\/www.northhatley.org\/fr\/","logo":{"@type":"ImageObject","inLanguage":"fr-FR","@id":"http:\/\/www.northhatley.org\/fr\/#\/schema\/logo\/image\/","url":"https:\/\/www.northhatley.org\/wp-content\/uploads\/2016\/06\/Logo-North-Hatley.jpg","contentUrl":"https:\/\/www.northhatley.org\/wp-content\/uploads\/2016\/06\/Logo-North-Hatley.jpg","width":127,"height":164,"caption":"MUNICIPALIT\u00c9 DU VILLAGE DE NORTH HATLE"},"image":{"@id":"http:\/\/www.northhatley.org\/fr\/#\/schema\/logo\/image\/"}}]}},"_links":{"self":[{"href":"http:\/\/www.northhatley.org\/fr\/wp-json\/wp\/v2\/pages\/3341","targetHints":{"allow":["GET"]}}],"collection":[{"href":"http:\/\/www.northhatley.org\/fr\/wp-json\/wp\/v2\/pages"}],"about":[{"href":"http:\/\/www.northhatley.org\/fr\/wp-json\/wp\/v2\/types\/page"}],"author":[{"embeddable":true,"href":"http:\/\/www.northhatley.org\/fr\/wp-json\/wp\/v2\/users\/2"}],"replies":[{"embeddable":true,"href":"http:\/\/www.northhatley.org\/fr\/wp-json\/wp\/v2\/comments?post=3341"}],"version-history":[{"count":11,"href":"http:\/\/www.northhatley.org\/fr\/wp-json\/wp\/v2\/pages\/3341\/revisions"}],"predecessor-version":[{"id":12592,"href":"http:\/\/www.northhatley.org\/fr\/wp-json\/wp\/v2\/pages\/3341\/revisions\/12592"}],"up":[{"embeddable":true,"href":"http:\/\/www.northhatley.org\/fr\/wp-json\/wp\/v2\/pages\/808"}],"wp:attachment":[{"href":"http:\/\/www.northhatley.org\/fr\/wp-json\/wp\/v2\/media?parent=3341"}],"curies":[{"name":"wp","href":"https:\/\/api.w.org\/{rel}","templated":true}]}}