{"id":3008,"date":"2014-11-03T14:26:04","date_gmt":"2014-11-03T19:26:04","guid":{"rendered":"http:\/\/www.northhatley.org\/?page_id=3008"},"modified":"2015-01-12T16:11:42","modified_gmt":"2015-01-12T21:11:42","slug":"arts-visuels-artisanat-antiquites","status":"publish","type":"page","link":"http:\/\/www.northhatley.org\/fr\/visiteurs\/faire-et-voir-north-hatley\/arts-visuels-artisanat-antiquites\/","title":{"rendered":"Art, artisanat, antiquit\u00e9s"},"content":{"rendered":"<h1>Arts visuels, artisanat et antiquit\u00e9s \u00e0 North Hatley<\/h1>\n<p>Toutes les saisons sont propices \u00e0 la visite des galeries d&rsquo;art locales et des boutiques d\u2019antiquaires. Vous pouvez aussi admirer les \u0153uvres originales dans certains caf\u00e9s et restaurants locaux de North Hatley.<\/p>\n<p>De plus, chaque ann\u00e9e plusieurs artistes de la r\u00e9gion participent au <a href=\"http:\/\/www.circuitdesarts.com\/index.html\" target=\"_blank\">Circuit des arts Memphr\u00e9magog<\/a>.<\/p>\n<p>De tout temps, North Hatley a \u00e9t\u00e9 un lieu de pr\u00e9dilection pour les peintres, les \u00e9crivains, les sculpteurs, les galeristes, les c\u00e9ramistes et les musiciens\u00a0: ce n\u2019est pas d\u2019hier que le village est une source d\u2019inspiration pour les artistes !<\/p>\n<p><strong>Quelques rep\u00e8res\u00a0<\/strong><\/p>\n<ul>\n<li>North Hatley fut le berceau de <strong><a href=\"http:\/\/agora.qc.ca\/\">l\u2019Encyclop\u00e9die de l\u2019Agora<\/a><\/strong>, recommand\u00e9e entre autres par le journal Le Monde, la Biblioth\u00e8que Nationale de France, Le Figaro et Science et Vie<\/li>\n<\/ul>\n<ul>\n<li>Au cours des ann\u00e9es 70, le po\u00e8te D.C. Jones et le romancier Ronald Sutherland lancent <strong>Seventh Moon<\/strong>, un \u00e9v\u00e9nement de po\u00e9sie unique au Qu\u00e9bec qui r\u00e9unit des passionn\u00e9s de po\u00e9sie anglophones et francophones dont Roland Gigu\u00e8re, G\u00e9rald Godin, <a href=\"http:\/\/bilan.usherbrooke.ca\/bilan\/pages\/biographies\/57.html\" target=\"_blank\">Pauline Julien<\/a> et <a href=\"http:\/\/bilan.usherbrooke.ca\/bilan\/pages\/biographies\/231.html\" target=\"_blank\">Marie-Claire Blais<\/a><\/li>\n<\/ul>\n<ul>\n<li>\u00c0 la fin des ann\u00e9es 50, Ga\u00ebtan Beaudin, pionnier de la poterie artisanale, fonde \u00e0 North Hatley un <a href=\"http:\/\/www.thecanadianencyclopedia.ca\/fr\/article\/contemporary-ceramics\/\" target=\"_blank\">important atelier-\u00e9cole<\/a> o\u00f9 il enseigne \u00ab\u00a0la poterie fonctionnelle artisanale de gr\u00e8s et de raku japonais traditionnels\u00a0\u00bb. L\u2019\u00e9cole fermera ses portes en 1973.<\/li>\n<\/ul>\n<ul>\n<li><strong>Hugh MacLennan<\/strong>, romancier canadien de r\u00e9putation internationale, a v\u00e9cu et \u00e9crit \u00e0 North Hatley (voir \u00e0 ce sujet \u00ab<a href=\"http:\/\/www.ocol-clo.gc.ca\/html\/speech_discours_15102009_f.php\" target=\"_blank\">\u00a0Le r\u00f4le particulier de North Hatley dans la tradition litt\u00e9raire du Qu\u00e9bec et au Qu\u00e9bec d\u2019expression anglaise\u00a0<\/a>\u00bb, allocution de Graham Fraser, Commissaire aux langues officielles, \u00e0 la Biblioth\u00e8que municipale de North Hatley, le 17 septembre 2009).<\/li>\n<\/ul>\n<ul>\n<li>\u00c0 deux pas du village, l&rsquo;on trouve aujourd&rsquo;hui deux lieux de spectacle tr\u00e8s vivants : <a href=\"http:\/\/www.lacaravane4500.com\/\" target=\"_blank\">la Caravane<\/a> et le <a href=\"http:\/\/www.piggery.com\/\" target=\"_blank\">Piggery<\/a>.<\/li>\n<\/ul>\n<p>&nbsp;<\/p>\n<p>&nbsp;<\/p>\n","protected":false},"excerpt":{"rendered":"<p>Arts visuels, artisanat et antiquit\u00e9s \u00e0 North Hatley Toutes les saisons sont propices \u00e0 la visite des galeries d&rsquo;art locales et des boutiques d\u2019antiquaires. Vous pouvez aussi admirer les \u0153uvres originales dans certains caf\u00e9s et restaurants locaux de North Hatley. De plus, chaque ann\u00e9e plusieurs artistes de la r\u00e9gion participent au Circuit des arts Memphr\u00e9magog.<\/p>\n","protected":false},"author":2,"featured_media":0,"parent":2916,"menu_order":2,"comment_status":"open","ping_status":"open","template":"","meta":{"_acf_changed":false,"footnotes":""},"class_list":["post-3008","page","type-page","status-publish","hentry"],"acf":[],"yoast_head":"<!-- This site is optimized with the Yoast SEO plugin v24.3 - https:\/\/yoast.com\/wordpress\/plugins\/seo\/ -->\n<title>Art, artisanat, antiquit\u00e9s - Village de North Hatley<\/title>\n<meta name=\"robots\" content=\"index, follow, max-snippet:-1, max-image-preview:large, max-video-preview:-1\" \/>\n<link rel=\"canonical\" href=\"https:\/\/www.northhatley.org\/fr\/visiteurs\/faire-et-voir-north-hatley\/arts-visuels-artisanat-antiquites\/\" \/>\n<meta property=\"og:locale\" content=\"fr_FR\" \/>\n<meta property=\"og:type\" content=\"article\" \/>\n<meta property=\"og:title\" content=\"Art, artisanat, antiquit\u00e9s - Village de North Hatley\" \/>\n<meta property=\"og:description\" content=\"Arts visuels, artisanat et antiquit\u00e9s \u00e0 North Hatley Toutes les saisons sont propices \u00e0 la visite des galeries d&rsquo;art locales et des boutiques d\u2019antiquaires. Vous pouvez aussi admirer les \u0153uvres originales dans certains caf\u00e9s et restaurants locaux de North Hatley. De plus, chaque ann\u00e9e plusieurs artistes de la r\u00e9gion participent au Circuit des arts Memphr\u00e9magog.\" \/>\n<meta property=\"og:url\" content=\"https:\/\/www.northhatley.org\/fr\/visiteurs\/faire-et-voir-north-hatley\/arts-visuels-artisanat-antiquites\/\" \/>\n<meta property=\"og:site_name\" content=\"Village de North Hatley\" \/>\n<meta property=\"article:modified_time\" content=\"2015-01-12T21:11:42+00:00\" \/>\n<meta name=\"twitter:label1\" content=\"Dur\u00e9e de lecture estim\u00e9e\" \/>\n\t<meta name=\"twitter:data1\" content=\"2 minutes\" \/>\n<script type=\"application\/ld+json\" class=\"yoast-schema-graph\">{\"@context\":\"https:\/\/schema.org\",\"@graph\":[{\"@type\":\"WebPage\",\"@id\":\"https:\/\/www.northhatley.org\/fr\/visiteurs\/faire-et-voir-north-hatley\/arts-visuels-artisanat-antiquites\/\",\"url\":\"https:\/\/www.northhatley.org\/fr\/visiteurs\/faire-et-voir-north-hatley\/arts-visuels-artisanat-antiquites\/\",\"name\":\"Art, artisanat, antiquit\u00e9s - Village de North Hatley\",\"isPartOf\":{\"@id\":\"https:\/\/www.northhatley.org\/en\/#website\"},\"datePublished\":\"2014-11-03T19:26:04+00:00\",\"dateModified\":\"2015-01-12T21:11:42+00:00\",\"breadcrumb\":{\"@id\":\"https:\/\/www.northhatley.org\/fr\/visiteurs\/faire-et-voir-north-hatley\/arts-visuels-artisanat-antiquites\/#breadcrumb\"},\"inLanguage\":\"fr-FR\",\"potentialAction\":[{\"@type\":\"ReadAction\",\"target\":[\"https:\/\/www.northhatley.org\/fr\/visiteurs\/faire-et-voir-north-hatley\/arts-visuels-artisanat-antiquites\/\"]}]},{\"@type\":\"BreadcrumbList\",\"@id\":\"https:\/\/www.northhatley.org\/fr\/visiteurs\/faire-et-voir-north-hatley\/arts-visuels-artisanat-antiquites\/#breadcrumb\",\"itemListElement\":[{\"@type\":\"ListItem\",\"position\":1,\"name\":\"Home\",\"item\":\"https:\/\/www.northhatley.org\/fr\/\"},{\"@type\":\"ListItem\",\"position\":2,\"name\":\"Visiteurs\",\"item\":\"https:\/\/www.northhatley.org\/fr\/visiteurs\/\"},{\"@type\":\"ListItem\",\"position\":3,\"name\":\"\u00c0 voir et \u00e0 faire \u00e0 North Hatley\",\"item\":\"https:\/\/www.northhatley.org\/fr\/visiteurs\/faire-et-voir-north-hatley\/\"},{\"@type\":\"ListItem\",\"position\":4,\"name\":\"Art, artisanat, antiquit\u00e9s\"}]},{\"@type\":\"WebSite\",\"@id\":\"https:\/\/www.northhatley.org\/en\/#website\",\"url\":\"https:\/\/www.northhatley.org\/en\/\",\"name\":\"Village de North Hatley\",\"description\":\"Village of North Hatley\",\"publisher\":{\"@id\":\"https:\/\/www.northhatley.org\/en\/#organization\"},\"potentialAction\":[{\"@type\":\"SearchAction\",\"target\":{\"@type\":\"EntryPoint\",\"urlTemplate\":\"https:\/\/www.northhatley.org\/en\/?s={search_term_string}\"},\"query-input\":{\"@type\":\"PropertyValueSpecification\",\"valueRequired\":true,\"valueName\":\"search_term_string\"}}],\"inLanguage\":\"fr-FR\"},{\"@type\":\"Organization\",\"@id\":\"https:\/\/www.northhatley.org\/en\/#organization\",\"name\":\"MUNICIPALIT\u00c9 DU VILLAGE DE NORTH HATLE\",\"url\":\"https:\/\/www.northhatley.org\/en\/\",\"logo\":{\"@type\":\"ImageObject\",\"inLanguage\":\"fr-FR\",\"@id\":\"https:\/\/www.northhatley.org\/en\/#\/schema\/logo\/image\/\",\"url\":\"https:\/\/www.northhatley.org\/wp-content\/uploads\/2016\/06\/Logo-North-Hatley.jpg\",\"contentUrl\":\"https:\/\/www.northhatley.org\/wp-content\/uploads\/2016\/06\/Logo-North-Hatley.jpg\",\"width\":127,\"height\":164,\"caption\":\"MUNICIPALIT\u00c9 DU VILLAGE DE NORTH HATLE\"},\"image\":{\"@id\":\"https:\/\/www.northhatley.org\/en\/#\/schema\/logo\/image\/\"}}]}<\/script>\n<!-- \/ Yoast SEO plugin. -->","yoast_head_json":{"title":"Art, artisanat, antiquit\u00e9s - Village de North Hatley","robots":{"index":"index","follow":"follow","max-snippet":"max-snippet:-1","max-image-preview":"max-image-preview:large","max-video-preview":"max-video-preview:-1"},"canonical":"https:\/\/www.northhatley.org\/fr\/visiteurs\/faire-et-voir-north-hatley\/arts-visuels-artisanat-antiquites\/","og_locale":"fr_FR","og_type":"article","og_title":"Art, artisanat, antiquit\u00e9s - Village de North Hatley","og_description":"Arts visuels, artisanat et antiquit\u00e9s \u00e0 North Hatley Toutes les saisons sont propices \u00e0 la visite des galeries d&rsquo;art locales et des boutiques d\u2019antiquaires. Vous pouvez aussi admirer les \u0153uvres originales dans certains caf\u00e9s et restaurants locaux de North Hatley. De plus, chaque ann\u00e9e plusieurs artistes de la r\u00e9gion participent au Circuit des arts Memphr\u00e9magog.","og_url":"https:\/\/www.northhatley.org\/fr\/visiteurs\/faire-et-voir-north-hatley\/arts-visuels-artisanat-antiquites\/","og_site_name":"Village de North Hatley","article_modified_time":"2015-01-12T21:11:42+00:00","twitter_misc":{"Dur\u00e9e de lecture estim\u00e9e":"2 minutes"},"schema":{"@context":"https:\/\/schema.org","@graph":[{"@type":"WebPage","@id":"https:\/\/www.northhatley.org\/fr\/visiteurs\/faire-et-voir-north-hatley\/arts-visuels-artisanat-antiquites\/","url":"https:\/\/www.northhatley.org\/fr\/visiteurs\/faire-et-voir-north-hatley\/arts-visuels-artisanat-antiquites\/","name":"Art, artisanat, antiquit\u00e9s - Village de North Hatley","isPartOf":{"@id":"https:\/\/www.northhatley.org\/en\/#website"},"datePublished":"2014-11-03T19:26:04+00:00","dateModified":"2015-01-12T21:11:42+00:00","breadcrumb":{"@id":"https:\/\/www.northhatley.org\/fr\/visiteurs\/faire-et-voir-north-hatley\/arts-visuels-artisanat-antiquites\/#breadcrumb"},"inLanguage":"fr-FR","potentialAction":[{"@type":"ReadAction","target":["https:\/\/www.northhatley.org\/fr\/visiteurs\/faire-et-voir-north-hatley\/arts-visuels-artisanat-antiquites\/"]}]},{"@type":"BreadcrumbList","@id":"https:\/\/www.northhatley.org\/fr\/visiteurs\/faire-et-voir-north-hatley\/arts-visuels-artisanat-antiquites\/#breadcrumb","itemListElement":[{"@type":"ListItem","position":1,"name":"Home","item":"https:\/\/www.northhatley.org\/fr\/"},{"@type":"ListItem","position":2,"name":"Visiteurs","item":"https:\/\/www.northhatley.org\/fr\/visiteurs\/"},{"@type":"ListItem","position":3,"name":"\u00c0 voir et \u00e0 faire \u00e0 North Hatley","item":"https:\/\/www.northhatley.org\/fr\/visiteurs\/faire-et-voir-north-hatley\/"},{"@type":"ListItem","position":4,"name":"Art, artisanat, antiquit\u00e9s"}]},{"@type":"WebSite","@id":"https:\/\/www.northhatley.org\/en\/#website","url":"https:\/\/www.northhatley.org\/en\/","name":"Village de North Hatley","description":"Village of North Hatley","publisher":{"@id":"https:\/\/www.northhatley.org\/en\/#organization"},"potentialAction":[{"@type":"SearchAction","target":{"@type":"EntryPoint","urlTemplate":"https:\/\/www.northhatley.org\/en\/?s={search_term_string}"},"query-input":{"@type":"PropertyValueSpecification","valueRequired":true,"valueName":"search_term_string"}}],"inLanguage":"fr-FR"},{"@type":"Organization","@id":"https:\/\/www.northhatley.org\/en\/#organization","name":"MUNICIPALIT\u00c9 DU VILLAGE DE NORTH HATLE","url":"https:\/\/www.northhatley.org\/en\/","logo":{"@type":"ImageObject","inLanguage":"fr-FR","@id":"https:\/\/www.northhatley.org\/en\/#\/schema\/logo\/image\/","url":"https:\/\/www.northhatley.org\/wp-content\/uploads\/2016\/06\/Logo-North-Hatley.jpg","contentUrl":"https:\/\/www.northhatley.org\/wp-content\/uploads\/2016\/06\/Logo-North-Hatley.jpg","width":127,"height":164,"caption":"MUNICIPALIT\u00c9 DU VILLAGE DE NORTH HATLE"},"image":{"@id":"https:\/\/www.northhatley.org\/en\/#\/schema\/logo\/image\/"}}]}},"_links":{"self":[{"href":"http:\/\/www.northhatley.org\/fr\/wp-json\/wp\/v2\/pages\/3008","targetHints":{"allow":["GET"]}}],"collection":[{"href":"http:\/\/www.northhatley.org\/fr\/wp-json\/wp\/v2\/pages"}],"about":[{"href":"http:\/\/www.northhatley.org\/fr\/wp-json\/wp\/v2\/types\/page"}],"author":[{"embeddable":true,"href":"http:\/\/www.northhatley.org\/fr\/wp-json\/wp\/v2\/users\/2"}],"replies":[{"embeddable":true,"href":"http:\/\/www.northhatley.org\/fr\/wp-json\/wp\/v2\/comments?post=3008"}],"version-history":[{"count":10,"href":"http:\/\/www.northhatley.org\/fr\/wp-json\/wp\/v2\/pages\/3008\/revisions"}],"predecessor-version":[{"id":3011,"href":"http:\/\/www.northhatley.org\/fr\/wp-json\/wp\/v2\/pages\/3008\/revisions\/3011"}],"up":[{"embeddable":true,"href":"http:\/\/www.northhatley.org\/fr\/wp-json\/wp\/v2\/pages\/2916"}],"wp:attachment":[{"href":"http:\/\/www.northhatley.org\/fr\/wp-json\/wp\/v2\/media?parent=3008"}],"curies":[{"name":"wp","href":"https:\/\/api.w.org\/{rel}","templated":true}]}}