{"id":2993,"date":"2014-11-03T14:01:33","date_gmt":"2014-11-03T19:01:33","guid":{"rendered":"http:\/\/www.northhatley.org\/?page_id=2993"},"modified":"2014-11-07T15:20:01","modified_gmt":"2014-11-07T20:20:01","slug":"salon-dantiquites-et-dart-populaire-de-north-hatley-2","status":"publish","type":"page","link":"http:\/\/www.northhatley.org\/fr\/visiteurs\/faire-et-voir-north-hatley\/salon-dantiquites-et-dart-populaire-de-north-hatley-2\/","title":{"rendered":"Salon d\u2019antiquit\u00e9s et d\u2019art populaire de North Hatley"},"content":{"rendered":"<p><strong>Le plus vieil \u00e9v\u00e9nement du genre au Canada !<\/strong><\/p>\n<p>Le Salon d\u2019antiquit\u00e9s et d\u2019art populaire de North Hatley est une tradition\u00a0de longue date\u00a0: chaque ann\u00e9e, au d\u00e9but de l\u2019\u00e9t\u00e9, antiquaires, marchands d\u2019arts populaires et visiteurs de partout convergent vers le club de curling de North Hatley pour assister \u00e0 cet \u00e9v\u00e9nement unique.<\/p>\n<p>Les profits g\u00e9n\u00e9r\u00e9s par cette activit\u00e9, organis\u00e9e par la <a href=\"http:\/\/northhatleyrec.com\/\" target=\"_blank\">Soci\u00e9t\u00e9 R\u00e9cr\u00e9ative de North Hatley<\/a>, servent \u00e0 financer des activit\u00e9s r\u00e9cr\u00e9atives dans le Village de North Hatley et dans le Canton de Hatley.<\/p>\n<p>Pour plus de renseignements, visitez <a href=\"http:\/\/www.northhatleyantiques.com\/index_fr.htm\" target=\"_blank\">le site du Salon. <\/a><\/p>\n<p>&nbsp;<\/p>\n<p>&nbsp;<\/p>\n<p>&nbsp;<\/p>\n","protected":false},"excerpt":{"rendered":"<p>Le plus vieil \u00e9v\u00e9nement du genre au Canada ! Le Salon d\u2019antiquit\u00e9s et d\u2019art populaire de North Hatley est une tradition\u00a0de longue date\u00a0: chaque ann\u00e9e, au d\u00e9but de l\u2019\u00e9t\u00e9, antiquaires, marchands d\u2019arts populaires et visiteurs de partout convergent vers le club de curling de North Hatley pour assister \u00e0 cet \u00e9v\u00e9nement unique. Les profits g\u00e9n\u00e9r\u00e9s<\/p>\n","protected":false},"author":2,"featured_media":0,"parent":2916,"menu_order":1,"comment_status":"open","ping_status":"closed","template":"","meta":{"_acf_changed":false,"footnotes":""},"class_list":["post-2993","page","type-page","status-publish","hentry"],"acf":[],"yoast_head":"<!-- This site is optimized with the Yoast SEO plugin v24.3 - https:\/\/yoast.com\/wordpress\/plugins\/seo\/ -->\n<title>Salon d\u2019antiquit\u00e9s et d\u2019art populaire de North Hatley  - Village de North Hatley<\/title>\n<meta name=\"robots\" content=\"index, follow, max-snippet:-1, max-image-preview:large, max-video-preview:-1\" \/>\n<link rel=\"canonical\" href=\"http:\/\/www.northhatley.org\/fr\/visiteurs\/faire-et-voir-north-hatley\/salon-dantiquites-et-dart-populaire-de-north-hatley-2\/\" \/>\n<meta property=\"og:locale\" content=\"fr_FR\" \/>\n<meta property=\"og:type\" content=\"article\" \/>\n<meta property=\"og:title\" content=\"Salon d\u2019antiquit\u00e9s et d\u2019art populaire de North Hatley  - Village de North Hatley\" \/>\n<meta property=\"og:description\" content=\"Le plus vieil \u00e9v\u00e9nement du genre au Canada ! Le Salon d\u2019antiquit\u00e9s et d\u2019art populaire de North Hatley est une tradition\u00a0de longue date\u00a0: chaque ann\u00e9e, au d\u00e9but de l\u2019\u00e9t\u00e9, antiquaires, marchands d\u2019arts populaires et visiteurs de partout convergent vers le club de curling de North Hatley pour assister \u00e0 cet \u00e9v\u00e9nement unique. Les profits g\u00e9n\u00e9r\u00e9s\" \/>\n<meta property=\"og:url\" content=\"http:\/\/www.northhatley.org\/fr\/visiteurs\/faire-et-voir-north-hatley\/salon-dantiquites-et-dart-populaire-de-north-hatley-2\/\" \/>\n<meta property=\"og:site_name\" content=\"Village de North Hatley\" \/>\n<meta property=\"article:modified_time\" content=\"2014-11-07T20:20:01+00:00\" \/>\n<meta name=\"twitter:label1\" content=\"Dur\u00e9e de lecture estim\u00e9e\" \/>\n\t<meta name=\"twitter:data1\" content=\"1 minute\" \/>\n<script type=\"application\/ld+json\" class=\"yoast-schema-graph\">{\"@context\":\"https:\/\/schema.org\",\"@graph\":[{\"@type\":\"WebPage\",\"@id\":\"http:\/\/www.northhatley.org\/fr\/visiteurs\/faire-et-voir-north-hatley\/salon-dantiquites-et-dart-populaire-de-north-hatley-2\/\",\"url\":\"http:\/\/www.northhatley.org\/fr\/visiteurs\/faire-et-voir-north-hatley\/salon-dantiquites-et-dart-populaire-de-north-hatley-2\/\",\"name\":\"Salon d\u2019antiquit\u00e9s et d\u2019art populaire de North Hatley - Village de North Hatley\",\"isPartOf\":{\"@id\":\"https:\/\/www.northhatley.org\/fr\/#website\"},\"datePublished\":\"2014-11-03T19:01:33+00:00\",\"dateModified\":\"2014-11-07T20:20:01+00:00\",\"breadcrumb\":{\"@id\":\"http:\/\/www.northhatley.org\/fr\/visiteurs\/faire-et-voir-north-hatley\/salon-dantiquites-et-dart-populaire-de-north-hatley-2\/#breadcrumb\"},\"inLanguage\":\"fr-FR\",\"potentialAction\":[{\"@type\":\"ReadAction\",\"target\":[\"http:\/\/www.northhatley.org\/fr\/visiteurs\/faire-et-voir-north-hatley\/salon-dantiquites-et-dart-populaire-de-north-hatley-2\/\"]}]},{\"@type\":\"BreadcrumbList\",\"@id\":\"http:\/\/www.northhatley.org\/fr\/visiteurs\/faire-et-voir-north-hatley\/salon-dantiquites-et-dart-populaire-de-north-hatley-2\/#breadcrumb\",\"itemListElement\":[{\"@type\":\"ListItem\",\"position\":1,\"name\":\"Home\",\"item\":\"https:\/\/www.northhatley.org\/fr\/\"},{\"@type\":\"ListItem\",\"position\":2,\"name\":\"Visiteurs\",\"item\":\"https:\/\/www.northhatley.org\/fr\/visiteurs\/\"},{\"@type\":\"ListItem\",\"position\":3,\"name\":\"\u00c0 voir et \u00e0 faire \u00e0 North Hatley\",\"item\":\"https:\/\/www.northhatley.org\/fr\/visiteurs\/faire-et-voir-north-hatley\/\"},{\"@type\":\"ListItem\",\"position\":4,\"name\":\"Salon d\u2019antiquit\u00e9s et d\u2019art populaire de North Hatley\"}]},{\"@type\":\"WebSite\",\"@id\":\"https:\/\/www.northhatley.org\/fr\/#website\",\"url\":\"https:\/\/www.northhatley.org\/fr\/\",\"name\":\"Village de North Hatley\",\"description\":\"Village of North Hatley\",\"publisher\":{\"@id\":\"https:\/\/www.northhatley.org\/fr\/#organization\"},\"potentialAction\":[{\"@type\":\"SearchAction\",\"target\":{\"@type\":\"EntryPoint\",\"urlTemplate\":\"https:\/\/www.northhatley.org\/fr\/?s={search_term_string}\"},\"query-input\":{\"@type\":\"PropertyValueSpecification\",\"valueRequired\":true,\"valueName\":\"search_term_string\"}}],\"inLanguage\":\"fr-FR\"},{\"@type\":\"Organization\",\"@id\":\"https:\/\/www.northhatley.org\/fr\/#organization\",\"name\":\"MUNICIPALIT\u00c9 DU VILLAGE DE NORTH HATLE\",\"url\":\"https:\/\/www.northhatley.org\/fr\/\",\"logo\":{\"@type\":\"ImageObject\",\"inLanguage\":\"fr-FR\",\"@id\":\"https:\/\/www.northhatley.org\/fr\/#\/schema\/logo\/image\/\",\"url\":\"https:\/\/www.northhatley.org\/wp-content\/uploads\/2016\/06\/Logo-North-Hatley.jpg\",\"contentUrl\":\"https:\/\/www.northhatley.org\/wp-content\/uploads\/2016\/06\/Logo-North-Hatley.jpg\",\"width\":127,\"height\":164,\"caption\":\"MUNICIPALIT\u00c9 DU VILLAGE DE NORTH HATLE\"},\"image\":{\"@id\":\"https:\/\/www.northhatley.org\/fr\/#\/schema\/logo\/image\/\"}}]}<\/script>\n<!-- \/ Yoast SEO plugin. -->","yoast_head_json":{"title":"Salon d\u2019antiquit\u00e9s et d\u2019art populaire de North Hatley  - Village de North Hatley","robots":{"index":"index","follow":"follow","max-snippet":"max-snippet:-1","max-image-preview":"max-image-preview:large","max-video-preview":"max-video-preview:-1"},"canonical":"http:\/\/www.northhatley.org\/fr\/visiteurs\/faire-et-voir-north-hatley\/salon-dantiquites-et-dart-populaire-de-north-hatley-2\/","og_locale":"fr_FR","og_type":"article","og_title":"Salon d\u2019antiquit\u00e9s et d\u2019art populaire de North Hatley  - Village de North Hatley","og_description":"Le plus vieil \u00e9v\u00e9nement du genre au Canada ! Le Salon d\u2019antiquit\u00e9s et d\u2019art populaire de North Hatley est une tradition\u00a0de longue date\u00a0: chaque ann\u00e9e, au d\u00e9but de l\u2019\u00e9t\u00e9, antiquaires, marchands d\u2019arts populaires et visiteurs de partout convergent vers le club de curling de North Hatley pour assister \u00e0 cet \u00e9v\u00e9nement unique. Les profits g\u00e9n\u00e9r\u00e9s","og_url":"http:\/\/www.northhatley.org\/fr\/visiteurs\/faire-et-voir-north-hatley\/salon-dantiquites-et-dart-populaire-de-north-hatley-2\/","og_site_name":"Village de North Hatley","article_modified_time":"2014-11-07T20:20:01+00:00","twitter_misc":{"Dur\u00e9e de lecture estim\u00e9e":"1 minute"},"schema":{"@context":"https:\/\/schema.org","@graph":[{"@type":"WebPage","@id":"http:\/\/www.northhatley.org\/fr\/visiteurs\/faire-et-voir-north-hatley\/salon-dantiquites-et-dart-populaire-de-north-hatley-2\/","url":"http:\/\/www.northhatley.org\/fr\/visiteurs\/faire-et-voir-north-hatley\/salon-dantiquites-et-dart-populaire-de-north-hatley-2\/","name":"Salon d\u2019antiquit\u00e9s et d\u2019art populaire de North Hatley - Village de North Hatley","isPartOf":{"@id":"https:\/\/www.northhatley.org\/fr\/#website"},"datePublished":"2014-11-03T19:01:33+00:00","dateModified":"2014-11-07T20:20:01+00:00","breadcrumb":{"@id":"http:\/\/www.northhatley.org\/fr\/visiteurs\/faire-et-voir-north-hatley\/salon-dantiquites-et-dart-populaire-de-north-hatley-2\/#breadcrumb"},"inLanguage":"fr-FR","potentialAction":[{"@type":"ReadAction","target":["http:\/\/www.northhatley.org\/fr\/visiteurs\/faire-et-voir-north-hatley\/salon-dantiquites-et-dart-populaire-de-north-hatley-2\/"]}]},{"@type":"BreadcrumbList","@id":"http:\/\/www.northhatley.org\/fr\/visiteurs\/faire-et-voir-north-hatley\/salon-dantiquites-et-dart-populaire-de-north-hatley-2\/#breadcrumb","itemListElement":[{"@type":"ListItem","position":1,"name":"Home","item":"https:\/\/www.northhatley.org\/fr\/"},{"@type":"ListItem","position":2,"name":"Visiteurs","item":"https:\/\/www.northhatley.org\/fr\/visiteurs\/"},{"@type":"ListItem","position":3,"name":"\u00c0 voir et \u00e0 faire \u00e0 North Hatley","item":"https:\/\/www.northhatley.org\/fr\/visiteurs\/faire-et-voir-north-hatley\/"},{"@type":"ListItem","position":4,"name":"Salon d\u2019antiquit\u00e9s et d\u2019art populaire de North Hatley"}]},{"@type":"WebSite","@id":"https:\/\/www.northhatley.org\/fr\/#website","url":"https:\/\/www.northhatley.org\/fr\/","name":"Village de North Hatley","description":"Village of North Hatley","publisher":{"@id":"https:\/\/www.northhatley.org\/fr\/#organization"},"potentialAction":[{"@type":"SearchAction","target":{"@type":"EntryPoint","urlTemplate":"https:\/\/www.northhatley.org\/fr\/?s={search_term_string}"},"query-input":{"@type":"PropertyValueSpecification","valueRequired":true,"valueName":"search_term_string"}}],"inLanguage":"fr-FR"},{"@type":"Organization","@id":"https:\/\/www.northhatley.org\/fr\/#organization","name":"MUNICIPALIT\u00c9 DU VILLAGE DE NORTH HATLE","url":"https:\/\/www.northhatley.org\/fr\/","logo":{"@type":"ImageObject","inLanguage":"fr-FR","@id":"https:\/\/www.northhatley.org\/fr\/#\/schema\/logo\/image\/","url":"https:\/\/www.northhatley.org\/wp-content\/uploads\/2016\/06\/Logo-North-Hatley.jpg","contentUrl":"https:\/\/www.northhatley.org\/wp-content\/uploads\/2016\/06\/Logo-North-Hatley.jpg","width":127,"height":164,"caption":"MUNICIPALIT\u00c9 DU VILLAGE DE NORTH HATLE"},"image":{"@id":"https:\/\/www.northhatley.org\/fr\/#\/schema\/logo\/image\/"}}]}},"_links":{"self":[{"href":"http:\/\/www.northhatley.org\/fr\/wp-json\/wp\/v2\/pages\/2993","targetHints":{"allow":["GET"]}}],"collection":[{"href":"http:\/\/www.northhatley.org\/fr\/wp-json\/wp\/v2\/pages"}],"about":[{"href":"http:\/\/www.northhatley.org\/fr\/wp-json\/wp\/v2\/types\/page"}],"author":[{"embeddable":true,"href":"http:\/\/www.northhatley.org\/fr\/wp-json\/wp\/v2\/users\/2"}],"replies":[{"embeddable":true,"href":"http:\/\/www.northhatley.org\/fr\/wp-json\/wp\/v2\/comments?post=2993"}],"version-history":[{"count":3,"href":"http:\/\/www.northhatley.org\/fr\/wp-json\/wp\/v2\/pages\/2993\/revisions"}],"predecessor-version":[{"id":3103,"href":"http:\/\/www.northhatley.org\/fr\/wp-json\/wp\/v2\/pages\/2993\/revisions\/3103"}],"up":[{"embeddable":true,"href":"http:\/\/www.northhatley.org\/fr\/wp-json\/wp\/v2\/pages\/2916"}],"wp:attachment":[{"href":"http:\/\/www.northhatley.org\/fr\/wp-json\/wp\/v2\/media?parent=2993"}],"curies":[{"name":"wp","href":"https:\/\/api.w.org\/{rel}","templated":true}]}}