{"id":2900,"date":"2014-10-30T14:57:52","date_gmt":"2014-10-30T18:57:52","guid":{"rendered":"http:\/\/www.northhatley.org\/?page_id=2900"},"modified":"2015-01-27T16:52:02","modified_gmt":"2015-01-27T21:52:02","slug":"2900-2","status":"publish","type":"page","link":"http:\/\/www.northhatley.org\/fr\/communaute\/2900-2\/","title":{"rendered":"Demi-marathon"},"content":{"rendered":"<h1><strong>Courir pour une bonne cause !<\/strong><\/h1>\n<p>Le<strong> Demi-marathon de la F\u00eate des m\u00e8res de North Hatley<\/strong> sert \u00e0 r\u00e9colter des fonds pour soutenir les Services r\u00e9cr\u00e9atifs de la municipalit\u00e9, qui organisent des activit\u00e9s pour les jeunes et viennent en aide aux enfants de la r\u00e9gion.<\/p>\n<p>Quatre courses sont au programme :<\/p>\n<ul>\n<li>1 km pour enfants (11 h 30)<\/li>\n<li>5 km (8 h 30, ouvert aux marcheurs)<\/li>\n<li>10 km (8 h 30)<\/li>\n<li>21,1 km (8 h 30)<\/li>\n<\/ul>\n<p>Cette \u00e9preuve s&rsquo;adresse aux coureurs de tous les niveaux. \u00c0 deux semaines du Marathon d&rsquo;Ottawa, c&rsquo;est une excellente fa\u00e7on de parfaire votre entra\u00eenement !<\/p>\n<p>La course est suivie d&rsquo;un brunch de la F\u00eate des m\u00e8res.<\/p>\n<p>Pour vous inscrire ou vous renseigner, allez sur <a href=\"http:\/\/demimarathonnorthhatley.com\/\" target=\"_blank\">le site du Demi-marathon de la F\u00eate des m\u00e8res de North Hatley<\/a>.<\/p>\n<p>Chaque ann\u00e9e, le besoin de recruter des b\u00e9n\u00e9voles se fait sentir, p. ex., pour diriger la circulation ou ravitailler les coureurs et coureuses.<\/p>\n<p>Si le c\u0153ur vous en dit, participez \u00e0 cette f\u00eate du printemps !<\/p>\n<p>Pour \u00eatre b\u00e9n\u00e9vole \u00e0 cet \u00e9v\u00e9nement vous pouvez communiquer avec les organisateurs par t\u00e9l\u00e9phone (819\u00a0842 2754) ou par courriel (<a href=\"mailto:tourisme@northhatley.org\" target=\"_blank\">info@northhatley.org<\/a>).<\/p>\n","protected":false},"excerpt":{"rendered":"<p>Courir pour une bonne cause ! Le Demi-marathon de la F\u00eate des m\u00e8res de North Hatley sert \u00e0 r\u00e9colter des fonds pour soutenir les Services r\u00e9cr\u00e9atifs de la municipalit\u00e9, qui organisent des activit\u00e9s pour les jeunes et viennent en aide aux enfants de la r\u00e9gion. Quatre courses sont au programme : 1 km pour enfants<\/p>\n","protected":false},"author":2,"featured_media":0,"parent":1316,"menu_order":2,"comment_status":"open","ping_status":"closed","template":"","meta":{"_acf_changed":false,"footnotes":""},"class_list":["post-2900","page","type-page","status-publish","hentry"],"acf":[],"yoast_head":"<!-- This site is optimized with the Yoast SEO plugin v24.3 - https:\/\/yoast.com\/wordpress\/plugins\/seo\/ -->\n<title>Demi-marathon  - Village de North Hatley<\/title>\n<meta name=\"robots\" content=\"index, follow, max-snippet:-1, max-image-preview:large, max-video-preview:-1\" \/>\n<link rel=\"canonical\" href=\"http:\/\/www.northhatley.org\/fr\/communaute\/2900-2\/\" \/>\n<meta property=\"og:locale\" content=\"fr_FR\" \/>\n<meta property=\"og:type\" content=\"article\" \/>\n<meta property=\"og:title\" content=\"Demi-marathon  - Village de North Hatley\" \/>\n<meta property=\"og:description\" content=\"Courir pour une bonne cause ! Le Demi-marathon de la F\u00eate des m\u00e8res de North Hatley sert \u00e0 r\u00e9colter des fonds pour soutenir les Services r\u00e9cr\u00e9atifs de la municipalit\u00e9, qui organisent des activit\u00e9s pour les jeunes et viennent en aide aux enfants de la r\u00e9gion. Quatre courses sont au programme : 1 km pour enfants\" \/>\n<meta property=\"og:url\" content=\"http:\/\/www.northhatley.org\/fr\/communaute\/2900-2\/\" \/>\n<meta property=\"og:site_name\" content=\"Village de North Hatley\" \/>\n<meta property=\"article:modified_time\" content=\"2015-01-27T21:52:02+00:00\" \/>\n<meta name=\"twitter:label1\" content=\"Dur\u00e9e de lecture estim\u00e9e\" \/>\n\t<meta name=\"twitter:data1\" content=\"1 minute\" \/>\n<script type=\"application\/ld+json\" class=\"yoast-schema-graph\">{\"@context\":\"https:\/\/schema.org\",\"@graph\":[{\"@type\":\"WebPage\",\"@id\":\"http:\/\/www.northhatley.org\/fr\/communaute\/2900-2\/\",\"url\":\"http:\/\/www.northhatley.org\/fr\/communaute\/2900-2\/\",\"name\":\"Demi-marathon - Village de North Hatley\",\"isPartOf\":{\"@id\":\"http:\/\/www.northhatley.org\/en\/#website\"},\"datePublished\":\"2014-10-30T18:57:52+00:00\",\"dateModified\":\"2015-01-27T21:52:02+00:00\",\"breadcrumb\":{\"@id\":\"http:\/\/www.northhatley.org\/fr\/communaute\/2900-2\/#breadcrumb\"},\"inLanguage\":\"fr-FR\",\"potentialAction\":[{\"@type\":\"ReadAction\",\"target\":[\"http:\/\/www.northhatley.org\/fr\/communaute\/2900-2\/\"]}]},{\"@type\":\"BreadcrumbList\",\"@id\":\"http:\/\/www.northhatley.org\/fr\/communaute\/2900-2\/#breadcrumb\",\"itemListElement\":[{\"@type\":\"ListItem\",\"position\":1,\"name\":\"Home\",\"item\":\"https:\/\/www.northhatley.org\/fr\/\"},{\"@type\":\"ListItem\",\"position\":2,\"name\":\"R\u00e9sidents\",\"item\":\"http:\/\/www.northhatley.org\/fr\/communaute\/\"},{\"@type\":\"ListItem\",\"position\":3,\"name\":\"Demi-marathon\"}]},{\"@type\":\"WebSite\",\"@id\":\"http:\/\/www.northhatley.org\/en\/#website\",\"url\":\"http:\/\/www.northhatley.org\/en\/\",\"name\":\"Village de North Hatley\",\"description\":\"Village of North Hatley\",\"publisher\":{\"@id\":\"http:\/\/www.northhatley.org\/en\/#organization\"},\"potentialAction\":[{\"@type\":\"SearchAction\",\"target\":{\"@type\":\"EntryPoint\",\"urlTemplate\":\"http:\/\/www.northhatley.org\/en\/?s={search_term_string}\"},\"query-input\":{\"@type\":\"PropertyValueSpecification\",\"valueRequired\":true,\"valueName\":\"search_term_string\"}}],\"inLanguage\":\"fr-FR\"},{\"@type\":\"Organization\",\"@id\":\"http:\/\/www.northhatley.org\/en\/#organization\",\"name\":\"MUNICIPALIT\u00c9 DU VILLAGE DE NORTH HATLE\",\"url\":\"http:\/\/www.northhatley.org\/en\/\",\"logo\":{\"@type\":\"ImageObject\",\"inLanguage\":\"fr-FR\",\"@id\":\"http:\/\/www.northhatley.org\/en\/#\/schema\/logo\/image\/\",\"url\":\"https:\/\/www.northhatley.org\/wp-content\/uploads\/2016\/06\/Logo-North-Hatley.jpg\",\"contentUrl\":\"https:\/\/www.northhatley.org\/wp-content\/uploads\/2016\/06\/Logo-North-Hatley.jpg\",\"width\":127,\"height\":164,\"caption\":\"MUNICIPALIT\u00c9 DU VILLAGE DE NORTH HATLE\"},\"image\":{\"@id\":\"http:\/\/www.northhatley.org\/en\/#\/schema\/logo\/image\/\"}}]}<\/script>\n<!-- \/ Yoast SEO plugin. -->","yoast_head_json":{"title":"Demi-marathon  - Village de North Hatley","robots":{"index":"index","follow":"follow","max-snippet":"max-snippet:-1","max-image-preview":"max-image-preview:large","max-video-preview":"max-video-preview:-1"},"canonical":"http:\/\/www.northhatley.org\/fr\/communaute\/2900-2\/","og_locale":"fr_FR","og_type":"article","og_title":"Demi-marathon  - Village de North Hatley","og_description":"Courir pour une bonne cause ! Le Demi-marathon de la F\u00eate des m\u00e8res de North Hatley sert \u00e0 r\u00e9colter des fonds pour soutenir les Services r\u00e9cr\u00e9atifs de la municipalit\u00e9, qui organisent des activit\u00e9s pour les jeunes et viennent en aide aux enfants de la r\u00e9gion. Quatre courses sont au programme : 1 km pour enfants","og_url":"http:\/\/www.northhatley.org\/fr\/communaute\/2900-2\/","og_site_name":"Village de North Hatley","article_modified_time":"2015-01-27T21:52:02+00:00","twitter_misc":{"Dur\u00e9e de lecture estim\u00e9e":"1 minute"},"schema":{"@context":"https:\/\/schema.org","@graph":[{"@type":"WebPage","@id":"http:\/\/www.northhatley.org\/fr\/communaute\/2900-2\/","url":"http:\/\/www.northhatley.org\/fr\/communaute\/2900-2\/","name":"Demi-marathon - Village de North Hatley","isPartOf":{"@id":"http:\/\/www.northhatley.org\/en\/#website"},"datePublished":"2014-10-30T18:57:52+00:00","dateModified":"2015-01-27T21:52:02+00:00","breadcrumb":{"@id":"http:\/\/www.northhatley.org\/fr\/communaute\/2900-2\/#breadcrumb"},"inLanguage":"fr-FR","potentialAction":[{"@type":"ReadAction","target":["http:\/\/www.northhatley.org\/fr\/communaute\/2900-2\/"]}]},{"@type":"BreadcrumbList","@id":"http:\/\/www.northhatley.org\/fr\/communaute\/2900-2\/#breadcrumb","itemListElement":[{"@type":"ListItem","position":1,"name":"Home","item":"https:\/\/www.northhatley.org\/fr\/"},{"@type":"ListItem","position":2,"name":"R\u00e9sidents","item":"http:\/\/www.northhatley.org\/fr\/communaute\/"},{"@type":"ListItem","position":3,"name":"Demi-marathon"}]},{"@type":"WebSite","@id":"http:\/\/www.northhatley.org\/en\/#website","url":"http:\/\/www.northhatley.org\/en\/","name":"Village de North Hatley","description":"Village of North Hatley","publisher":{"@id":"http:\/\/www.northhatley.org\/en\/#organization"},"potentialAction":[{"@type":"SearchAction","target":{"@type":"EntryPoint","urlTemplate":"http:\/\/www.northhatley.org\/en\/?s={search_term_string}"},"query-input":{"@type":"PropertyValueSpecification","valueRequired":true,"valueName":"search_term_string"}}],"inLanguage":"fr-FR"},{"@type":"Organization","@id":"http:\/\/www.northhatley.org\/en\/#organization","name":"MUNICIPALIT\u00c9 DU VILLAGE DE NORTH HATLE","url":"http:\/\/www.northhatley.org\/en\/","logo":{"@type":"ImageObject","inLanguage":"fr-FR","@id":"http:\/\/www.northhatley.org\/en\/#\/schema\/logo\/image\/","url":"https:\/\/www.northhatley.org\/wp-content\/uploads\/2016\/06\/Logo-North-Hatley.jpg","contentUrl":"https:\/\/www.northhatley.org\/wp-content\/uploads\/2016\/06\/Logo-North-Hatley.jpg","width":127,"height":164,"caption":"MUNICIPALIT\u00c9 DU VILLAGE DE NORTH HATLE"},"image":{"@id":"http:\/\/www.northhatley.org\/en\/#\/schema\/logo\/image\/"}}]}},"_links":{"self":[{"href":"http:\/\/www.northhatley.org\/fr\/wp-json\/wp\/v2\/pages\/2900","targetHints":{"allow":["GET"]}}],"collection":[{"href":"http:\/\/www.northhatley.org\/fr\/wp-json\/wp\/v2\/pages"}],"about":[{"href":"http:\/\/www.northhatley.org\/fr\/wp-json\/wp\/v2\/types\/page"}],"author":[{"embeddable":true,"href":"http:\/\/www.northhatley.org\/fr\/wp-json\/wp\/v2\/users\/2"}],"replies":[{"embeddable":true,"href":"http:\/\/www.northhatley.org\/fr\/wp-json\/wp\/v2\/comments?post=2900"}],"version-history":[{"count":8,"href":"http:\/\/www.northhatley.org\/fr\/wp-json\/wp\/v2\/pages\/2900\/revisions"}],"predecessor-version":[{"id":3111,"href":"http:\/\/www.northhatley.org\/fr\/wp-json\/wp\/v2\/pages\/2900\/revisions\/3111"}],"up":[{"embeddable":true,"href":"http:\/\/www.northhatley.org\/fr\/wp-json\/wp\/v2\/pages\/1316"}],"wp:attachment":[{"href":"http:\/\/www.northhatley.org\/fr\/wp-json\/wp\/v2\/media?parent=2900"}],"curies":[{"name":"wp","href":"https:\/\/api.w.org\/{rel}","templated":true}]}}