{"id":2858,"date":"2014-10-29T17:52:44","date_gmt":"2014-10-29T21:52:44","guid":{"rendered":"http:\/\/www.northhatley.org\/?page_id=2858"},"modified":"2021-10-18T14:44:20","modified_gmt":"2021-10-18T18:44:20","slug":"la-musique-north-hatley","status":"publish","type":"page","link":"http:\/\/www.northhatley.org\/fr\/communaute\/arts-et-culture\/la-musique-north-hatley\/","title":{"rendered":"Musique"},"content":{"rendered":"<h1>La musique \u00e0 North Hatley<\/h1>\n<p>L\u2019on trouve \u00e0 North Hatley plusieurs musicien(ne)s et ensembles musicaux qui pr\u00e9sentent des concerts dans une des \u00e9glises du village ou dans le kiosque du parc Dreamland pendant la saison estivale. De plus, North Hatley re\u00e7oit des musiciens invit\u00e9s \u00e0 l\u2019occasion de divers \u00e9v\u00e9nements et festivals.<\/p>\n<ul>\n<li><a href=\"http:\/\/www.sainteelisabeth.ca\/concerts\/\" target=\"_blank\" rel=\"noopener\">Les concerts \u00e0 l\u2019\u00c9glise Sainte-\u00c9lisabeth de North Hatley<\/a><\/li>\n<\/ul>\n<ul>\n<li><a href=\"http:\/\/www.uuestrie.ca\" target=\"_blank\" rel=\"noopener\">Les concerts \u00e0 l\u2019\u00c9glise Unitarian Unversalist<\/a><\/li>\n<\/ul>\n","protected":false},"excerpt":{"rendered":"<p>La musique \u00e0 North Hatley L\u2019on trouve \u00e0 North Hatley plusieurs musicien(ne)s et ensembles musicaux qui pr\u00e9sentent des concerts dans une des \u00e9glises du village ou dans le kiosque du parc Dreamland pendant la saison estivale. De plus, North Hatley re\u00e7oit des musiciens invit\u00e9s \u00e0 l\u2019occasion de divers \u00e9v\u00e9nements et festivals. Les concerts \u00e0 l\u2019\u00c9glise<\/p>\n","protected":false},"author":2,"featured_media":0,"parent":1483,"menu_order":1,"comment_status":"open","ping_status":"open","template":"","meta":{"_acf_changed":false,"footnotes":""},"class_list":["post-2858","page","type-page","status-publish","hentry"],"acf":[],"yoast_head":"<!-- This site is optimized with the Yoast SEO plugin v24.3 - https:\/\/yoast.com\/wordpress\/plugins\/seo\/ -->\n<title>Musique - Village de North Hatley<\/title>\n<meta name=\"robots\" content=\"index, follow, max-snippet:-1, max-image-preview:large, max-video-preview:-1\" \/>\n<link rel=\"canonical\" href=\"http:\/\/www.northhatley.org\/fr\/communaute\/arts-et-culture\/la-musique-north-hatley\/\" \/>\n<meta property=\"og:locale\" content=\"fr_FR\" \/>\n<meta property=\"og:type\" content=\"article\" \/>\n<meta property=\"og:title\" content=\"Musique - Village de North Hatley\" \/>\n<meta property=\"og:description\" content=\"La musique \u00e0 North Hatley L\u2019on trouve \u00e0 North Hatley plusieurs musicien(ne)s et ensembles musicaux qui pr\u00e9sentent des concerts dans une des \u00e9glises du village ou dans le kiosque du parc Dreamland pendant la saison estivale. De plus, North Hatley re\u00e7oit des musiciens invit\u00e9s \u00e0 l\u2019occasion de divers \u00e9v\u00e9nements et festivals. Les concerts \u00e0 l\u2019\u00c9glise\" \/>\n<meta property=\"og:url\" content=\"http:\/\/www.northhatley.org\/fr\/communaute\/arts-et-culture\/la-musique-north-hatley\/\" \/>\n<meta property=\"og:site_name\" content=\"Village de North Hatley\" \/>\n<meta property=\"article:modified_time\" content=\"2021-10-18T18:44:20+00:00\" \/>\n<meta name=\"twitter:label1\" content=\"Dur\u00e9e de lecture estim\u00e9e\" \/>\n\t<meta name=\"twitter:data1\" content=\"1 minute\" \/>\n<script type=\"application\/ld+json\" class=\"yoast-schema-graph\">{\"@context\":\"https:\/\/schema.org\",\"@graph\":[{\"@type\":\"WebPage\",\"@id\":\"http:\/\/www.northhatley.org\/fr\/communaute\/arts-et-culture\/la-musique-north-hatley\/\",\"url\":\"http:\/\/www.northhatley.org\/fr\/communaute\/arts-et-culture\/la-musique-north-hatley\/\",\"name\":\"Musique - Village de North Hatley\",\"isPartOf\":{\"@id\":\"http:\/\/www.northhatley.org\/fr\/#website\"},\"datePublished\":\"2014-10-29T21:52:44+00:00\",\"dateModified\":\"2021-10-18T18:44:20+00:00\",\"breadcrumb\":{\"@id\":\"http:\/\/www.northhatley.org\/fr\/communaute\/arts-et-culture\/la-musique-north-hatley\/#breadcrumb\"},\"inLanguage\":\"fr-FR\",\"potentialAction\":[{\"@type\":\"ReadAction\",\"target\":[\"http:\/\/www.northhatley.org\/fr\/communaute\/arts-et-culture\/la-musique-north-hatley\/\"]}]},{\"@type\":\"BreadcrumbList\",\"@id\":\"http:\/\/www.northhatley.org\/fr\/communaute\/arts-et-culture\/la-musique-north-hatley\/#breadcrumb\",\"itemListElement\":[{\"@type\":\"ListItem\",\"position\":1,\"name\":\"Home\",\"item\":\"http:\/\/www.northhatley.org\/fr\/\"},{\"@type\":\"ListItem\",\"position\":2,\"name\":\"R\u00e9sidents\",\"item\":\"http:\/\/www.northhatley.org\/fr\/communaute\/\"},{\"@type\":\"ListItem\",\"position\":3,\"name\":\"Art et culture\",\"item\":\"http:\/\/www.northhatley.org\/fr\/communaute\/arts-et-culture\/\"},{\"@type\":\"ListItem\",\"position\":4,\"name\":\"Musique\"}]},{\"@type\":\"WebSite\",\"@id\":\"http:\/\/www.northhatley.org\/fr\/#website\",\"url\":\"http:\/\/www.northhatley.org\/fr\/\",\"name\":\"Village de North Hatley\",\"description\":\"Village of North Hatley\",\"publisher\":{\"@id\":\"http:\/\/www.northhatley.org\/fr\/#organization\"},\"potentialAction\":[{\"@type\":\"SearchAction\",\"target\":{\"@type\":\"EntryPoint\",\"urlTemplate\":\"http:\/\/www.northhatley.org\/fr\/?s={search_term_string}\"},\"query-input\":{\"@type\":\"PropertyValueSpecification\",\"valueRequired\":true,\"valueName\":\"search_term_string\"}}],\"inLanguage\":\"fr-FR\"},{\"@type\":\"Organization\",\"@id\":\"http:\/\/www.northhatley.org\/fr\/#organization\",\"name\":\"MUNICIPALIT\u00c9 DU VILLAGE DE NORTH HATLE\",\"url\":\"http:\/\/www.northhatley.org\/fr\/\",\"logo\":{\"@type\":\"ImageObject\",\"inLanguage\":\"fr-FR\",\"@id\":\"http:\/\/www.northhatley.org\/fr\/#\/schema\/logo\/image\/\",\"url\":\"https:\/\/www.northhatley.org\/wp-content\/uploads\/2016\/06\/Logo-North-Hatley.jpg\",\"contentUrl\":\"https:\/\/www.northhatley.org\/wp-content\/uploads\/2016\/06\/Logo-North-Hatley.jpg\",\"width\":127,\"height\":164,\"caption\":\"MUNICIPALIT\u00c9 DU VILLAGE DE NORTH HATLE\"},\"image\":{\"@id\":\"http:\/\/www.northhatley.org\/fr\/#\/schema\/logo\/image\/\"}}]}<\/script>\n<!-- \/ Yoast SEO plugin. -->","yoast_head_json":{"title":"Musique - Village de North Hatley","robots":{"index":"index","follow":"follow","max-snippet":"max-snippet:-1","max-image-preview":"max-image-preview:large","max-video-preview":"max-video-preview:-1"},"canonical":"http:\/\/www.northhatley.org\/fr\/communaute\/arts-et-culture\/la-musique-north-hatley\/","og_locale":"fr_FR","og_type":"article","og_title":"Musique - Village de North Hatley","og_description":"La musique \u00e0 North Hatley L\u2019on trouve \u00e0 North Hatley plusieurs musicien(ne)s et ensembles musicaux qui pr\u00e9sentent des concerts dans une des \u00e9glises du village ou dans le kiosque du parc Dreamland pendant la saison estivale. De plus, North Hatley re\u00e7oit des musiciens invit\u00e9s \u00e0 l\u2019occasion de divers \u00e9v\u00e9nements et festivals. Les concerts \u00e0 l\u2019\u00c9glise","og_url":"http:\/\/www.northhatley.org\/fr\/communaute\/arts-et-culture\/la-musique-north-hatley\/","og_site_name":"Village de North Hatley","article_modified_time":"2021-10-18T18:44:20+00:00","twitter_misc":{"Dur\u00e9e de lecture estim\u00e9e":"1 minute"},"schema":{"@context":"https:\/\/schema.org","@graph":[{"@type":"WebPage","@id":"http:\/\/www.northhatley.org\/fr\/communaute\/arts-et-culture\/la-musique-north-hatley\/","url":"http:\/\/www.northhatley.org\/fr\/communaute\/arts-et-culture\/la-musique-north-hatley\/","name":"Musique - Village de North Hatley","isPartOf":{"@id":"http:\/\/www.northhatley.org\/fr\/#website"},"datePublished":"2014-10-29T21:52:44+00:00","dateModified":"2021-10-18T18:44:20+00:00","breadcrumb":{"@id":"http:\/\/www.northhatley.org\/fr\/communaute\/arts-et-culture\/la-musique-north-hatley\/#breadcrumb"},"inLanguage":"fr-FR","potentialAction":[{"@type":"ReadAction","target":["http:\/\/www.northhatley.org\/fr\/communaute\/arts-et-culture\/la-musique-north-hatley\/"]}]},{"@type":"BreadcrumbList","@id":"http:\/\/www.northhatley.org\/fr\/communaute\/arts-et-culture\/la-musique-north-hatley\/#breadcrumb","itemListElement":[{"@type":"ListItem","position":1,"name":"Home","item":"http:\/\/www.northhatley.org\/fr\/"},{"@type":"ListItem","position":2,"name":"R\u00e9sidents","item":"http:\/\/www.northhatley.org\/fr\/communaute\/"},{"@type":"ListItem","position":3,"name":"Art et culture","item":"http:\/\/www.northhatley.org\/fr\/communaute\/arts-et-culture\/"},{"@type":"ListItem","position":4,"name":"Musique"}]},{"@type":"WebSite","@id":"http:\/\/www.northhatley.org\/fr\/#website","url":"http:\/\/www.northhatley.org\/fr\/","name":"Village de North Hatley","description":"Village of North Hatley","publisher":{"@id":"http:\/\/www.northhatley.org\/fr\/#organization"},"potentialAction":[{"@type":"SearchAction","target":{"@type":"EntryPoint","urlTemplate":"http:\/\/www.northhatley.org\/fr\/?s={search_term_string}"},"query-input":{"@type":"PropertyValueSpecification","valueRequired":true,"valueName":"search_term_string"}}],"inLanguage":"fr-FR"},{"@type":"Organization","@id":"http:\/\/www.northhatley.org\/fr\/#organization","name":"MUNICIPALIT\u00c9 DU VILLAGE DE NORTH HATLE","url":"http:\/\/www.northhatley.org\/fr\/","logo":{"@type":"ImageObject","inLanguage":"fr-FR","@id":"http:\/\/www.northhatley.org\/fr\/#\/schema\/logo\/image\/","url":"https:\/\/www.northhatley.org\/wp-content\/uploads\/2016\/06\/Logo-North-Hatley.jpg","contentUrl":"https:\/\/www.northhatley.org\/wp-content\/uploads\/2016\/06\/Logo-North-Hatley.jpg","width":127,"height":164,"caption":"MUNICIPALIT\u00c9 DU VILLAGE DE NORTH HATLE"},"image":{"@id":"http:\/\/www.northhatley.org\/fr\/#\/schema\/logo\/image\/"}}]}},"_links":{"self":[{"href":"http:\/\/www.northhatley.org\/fr\/wp-json\/wp\/v2\/pages\/2858","targetHints":{"allow":["GET"]}}],"collection":[{"href":"http:\/\/www.northhatley.org\/fr\/wp-json\/wp\/v2\/pages"}],"about":[{"href":"http:\/\/www.northhatley.org\/fr\/wp-json\/wp\/v2\/types\/page"}],"author":[{"embeddable":true,"href":"http:\/\/www.northhatley.org\/fr\/wp-json\/wp\/v2\/users\/2"}],"replies":[{"embeddable":true,"href":"http:\/\/www.northhatley.org\/fr\/wp-json\/wp\/v2\/comments?post=2858"}],"version-history":[{"count":7,"href":"http:\/\/www.northhatley.org\/fr\/wp-json\/wp\/v2\/pages\/2858\/revisions"}],"predecessor-version":[{"id":10421,"href":"http:\/\/www.northhatley.org\/fr\/wp-json\/wp\/v2\/pages\/2858\/revisions\/10421"}],"up":[{"embeddable":true,"href":"http:\/\/www.northhatley.org\/fr\/wp-json\/wp\/v2\/pages\/1483"}],"wp:attachment":[{"href":"http:\/\/www.northhatley.org\/fr\/wp-json\/wp\/v2\/media?parent=2858"}],"curies":[{"name":"wp","href":"https:\/\/api.w.org\/{rel}","templated":true}]}}