{"id":2390,"date":"2014-07-28T17:33:58","date_gmt":"2014-07-28T21:33:58","guid":{"rendered":"http:\/\/www.northhatley.org\/?page_id=2390"},"modified":"2019-07-22T18:36:17","modified_gmt":"2019-07-22T22:36:17","slug":"le-festival-de-musique-massawippi","status":"publish","type":"page","link":"http:\/\/www.northhatley.org\/fr\/communaute\/le-festival-de-musique-massawippi\/","title":{"rendered":"Festival de musique"},"content":{"rendered":"<h1 style=\"text-align: center;\">LES CONCERTS DREAMLAND<\/h1>\n<p>De la f\u00eate du Canada \u00e0 la f\u00eate du Travail, Les concerts Dreamland mettent en sc\u00e8ne des concerts donn\u00e9s par des artistes renomm\u00e9s.\u00a0 Ces spectacles ont lieu le samedi soir de 19h30 \u00e0 21 h et le dimanche matin, de 13h \u00e0 14 h au bord du Lac Massawippi, dans le parc Dreamland, au coin des rues Main et Capelton.<\/p>\n<p>En cas de pluie, les concerts du samedi se tiennent au b\u00e2timent de la plage (2070, chemin du lac) alors que les concerts du dimanche se tiennent au Centre communautaire de North Hatley (3127, chemin Capelton).<\/p>\n<p>Des concerts du rock, du blues, du country ou du jazz sont pr\u00e9sent\u00e9s les samedis soirs et des concerts classiques \u00ab\u00a0pique-nique\u00a0\u00bb les dimanches \u00e0 midi pendant les mois de juillet et ao\u00fbt.<\/p>\n<p>Tous les concerts sont gratuits.<\/p>\n","protected":false},"excerpt":{"rendered":"<p>LES CONCERTS DREAMLAND De la f\u00eate du Canada \u00e0 la f\u00eate du Travail, Les concerts Dreamland mettent en sc\u00e8ne des concerts donn\u00e9s par des artistes renomm\u00e9s.\u00a0 Ces spectacles ont lieu le samedi soir de 19h30 \u00e0 21 h et le dimanche matin, de 13h \u00e0 14 h au bord du Lac Massawippi, dans le parc<\/p>\n","protected":false},"author":2,"featured_media":0,"parent":1316,"menu_order":1,"comment_status":"open","ping_status":"closed","template":"","meta":{"_acf_changed":false,"footnotes":""},"class_list":["post-2390","page","type-page","status-publish","hentry"],"acf":[],"yoast_head":"<!-- This site is optimized with the Yoast SEO plugin v24.3 - https:\/\/yoast.com\/wordpress\/plugins\/seo\/ -->\n<title>Festival de musique - Village de North Hatley<\/title>\n<meta name=\"robots\" content=\"index, follow, max-snippet:-1, max-image-preview:large, max-video-preview:-1\" \/>\n<link rel=\"canonical\" href=\"http:\/\/www.northhatley.org\/fr\/communaute\/le-festival-de-musique-massawippi\/\" \/>\n<meta property=\"og:locale\" content=\"fr_FR\" \/>\n<meta property=\"og:type\" content=\"article\" \/>\n<meta property=\"og:title\" content=\"Festival de musique - Village de North Hatley\" \/>\n<meta property=\"og:description\" content=\"LES CONCERTS DREAMLAND De la f\u00eate du Canada \u00e0 la f\u00eate du Travail, Les concerts Dreamland mettent en sc\u00e8ne des concerts donn\u00e9s par des artistes renomm\u00e9s.\u00a0 Ces spectacles ont lieu le samedi soir de 19h30 \u00e0 21 h et le dimanche matin, de 13h \u00e0 14 h au bord du Lac Massawippi, dans le parc\" \/>\n<meta property=\"og:url\" content=\"http:\/\/www.northhatley.org\/fr\/communaute\/le-festival-de-musique-massawippi\/\" \/>\n<meta property=\"og:site_name\" content=\"Village de North Hatley\" \/>\n<meta property=\"article:modified_time\" content=\"2019-07-22T22:36:17+00:00\" \/>\n<meta name=\"twitter:label1\" content=\"Dur\u00e9e de lecture estim\u00e9e\" \/>\n\t<meta name=\"twitter:data1\" content=\"1 minute\" \/>\n<script type=\"application\/ld+json\" class=\"yoast-schema-graph\">{\"@context\":\"https:\/\/schema.org\",\"@graph\":[{\"@type\":\"WebPage\",\"@id\":\"http:\/\/www.northhatley.org\/fr\/communaute\/le-festival-de-musique-massawippi\/\",\"url\":\"http:\/\/www.northhatley.org\/fr\/communaute\/le-festival-de-musique-massawippi\/\",\"name\":\"Festival de musique - Village de North Hatley\",\"isPartOf\":{\"@id\":\"http:\/\/www.northhatley.org\/en\/#website\"},\"datePublished\":\"2014-07-28T21:33:58+00:00\",\"dateModified\":\"2019-07-22T22:36:17+00:00\",\"breadcrumb\":{\"@id\":\"http:\/\/www.northhatley.org\/fr\/communaute\/le-festival-de-musique-massawippi\/#breadcrumb\"},\"inLanguage\":\"fr-FR\",\"potentialAction\":[{\"@type\":\"ReadAction\",\"target\":[\"http:\/\/www.northhatley.org\/fr\/communaute\/le-festival-de-musique-massawippi\/\"]}]},{\"@type\":\"BreadcrumbList\",\"@id\":\"http:\/\/www.northhatley.org\/fr\/communaute\/le-festival-de-musique-massawippi\/#breadcrumb\",\"itemListElement\":[{\"@type\":\"ListItem\",\"position\":1,\"name\":\"Home\",\"item\":\"http:\/\/www.northhatley.org\/fr\/\"},{\"@type\":\"ListItem\",\"position\":2,\"name\":\"R\u00e9sidents\",\"item\":\"http:\/\/www.northhatley.org\/fr\/communaute\/\"},{\"@type\":\"ListItem\",\"position\":3,\"name\":\"Festival de musique\"}]},{\"@type\":\"WebSite\",\"@id\":\"http:\/\/www.northhatley.org\/en\/#website\",\"url\":\"http:\/\/www.northhatley.org\/en\/\",\"name\":\"Village de North Hatley\",\"description\":\"Village of North Hatley\",\"publisher\":{\"@id\":\"http:\/\/www.northhatley.org\/en\/#organization\"},\"potentialAction\":[{\"@type\":\"SearchAction\",\"target\":{\"@type\":\"EntryPoint\",\"urlTemplate\":\"http:\/\/www.northhatley.org\/en\/?s={search_term_string}\"},\"query-input\":{\"@type\":\"PropertyValueSpecification\",\"valueRequired\":true,\"valueName\":\"search_term_string\"}}],\"inLanguage\":\"fr-FR\"},{\"@type\":\"Organization\",\"@id\":\"http:\/\/www.northhatley.org\/en\/#organization\",\"name\":\"MUNICIPALIT\u00c9 DU VILLAGE DE NORTH HATLE\",\"url\":\"http:\/\/www.northhatley.org\/en\/\",\"logo\":{\"@type\":\"ImageObject\",\"inLanguage\":\"fr-FR\",\"@id\":\"http:\/\/www.northhatley.org\/en\/#\/schema\/logo\/image\/\",\"url\":\"https:\/\/www.northhatley.org\/wp-content\/uploads\/2016\/06\/Logo-North-Hatley.jpg\",\"contentUrl\":\"https:\/\/www.northhatley.org\/wp-content\/uploads\/2016\/06\/Logo-North-Hatley.jpg\",\"width\":127,\"height\":164,\"caption\":\"MUNICIPALIT\u00c9 DU VILLAGE DE NORTH HATLE\"},\"image\":{\"@id\":\"http:\/\/www.northhatley.org\/en\/#\/schema\/logo\/image\/\"}}]}<\/script>\n<!-- \/ Yoast SEO plugin. -->","yoast_head_json":{"title":"Festival de musique - Village de North Hatley","robots":{"index":"index","follow":"follow","max-snippet":"max-snippet:-1","max-image-preview":"max-image-preview:large","max-video-preview":"max-video-preview:-1"},"canonical":"http:\/\/www.northhatley.org\/fr\/communaute\/le-festival-de-musique-massawippi\/","og_locale":"fr_FR","og_type":"article","og_title":"Festival de musique - Village de North Hatley","og_description":"LES CONCERTS DREAMLAND De la f\u00eate du Canada \u00e0 la f\u00eate du Travail, Les concerts Dreamland mettent en sc\u00e8ne des concerts donn\u00e9s par des artistes renomm\u00e9s.\u00a0 Ces spectacles ont lieu le samedi soir de 19h30 \u00e0 21 h et le dimanche matin, de 13h \u00e0 14 h au bord du Lac Massawippi, dans le parc","og_url":"http:\/\/www.northhatley.org\/fr\/communaute\/le-festival-de-musique-massawippi\/","og_site_name":"Village de North Hatley","article_modified_time":"2019-07-22T22:36:17+00:00","twitter_misc":{"Dur\u00e9e de lecture estim\u00e9e":"1 minute"},"schema":{"@context":"https:\/\/schema.org","@graph":[{"@type":"WebPage","@id":"http:\/\/www.northhatley.org\/fr\/communaute\/le-festival-de-musique-massawippi\/","url":"http:\/\/www.northhatley.org\/fr\/communaute\/le-festival-de-musique-massawippi\/","name":"Festival de musique - Village de North Hatley","isPartOf":{"@id":"http:\/\/www.northhatley.org\/en\/#website"},"datePublished":"2014-07-28T21:33:58+00:00","dateModified":"2019-07-22T22:36:17+00:00","breadcrumb":{"@id":"http:\/\/www.northhatley.org\/fr\/communaute\/le-festival-de-musique-massawippi\/#breadcrumb"},"inLanguage":"fr-FR","potentialAction":[{"@type":"ReadAction","target":["http:\/\/www.northhatley.org\/fr\/communaute\/le-festival-de-musique-massawippi\/"]}]},{"@type":"BreadcrumbList","@id":"http:\/\/www.northhatley.org\/fr\/communaute\/le-festival-de-musique-massawippi\/#breadcrumb","itemListElement":[{"@type":"ListItem","position":1,"name":"Home","item":"http:\/\/www.northhatley.org\/fr\/"},{"@type":"ListItem","position":2,"name":"R\u00e9sidents","item":"http:\/\/www.northhatley.org\/fr\/communaute\/"},{"@type":"ListItem","position":3,"name":"Festival de musique"}]},{"@type":"WebSite","@id":"http:\/\/www.northhatley.org\/en\/#website","url":"http:\/\/www.northhatley.org\/en\/","name":"Village de North Hatley","description":"Village of North Hatley","publisher":{"@id":"http:\/\/www.northhatley.org\/en\/#organization"},"potentialAction":[{"@type":"SearchAction","target":{"@type":"EntryPoint","urlTemplate":"http:\/\/www.northhatley.org\/en\/?s={search_term_string}"},"query-input":{"@type":"PropertyValueSpecification","valueRequired":true,"valueName":"search_term_string"}}],"inLanguage":"fr-FR"},{"@type":"Organization","@id":"http:\/\/www.northhatley.org\/en\/#organization","name":"MUNICIPALIT\u00c9 DU VILLAGE DE NORTH HATLE","url":"http:\/\/www.northhatley.org\/en\/","logo":{"@type":"ImageObject","inLanguage":"fr-FR","@id":"http:\/\/www.northhatley.org\/en\/#\/schema\/logo\/image\/","url":"https:\/\/www.northhatley.org\/wp-content\/uploads\/2016\/06\/Logo-North-Hatley.jpg","contentUrl":"https:\/\/www.northhatley.org\/wp-content\/uploads\/2016\/06\/Logo-North-Hatley.jpg","width":127,"height":164,"caption":"MUNICIPALIT\u00c9 DU VILLAGE DE NORTH HATLE"},"image":{"@id":"http:\/\/www.northhatley.org\/en\/#\/schema\/logo\/image\/"}}]}},"_links":{"self":[{"href":"http:\/\/www.northhatley.org\/fr\/wp-json\/wp\/v2\/pages\/2390","targetHints":{"allow":["GET"]}}],"collection":[{"href":"http:\/\/www.northhatley.org\/fr\/wp-json\/wp\/v2\/pages"}],"about":[{"href":"http:\/\/www.northhatley.org\/fr\/wp-json\/wp\/v2\/types\/page"}],"author":[{"embeddable":true,"href":"http:\/\/www.northhatley.org\/fr\/wp-json\/wp\/v2\/users\/2"}],"replies":[{"embeddable":true,"href":"http:\/\/www.northhatley.org\/fr\/wp-json\/wp\/v2\/comments?post=2390"}],"version-history":[{"count":6,"href":"http:\/\/www.northhatley.org\/fr\/wp-json\/wp\/v2\/pages\/2390\/revisions"}],"predecessor-version":[{"id":8093,"href":"http:\/\/www.northhatley.org\/fr\/wp-json\/wp\/v2\/pages\/2390\/revisions\/8093"}],"up":[{"embeddable":true,"href":"http:\/\/www.northhatley.org\/fr\/wp-json\/wp\/v2\/pages\/1316"}],"wp:attachment":[{"href":"http:\/\/www.northhatley.org\/fr\/wp-json\/wp\/v2\/media?parent=2390"}],"curies":[{"name":"wp","href":"https:\/\/api.w.org\/{rel}","templated":true}]}}