{"id":1838,"date":"2014-07-07T17:12:19","date_gmt":"2014-07-07T17:12:19","guid":{"rendered":"http:\/\/www.northhatley.org\/?page_id=1838"},"modified":"2021-08-05T10:12:43","modified_gmt":"2021-08-05T14:12:43","slug":"cartes-et-indications","status":"publish","type":"page","link":"http:\/\/www.northhatley.org\/fr\/propos\/cartes-et-indications\/","title":{"rendered":"Cartes et indications"},"content":{"rendered":"<div class=\"wpb-content-wrapper\"><p>[vc_row][vc_column width=\u00a0\u00bb1\/3&Prime;][vc_column_text]<\/p>\n<h1>Municipalit\u00e9 de\u00a0 North Hatley<\/h1>\n<p>3125,\u00a0 ch. Capelton<br \/>\nNorth Hatley, Qu\u00e9bec<br \/>\nJ0B 2C0<\/p>\n<p>T\u00e9l\u00e9phone : 819 842-2754<br \/>\nNum\u00e9ro sans frais : 1 877 842-2754<br \/>\nT\u00e9l\u00e9copieur : 819 842-4501<br \/>\nCourriel : <a href=\"mailto:info@northhatley.org\" target=\"_blank\" rel=\"noopener\">info@northhatley.org<\/a><\/p>\n<p>Heures d&rsquo;ouverture :<br \/>\nlundi-mardi-jeudi : de 8h \u00e0 midi et de 13h \u00e0 16h30<br \/>\nmercredi : Ferm\u00e9 au public<br \/>\nvendredi : de 8h \u00e0 midi<\/p>\n<p>[\/vc_column_text][\/vc_column][vc_column width=\u00a0\u00bb2\/3&Prime;][vc_raw_html]PGlmcmFtZSB3aWR0aD0iNDI1IiBoZWlnaHQ9IjM1MCIgZnJhbWVib3JkZXI9IjAiIHNjcm9sbGluZz0ibm8iIG1hcmdpbmhlaWdodD0iMCIgbWFyZ2lud2lkdGg9IjAiIHNyYz0iaHR0cHM6Ly9tYXBzLmdvb2dsZS5jYS9tYXBzP2Y9cSZhbXA7c291cmNlPWVtYmVkJmFtcDtobD1mciZhbXA7Z2VvY29kZT0mYW1wO3E9MzEyNSwrY2hlbWluK0NhcGVsdG9uLCtOb3J0aCtIYXRsZXksKyhRdSVDMyVBOWJlYyksK0owQisyQzAmYW1wO3NsbD00OS44OTQ2MzQsLTk3LjExOTE0MSZhbXA7c3Nwbj0yMy43NzI1NCw1Ni4xNjIxMDkmYW1wO2llPVVURjgmYW1wO2hxPSZhbXA7aG5lYXI9MzEyNStDaGVtaW4rQ2FwZWx0b24sK05vcnRoK0hhdGxleSwrTWVtcGhyJUMzJUE5bWFnb2csK1F1JUMzJUE5YmVjK0owQiZhbXA7dD1tJmFtcDt6PTE0JmFtcDtsbD00NS4yNzk3ODUsLTcxLjk3MTA0OSZhbXA7b3V0cHV0PWVtYmVkIj48L2lmcmFtZT48YnIgLz48c21hbGw+PGEgaHJlZj0iaHR0cHM6Ly9tYXBzLmdvb2dsZS5jYS9tYXBzP2Y9cSZhbXA7c291cmNlPWVtYmVkJmFtcDtobD1mciZhbXA7Z2VvY29kZT0mYW1wO3E9MzEyNSwrY2hlbWluK0NhcGVsdG9uLCtOb3J0aCtIYXRsZXksKyhRdSVDMyVBOWJlYyksK0owQisyQzAmYW1wO3NsbD00OS44OTQ2MzQsLTk3LjExOTE0MSZhbXA7c3Nwbj0yMy43NzI1NCw1Ni4xNjIxMDkmYW1wO2llPVVURjgmYW1wO2hxPSZhbXA7aG5lYXI9MzEyNStDaGVtaW4rQ2FwZWx0b24sK05vcnRoK0hhdGxleSwrTWVtcGhyJUMzJUE5bWFnb2csK1F1JUMzJUE5YmVjK0owQiZhbXA7dD1tJmFtcDt6PTE0JmFtcDtsbD00NS4yNzk3ODUsLTcxLjk3MTA0OSIgc3R5bGU9ImNvbG9yOiMwMDAwRkY7dGV4dC1hbGlnbjpsZWZ0Ij5BZ3JhbmRpciBsZSBwbGFuPC9hPjwvc21hbGw+[\/vc_raw_html][\/vc_column][\/vc_row][vc_row][vc_column][vc_raw_html][\/vc_raw_html][\/vc_column][\/vc_row]<\/p>\n<\/div>","protected":false},"excerpt":{"rendered":"<p>[vc_row][vc_column width=\u00a0\u00bb1\/3&Prime;][vc_column_text] Municipalit\u00e9 de\u00a0 North Hatley 3125,\u00a0 ch. Capelton North Hatley, Qu\u00e9bec J0B 2C0 T\u00e9l\u00e9phone : 819 842-2754 Num\u00e9ro sans frais : 1 877 842-2754 T\u00e9l\u00e9copieur : 819 842-4501 Courriel : info@northhatley.org Heures d&rsquo;ouverture : lundi-mardi-jeudi : de 8h \u00e0 midi et de 13h \u00e0 16h30 mercredi : Ferm\u00e9 au public vendredi : de 8h<\/p>\n","protected":false},"author":2,"featured_media":0,"parent":1980,"menu_order":2,"comment_status":"open","ping_status":"closed","template":"","meta":{"_acf_changed":false,"footnotes":""},"class_list":["post-1838","page","type-page","status-publish","hentry"],"acf":[],"yoast_head":"<!-- This site is optimized with the Yoast SEO plugin v24.3 - https:\/\/yoast.com\/wordpress\/plugins\/seo\/ -->\n<title>Cartes et indications - Village de North Hatley<\/title>\n<meta name=\"robots\" content=\"index, follow, max-snippet:-1, max-image-preview:large, max-video-preview:-1\" \/>\n<link rel=\"canonical\" href=\"http:\/\/www.northhatley.org\/fr\/propos\/cartes-et-indications\/\" \/>\n<meta property=\"og:locale\" content=\"fr_FR\" \/>\n<meta property=\"og:type\" content=\"article\" \/>\n<meta property=\"og:title\" content=\"Cartes et indications - Village de North Hatley\" \/>\n<meta property=\"og:description\" content=\"[vc_row][vc_column width=\u00a0\u00bb1\/3&Prime;][vc_column_text] Municipalit\u00e9 de\u00a0 North Hatley 3125,\u00a0 ch. Capelton North Hatley, Qu\u00e9bec J0B 2C0 T\u00e9l\u00e9phone : 819 842-2754 Num\u00e9ro sans frais : 1 877 842-2754 T\u00e9l\u00e9copieur : 819 842-4501 Courriel : info@northhatley.org Heures d&rsquo;ouverture : lundi-mardi-jeudi : de 8h \u00e0 midi et de 13h \u00e0 16h30 mercredi : Ferm\u00e9 au public vendredi : de 8h\" \/>\n<meta property=\"og:url\" content=\"http:\/\/www.northhatley.org\/fr\/propos\/cartes-et-indications\/\" \/>\n<meta property=\"og:site_name\" content=\"Village de North Hatley\" \/>\n<meta property=\"article:modified_time\" content=\"2021-08-05T14:12:43+00:00\" \/>\n<meta name=\"twitter:label1\" content=\"Dur\u00e9e de lecture estim\u00e9e\" \/>\n\t<meta name=\"twitter:data1\" content=\"1 minute\" \/>\n<script type=\"application\/ld+json\" class=\"yoast-schema-graph\">{\"@context\":\"https:\/\/schema.org\",\"@graph\":[{\"@type\":\"WebPage\",\"@id\":\"http:\/\/www.northhatley.org\/fr\/propos\/cartes-et-indications\/\",\"url\":\"http:\/\/www.northhatley.org\/fr\/propos\/cartes-et-indications\/\",\"name\":\"Cartes et indications - Village de North Hatley\",\"isPartOf\":{\"@id\":\"https:\/\/www.northhatley.org\/en\/#website\"},\"datePublished\":\"2014-07-07T17:12:19+00:00\",\"dateModified\":\"2021-08-05T14:12:43+00:00\",\"breadcrumb\":{\"@id\":\"http:\/\/www.northhatley.org\/fr\/propos\/cartes-et-indications\/#breadcrumb\"},\"inLanguage\":\"fr-FR\",\"potentialAction\":[{\"@type\":\"ReadAction\",\"target\":[\"http:\/\/www.northhatley.org\/fr\/propos\/cartes-et-indications\/\"]}]},{\"@type\":\"BreadcrumbList\",\"@id\":\"http:\/\/www.northhatley.org\/fr\/propos\/cartes-et-indications\/#breadcrumb\",\"itemListElement\":[{\"@type\":\"ListItem\",\"position\":1,\"name\":\"Home\",\"item\":\"https:\/\/www.northhatley.org\/fr\/\"},{\"@type\":\"ListItem\",\"position\":2,\"name\":\"\u00c0 propos\",\"item\":\"https:\/\/www.northhatley.org\/fr\/propos\/\"},{\"@type\":\"ListItem\",\"position\":3,\"name\":\"Cartes et indications\"}]},{\"@type\":\"WebSite\",\"@id\":\"https:\/\/www.northhatley.org\/en\/#website\",\"url\":\"https:\/\/www.northhatley.org\/en\/\",\"name\":\"Village de North Hatley\",\"description\":\"Village of North Hatley\",\"publisher\":{\"@id\":\"https:\/\/www.northhatley.org\/en\/#organization\"},\"potentialAction\":[{\"@type\":\"SearchAction\",\"target\":{\"@type\":\"EntryPoint\",\"urlTemplate\":\"https:\/\/www.northhatley.org\/en\/?s={search_term_string}\"},\"query-input\":{\"@type\":\"PropertyValueSpecification\",\"valueRequired\":true,\"valueName\":\"search_term_string\"}}],\"inLanguage\":\"fr-FR\"},{\"@type\":\"Organization\",\"@id\":\"https:\/\/www.northhatley.org\/en\/#organization\",\"name\":\"MUNICIPALIT\u00c9 DU VILLAGE DE NORTH HATLE\",\"url\":\"https:\/\/www.northhatley.org\/en\/\",\"logo\":{\"@type\":\"ImageObject\",\"inLanguage\":\"fr-FR\",\"@id\":\"https:\/\/www.northhatley.org\/en\/#\/schema\/logo\/image\/\",\"url\":\"https:\/\/www.northhatley.org\/wp-content\/uploads\/2016\/06\/Logo-North-Hatley.jpg\",\"contentUrl\":\"https:\/\/www.northhatley.org\/wp-content\/uploads\/2016\/06\/Logo-North-Hatley.jpg\",\"width\":127,\"height\":164,\"caption\":\"MUNICIPALIT\u00c9 DU VILLAGE DE NORTH HATLE\"},\"image\":{\"@id\":\"https:\/\/www.northhatley.org\/en\/#\/schema\/logo\/image\/\"}}]}<\/script>\n<!-- \/ Yoast SEO plugin. -->","yoast_head_json":{"title":"Cartes et indications - Village de North Hatley","robots":{"index":"index","follow":"follow","max-snippet":"max-snippet:-1","max-image-preview":"max-image-preview:large","max-video-preview":"max-video-preview:-1"},"canonical":"http:\/\/www.northhatley.org\/fr\/propos\/cartes-et-indications\/","og_locale":"fr_FR","og_type":"article","og_title":"Cartes et indications - Village de North Hatley","og_description":"[vc_row][vc_column width=\u00a0\u00bb1\/3&Prime;][vc_column_text] Municipalit\u00e9 de\u00a0 North Hatley 3125,\u00a0 ch. Capelton North Hatley, Qu\u00e9bec J0B 2C0 T\u00e9l\u00e9phone : 819 842-2754 Num\u00e9ro sans frais : 1 877 842-2754 T\u00e9l\u00e9copieur : 819 842-4501 Courriel : info@northhatley.org Heures d&rsquo;ouverture : lundi-mardi-jeudi : de 8h \u00e0 midi et de 13h \u00e0 16h30 mercredi : Ferm\u00e9 au public vendredi : de 8h","og_url":"http:\/\/www.northhatley.org\/fr\/propos\/cartes-et-indications\/","og_site_name":"Village de North Hatley","article_modified_time":"2021-08-05T14:12:43+00:00","twitter_misc":{"Dur\u00e9e de lecture estim\u00e9e":"1 minute"},"schema":{"@context":"https:\/\/schema.org","@graph":[{"@type":"WebPage","@id":"http:\/\/www.northhatley.org\/fr\/propos\/cartes-et-indications\/","url":"http:\/\/www.northhatley.org\/fr\/propos\/cartes-et-indications\/","name":"Cartes et indications - Village de North Hatley","isPartOf":{"@id":"https:\/\/www.northhatley.org\/en\/#website"},"datePublished":"2014-07-07T17:12:19+00:00","dateModified":"2021-08-05T14:12:43+00:00","breadcrumb":{"@id":"http:\/\/www.northhatley.org\/fr\/propos\/cartes-et-indications\/#breadcrumb"},"inLanguage":"fr-FR","potentialAction":[{"@type":"ReadAction","target":["http:\/\/www.northhatley.org\/fr\/propos\/cartes-et-indications\/"]}]},{"@type":"BreadcrumbList","@id":"http:\/\/www.northhatley.org\/fr\/propos\/cartes-et-indications\/#breadcrumb","itemListElement":[{"@type":"ListItem","position":1,"name":"Home","item":"https:\/\/www.northhatley.org\/fr\/"},{"@type":"ListItem","position":2,"name":"\u00c0 propos","item":"https:\/\/www.northhatley.org\/fr\/propos\/"},{"@type":"ListItem","position":3,"name":"Cartes et indications"}]},{"@type":"WebSite","@id":"https:\/\/www.northhatley.org\/en\/#website","url":"https:\/\/www.northhatley.org\/en\/","name":"Village de North Hatley","description":"Village of North Hatley","publisher":{"@id":"https:\/\/www.northhatley.org\/en\/#organization"},"potentialAction":[{"@type":"SearchAction","target":{"@type":"EntryPoint","urlTemplate":"https:\/\/www.northhatley.org\/en\/?s={search_term_string}"},"query-input":{"@type":"PropertyValueSpecification","valueRequired":true,"valueName":"search_term_string"}}],"inLanguage":"fr-FR"},{"@type":"Organization","@id":"https:\/\/www.northhatley.org\/en\/#organization","name":"MUNICIPALIT\u00c9 DU VILLAGE DE NORTH HATLE","url":"https:\/\/www.northhatley.org\/en\/","logo":{"@type":"ImageObject","inLanguage":"fr-FR","@id":"https:\/\/www.northhatley.org\/en\/#\/schema\/logo\/image\/","url":"https:\/\/www.northhatley.org\/wp-content\/uploads\/2016\/06\/Logo-North-Hatley.jpg","contentUrl":"https:\/\/www.northhatley.org\/wp-content\/uploads\/2016\/06\/Logo-North-Hatley.jpg","width":127,"height":164,"caption":"MUNICIPALIT\u00c9 DU VILLAGE DE NORTH HATLE"},"image":{"@id":"https:\/\/www.northhatley.org\/en\/#\/schema\/logo\/image\/"}}]}},"_links":{"self":[{"href":"http:\/\/www.northhatley.org\/fr\/wp-json\/wp\/v2\/pages\/1838","targetHints":{"allow":["GET"]}}],"collection":[{"href":"http:\/\/www.northhatley.org\/fr\/wp-json\/wp\/v2\/pages"}],"about":[{"href":"http:\/\/www.northhatley.org\/fr\/wp-json\/wp\/v2\/types\/page"}],"author":[{"embeddable":true,"href":"http:\/\/www.northhatley.org\/fr\/wp-json\/wp\/v2\/users\/2"}],"replies":[{"embeddable":true,"href":"http:\/\/www.northhatley.org\/fr\/wp-json\/wp\/v2\/comments?post=1838"}],"version-history":[{"count":4,"href":"http:\/\/www.northhatley.org\/fr\/wp-json\/wp\/v2\/pages\/1838\/revisions"}],"predecessor-version":[{"id":9990,"href":"http:\/\/www.northhatley.org\/fr\/wp-json\/wp\/v2\/pages\/1838\/revisions\/9990"}],"up":[{"embeddable":true,"href":"http:\/\/www.northhatley.org\/fr\/wp-json\/wp\/v2\/pages\/1980"}],"wp:attachment":[{"href":"http:\/\/www.northhatley.org\/fr\/wp-json\/wp\/v2\/media?parent=1838"}],"curies":[{"name":"wp","href":"https:\/\/api.w.org\/{rel}","templated":true}]}}