{"id":1623,"date":"2014-07-03T17:35:12","date_gmt":"2014-07-03T17:35:12","guid":{"rendered":"http:\/\/www.northhatley.org\/?page_id=1623"},"modified":"2023-03-09T08:19:37","modified_gmt":"2023-03-09T13:19:37","slug":"restaurants-et-cafes-north-hatley","status":"publish","type":"page","link":"http:\/\/www.northhatley.org\/fr\/visiteurs\/restaurants-et-cafes-north-hatley\/","title":{"rendered":"Caf\u00e9s et restaurants \u00e0 North Hatley"},"content":{"rendered":"<h1><strong>Caf\u00e9s et restaurants \u00e0 North Hatley<\/strong><\/h1>\n<p>North Hatley a une longue tradition de gastronomie et de lieux de d\u00e9tente. Que vous ayez en t\u00eate une soir\u00e9e intime, un ap\u00e9ro ou un repas l\u00e9ger, vous trouverez de quoi vous satisfaire !<\/p>\n<p><strong><strong>Restaurants, c<\/strong>af\u00e9s et snackbar<\/strong><\/p>\n<ul>\n<li><a href=\"https:\/\/casawippi.com\/en\/\" target=\"_blank\" rel=\"noopener\"><strong>Casawippi<\/strong><\/a><\/li>\n<li><strong><a href=\"http:\/\/www.manoirhovey.com\/\" target=\"_blank\" rel=\"noopener noreferrer\">Le Manoir Hovey<\/a>\u00a0&#8211; Restaurant le Hatley<\/strong><\/li>\n<li><strong><a href=\"http:\/\/www.pilsen.ca\/index.html\" target=\"_blank\" rel=\"noopener noreferrer\">Restopub Pilsen<\/a><\/strong><\/li>\n<li><strong><a href=\"http:\/\/www.aubergelachocolatiere.com\" target=\"_blank\" rel=\"noopener noreferrer\">Auberge la Chocolati\u00e8re<\/a><\/strong><\/li>\n<li><strong><a href=\"https:\/\/www.massawippimercantile.com\/\" target=\"_blank\" rel=\"noopener\">Mercantile<\/a><\/strong><\/li>\n<li><a href=\"https:\/\/lacievilandre.com\/\" target=\"_blank\" rel=\"noopener\"><strong>La Cie Vilandr\u00e9<\/strong><\/a><\/li>\n<\/ul>\n","protected":false},"excerpt":{"rendered":"<p>Caf\u00e9s et restaurants \u00e0 North Hatley North Hatley a une longue tradition de gastronomie et de lieux de d\u00e9tente. Que vous ayez en t\u00eate une soir\u00e9e intime, un ap\u00e9ro ou un repas l\u00e9ger, vous trouverez de quoi vous satisfaire ! Restaurants, caf\u00e9s et snackbar Casawippi Le Manoir Hovey\u00a0&#8211; Restaurant le Hatley Restopub Pilsen Auberge la<\/p>\n","protected":false},"author":2,"featured_media":0,"parent":1327,"menu_order":2,"comment_status":"open","ping_status":"closed","template":"","meta":{"_acf_changed":false,"footnotes":""},"class_list":["post-1623","page","type-page","status-publish","hentry"],"acf":[],"yoast_head":"<!-- This site is optimized with the Yoast SEO plugin v24.3 - https:\/\/yoast.com\/wordpress\/plugins\/seo\/ -->\n<title>Caf\u00e9s et restaurants \u00e0 North Hatley - Village de North Hatley<\/title>\n<meta name=\"robots\" content=\"index, follow, max-snippet:-1, max-image-preview:large, max-video-preview:-1\" \/>\n<link rel=\"canonical\" href=\"https:\/\/www.northhatley.org\/fr\/visiteurs\/restaurants-et-cafes-north-hatley\/\" \/>\n<meta property=\"og:locale\" content=\"fr_FR\" \/>\n<meta property=\"og:type\" content=\"article\" \/>\n<meta property=\"og:title\" content=\"Caf\u00e9s et restaurants \u00e0 North Hatley - Village de North Hatley\" \/>\n<meta property=\"og:description\" content=\"Caf\u00e9s et restaurants \u00e0 North Hatley North Hatley a une longue tradition de gastronomie et de lieux de d\u00e9tente. Que vous ayez en t\u00eate une soir\u00e9e intime, un ap\u00e9ro ou un repas l\u00e9ger, vous trouverez de quoi vous satisfaire ! Restaurants, caf\u00e9s et snackbar Casawippi Le Manoir Hovey\u00a0&#8211; Restaurant le Hatley Restopub Pilsen Auberge la\" \/>\n<meta property=\"og:url\" content=\"https:\/\/www.northhatley.org\/fr\/visiteurs\/restaurants-et-cafes-north-hatley\/\" \/>\n<meta property=\"og:site_name\" content=\"Village de North Hatley\" \/>\n<meta property=\"article:modified_time\" content=\"2023-03-09T13:19:37+00:00\" \/>\n<meta name=\"twitter:label1\" content=\"Dur\u00e9e de lecture estim\u00e9e\" \/>\n\t<meta name=\"twitter:data1\" content=\"1 minute\" \/>\n<script type=\"application\/ld+json\" class=\"yoast-schema-graph\">{\"@context\":\"https:\/\/schema.org\",\"@graph\":[{\"@type\":\"WebPage\",\"@id\":\"https:\/\/www.northhatley.org\/fr\/visiteurs\/restaurants-et-cafes-north-hatley\/\",\"url\":\"https:\/\/www.northhatley.org\/fr\/visiteurs\/restaurants-et-cafes-north-hatley\/\",\"name\":\"Caf\u00e9s et restaurants \u00e0 North Hatley - Village de North Hatley\",\"isPartOf\":{\"@id\":\"http:\/\/www.northhatley.org\/fr\/#website\"},\"datePublished\":\"2014-07-03T17:35:12+00:00\",\"dateModified\":\"2023-03-09T13:19:37+00:00\",\"breadcrumb\":{\"@id\":\"https:\/\/www.northhatley.org\/fr\/visiteurs\/restaurants-et-cafes-north-hatley\/#breadcrumb\"},\"inLanguage\":\"fr-FR\",\"potentialAction\":[{\"@type\":\"ReadAction\",\"target\":[\"https:\/\/www.northhatley.org\/fr\/visiteurs\/restaurants-et-cafes-north-hatley\/\"]}]},{\"@type\":\"BreadcrumbList\",\"@id\":\"https:\/\/www.northhatley.org\/fr\/visiteurs\/restaurants-et-cafes-north-hatley\/#breadcrumb\",\"itemListElement\":[{\"@type\":\"ListItem\",\"position\":1,\"name\":\"Home\",\"item\":\"http:\/\/www.northhatley.org\/fr\/\"},{\"@type\":\"ListItem\",\"position\":2,\"name\":\"Visiteurs\",\"item\":\"https:\/\/www.northhatley.org\/fr\/visiteurs\/\"},{\"@type\":\"ListItem\",\"position\":3,\"name\":\"Caf\u00e9s et restaurants \u00e0 North Hatley\"}]},{\"@type\":\"WebSite\",\"@id\":\"http:\/\/www.northhatley.org\/fr\/#website\",\"url\":\"http:\/\/www.northhatley.org\/fr\/\",\"name\":\"Village de North Hatley\",\"description\":\"Village of North Hatley\",\"publisher\":{\"@id\":\"http:\/\/www.northhatley.org\/fr\/#organization\"},\"potentialAction\":[{\"@type\":\"SearchAction\",\"target\":{\"@type\":\"EntryPoint\",\"urlTemplate\":\"http:\/\/www.northhatley.org\/fr\/?s={search_term_string}\"},\"query-input\":{\"@type\":\"PropertyValueSpecification\",\"valueRequired\":true,\"valueName\":\"search_term_string\"}}],\"inLanguage\":\"fr-FR\"},{\"@type\":\"Organization\",\"@id\":\"http:\/\/www.northhatley.org\/fr\/#organization\",\"name\":\"MUNICIPALIT\u00c9 DU VILLAGE DE NORTH HATLE\",\"url\":\"http:\/\/www.northhatley.org\/fr\/\",\"logo\":{\"@type\":\"ImageObject\",\"inLanguage\":\"fr-FR\",\"@id\":\"http:\/\/www.northhatley.org\/fr\/#\/schema\/logo\/image\/\",\"url\":\"https:\/\/www.northhatley.org\/wp-content\/uploads\/2016\/06\/Logo-North-Hatley.jpg\",\"contentUrl\":\"https:\/\/www.northhatley.org\/wp-content\/uploads\/2016\/06\/Logo-North-Hatley.jpg\",\"width\":127,\"height\":164,\"caption\":\"MUNICIPALIT\u00c9 DU VILLAGE DE NORTH HATLE\"},\"image\":{\"@id\":\"http:\/\/www.northhatley.org\/fr\/#\/schema\/logo\/image\/\"}}]}<\/script>\n<!-- \/ Yoast SEO plugin. -->","yoast_head_json":{"title":"Caf\u00e9s et restaurants \u00e0 North Hatley - Village de North Hatley","robots":{"index":"index","follow":"follow","max-snippet":"max-snippet:-1","max-image-preview":"max-image-preview:large","max-video-preview":"max-video-preview:-1"},"canonical":"https:\/\/www.northhatley.org\/fr\/visiteurs\/restaurants-et-cafes-north-hatley\/","og_locale":"fr_FR","og_type":"article","og_title":"Caf\u00e9s et restaurants \u00e0 North Hatley - Village de North Hatley","og_description":"Caf\u00e9s et restaurants \u00e0 North Hatley North Hatley a une longue tradition de gastronomie et de lieux de d\u00e9tente. Que vous ayez en t\u00eate une soir\u00e9e intime, un ap\u00e9ro ou un repas l\u00e9ger, vous trouverez de quoi vous satisfaire ! Restaurants, caf\u00e9s et snackbar Casawippi Le Manoir Hovey\u00a0&#8211; Restaurant le Hatley Restopub Pilsen Auberge la","og_url":"https:\/\/www.northhatley.org\/fr\/visiteurs\/restaurants-et-cafes-north-hatley\/","og_site_name":"Village de North Hatley","article_modified_time":"2023-03-09T13:19:37+00:00","twitter_misc":{"Dur\u00e9e de lecture estim\u00e9e":"1 minute"},"schema":{"@context":"https:\/\/schema.org","@graph":[{"@type":"WebPage","@id":"https:\/\/www.northhatley.org\/fr\/visiteurs\/restaurants-et-cafes-north-hatley\/","url":"https:\/\/www.northhatley.org\/fr\/visiteurs\/restaurants-et-cafes-north-hatley\/","name":"Caf\u00e9s et restaurants \u00e0 North Hatley - Village de North Hatley","isPartOf":{"@id":"http:\/\/www.northhatley.org\/fr\/#website"},"datePublished":"2014-07-03T17:35:12+00:00","dateModified":"2023-03-09T13:19:37+00:00","breadcrumb":{"@id":"https:\/\/www.northhatley.org\/fr\/visiteurs\/restaurants-et-cafes-north-hatley\/#breadcrumb"},"inLanguage":"fr-FR","potentialAction":[{"@type":"ReadAction","target":["https:\/\/www.northhatley.org\/fr\/visiteurs\/restaurants-et-cafes-north-hatley\/"]}]},{"@type":"BreadcrumbList","@id":"https:\/\/www.northhatley.org\/fr\/visiteurs\/restaurants-et-cafes-north-hatley\/#breadcrumb","itemListElement":[{"@type":"ListItem","position":1,"name":"Home","item":"http:\/\/www.northhatley.org\/fr\/"},{"@type":"ListItem","position":2,"name":"Visiteurs","item":"https:\/\/www.northhatley.org\/fr\/visiteurs\/"},{"@type":"ListItem","position":3,"name":"Caf\u00e9s et restaurants \u00e0 North Hatley"}]},{"@type":"WebSite","@id":"http:\/\/www.northhatley.org\/fr\/#website","url":"http:\/\/www.northhatley.org\/fr\/","name":"Village de North Hatley","description":"Village of North Hatley","publisher":{"@id":"http:\/\/www.northhatley.org\/fr\/#organization"},"potentialAction":[{"@type":"SearchAction","target":{"@type":"EntryPoint","urlTemplate":"http:\/\/www.northhatley.org\/fr\/?s={search_term_string}"},"query-input":{"@type":"PropertyValueSpecification","valueRequired":true,"valueName":"search_term_string"}}],"inLanguage":"fr-FR"},{"@type":"Organization","@id":"http:\/\/www.northhatley.org\/fr\/#organization","name":"MUNICIPALIT\u00c9 DU VILLAGE DE NORTH HATLE","url":"http:\/\/www.northhatley.org\/fr\/","logo":{"@type":"ImageObject","inLanguage":"fr-FR","@id":"http:\/\/www.northhatley.org\/fr\/#\/schema\/logo\/image\/","url":"https:\/\/www.northhatley.org\/wp-content\/uploads\/2016\/06\/Logo-North-Hatley.jpg","contentUrl":"https:\/\/www.northhatley.org\/wp-content\/uploads\/2016\/06\/Logo-North-Hatley.jpg","width":127,"height":164,"caption":"MUNICIPALIT\u00c9 DU VILLAGE DE NORTH HATLE"},"image":{"@id":"http:\/\/www.northhatley.org\/fr\/#\/schema\/logo\/image\/"}}]}},"_links":{"self":[{"href":"http:\/\/www.northhatley.org\/fr\/wp-json\/wp\/v2\/pages\/1623","targetHints":{"allow":["GET"]}}],"collection":[{"href":"http:\/\/www.northhatley.org\/fr\/wp-json\/wp\/v2\/pages"}],"about":[{"href":"http:\/\/www.northhatley.org\/fr\/wp-json\/wp\/v2\/types\/page"}],"author":[{"embeddable":true,"href":"http:\/\/www.northhatley.org\/fr\/wp-json\/wp\/v2\/users\/2"}],"replies":[{"embeddable":true,"href":"http:\/\/www.northhatley.org\/fr\/wp-json\/wp\/v2\/comments?post=1623"}],"version-history":[{"count":24,"href":"http:\/\/www.northhatley.org\/fr\/wp-json\/wp\/v2\/pages\/1623\/revisions"}],"predecessor-version":[{"id":12090,"href":"http:\/\/www.northhatley.org\/fr\/wp-json\/wp\/v2\/pages\/1623\/revisions\/12090"}],"up":[{"embeddable":true,"href":"http:\/\/www.northhatley.org\/fr\/wp-json\/wp\/v2\/pages\/1327"}],"wp:attachment":[{"href":"http:\/\/www.northhatley.org\/fr\/wp-json\/wp\/v2\/media?parent=1623"}],"curies":[{"name":"wp","href":"https:\/\/api.w.org\/{rel}","templated":true}]}}