{"id":1589,"date":"2014-07-03T15:32:36","date_gmt":"2014-07-03T15:32:36","guid":{"rendered":"http:\/\/www.northhatley.org\/?page_id=1589"},"modified":"2024-06-11T15:37:03","modified_gmt":"2024-06-11T19:37:03","slug":"arts-visuels-artisanat-antiquites","status":"publish","type":"page","link":"http:\/\/www.northhatley.org\/fr\/communaute\/arts-et-culture\/arts-visuels-artisanat-antiquites\/","title":{"rendered":"Arts visuels, artisanat, culture"},"content":{"rendered":"<h1>Arts visuels, artisanat et culture \u00e0 North Hatley<\/h1>\n<p><a href=\"https:\/\/www.artsculturesmassawippi.org\/\" target=\"_blank\" rel=\"noopener\">ARTS ET CULTURE MASSAWIPPI<\/a><\/p>\n<p>Que du bonheur de toutes les couleurs<br \/>\nSpectacles, rencontres, ateliers, \u00e9changes, \u2026 pour un public de tous \u00e2ges, avec de nombreux artistes de talent, dans un contexte chaleureux, convivial et accessible.<\/p>\n<p>Arts-Cultures Massawippi c\u2019est le th\u00e9\u00e2tre, la litt\u00e9rature-spectacle, les contes pour adultes, la po\u00e9sie, le chant, la musique, les arts visuels, le cin\u00e9ma-vid\u00e9o, la danse par les artistes et pour les citoyens-citoyennes de la Vall\u00e9e du lac Massawippi et de la r\u00e9gion.<\/p>\n<p>Arts-Cultures Massawippi, c\u2019est l\u2019art et la culture v\u00e9cus autrement<\/p>\n<p><strong>Autres rep\u00e8res\u00a0<\/strong><\/p>\n<p><strong>\u2022 <\/strong>North Hatley est un haut lieu de la peinture na\u00efve, notamment \u00e0 la <strong><a href=\"http:\/\/galeriejeannineblais.com\/\" target=\"_blank\" rel=\"noopener\">Galerie Jeanine Blais<\/a><\/strong>.<\/p>\n<p><strong>\u2022 <\/strong>North Hatley fut le berceau de <strong><a href=\"http:\/\/agora.qc.ca\/\" target=\"_blank\" rel=\"noopener\">l\u2019Encyclop\u00e9die de l\u2019Agora<\/a><\/strong>, recommand\u00e9e entre autres par le journal Le Monde, la Biblioth\u00e8que Nationale de France, Le Figaro et Science et Vie.<\/p>\n<p><strong>\u2022 <\/strong>Au cours des ann\u00e9es 70, le po\u00e8te D.C. Jones et le romancier Ronald Sutherland lancent <a href=\"http:\/\/bilan.usherbrooke.ca\/bilan\/pages\/evenements\/20601.html\" target=\"_blank\" rel=\"noopener\"><strong>Seventh Moon<\/strong><\/a>, un \u00e9v\u00e9nement de po\u00e9sie unique au Qu\u00e9bec qui r\u00e9unira jusqu&rsquo;au d\u00e9but des ann\u00e9es 90 des passionn\u00e9s de po\u00e9sie anglophones et francophones dont Roland Gigu\u00e8re, G\u00e9rald Godin, Pauline Julien et Marie-Claire Blais.<\/p>\n<p><strong>\u2022 <\/strong>\u00c0 la fin des ann\u00e9es 50, Ga\u00ebtan Beaudin, pionnier de la poterie artisanale, fonde \u00e0 North Hatley un <a href=\"http:\/\/www.thecanadianencyclopedia.ca\/fr\/article\/contemporary-ceramics\/\" target=\"_blank\" rel=\"noopener\">important atelier-\u00e9cole<\/a> o\u00f9 il enseigne \u00ab\u00a0la poterie fonctionnelle artisanale de gr\u00e8s et de raku japonais traditionnels\u00a0\u00bb. L\u2019\u00e9cole fermera ses portes en 1973.<\/p>\n<p><strong>\u2022 Hugh MacLennan<\/strong>, romancier canadien de r\u00e9putation internationale, a v\u00e9cu et \u00e9crit \u00e0 North Hatley\u00a0: voir \u00ab<a href=\"http:\/\/www.ocol-clo.gc.ca\/html\/speech_discours_15102009_f.php\" target=\"_blank\" rel=\"noopener\">\u00a0Le r\u00f4le particulier de North Hatley dans la tradition litt\u00e9raire du Qu\u00e9bec et au Qu\u00e9bec d\u2019expression anglaise\u00a0<\/a>\u00bb, allocution de Graham Fraser, Commissaire aux langues officielles, \u00e0 la Biblioth\u00e8que municipale de North Hatley le 17 septembre 2009).<\/p>\n<p><strong>\u2022 <\/strong>Aujourd&rsquo;hui, tout pr\u00e8s du village, on trouve un endroit de de spectacle tr\u00e8s vivant : le <strong><a href=\"http:\/\/www.piggery.com\/\" target=\"_blank\" rel=\"noopener\">Piggery<\/a><\/strong>.<\/p>\n","protected":false},"excerpt":{"rendered":"<p>Arts visuels, artisanat et culture \u00e0 North Hatley ARTS ET CULTURE MASSAWIPPI Que du bonheur de toutes les couleurs Spectacles, rencontres, ateliers, \u00e9changes, \u2026 pour un public de tous \u00e2ges, avec de nombreux artistes de talent, dans un contexte chaleureux, convivial et accessible. Arts-Cultures Massawippi c\u2019est le th\u00e9\u00e2tre, la litt\u00e9rature-spectacle, les contes pour adultes, la<\/p>\n","protected":false},"author":2,"featured_media":0,"parent":1483,"menu_order":0,"comment_status":"open","ping_status":"open","template":"","meta":{"_acf_changed":false,"footnotes":""},"class_list":["post-1589","page","type-page","status-publish","hentry"],"acf":[],"yoast_head":"<!-- This site is optimized with the Yoast SEO plugin v24.3 - https:\/\/yoast.com\/wordpress\/plugins\/seo\/ -->\n<title>Arts visuels, artisanat, culture - Village de North Hatley<\/title>\n<meta name=\"robots\" content=\"index, follow, max-snippet:-1, max-image-preview:large, max-video-preview:-1\" \/>\n<link rel=\"canonical\" href=\"http:\/\/www.northhatley.org\/fr\/communaute\/arts-et-culture\/arts-visuels-artisanat-antiquites\/\" \/>\n<meta property=\"og:locale\" content=\"fr_FR\" \/>\n<meta property=\"og:type\" content=\"article\" \/>\n<meta property=\"og:title\" content=\"Arts visuels, artisanat, culture - Village de North Hatley\" \/>\n<meta property=\"og:description\" content=\"Arts visuels, artisanat et culture \u00e0 North Hatley ARTS ET CULTURE MASSAWIPPI Que du bonheur de toutes les couleurs Spectacles, rencontres, ateliers, \u00e9changes, \u2026 pour un public de tous \u00e2ges, avec de nombreux artistes de talent, dans un contexte chaleureux, convivial et accessible. Arts-Cultures Massawippi c\u2019est le th\u00e9\u00e2tre, la litt\u00e9rature-spectacle, les contes pour adultes, la\" \/>\n<meta property=\"og:url\" content=\"http:\/\/www.northhatley.org\/fr\/communaute\/arts-et-culture\/arts-visuels-artisanat-antiquites\/\" \/>\n<meta property=\"og:site_name\" content=\"Village de North Hatley\" \/>\n<meta property=\"article:modified_time\" content=\"2024-06-11T19:37:03+00:00\" \/>\n<meta name=\"twitter:label1\" content=\"Dur\u00e9e de lecture estim\u00e9e\" \/>\n\t<meta name=\"twitter:data1\" content=\"2 minutes\" \/>\n<script type=\"application\/ld+json\" class=\"yoast-schema-graph\">{\"@context\":\"https:\/\/schema.org\",\"@graph\":[{\"@type\":\"WebPage\",\"@id\":\"http:\/\/www.northhatley.org\/fr\/communaute\/arts-et-culture\/arts-visuels-artisanat-antiquites\/\",\"url\":\"http:\/\/www.northhatley.org\/fr\/communaute\/arts-et-culture\/arts-visuels-artisanat-antiquites\/\",\"name\":\"Arts visuels, artisanat, culture - Village de North Hatley\",\"isPartOf\":{\"@id\":\"https:\/\/www.northhatley.org\/fr\/#website\"},\"datePublished\":\"2014-07-03T15:32:36+00:00\",\"dateModified\":\"2024-06-11T19:37:03+00:00\",\"breadcrumb\":{\"@id\":\"http:\/\/www.northhatley.org\/fr\/communaute\/arts-et-culture\/arts-visuels-artisanat-antiquites\/#breadcrumb\"},\"inLanguage\":\"fr-FR\",\"potentialAction\":[{\"@type\":\"ReadAction\",\"target\":[\"http:\/\/www.northhatley.org\/fr\/communaute\/arts-et-culture\/arts-visuels-artisanat-antiquites\/\"]}]},{\"@type\":\"BreadcrumbList\",\"@id\":\"http:\/\/www.northhatley.org\/fr\/communaute\/arts-et-culture\/arts-visuels-artisanat-antiquites\/#breadcrumb\",\"itemListElement\":[{\"@type\":\"ListItem\",\"position\":1,\"name\":\"Home\",\"item\":\"https:\/\/www.northhatley.org\/fr\/\"},{\"@type\":\"ListItem\",\"position\":2,\"name\":\"R\u00e9sidents\",\"item\":\"https:\/\/www.northhatley.org\/fr\/communaute\/\"},{\"@type\":\"ListItem\",\"position\":3,\"name\":\"Art et culture\",\"item\":\"https:\/\/www.northhatley.org\/fr\/communaute\/arts-et-culture\/\"},{\"@type\":\"ListItem\",\"position\":4,\"name\":\"Arts visuels, artisanat, culture\"}]},{\"@type\":\"WebSite\",\"@id\":\"https:\/\/www.northhatley.org\/fr\/#website\",\"url\":\"https:\/\/www.northhatley.org\/fr\/\",\"name\":\"Village de North Hatley\",\"description\":\"Village of North Hatley\",\"publisher\":{\"@id\":\"https:\/\/www.northhatley.org\/fr\/#organization\"},\"potentialAction\":[{\"@type\":\"SearchAction\",\"target\":{\"@type\":\"EntryPoint\",\"urlTemplate\":\"https:\/\/www.northhatley.org\/fr\/?s={search_term_string}\"},\"query-input\":{\"@type\":\"PropertyValueSpecification\",\"valueRequired\":true,\"valueName\":\"search_term_string\"}}],\"inLanguage\":\"fr-FR\"},{\"@type\":\"Organization\",\"@id\":\"https:\/\/www.northhatley.org\/fr\/#organization\",\"name\":\"MUNICIPALIT\u00c9 DU VILLAGE DE NORTH HATLE\",\"url\":\"https:\/\/www.northhatley.org\/fr\/\",\"logo\":{\"@type\":\"ImageObject\",\"inLanguage\":\"fr-FR\",\"@id\":\"https:\/\/www.northhatley.org\/fr\/#\/schema\/logo\/image\/\",\"url\":\"https:\/\/www.northhatley.org\/wp-content\/uploads\/2016\/06\/Logo-North-Hatley.jpg\",\"contentUrl\":\"https:\/\/www.northhatley.org\/wp-content\/uploads\/2016\/06\/Logo-North-Hatley.jpg\",\"width\":127,\"height\":164,\"caption\":\"MUNICIPALIT\u00c9 DU VILLAGE DE NORTH HATLE\"},\"image\":{\"@id\":\"https:\/\/www.northhatley.org\/fr\/#\/schema\/logo\/image\/\"}}]}<\/script>\n<!-- \/ Yoast SEO plugin. -->","yoast_head_json":{"title":"Arts visuels, artisanat, culture - Village de North Hatley","robots":{"index":"index","follow":"follow","max-snippet":"max-snippet:-1","max-image-preview":"max-image-preview:large","max-video-preview":"max-video-preview:-1"},"canonical":"http:\/\/www.northhatley.org\/fr\/communaute\/arts-et-culture\/arts-visuels-artisanat-antiquites\/","og_locale":"fr_FR","og_type":"article","og_title":"Arts visuels, artisanat, culture - Village de North Hatley","og_description":"Arts visuels, artisanat et culture \u00e0 North Hatley ARTS ET CULTURE MASSAWIPPI Que du bonheur de toutes les couleurs Spectacles, rencontres, ateliers, \u00e9changes, \u2026 pour un public de tous \u00e2ges, avec de nombreux artistes de talent, dans un contexte chaleureux, convivial et accessible. Arts-Cultures Massawippi c\u2019est le th\u00e9\u00e2tre, la litt\u00e9rature-spectacle, les contes pour adultes, la","og_url":"http:\/\/www.northhatley.org\/fr\/communaute\/arts-et-culture\/arts-visuels-artisanat-antiquites\/","og_site_name":"Village de North Hatley","article_modified_time":"2024-06-11T19:37:03+00:00","twitter_misc":{"Dur\u00e9e de lecture estim\u00e9e":"2 minutes"},"schema":{"@context":"https:\/\/schema.org","@graph":[{"@type":"WebPage","@id":"http:\/\/www.northhatley.org\/fr\/communaute\/arts-et-culture\/arts-visuels-artisanat-antiquites\/","url":"http:\/\/www.northhatley.org\/fr\/communaute\/arts-et-culture\/arts-visuels-artisanat-antiquites\/","name":"Arts visuels, artisanat, culture - Village de North Hatley","isPartOf":{"@id":"https:\/\/www.northhatley.org\/fr\/#website"},"datePublished":"2014-07-03T15:32:36+00:00","dateModified":"2024-06-11T19:37:03+00:00","breadcrumb":{"@id":"http:\/\/www.northhatley.org\/fr\/communaute\/arts-et-culture\/arts-visuels-artisanat-antiquites\/#breadcrumb"},"inLanguage":"fr-FR","potentialAction":[{"@type":"ReadAction","target":["http:\/\/www.northhatley.org\/fr\/communaute\/arts-et-culture\/arts-visuels-artisanat-antiquites\/"]}]},{"@type":"BreadcrumbList","@id":"http:\/\/www.northhatley.org\/fr\/communaute\/arts-et-culture\/arts-visuels-artisanat-antiquites\/#breadcrumb","itemListElement":[{"@type":"ListItem","position":1,"name":"Home","item":"https:\/\/www.northhatley.org\/fr\/"},{"@type":"ListItem","position":2,"name":"R\u00e9sidents","item":"https:\/\/www.northhatley.org\/fr\/communaute\/"},{"@type":"ListItem","position":3,"name":"Art et culture","item":"https:\/\/www.northhatley.org\/fr\/communaute\/arts-et-culture\/"},{"@type":"ListItem","position":4,"name":"Arts visuels, artisanat, culture"}]},{"@type":"WebSite","@id":"https:\/\/www.northhatley.org\/fr\/#website","url":"https:\/\/www.northhatley.org\/fr\/","name":"Village de North Hatley","description":"Village of North Hatley","publisher":{"@id":"https:\/\/www.northhatley.org\/fr\/#organization"},"potentialAction":[{"@type":"SearchAction","target":{"@type":"EntryPoint","urlTemplate":"https:\/\/www.northhatley.org\/fr\/?s={search_term_string}"},"query-input":{"@type":"PropertyValueSpecification","valueRequired":true,"valueName":"search_term_string"}}],"inLanguage":"fr-FR"},{"@type":"Organization","@id":"https:\/\/www.northhatley.org\/fr\/#organization","name":"MUNICIPALIT\u00c9 DU VILLAGE DE NORTH HATLE","url":"https:\/\/www.northhatley.org\/fr\/","logo":{"@type":"ImageObject","inLanguage":"fr-FR","@id":"https:\/\/www.northhatley.org\/fr\/#\/schema\/logo\/image\/","url":"https:\/\/www.northhatley.org\/wp-content\/uploads\/2016\/06\/Logo-North-Hatley.jpg","contentUrl":"https:\/\/www.northhatley.org\/wp-content\/uploads\/2016\/06\/Logo-North-Hatley.jpg","width":127,"height":164,"caption":"MUNICIPALIT\u00c9 DU VILLAGE DE NORTH HATLE"},"image":{"@id":"https:\/\/www.northhatley.org\/fr\/#\/schema\/logo\/image\/"}}]}},"_links":{"self":[{"href":"http:\/\/www.northhatley.org\/fr\/wp-json\/wp\/v2\/pages\/1589","targetHints":{"allow":["GET"]}}],"collection":[{"href":"http:\/\/www.northhatley.org\/fr\/wp-json\/wp\/v2\/pages"}],"about":[{"href":"http:\/\/www.northhatley.org\/fr\/wp-json\/wp\/v2\/types\/page"}],"author":[{"embeddable":true,"href":"http:\/\/www.northhatley.org\/fr\/wp-json\/wp\/v2\/users\/2"}],"replies":[{"embeddable":true,"href":"http:\/\/www.northhatley.org\/fr\/wp-json\/wp\/v2\/comments?post=1589"}],"version-history":[{"count":11,"href":"http:\/\/www.northhatley.org\/fr\/wp-json\/wp\/v2\/pages\/1589\/revisions"}],"predecessor-version":[{"id":13398,"href":"http:\/\/www.northhatley.org\/fr\/wp-json\/wp\/v2\/pages\/1589\/revisions\/13398"}],"up":[{"embeddable":true,"href":"http:\/\/www.northhatley.org\/fr\/wp-json\/wp\/v2\/pages\/1483"}],"wp:attachment":[{"href":"http:\/\/www.northhatley.org\/fr\/wp-json\/wp\/v2\/media?parent=1589"}],"curies":[{"name":"wp","href":"https:\/\/api.w.org\/{rel}","templated":true}]}}