{"id":1552,"date":"2014-07-02T21:20:50","date_gmt":"2014-07-02T21:20:50","guid":{"rendered":"http:\/\/www.northhatley.org\/?page_id=1552"},"modified":"2015-01-30T18:10:51","modified_gmt":"2015-01-30T23:10:51","slug":"curling","status":"publish","type":"page","link":"http:\/\/www.northhatley.org\/fr\/visiteurs\/faire-et-voir-north-hatley\/sports-et-activites-physiques-north-hatley\/curling\/","title":{"rendered":"Curling"},"content":{"rendered":"<h1><strong>Le Curling Club de North Hatley<\/strong><\/h1>\n<p>Le curling est souvent d\u00e9crit comme des \u00ab\u00a0\u00e9checs sur glace\u00a0\u00bb. Au Club de Curling de North Hatley, l&rsquo;on accueille avec plaisir tous ceux \u2013 experts ou d\u00e9butants \u2013 qui s&rsquo;int\u00e9ressent \u00e0 ce sport fort divertissant.\u00a0 Ce club de curling \u00ab\u00a0vintage\u00a0\u00bb offre deux aires de glace ainsi qu&rsquo;un bar avec casse-cro\u00fbte. Venez vous initier au curling ou encore assister \u00e0 l&rsquo;un des matchs qui s&rsquo;y d\u00e9roulent durant la saison hivernale.<\/p>\n<p>Le club est \u00e9galement un bon endroit pour tenir des \u00e9v\u00e9nements ou des r\u00e9ceptions.<\/p>\n<address><a href=\"http:\/\/www.northhatley.net\/index.php\/component\/content\/article?id=107:club-de-curling-north-hatley\" target=\"_blank\">Le Club de Curling de North Hatley<\/a><\/address>\n<address>819 842-2655<\/address>\n<address>3245, ch. Capelton<\/address>\n<address>Canton de Hatley, Qu\u00e9bec<\/address>\n<address>J0B 2C0<\/address>\n","protected":false},"excerpt":{"rendered":"<p>Le Curling Club de North Hatley Le curling est souvent d\u00e9crit comme des \u00ab\u00a0\u00e9checs sur glace\u00a0\u00bb. Au Club de Curling de North Hatley, l&rsquo;on accueille avec plaisir tous ceux \u2013 experts ou d\u00e9butants \u2013 qui s&rsquo;int\u00e9ressent \u00e0 ce sport fort divertissant.\u00a0 Ce club de curling \u00ab\u00a0vintage\u00a0\u00bb offre deux aires de glace ainsi qu&rsquo;un bar avec<\/p>\n","protected":false},"author":2,"featured_media":0,"parent":1528,"menu_order":3,"comment_status":"open","ping_status":"open","template":"","meta":{"_acf_changed":false,"footnotes":""},"class_list":["post-1552","page","type-page","status-publish","hentry"],"acf":[],"yoast_head":"<!-- This site is optimized with the Yoast SEO plugin v24.3 - https:\/\/yoast.com\/wordpress\/plugins\/seo\/ -->\n<title>Curling - Village de North Hatley<\/title>\n<meta name=\"robots\" content=\"index, follow, max-snippet:-1, max-image-preview:large, max-video-preview:-1\" \/>\n<link rel=\"canonical\" href=\"https:\/\/www.northhatley.org\/fr\/visiteurs\/faire-et-voir-north-hatley\/sports-et-activites-physiques-north-hatley\/curling\/\" \/>\n<meta property=\"og:locale\" content=\"fr_FR\" \/>\n<meta property=\"og:type\" content=\"article\" \/>\n<meta property=\"og:title\" content=\"Curling - Village de North Hatley\" \/>\n<meta property=\"og:description\" content=\"Le Curling Club de North Hatley Le curling est souvent d\u00e9crit comme des \u00ab\u00a0\u00e9checs sur glace\u00a0\u00bb. Au Club de Curling de North Hatley, l&rsquo;on accueille avec plaisir tous ceux \u2013 experts ou d\u00e9butants \u2013 qui s&rsquo;int\u00e9ressent \u00e0 ce sport fort divertissant.\u00a0 Ce club de curling \u00ab\u00a0vintage\u00a0\u00bb offre deux aires de glace ainsi qu&rsquo;un bar avec\" \/>\n<meta property=\"og:url\" content=\"https:\/\/www.northhatley.org\/fr\/visiteurs\/faire-et-voir-north-hatley\/sports-et-activites-physiques-north-hatley\/curling\/\" \/>\n<meta property=\"og:site_name\" content=\"Village de North Hatley\" \/>\n<meta property=\"article:modified_time\" content=\"2015-01-30T23:10:51+00:00\" \/>\n<meta name=\"twitter:label1\" content=\"Dur\u00e9e de lecture estim\u00e9e\" \/>\n\t<meta name=\"twitter:data1\" content=\"1 minute\" \/>\n<script type=\"application\/ld+json\" class=\"yoast-schema-graph\">{\"@context\":\"https:\/\/schema.org\",\"@graph\":[{\"@type\":\"WebPage\",\"@id\":\"https:\/\/www.northhatley.org\/fr\/visiteurs\/faire-et-voir-north-hatley\/sports-et-activites-physiques-north-hatley\/curling\/\",\"url\":\"https:\/\/www.northhatley.org\/fr\/visiteurs\/faire-et-voir-north-hatley\/sports-et-activites-physiques-north-hatley\/curling\/\",\"name\":\"Curling - Village de North Hatley\",\"isPartOf\":{\"@id\":\"http:\/\/www.northhatley.org\/fr\/#website\"},\"datePublished\":\"2014-07-02T21:20:50+00:00\",\"dateModified\":\"2015-01-30T23:10:51+00:00\",\"breadcrumb\":{\"@id\":\"https:\/\/www.northhatley.org\/fr\/visiteurs\/faire-et-voir-north-hatley\/sports-et-activites-physiques-north-hatley\/curling\/#breadcrumb\"},\"inLanguage\":\"fr-FR\",\"potentialAction\":[{\"@type\":\"ReadAction\",\"target\":[\"https:\/\/www.northhatley.org\/fr\/visiteurs\/faire-et-voir-north-hatley\/sports-et-activites-physiques-north-hatley\/curling\/\"]}]},{\"@type\":\"BreadcrumbList\",\"@id\":\"https:\/\/www.northhatley.org\/fr\/visiteurs\/faire-et-voir-north-hatley\/sports-et-activites-physiques-north-hatley\/curling\/#breadcrumb\",\"itemListElement\":[{\"@type\":\"ListItem\",\"position\":1,\"name\":\"Home\",\"item\":\"http:\/\/www.northhatley.org\/fr\/\"},{\"@type\":\"ListItem\",\"position\":2,\"name\":\"Visiteurs\",\"item\":\"https:\/\/www.northhatley.org\/fr\/visiteurs\/\"},{\"@type\":\"ListItem\",\"position\":3,\"name\":\"\u00c0 voir et \u00e0 faire \u00e0 North Hatley\",\"item\":\"https:\/\/www.northhatley.org\/fr\/visiteurs\/faire-et-voir-north-hatley\/\"},{\"@type\":\"ListItem\",\"position\":4,\"name\":\"Sports et activit\u00e9s physiques\",\"item\":\"https:\/\/www.northhatley.org\/fr\/visiteurs\/faire-et-voir-north-hatley\/sports-et-activites-physiques-north-hatley\/\"},{\"@type\":\"ListItem\",\"position\":5,\"name\":\"Curling\"}]},{\"@type\":\"WebSite\",\"@id\":\"http:\/\/www.northhatley.org\/fr\/#website\",\"url\":\"http:\/\/www.northhatley.org\/fr\/\",\"name\":\"Village de North Hatley\",\"description\":\"Village of North Hatley\",\"publisher\":{\"@id\":\"http:\/\/www.northhatley.org\/fr\/#organization\"},\"potentialAction\":[{\"@type\":\"SearchAction\",\"target\":{\"@type\":\"EntryPoint\",\"urlTemplate\":\"http:\/\/www.northhatley.org\/fr\/?s={search_term_string}\"},\"query-input\":{\"@type\":\"PropertyValueSpecification\",\"valueRequired\":true,\"valueName\":\"search_term_string\"}}],\"inLanguage\":\"fr-FR\"},{\"@type\":\"Organization\",\"@id\":\"http:\/\/www.northhatley.org\/fr\/#organization\",\"name\":\"MUNICIPALIT\u00c9 DU VILLAGE DE NORTH HATLE\",\"url\":\"http:\/\/www.northhatley.org\/fr\/\",\"logo\":{\"@type\":\"ImageObject\",\"inLanguage\":\"fr-FR\",\"@id\":\"http:\/\/www.northhatley.org\/fr\/#\/schema\/logo\/image\/\",\"url\":\"https:\/\/www.northhatley.org\/wp-content\/uploads\/2016\/06\/Logo-North-Hatley.jpg\",\"contentUrl\":\"https:\/\/www.northhatley.org\/wp-content\/uploads\/2016\/06\/Logo-North-Hatley.jpg\",\"width\":127,\"height\":164,\"caption\":\"MUNICIPALIT\u00c9 DU VILLAGE DE NORTH HATLE\"},\"image\":{\"@id\":\"http:\/\/www.northhatley.org\/fr\/#\/schema\/logo\/image\/\"}}]}<\/script>\n<!-- \/ Yoast SEO plugin. -->","yoast_head_json":{"title":"Curling - Village de North Hatley","robots":{"index":"index","follow":"follow","max-snippet":"max-snippet:-1","max-image-preview":"max-image-preview:large","max-video-preview":"max-video-preview:-1"},"canonical":"https:\/\/www.northhatley.org\/fr\/visiteurs\/faire-et-voir-north-hatley\/sports-et-activites-physiques-north-hatley\/curling\/","og_locale":"fr_FR","og_type":"article","og_title":"Curling - Village de North Hatley","og_description":"Le Curling Club de North Hatley Le curling est souvent d\u00e9crit comme des \u00ab\u00a0\u00e9checs sur glace\u00a0\u00bb. Au Club de Curling de North Hatley, l&rsquo;on accueille avec plaisir tous ceux \u2013 experts ou d\u00e9butants \u2013 qui s&rsquo;int\u00e9ressent \u00e0 ce sport fort divertissant.\u00a0 Ce club de curling \u00ab\u00a0vintage\u00a0\u00bb offre deux aires de glace ainsi qu&rsquo;un bar avec","og_url":"https:\/\/www.northhatley.org\/fr\/visiteurs\/faire-et-voir-north-hatley\/sports-et-activites-physiques-north-hatley\/curling\/","og_site_name":"Village de North Hatley","article_modified_time":"2015-01-30T23:10:51+00:00","twitter_misc":{"Dur\u00e9e de lecture estim\u00e9e":"1 minute"},"schema":{"@context":"https:\/\/schema.org","@graph":[{"@type":"WebPage","@id":"https:\/\/www.northhatley.org\/fr\/visiteurs\/faire-et-voir-north-hatley\/sports-et-activites-physiques-north-hatley\/curling\/","url":"https:\/\/www.northhatley.org\/fr\/visiteurs\/faire-et-voir-north-hatley\/sports-et-activites-physiques-north-hatley\/curling\/","name":"Curling - Village de North Hatley","isPartOf":{"@id":"http:\/\/www.northhatley.org\/fr\/#website"},"datePublished":"2014-07-02T21:20:50+00:00","dateModified":"2015-01-30T23:10:51+00:00","breadcrumb":{"@id":"https:\/\/www.northhatley.org\/fr\/visiteurs\/faire-et-voir-north-hatley\/sports-et-activites-physiques-north-hatley\/curling\/#breadcrumb"},"inLanguage":"fr-FR","potentialAction":[{"@type":"ReadAction","target":["https:\/\/www.northhatley.org\/fr\/visiteurs\/faire-et-voir-north-hatley\/sports-et-activites-physiques-north-hatley\/curling\/"]}]},{"@type":"BreadcrumbList","@id":"https:\/\/www.northhatley.org\/fr\/visiteurs\/faire-et-voir-north-hatley\/sports-et-activites-physiques-north-hatley\/curling\/#breadcrumb","itemListElement":[{"@type":"ListItem","position":1,"name":"Home","item":"http:\/\/www.northhatley.org\/fr\/"},{"@type":"ListItem","position":2,"name":"Visiteurs","item":"https:\/\/www.northhatley.org\/fr\/visiteurs\/"},{"@type":"ListItem","position":3,"name":"\u00c0 voir et \u00e0 faire \u00e0 North Hatley","item":"https:\/\/www.northhatley.org\/fr\/visiteurs\/faire-et-voir-north-hatley\/"},{"@type":"ListItem","position":4,"name":"Sports et activit\u00e9s physiques","item":"https:\/\/www.northhatley.org\/fr\/visiteurs\/faire-et-voir-north-hatley\/sports-et-activites-physiques-north-hatley\/"},{"@type":"ListItem","position":5,"name":"Curling"}]},{"@type":"WebSite","@id":"http:\/\/www.northhatley.org\/fr\/#website","url":"http:\/\/www.northhatley.org\/fr\/","name":"Village de North Hatley","description":"Village of North Hatley","publisher":{"@id":"http:\/\/www.northhatley.org\/fr\/#organization"},"potentialAction":[{"@type":"SearchAction","target":{"@type":"EntryPoint","urlTemplate":"http:\/\/www.northhatley.org\/fr\/?s={search_term_string}"},"query-input":{"@type":"PropertyValueSpecification","valueRequired":true,"valueName":"search_term_string"}}],"inLanguage":"fr-FR"},{"@type":"Organization","@id":"http:\/\/www.northhatley.org\/fr\/#organization","name":"MUNICIPALIT\u00c9 DU VILLAGE DE NORTH HATLE","url":"http:\/\/www.northhatley.org\/fr\/","logo":{"@type":"ImageObject","inLanguage":"fr-FR","@id":"http:\/\/www.northhatley.org\/fr\/#\/schema\/logo\/image\/","url":"https:\/\/www.northhatley.org\/wp-content\/uploads\/2016\/06\/Logo-North-Hatley.jpg","contentUrl":"https:\/\/www.northhatley.org\/wp-content\/uploads\/2016\/06\/Logo-North-Hatley.jpg","width":127,"height":164,"caption":"MUNICIPALIT\u00c9 DU VILLAGE DE NORTH HATLE"},"image":{"@id":"http:\/\/www.northhatley.org\/fr\/#\/schema\/logo\/image\/"}}]}},"_links":{"self":[{"href":"http:\/\/www.northhatley.org\/fr\/wp-json\/wp\/v2\/pages\/1552","targetHints":{"allow":["GET"]}}],"collection":[{"href":"http:\/\/www.northhatley.org\/fr\/wp-json\/wp\/v2\/pages"}],"about":[{"href":"http:\/\/www.northhatley.org\/fr\/wp-json\/wp\/v2\/types\/page"}],"author":[{"embeddable":true,"href":"http:\/\/www.northhatley.org\/fr\/wp-json\/wp\/v2\/users\/2"}],"replies":[{"embeddable":true,"href":"http:\/\/www.northhatley.org\/fr\/wp-json\/wp\/v2\/comments?post=1552"}],"version-history":[{"count":4,"href":"http:\/\/www.northhatley.org\/fr\/wp-json\/wp\/v2\/pages\/1552\/revisions"}],"predecessor-version":[{"id":3791,"href":"http:\/\/www.northhatley.org\/fr\/wp-json\/wp\/v2\/pages\/1552\/revisions\/3791"}],"up":[{"embeddable":true,"href":"http:\/\/www.northhatley.org\/fr\/wp-json\/wp\/v2\/pages\/1528"}],"wp:attachment":[{"href":"http:\/\/www.northhatley.org\/fr\/wp-json\/wp\/v2\/media?parent=1552"}],"curies":[{"name":"wp","href":"https:\/\/api.w.org\/{rel}","templated":true}]}}