{"id":1534,"date":"2014-07-02T20:33:48","date_gmt":"2014-07-02T20:33:48","guid":{"rendered":"http:\/\/www.northhatley.org\/?page_id=1534"},"modified":"2018-06-28T10:01:24","modified_gmt":"2018-06-28T14:01:24","slug":"velo-et-ski-de-fond","status":"publish","type":"page","link":"http:\/\/www.northhatley.org\/fr\/visiteurs\/faire-et-voir-north-hatley\/sports-et-activites-physiques-north-hatley\/velo-et-ski-de-fond\/","title":{"rendered":"V\u00e9lo et ski de fond"},"content":{"rendered":"<h1><strong>V\u00e9lo et ski de fond<\/strong><\/h1>\n<p>Il y a plusieurs endroits o\u00f9 l&rsquo;on peut pratiquer ski de fond \u00e0 proximit\u00e9 de North Hatley. Un des plus proches et des plus agr\u00e9ables\u00a0 est sans contredit <a href=\"http:\/\/fr.wikipedia.org\/wiki\/R%C3%A9seau_des_Grandes-Fourches\" target=\"_blank\" rel=\"noopener\">le R\u00e9seau des Grandes-Fourches<\/a>, am\u00e9nag\u00e9 \u00e0 m\u00eame une ancienne voie ferr\u00e9e, qui longe la rivi\u00e8re Massawippi\u00a0: une belle piste cyclable de quelque 13 km qui vous m\u00e8ne jusqu\u2019\u00e0 Sherbrooke.<\/p>\n<p>Pour plus de renseignements, visitez le site web de <a href=\"http:\/\/www.destinationsherbrooke.com\/fr\/visiteurs\/index.aspx\" target=\"_blank\" rel=\"noopener\">Destination Sherbrooke<\/a> ou composez le 819 560-4280.<\/p>\n<p>Parc Scowen<\/p>\n<p><a href=\"http:\/\/www.northhatley.org\/wp-content\/uploads\/2018\/06\/scowen.jpg\"><img loading=\"lazy\" decoding=\"async\" class=\"alignleft wp-image-6127 size-full\" src=\"http:\/\/www.northhatley.org\/wp-content\/uploads\/2018\/06\/scowen.jpg\" alt=\"\" width=\"621\" height=\"805\" srcset=\"http:\/\/www.northhatley.org\/wp-content\/uploads\/2018\/06\/scowen.jpg 621w, http:\/\/www.northhatley.org\/wp-content\/uploads\/2018\/06\/scowen-231x300.jpg 231w, http:\/\/www.northhatley.org\/wp-content\/uploads\/2018\/06\/scowen-83x108.jpg 83w\" sizes=\"auto, (max-width: 621px) 100vw, 621px\" \/><\/a><\/p>\n<p>&nbsp;<\/p>\n<p>&nbsp;<\/p>\n<p>&nbsp;<\/p>\n<p>&nbsp;<\/p>\n<p>&nbsp;<\/p>\n","protected":false},"excerpt":{"rendered":"<p>V\u00e9lo et ski de fond Il y a plusieurs endroits o\u00f9 l&rsquo;on peut pratiquer ski de fond \u00e0 proximit\u00e9 de North Hatley. Un des plus proches et des plus agr\u00e9ables\u00a0 est sans contredit le R\u00e9seau des Grandes-Fourches, am\u00e9nag\u00e9 \u00e0 m\u00eame une ancienne voie ferr\u00e9e, qui longe la rivi\u00e8re Massawippi\u00a0: une belle piste cyclable de quelque<\/p>\n","protected":false},"author":2,"featured_media":0,"parent":1528,"menu_order":1,"comment_status":"open","ping_status":"open","template":"","meta":{"_acf_changed":false,"footnotes":""},"class_list":["post-1534","page","type-page","status-publish","hentry"],"acf":[],"yoast_head":"<!-- This site is optimized with the Yoast SEO plugin v24.3 - https:\/\/yoast.com\/wordpress\/plugins\/seo\/ -->\n<title>V\u00e9lo et ski de fond - Village de North Hatley<\/title>\n<meta name=\"robots\" content=\"index, follow, max-snippet:-1, max-image-preview:large, max-video-preview:-1\" \/>\n<link rel=\"canonical\" href=\"http:\/\/www.northhatley.org\/fr\/visiteurs\/faire-et-voir-north-hatley\/sports-et-activites-physiques-north-hatley\/velo-et-ski-de-fond\/\" \/>\n<meta property=\"og:locale\" content=\"fr_FR\" \/>\n<meta property=\"og:type\" content=\"article\" \/>\n<meta property=\"og:title\" content=\"V\u00e9lo et ski de fond - Village de North Hatley\" \/>\n<meta property=\"og:description\" content=\"V\u00e9lo et ski de fond Il y a plusieurs endroits o\u00f9 l&rsquo;on peut pratiquer ski de fond \u00e0 proximit\u00e9 de North Hatley. Un des plus proches et des plus agr\u00e9ables\u00a0 est sans contredit le R\u00e9seau des Grandes-Fourches, am\u00e9nag\u00e9 \u00e0 m\u00eame une ancienne voie ferr\u00e9e, qui longe la rivi\u00e8re Massawippi\u00a0: une belle piste cyclable de quelque\" \/>\n<meta property=\"og:url\" content=\"http:\/\/www.northhatley.org\/fr\/visiteurs\/faire-et-voir-north-hatley\/sports-et-activites-physiques-north-hatley\/velo-et-ski-de-fond\/\" \/>\n<meta property=\"og:site_name\" content=\"Village de North Hatley\" \/>\n<meta property=\"article:modified_time\" content=\"2018-06-28T14:01:24+00:00\" \/>\n<meta property=\"og:image\" content=\"http:\/\/www.northhatley.org\/wp-content\/uploads\/2018\/06\/scowen.jpg\" \/>\n<script type=\"application\/ld+json\" class=\"yoast-schema-graph\">{\"@context\":\"https:\/\/schema.org\",\"@graph\":[{\"@type\":\"WebPage\",\"@id\":\"http:\/\/www.northhatley.org\/fr\/visiteurs\/faire-et-voir-north-hatley\/sports-et-activites-physiques-north-hatley\/velo-et-ski-de-fond\/\",\"url\":\"http:\/\/www.northhatley.org\/fr\/visiteurs\/faire-et-voir-north-hatley\/sports-et-activites-physiques-north-hatley\/velo-et-ski-de-fond\/\",\"name\":\"V\u00e9lo et ski de fond - Village de North Hatley\",\"isPartOf\":{\"@id\":\"https:\/\/www.northhatley.org\/en\/#website\"},\"primaryImageOfPage\":{\"@id\":\"http:\/\/www.northhatley.org\/fr\/visiteurs\/faire-et-voir-north-hatley\/sports-et-activites-physiques-north-hatley\/velo-et-ski-de-fond\/#primaryimage\"},\"image\":{\"@id\":\"http:\/\/www.northhatley.org\/fr\/visiteurs\/faire-et-voir-north-hatley\/sports-et-activites-physiques-north-hatley\/velo-et-ski-de-fond\/#primaryimage\"},\"thumbnailUrl\":\"http:\/\/www.northhatley.org\/wp-content\/uploads\/2018\/06\/scowen.jpg\",\"datePublished\":\"2014-07-02T20:33:48+00:00\",\"dateModified\":\"2018-06-28T14:01:24+00:00\",\"breadcrumb\":{\"@id\":\"http:\/\/www.northhatley.org\/fr\/visiteurs\/faire-et-voir-north-hatley\/sports-et-activites-physiques-north-hatley\/velo-et-ski-de-fond\/#breadcrumb\"},\"inLanguage\":\"fr-FR\",\"potentialAction\":[{\"@type\":\"ReadAction\",\"target\":[\"http:\/\/www.northhatley.org\/fr\/visiteurs\/faire-et-voir-north-hatley\/sports-et-activites-physiques-north-hatley\/velo-et-ski-de-fond\/\"]}]},{\"@type\":\"ImageObject\",\"inLanguage\":\"fr-FR\",\"@id\":\"http:\/\/www.northhatley.org\/fr\/visiteurs\/faire-et-voir-north-hatley\/sports-et-activites-physiques-north-hatley\/velo-et-ski-de-fond\/#primaryimage\",\"url\":\"http:\/\/www.northhatley.org\/wp-content\/uploads\/2018\/06\/scowen.jpg\",\"contentUrl\":\"http:\/\/www.northhatley.org\/wp-content\/uploads\/2018\/06\/scowen.jpg\"},{\"@type\":\"BreadcrumbList\",\"@id\":\"http:\/\/www.northhatley.org\/fr\/visiteurs\/faire-et-voir-north-hatley\/sports-et-activites-physiques-north-hatley\/velo-et-ski-de-fond\/#breadcrumb\",\"itemListElement\":[{\"@type\":\"ListItem\",\"position\":1,\"name\":\"Home\",\"item\":\"https:\/\/www.northhatley.org\/fr\/\"},{\"@type\":\"ListItem\",\"position\":2,\"name\":\"Visiteurs\",\"item\":\"https:\/\/www.northhatley.org\/fr\/visiteurs\/\"},{\"@type\":\"ListItem\",\"position\":3,\"name\":\"\u00c0 voir et \u00e0 faire \u00e0 North Hatley\",\"item\":\"https:\/\/www.northhatley.org\/fr\/visiteurs\/faire-et-voir-north-hatley\/\"},{\"@type\":\"ListItem\",\"position\":4,\"name\":\"Sports et activit\u00e9s physiques\",\"item\":\"http:\/\/www.northhatley.org\/fr\/visiteurs\/faire-et-voir-north-hatley\/sports-et-activites-physiques-north-hatley\/\"},{\"@type\":\"ListItem\",\"position\":5,\"name\":\"V\u00e9lo et ski de fond\"}]},{\"@type\":\"WebSite\",\"@id\":\"https:\/\/www.northhatley.org\/en\/#website\",\"url\":\"https:\/\/www.northhatley.org\/en\/\",\"name\":\"Village de North Hatley\",\"description\":\"Village of North Hatley\",\"publisher\":{\"@id\":\"https:\/\/www.northhatley.org\/en\/#organization\"},\"potentialAction\":[{\"@type\":\"SearchAction\",\"target\":{\"@type\":\"EntryPoint\",\"urlTemplate\":\"https:\/\/www.northhatley.org\/en\/?s={search_term_string}\"},\"query-input\":{\"@type\":\"PropertyValueSpecification\",\"valueRequired\":true,\"valueName\":\"search_term_string\"}}],\"inLanguage\":\"fr-FR\"},{\"@type\":\"Organization\",\"@id\":\"https:\/\/www.northhatley.org\/en\/#organization\",\"name\":\"MUNICIPALIT\u00c9 DU VILLAGE DE NORTH HATLE\",\"url\":\"https:\/\/www.northhatley.org\/en\/\",\"logo\":{\"@type\":\"ImageObject\",\"inLanguage\":\"fr-FR\",\"@id\":\"https:\/\/www.northhatley.org\/en\/#\/schema\/logo\/image\/\",\"url\":\"https:\/\/www.northhatley.org\/wp-content\/uploads\/2016\/06\/Logo-North-Hatley.jpg\",\"contentUrl\":\"https:\/\/www.northhatley.org\/wp-content\/uploads\/2016\/06\/Logo-North-Hatley.jpg\",\"width\":127,\"height\":164,\"caption\":\"MUNICIPALIT\u00c9 DU VILLAGE DE NORTH HATLE\"},\"image\":{\"@id\":\"https:\/\/www.northhatley.org\/en\/#\/schema\/logo\/image\/\"}}]}<\/script>\n<!-- \/ Yoast SEO plugin. -->","yoast_head_json":{"title":"V\u00e9lo et ski de fond - Village de North Hatley","robots":{"index":"index","follow":"follow","max-snippet":"max-snippet:-1","max-image-preview":"max-image-preview:large","max-video-preview":"max-video-preview:-1"},"canonical":"http:\/\/www.northhatley.org\/fr\/visiteurs\/faire-et-voir-north-hatley\/sports-et-activites-physiques-north-hatley\/velo-et-ski-de-fond\/","og_locale":"fr_FR","og_type":"article","og_title":"V\u00e9lo et ski de fond - Village de North Hatley","og_description":"V\u00e9lo et ski de fond Il y a plusieurs endroits o\u00f9 l&rsquo;on peut pratiquer ski de fond \u00e0 proximit\u00e9 de North Hatley. Un des plus proches et des plus agr\u00e9ables\u00a0 est sans contredit le R\u00e9seau des Grandes-Fourches, am\u00e9nag\u00e9 \u00e0 m\u00eame une ancienne voie ferr\u00e9e, qui longe la rivi\u00e8re Massawippi\u00a0: une belle piste cyclable de quelque","og_url":"http:\/\/www.northhatley.org\/fr\/visiteurs\/faire-et-voir-north-hatley\/sports-et-activites-physiques-north-hatley\/velo-et-ski-de-fond\/","og_site_name":"Village de North Hatley","article_modified_time":"2018-06-28T14:01:24+00:00","og_image":[{"url":"http:\/\/www.northhatley.org\/wp-content\/uploads\/2018\/06\/scowen.jpg","type":"","width":"","height":""}],"schema":{"@context":"https:\/\/schema.org","@graph":[{"@type":"WebPage","@id":"http:\/\/www.northhatley.org\/fr\/visiteurs\/faire-et-voir-north-hatley\/sports-et-activites-physiques-north-hatley\/velo-et-ski-de-fond\/","url":"http:\/\/www.northhatley.org\/fr\/visiteurs\/faire-et-voir-north-hatley\/sports-et-activites-physiques-north-hatley\/velo-et-ski-de-fond\/","name":"V\u00e9lo et ski de fond - Village de North Hatley","isPartOf":{"@id":"https:\/\/www.northhatley.org\/en\/#website"},"primaryImageOfPage":{"@id":"http:\/\/www.northhatley.org\/fr\/visiteurs\/faire-et-voir-north-hatley\/sports-et-activites-physiques-north-hatley\/velo-et-ski-de-fond\/#primaryimage"},"image":{"@id":"http:\/\/www.northhatley.org\/fr\/visiteurs\/faire-et-voir-north-hatley\/sports-et-activites-physiques-north-hatley\/velo-et-ski-de-fond\/#primaryimage"},"thumbnailUrl":"http:\/\/www.northhatley.org\/wp-content\/uploads\/2018\/06\/scowen.jpg","datePublished":"2014-07-02T20:33:48+00:00","dateModified":"2018-06-28T14:01:24+00:00","breadcrumb":{"@id":"http:\/\/www.northhatley.org\/fr\/visiteurs\/faire-et-voir-north-hatley\/sports-et-activites-physiques-north-hatley\/velo-et-ski-de-fond\/#breadcrumb"},"inLanguage":"fr-FR","potentialAction":[{"@type":"ReadAction","target":["http:\/\/www.northhatley.org\/fr\/visiteurs\/faire-et-voir-north-hatley\/sports-et-activites-physiques-north-hatley\/velo-et-ski-de-fond\/"]}]},{"@type":"ImageObject","inLanguage":"fr-FR","@id":"http:\/\/www.northhatley.org\/fr\/visiteurs\/faire-et-voir-north-hatley\/sports-et-activites-physiques-north-hatley\/velo-et-ski-de-fond\/#primaryimage","url":"http:\/\/www.northhatley.org\/wp-content\/uploads\/2018\/06\/scowen.jpg","contentUrl":"http:\/\/www.northhatley.org\/wp-content\/uploads\/2018\/06\/scowen.jpg"},{"@type":"BreadcrumbList","@id":"http:\/\/www.northhatley.org\/fr\/visiteurs\/faire-et-voir-north-hatley\/sports-et-activites-physiques-north-hatley\/velo-et-ski-de-fond\/#breadcrumb","itemListElement":[{"@type":"ListItem","position":1,"name":"Home","item":"https:\/\/www.northhatley.org\/fr\/"},{"@type":"ListItem","position":2,"name":"Visiteurs","item":"https:\/\/www.northhatley.org\/fr\/visiteurs\/"},{"@type":"ListItem","position":3,"name":"\u00c0 voir et \u00e0 faire \u00e0 North Hatley","item":"https:\/\/www.northhatley.org\/fr\/visiteurs\/faire-et-voir-north-hatley\/"},{"@type":"ListItem","position":4,"name":"Sports et activit\u00e9s physiques","item":"http:\/\/www.northhatley.org\/fr\/visiteurs\/faire-et-voir-north-hatley\/sports-et-activites-physiques-north-hatley\/"},{"@type":"ListItem","position":5,"name":"V\u00e9lo et ski de fond"}]},{"@type":"WebSite","@id":"https:\/\/www.northhatley.org\/en\/#website","url":"https:\/\/www.northhatley.org\/en\/","name":"Village de North Hatley","description":"Village of North Hatley","publisher":{"@id":"https:\/\/www.northhatley.org\/en\/#organization"},"potentialAction":[{"@type":"SearchAction","target":{"@type":"EntryPoint","urlTemplate":"https:\/\/www.northhatley.org\/en\/?s={search_term_string}"},"query-input":{"@type":"PropertyValueSpecification","valueRequired":true,"valueName":"search_term_string"}}],"inLanguage":"fr-FR"},{"@type":"Organization","@id":"https:\/\/www.northhatley.org\/en\/#organization","name":"MUNICIPALIT\u00c9 DU VILLAGE DE NORTH HATLE","url":"https:\/\/www.northhatley.org\/en\/","logo":{"@type":"ImageObject","inLanguage":"fr-FR","@id":"https:\/\/www.northhatley.org\/en\/#\/schema\/logo\/image\/","url":"https:\/\/www.northhatley.org\/wp-content\/uploads\/2016\/06\/Logo-North-Hatley.jpg","contentUrl":"https:\/\/www.northhatley.org\/wp-content\/uploads\/2016\/06\/Logo-North-Hatley.jpg","width":127,"height":164,"caption":"MUNICIPALIT\u00c9 DU VILLAGE DE NORTH HATLE"},"image":{"@id":"https:\/\/www.northhatley.org\/en\/#\/schema\/logo\/image\/"}}]}},"_links":{"self":[{"href":"http:\/\/www.northhatley.org\/fr\/wp-json\/wp\/v2\/pages\/1534","targetHints":{"allow":["GET"]}}],"collection":[{"href":"http:\/\/www.northhatley.org\/fr\/wp-json\/wp\/v2\/pages"}],"about":[{"href":"http:\/\/www.northhatley.org\/fr\/wp-json\/wp\/v2\/types\/page"}],"author":[{"embeddable":true,"href":"http:\/\/www.northhatley.org\/fr\/wp-json\/wp\/v2\/users\/2"}],"replies":[{"embeddable":true,"href":"http:\/\/www.northhatley.org\/fr\/wp-json\/wp\/v2\/comments?post=1534"}],"version-history":[{"count":7,"href":"http:\/\/www.northhatley.org\/fr\/wp-json\/wp\/v2\/pages\/1534\/revisions"}],"predecessor-version":[{"id":6129,"href":"http:\/\/www.northhatley.org\/fr\/wp-json\/wp\/v2\/pages\/1534\/revisions\/6129"}],"up":[{"embeddable":true,"href":"http:\/\/www.northhatley.org\/fr\/wp-json\/wp\/v2\/pages\/1528"}],"wp:attachment":[{"href":"http:\/\/www.northhatley.org\/fr\/wp-json\/wp\/v2\/media?parent=1534"}],"curies":[{"name":"wp","href":"https:\/\/api.w.org\/{rel}","templated":true}]}}