{"id":1530,"date":"2014-07-02T20:29:40","date_gmt":"2014-07-02T20:29:40","guid":{"rendered":"http:\/\/www.northhatley.org\/?page_id=1530"},"modified":"2024-06-11T16:04:10","modified_gmt":"2024-06-11T20:04:10","slug":"baignade-tennis-marche-golf","status":"publish","type":"page","link":"http:\/\/www.northhatley.org\/fr\/visiteurs\/faire-et-voir-north-hatley\/sports-et-activites-physiques-north-hatley\/baignade-tennis-marche-golf\/","title":{"rendered":"Baignade, tennis, marche, golf"},"content":{"rendered":"<h1><strong>Baignade, tennis, marche, golf\u00a0<\/strong><\/h1>\n<p><strong>Plage <\/strong><\/p>\n<p>La plage publique de North Hatley est ouverte \u00e0 tous pendant toute la saison estivale, moyennant des frais d\u2019entr\u00e9e (2070, ch. du Lac). <a href=\"http:\/\/northhatleyrec.com\/?p=296\" target=\"_blank\" rel=\"noopener\">La qualit\u00e9 de l\u2019eau \u00e0 la plage<\/a>.<\/p>\n<p><strong>Terrains de tennis <\/strong><\/p>\n<p>North Hatley compte 2 terrains de tennis en terre battue pr\u00e8s de la <a href=\"_wp_link_placeholder\" data-wplink-edit=\"true\">plage Pleasant View<\/a><\/p>\n<p><strong>Circuits p\u00e9destres <\/strong><\/p>\n<p>La meilleure fa\u00e7on de d\u00e9couvrir ce village r\u00e9put\u00e9, c\u2019est encore de le parcourir \u00e0 pied ! Pour vous d\u00e9gourdir les jambes encore davantage, vous pouvez emprunter le <a href=\"http:\/\/www.destinationsherbrooke.com\/fr\/visiteurs\/quoi-faire\/sport-et-plein-air\/reseau-des-grandes-fourches-axe-de-la-massawippi.aspx\" target=\"_blank\" rel=\"noopener\">r\u00e9seau des Grandes-Fourches<\/a>, l\u2019ancien trajet ferroviaire qui longe la rivi\u00e8re sur plusieurs kilom\u00e8tres avant d\u2019arriver \u00e0 Sherbrooke.<em><br \/>\n<\/em><\/p>\n<p><strong>Parc Scowen<\/strong><\/p>\n<p><strong><a href=\"http:\/\/www.northhatley.org\/wp-content\/uploads\/2018\/06\/scowen.jpg\"><img loading=\"lazy\" decoding=\"async\" class=\"alignleft size-thumbnail wp-image-6127\" src=\"http:\/\/www.northhatley.org\/wp-content\/uploads\/2018\/06\/scowen-150x150.jpg\" alt=\"\" width=\"150\" height=\"150\" srcset=\"http:\/\/www.northhatley.org\/wp-content\/uploads\/2018\/06\/scowen-150x150.jpg 150w, http:\/\/www.northhatley.org\/wp-content\/uploads\/2018\/06\/scowen-50x50.jpg 50w\" sizes=\"auto, (max-width: 150px) 100vw, 150px\" \/><\/a><\/strong><\/p>\n<p><strong>Terrain de golf<\/strong><\/p>\n<p>Situ\u00e9 \u00e0 l\u2019extr\u00e9mit\u00e9 sud du village dans un paysage magnifique, le <a href=\"http:\/\/clubdegolfnorthhatley.com\/index.html\" target=\"_blank\" rel=\"noopener\">Club de golf North Hatley<\/a> offre un des plus beaux parcours de neuf trous de longueur r\u00e9guli\u00e8re de l\u2019Est du Canada.<\/p>\n","protected":false},"excerpt":{"rendered":"<p>Baignade, tennis, marche, golf\u00a0 Plage La plage publique de North Hatley est ouverte \u00e0 tous pendant toute la saison estivale, moyennant des frais d\u2019entr\u00e9e (2070, ch. du Lac). La qualit\u00e9 de l\u2019eau \u00e0 la plage. Terrains de tennis North Hatley compte 2 terrains de tennis en terre battue pr\u00e8s de la plage Pleasant View Circuits<\/p>\n","protected":false},"author":2,"featured_media":0,"parent":1528,"menu_order":0,"comment_status":"open","ping_status":"closed","template":"","meta":{"_acf_changed":false,"footnotes":""},"class_list":["post-1530","page","type-page","status-publish","hentry"],"acf":[],"yoast_head":"<!-- This site is optimized with the Yoast SEO plugin v24.3 - https:\/\/yoast.com\/wordpress\/plugins\/seo\/ -->\n<title>Baignade, tennis, marche, golf - Village de North Hatley<\/title>\n<meta name=\"robots\" content=\"index, follow, max-snippet:-1, max-image-preview:large, max-video-preview:-1\" \/>\n<link rel=\"canonical\" href=\"https:\/\/www.northhatley.org\/fr\/visiteurs\/faire-et-voir-north-hatley\/sports-et-activites-physiques-north-hatley\/baignade-tennis-marche-golf\/\" \/>\n<meta property=\"og:locale\" content=\"fr_FR\" \/>\n<meta property=\"og:type\" content=\"article\" \/>\n<meta property=\"og:title\" content=\"Baignade, tennis, marche, golf - Village de North Hatley\" \/>\n<meta property=\"og:description\" content=\"Baignade, tennis, marche, golf\u00a0 Plage La plage publique de North Hatley est ouverte \u00e0 tous pendant toute la saison estivale, moyennant des frais d\u2019entr\u00e9e (2070, ch. du Lac). La qualit\u00e9 de l\u2019eau \u00e0 la plage. Terrains de tennis North Hatley compte 2 terrains de tennis en terre battue pr\u00e8s de la plage Pleasant View Circuits\" \/>\n<meta property=\"og:url\" content=\"https:\/\/www.northhatley.org\/fr\/visiteurs\/faire-et-voir-north-hatley\/sports-et-activites-physiques-north-hatley\/baignade-tennis-marche-golf\/\" \/>\n<meta property=\"og:site_name\" content=\"Village de North Hatley\" \/>\n<meta property=\"article:modified_time\" content=\"2024-06-11T20:04:10+00:00\" \/>\n<meta property=\"og:image\" content=\"http:\/\/www.northhatley.org\/wp-content\/uploads\/2018\/06\/scowen-150x150.jpg\" \/>\n<meta name=\"twitter:label1\" content=\"Dur\u00e9e de lecture estim\u00e9e\" \/>\n\t<meta name=\"twitter:data1\" content=\"1 minute\" \/>\n<script type=\"application\/ld+json\" class=\"yoast-schema-graph\">{\"@context\":\"https:\/\/schema.org\",\"@graph\":[{\"@type\":\"WebPage\",\"@id\":\"https:\/\/www.northhatley.org\/fr\/visiteurs\/faire-et-voir-north-hatley\/sports-et-activites-physiques-north-hatley\/baignade-tennis-marche-golf\/\",\"url\":\"https:\/\/www.northhatley.org\/fr\/visiteurs\/faire-et-voir-north-hatley\/sports-et-activites-physiques-north-hatley\/baignade-tennis-marche-golf\/\",\"name\":\"Baignade, tennis, marche, golf - Village de North Hatley\",\"isPartOf\":{\"@id\":\"https:\/\/www.northhatley.org\/en\/#website\"},\"primaryImageOfPage\":{\"@id\":\"https:\/\/www.northhatley.org\/fr\/visiteurs\/faire-et-voir-north-hatley\/sports-et-activites-physiques-north-hatley\/baignade-tennis-marche-golf\/#primaryimage\"},\"image\":{\"@id\":\"https:\/\/www.northhatley.org\/fr\/visiteurs\/faire-et-voir-north-hatley\/sports-et-activites-physiques-north-hatley\/baignade-tennis-marche-golf\/#primaryimage\"},\"thumbnailUrl\":\"http:\/\/www.northhatley.org\/wp-content\/uploads\/2018\/06\/scowen-150x150.jpg\",\"datePublished\":\"2014-07-02T20:29:40+00:00\",\"dateModified\":\"2024-06-11T20:04:10+00:00\",\"breadcrumb\":{\"@id\":\"https:\/\/www.northhatley.org\/fr\/visiteurs\/faire-et-voir-north-hatley\/sports-et-activites-physiques-north-hatley\/baignade-tennis-marche-golf\/#breadcrumb\"},\"inLanguage\":\"fr-FR\",\"potentialAction\":[{\"@type\":\"ReadAction\",\"target\":[\"https:\/\/www.northhatley.org\/fr\/visiteurs\/faire-et-voir-north-hatley\/sports-et-activites-physiques-north-hatley\/baignade-tennis-marche-golf\/\"]}]},{\"@type\":\"ImageObject\",\"inLanguage\":\"fr-FR\",\"@id\":\"https:\/\/www.northhatley.org\/fr\/visiteurs\/faire-et-voir-north-hatley\/sports-et-activites-physiques-north-hatley\/baignade-tennis-marche-golf\/#primaryimage\",\"url\":\"http:\/\/www.northhatley.org\/wp-content\/uploads\/2018\/06\/scowen-150x150.jpg\",\"contentUrl\":\"http:\/\/www.northhatley.org\/wp-content\/uploads\/2018\/06\/scowen-150x150.jpg\"},{\"@type\":\"BreadcrumbList\",\"@id\":\"https:\/\/www.northhatley.org\/fr\/visiteurs\/faire-et-voir-north-hatley\/sports-et-activites-physiques-north-hatley\/baignade-tennis-marche-golf\/#breadcrumb\",\"itemListElement\":[{\"@type\":\"ListItem\",\"position\":1,\"name\":\"Home\",\"item\":\"https:\/\/www.northhatley.org\/fr\/\"},{\"@type\":\"ListItem\",\"position\":2,\"name\":\"Visiteurs\",\"item\":\"https:\/\/www.northhatley.org\/fr\/visiteurs\/\"},{\"@type\":\"ListItem\",\"position\":3,\"name\":\"\u00c0 voir et \u00e0 faire \u00e0 North Hatley\",\"item\":\"https:\/\/www.northhatley.org\/fr\/visiteurs\/faire-et-voir-north-hatley\/\"},{\"@type\":\"ListItem\",\"position\":4,\"name\":\"Sports et activit\u00e9s physiques\",\"item\":\"https:\/\/www.northhatley.org\/fr\/visiteurs\/faire-et-voir-north-hatley\/sports-et-activites-physiques-north-hatley\/\"},{\"@type\":\"ListItem\",\"position\":5,\"name\":\"Baignade, tennis, marche, golf\"}]},{\"@type\":\"WebSite\",\"@id\":\"https:\/\/www.northhatley.org\/en\/#website\",\"url\":\"https:\/\/www.northhatley.org\/en\/\",\"name\":\"Village de North Hatley\",\"description\":\"Village of North Hatley\",\"publisher\":{\"@id\":\"https:\/\/www.northhatley.org\/en\/#organization\"},\"potentialAction\":[{\"@type\":\"SearchAction\",\"target\":{\"@type\":\"EntryPoint\",\"urlTemplate\":\"https:\/\/www.northhatley.org\/en\/?s={search_term_string}\"},\"query-input\":{\"@type\":\"PropertyValueSpecification\",\"valueRequired\":true,\"valueName\":\"search_term_string\"}}],\"inLanguage\":\"fr-FR\"},{\"@type\":\"Organization\",\"@id\":\"https:\/\/www.northhatley.org\/en\/#organization\",\"name\":\"MUNICIPALIT\u00c9 DU VILLAGE DE NORTH HATLE\",\"url\":\"https:\/\/www.northhatley.org\/en\/\",\"logo\":{\"@type\":\"ImageObject\",\"inLanguage\":\"fr-FR\",\"@id\":\"https:\/\/www.northhatley.org\/en\/#\/schema\/logo\/image\/\",\"url\":\"https:\/\/www.northhatley.org\/wp-content\/uploads\/2016\/06\/Logo-North-Hatley.jpg\",\"contentUrl\":\"https:\/\/www.northhatley.org\/wp-content\/uploads\/2016\/06\/Logo-North-Hatley.jpg\",\"width\":127,\"height\":164,\"caption\":\"MUNICIPALIT\u00c9 DU VILLAGE DE NORTH HATLE\"},\"image\":{\"@id\":\"https:\/\/www.northhatley.org\/en\/#\/schema\/logo\/image\/\"}}]}<\/script>\n<!-- \/ Yoast SEO plugin. -->","yoast_head_json":{"title":"Baignade, tennis, marche, golf - Village de North Hatley","robots":{"index":"index","follow":"follow","max-snippet":"max-snippet:-1","max-image-preview":"max-image-preview:large","max-video-preview":"max-video-preview:-1"},"canonical":"https:\/\/www.northhatley.org\/fr\/visiteurs\/faire-et-voir-north-hatley\/sports-et-activites-physiques-north-hatley\/baignade-tennis-marche-golf\/","og_locale":"fr_FR","og_type":"article","og_title":"Baignade, tennis, marche, golf - Village de North Hatley","og_description":"Baignade, tennis, marche, golf\u00a0 Plage La plage publique de North Hatley est ouverte \u00e0 tous pendant toute la saison estivale, moyennant des frais d\u2019entr\u00e9e (2070, ch. du Lac). La qualit\u00e9 de l\u2019eau \u00e0 la plage. Terrains de tennis North Hatley compte 2 terrains de tennis en terre battue pr\u00e8s de la plage Pleasant View Circuits","og_url":"https:\/\/www.northhatley.org\/fr\/visiteurs\/faire-et-voir-north-hatley\/sports-et-activites-physiques-north-hatley\/baignade-tennis-marche-golf\/","og_site_name":"Village de North Hatley","article_modified_time":"2024-06-11T20:04:10+00:00","og_image":[{"url":"http:\/\/www.northhatley.org\/wp-content\/uploads\/2018\/06\/scowen-150x150.jpg","type":"","width":"","height":""}],"twitter_misc":{"Dur\u00e9e de lecture estim\u00e9e":"1 minute"},"schema":{"@context":"https:\/\/schema.org","@graph":[{"@type":"WebPage","@id":"https:\/\/www.northhatley.org\/fr\/visiteurs\/faire-et-voir-north-hatley\/sports-et-activites-physiques-north-hatley\/baignade-tennis-marche-golf\/","url":"https:\/\/www.northhatley.org\/fr\/visiteurs\/faire-et-voir-north-hatley\/sports-et-activites-physiques-north-hatley\/baignade-tennis-marche-golf\/","name":"Baignade, tennis, marche, golf - Village de North Hatley","isPartOf":{"@id":"https:\/\/www.northhatley.org\/en\/#website"},"primaryImageOfPage":{"@id":"https:\/\/www.northhatley.org\/fr\/visiteurs\/faire-et-voir-north-hatley\/sports-et-activites-physiques-north-hatley\/baignade-tennis-marche-golf\/#primaryimage"},"image":{"@id":"https:\/\/www.northhatley.org\/fr\/visiteurs\/faire-et-voir-north-hatley\/sports-et-activites-physiques-north-hatley\/baignade-tennis-marche-golf\/#primaryimage"},"thumbnailUrl":"http:\/\/www.northhatley.org\/wp-content\/uploads\/2018\/06\/scowen-150x150.jpg","datePublished":"2014-07-02T20:29:40+00:00","dateModified":"2024-06-11T20:04:10+00:00","breadcrumb":{"@id":"https:\/\/www.northhatley.org\/fr\/visiteurs\/faire-et-voir-north-hatley\/sports-et-activites-physiques-north-hatley\/baignade-tennis-marche-golf\/#breadcrumb"},"inLanguage":"fr-FR","potentialAction":[{"@type":"ReadAction","target":["https:\/\/www.northhatley.org\/fr\/visiteurs\/faire-et-voir-north-hatley\/sports-et-activites-physiques-north-hatley\/baignade-tennis-marche-golf\/"]}]},{"@type":"ImageObject","inLanguage":"fr-FR","@id":"https:\/\/www.northhatley.org\/fr\/visiteurs\/faire-et-voir-north-hatley\/sports-et-activites-physiques-north-hatley\/baignade-tennis-marche-golf\/#primaryimage","url":"http:\/\/www.northhatley.org\/wp-content\/uploads\/2018\/06\/scowen-150x150.jpg","contentUrl":"http:\/\/www.northhatley.org\/wp-content\/uploads\/2018\/06\/scowen-150x150.jpg"},{"@type":"BreadcrumbList","@id":"https:\/\/www.northhatley.org\/fr\/visiteurs\/faire-et-voir-north-hatley\/sports-et-activites-physiques-north-hatley\/baignade-tennis-marche-golf\/#breadcrumb","itemListElement":[{"@type":"ListItem","position":1,"name":"Home","item":"https:\/\/www.northhatley.org\/fr\/"},{"@type":"ListItem","position":2,"name":"Visiteurs","item":"https:\/\/www.northhatley.org\/fr\/visiteurs\/"},{"@type":"ListItem","position":3,"name":"\u00c0 voir et \u00e0 faire \u00e0 North Hatley","item":"https:\/\/www.northhatley.org\/fr\/visiteurs\/faire-et-voir-north-hatley\/"},{"@type":"ListItem","position":4,"name":"Sports et activit\u00e9s physiques","item":"https:\/\/www.northhatley.org\/fr\/visiteurs\/faire-et-voir-north-hatley\/sports-et-activites-physiques-north-hatley\/"},{"@type":"ListItem","position":5,"name":"Baignade, tennis, marche, golf"}]},{"@type":"WebSite","@id":"https:\/\/www.northhatley.org\/en\/#website","url":"https:\/\/www.northhatley.org\/en\/","name":"Village de North Hatley","description":"Village of North Hatley","publisher":{"@id":"https:\/\/www.northhatley.org\/en\/#organization"},"potentialAction":[{"@type":"SearchAction","target":{"@type":"EntryPoint","urlTemplate":"https:\/\/www.northhatley.org\/en\/?s={search_term_string}"},"query-input":{"@type":"PropertyValueSpecification","valueRequired":true,"valueName":"search_term_string"}}],"inLanguage":"fr-FR"},{"@type":"Organization","@id":"https:\/\/www.northhatley.org\/en\/#organization","name":"MUNICIPALIT\u00c9 DU VILLAGE DE NORTH HATLE","url":"https:\/\/www.northhatley.org\/en\/","logo":{"@type":"ImageObject","inLanguage":"fr-FR","@id":"https:\/\/www.northhatley.org\/en\/#\/schema\/logo\/image\/","url":"https:\/\/www.northhatley.org\/wp-content\/uploads\/2016\/06\/Logo-North-Hatley.jpg","contentUrl":"https:\/\/www.northhatley.org\/wp-content\/uploads\/2016\/06\/Logo-North-Hatley.jpg","width":127,"height":164,"caption":"MUNICIPALIT\u00c9 DU VILLAGE DE NORTH HATLE"},"image":{"@id":"https:\/\/www.northhatley.org\/en\/#\/schema\/logo\/image\/"}}]}},"_links":{"self":[{"href":"http:\/\/www.northhatley.org\/fr\/wp-json\/wp\/v2\/pages\/1530","targetHints":{"allow":["GET"]}}],"collection":[{"href":"http:\/\/www.northhatley.org\/fr\/wp-json\/wp\/v2\/pages"}],"about":[{"href":"http:\/\/www.northhatley.org\/fr\/wp-json\/wp\/v2\/types\/page"}],"author":[{"embeddable":true,"href":"http:\/\/www.northhatley.org\/fr\/wp-json\/wp\/v2\/users\/2"}],"replies":[{"embeddable":true,"href":"http:\/\/www.northhatley.org\/fr\/wp-json\/wp\/v2\/comments?post=1530"}],"version-history":[{"count":9,"href":"http:\/\/www.northhatley.org\/fr\/wp-json\/wp\/v2\/pages\/1530\/revisions"}],"predecessor-version":[{"id":13411,"href":"http:\/\/www.northhatley.org\/fr\/wp-json\/wp\/v2\/pages\/1530\/revisions\/13411"}],"up":[{"embeddable":true,"href":"http:\/\/www.northhatley.org\/fr\/wp-json\/wp\/v2\/pages\/1528"}],"wp:attachment":[{"href":"http:\/\/www.northhatley.org\/fr\/wp-json\/wp\/v2\/media?parent=1530"}],"curies":[{"name":"wp","href":"https:\/\/api.w.org\/{rel}","templated":true}]}}