{"id":1520,"date":"2014-07-02T20:08:08","date_gmt":"2014-07-02T20:08:08","guid":{"rendered":"http:\/\/www.northhatley.org\/?page_id=1520"},"modified":"2023-03-09T08:11:33","modified_gmt":"2023-03-09T13:11:33","slug":"activites-north-hatley","status":"publish","type":"page","link":"http:\/\/www.northhatley.org\/fr\/visiteurs\/activites-north-hatley\/","title":{"rendered":"Renseignements"},"content":{"rendered":"<h1>Renseignements touristiques<\/h1>\n<p>De l\u2019h\u00e9bergement \u00e0 la restauration, en passant par les \u00e9v\u00e9nements et activit\u00e9s offertes dans la r\u00e9gion et dans le village m\u00eame, tout est en place pour faire de votre passage ou de votre s\u00e9jour un moment m\u00e9morable, \u00e0 la hauteur de la r\u00e9putation de ce village qui se d\u00e9marque par son environnement naturel, son architecture et <a title=\"Les origines de North Hatley\" href=\"http:\/\/www.northhatley.org\/fr\/propos\/les-origines-de-north-hatley\/\">ses origines<\/a>.<\/p>\n<p><strong><a href=\"http:\/\/www.northhatley.org\/wp-content\/uploads\/2014\/11\/North-Hatley-Visitors-Map-2014-06-21_WebRes.pdf\" target=\"_blank\" rel=\"noopener\">Carte touristique de North Hatley<\/a><\/strong>.<\/p>\n<h3>Le stationnement \u00e0 North Hatley<\/h3>\n<ul>\n<li>Stationnement parc Rivi\u00e8re<\/li>\n<li>Stationnement rue Scool<\/li>\n<li>Stationnement H\u00f4tel de ville<\/li>\n<li>Stationnement parc Scowen<\/li>\n<li>Stationnement sur rue o\u00f9 c&rsquo;est permis<\/li>\n<\/ul>\n<h3>Le Bureau d\u2019accueil touristique<\/h3>\n<p>Situ\u00e9 en bordure des stationnements municipaux, dans le parc Rivi\u00e8re, au c\u0153ur du village, il est accessible aux personnes \u00e0 mobilit\u00e9 restreinte.<\/p>\n<p>L\u2019\u00e9t\u00e9, un pr\u00e9pos\u00e9 est sur place pour vous aider. Vous y trouverez des cartes routi\u00e8res du Qu\u00e9bec et de l\u2019Estrie, ainsi que des plans des pistes cyclables de la r\u00e9gion et des affiches et d\u00e9pliants des attraits et activit\u00e9s touristiques du village.<\/p>\n<p>Juste \u00e0 c\u00f4t\u00e9, au bord de la rivi\u00e8re, des tables de pique-nique sont \u00e0 votre disposition.<\/p>\n<p><strong>Services<\/strong><\/p>\n<ul>\n<li>Renseignements fournis par un pr\u00e9pos\u00e9 (l\u2019\u00e9t\u00e9 seulement)<\/li>\n<li>Cartes et d\u00e9pliants promotionnels et touristiques<\/li>\n<li>Toilettes<\/li>\n<\/ul>\n<p><strong>Horaire<\/strong><\/p>\n<ul>\n<li>De juin \u00e0 septembre, ouvert tous les jours de 10 h \u00e0 17 h<\/li>\n<\/ul>\n<p>819 794-0207<br \/>\ninfo@northhatley.org<br \/>\n300, rue Mill, North Hatley<br \/>\nQu\u00e9bec, Canada, J0B 2C0<\/p>\n<h3>\u00a0Liens utiles<\/h3>\n<ul>\n<li><a href=\"http:\/\/www.chemindescantons.qc.ca\/\" target=\"_blank\" rel=\"noopener\">Chemin des Cantons<\/a><\/li>\n<li><a href=\"http:\/\/www.cantonsdelest.com\/\" target=\"_blank\" rel=\"noopener\">Tourisme Cantons de l\u2019Est <\/a><\/li>\n<\/ul>\n","protected":false},"excerpt":{"rendered":"<p>Renseignements touristiques De l\u2019h\u00e9bergement \u00e0 la restauration, en passant par les \u00e9v\u00e9nements et activit\u00e9s offertes dans la r\u00e9gion et dans le village m\u00eame, tout est en place pour faire de votre passage ou de votre s\u00e9jour un moment m\u00e9morable, \u00e0 la hauteur de la r\u00e9putation de ce village qui se d\u00e9marque par son environnement naturel,<\/p>\n","protected":false},"author":2,"featured_media":0,"parent":1327,"menu_order":0,"comment_status":"open","ping_status":"closed","template":"","meta":{"_acf_changed":false,"footnotes":""},"class_list":["post-1520","page","type-page","status-publish","hentry"],"acf":[],"yoast_head":"<!-- This site is optimized with the Yoast SEO plugin v24.3 - https:\/\/yoast.com\/wordpress\/plugins\/seo\/ -->\n<title>Renseignements - Village de North Hatley<\/title>\n<meta name=\"robots\" content=\"index, follow, max-snippet:-1, max-image-preview:large, max-video-preview:-1\" \/>\n<link rel=\"canonical\" href=\"https:\/\/www.northhatley.org\/fr\/visiteurs\/activites-north-hatley\/\" \/>\n<meta property=\"og:locale\" content=\"fr_FR\" \/>\n<meta property=\"og:type\" content=\"article\" \/>\n<meta property=\"og:title\" content=\"Renseignements - Village de North Hatley\" \/>\n<meta property=\"og:description\" content=\"Renseignements touristiques De l\u2019h\u00e9bergement \u00e0 la restauration, en passant par les \u00e9v\u00e9nements et activit\u00e9s offertes dans la r\u00e9gion et dans le village m\u00eame, tout est en place pour faire de votre passage ou de votre s\u00e9jour un moment m\u00e9morable, \u00e0 la hauteur de la r\u00e9putation de ce village qui se d\u00e9marque par son environnement naturel,\" \/>\n<meta property=\"og:url\" content=\"https:\/\/www.northhatley.org\/fr\/visiteurs\/activites-north-hatley\/\" \/>\n<meta property=\"og:site_name\" content=\"Village de North Hatley\" \/>\n<meta property=\"article:modified_time\" content=\"2023-03-09T13:11:33+00:00\" \/>\n<meta name=\"twitter:label1\" content=\"Dur\u00e9e de lecture estim\u00e9e\" \/>\n\t<meta name=\"twitter:data1\" content=\"1 minute\" \/>\n<script type=\"application\/ld+json\" class=\"yoast-schema-graph\">{\"@context\":\"https:\/\/schema.org\",\"@graph\":[{\"@type\":\"WebPage\",\"@id\":\"https:\/\/www.northhatley.org\/fr\/visiteurs\/activites-north-hatley\/\",\"url\":\"https:\/\/www.northhatley.org\/fr\/visiteurs\/activites-north-hatley\/\",\"name\":\"Renseignements - Village de North Hatley\",\"isPartOf\":{\"@id\":\"http:\/\/www.northhatley.org\/fr\/#website\"},\"datePublished\":\"2014-07-02T20:08:08+00:00\",\"dateModified\":\"2023-03-09T13:11:33+00:00\",\"breadcrumb\":{\"@id\":\"https:\/\/www.northhatley.org\/fr\/visiteurs\/activites-north-hatley\/#breadcrumb\"},\"inLanguage\":\"fr-FR\",\"potentialAction\":[{\"@type\":\"ReadAction\",\"target\":[\"https:\/\/www.northhatley.org\/fr\/visiteurs\/activites-north-hatley\/\"]}]},{\"@type\":\"BreadcrumbList\",\"@id\":\"https:\/\/www.northhatley.org\/fr\/visiteurs\/activites-north-hatley\/#breadcrumb\",\"itemListElement\":[{\"@type\":\"ListItem\",\"position\":1,\"name\":\"Home\",\"item\":\"http:\/\/www.northhatley.org\/fr\/\"},{\"@type\":\"ListItem\",\"position\":2,\"name\":\"Visiteurs\",\"item\":\"https:\/\/www.northhatley.org\/fr\/visiteurs\/\"},{\"@type\":\"ListItem\",\"position\":3,\"name\":\"Renseignements\"}]},{\"@type\":\"WebSite\",\"@id\":\"http:\/\/www.northhatley.org\/fr\/#website\",\"url\":\"http:\/\/www.northhatley.org\/fr\/\",\"name\":\"Village de North Hatley\",\"description\":\"Village of North Hatley\",\"publisher\":{\"@id\":\"http:\/\/www.northhatley.org\/fr\/#organization\"},\"potentialAction\":[{\"@type\":\"SearchAction\",\"target\":{\"@type\":\"EntryPoint\",\"urlTemplate\":\"http:\/\/www.northhatley.org\/fr\/?s={search_term_string}\"},\"query-input\":{\"@type\":\"PropertyValueSpecification\",\"valueRequired\":true,\"valueName\":\"search_term_string\"}}],\"inLanguage\":\"fr-FR\"},{\"@type\":\"Organization\",\"@id\":\"http:\/\/www.northhatley.org\/fr\/#organization\",\"name\":\"MUNICIPALIT\u00c9 DU VILLAGE DE NORTH HATLE\",\"url\":\"http:\/\/www.northhatley.org\/fr\/\",\"logo\":{\"@type\":\"ImageObject\",\"inLanguage\":\"fr-FR\",\"@id\":\"http:\/\/www.northhatley.org\/fr\/#\/schema\/logo\/image\/\",\"url\":\"https:\/\/www.northhatley.org\/wp-content\/uploads\/2016\/06\/Logo-North-Hatley.jpg\",\"contentUrl\":\"https:\/\/www.northhatley.org\/wp-content\/uploads\/2016\/06\/Logo-North-Hatley.jpg\",\"width\":127,\"height\":164,\"caption\":\"MUNICIPALIT\u00c9 DU VILLAGE DE NORTH HATLE\"},\"image\":{\"@id\":\"http:\/\/www.northhatley.org\/fr\/#\/schema\/logo\/image\/\"}}]}<\/script>\n<!-- \/ Yoast SEO plugin. -->","yoast_head_json":{"title":"Renseignements - Village de North Hatley","robots":{"index":"index","follow":"follow","max-snippet":"max-snippet:-1","max-image-preview":"max-image-preview:large","max-video-preview":"max-video-preview:-1"},"canonical":"https:\/\/www.northhatley.org\/fr\/visiteurs\/activites-north-hatley\/","og_locale":"fr_FR","og_type":"article","og_title":"Renseignements - Village de North Hatley","og_description":"Renseignements touristiques De l\u2019h\u00e9bergement \u00e0 la restauration, en passant par les \u00e9v\u00e9nements et activit\u00e9s offertes dans la r\u00e9gion et dans le village m\u00eame, tout est en place pour faire de votre passage ou de votre s\u00e9jour un moment m\u00e9morable, \u00e0 la hauteur de la r\u00e9putation de ce village qui se d\u00e9marque par son environnement naturel,","og_url":"https:\/\/www.northhatley.org\/fr\/visiteurs\/activites-north-hatley\/","og_site_name":"Village de North Hatley","article_modified_time":"2023-03-09T13:11:33+00:00","twitter_misc":{"Dur\u00e9e de lecture estim\u00e9e":"1 minute"},"schema":{"@context":"https:\/\/schema.org","@graph":[{"@type":"WebPage","@id":"https:\/\/www.northhatley.org\/fr\/visiteurs\/activites-north-hatley\/","url":"https:\/\/www.northhatley.org\/fr\/visiteurs\/activites-north-hatley\/","name":"Renseignements - Village de North Hatley","isPartOf":{"@id":"http:\/\/www.northhatley.org\/fr\/#website"},"datePublished":"2014-07-02T20:08:08+00:00","dateModified":"2023-03-09T13:11:33+00:00","breadcrumb":{"@id":"https:\/\/www.northhatley.org\/fr\/visiteurs\/activites-north-hatley\/#breadcrumb"},"inLanguage":"fr-FR","potentialAction":[{"@type":"ReadAction","target":["https:\/\/www.northhatley.org\/fr\/visiteurs\/activites-north-hatley\/"]}]},{"@type":"BreadcrumbList","@id":"https:\/\/www.northhatley.org\/fr\/visiteurs\/activites-north-hatley\/#breadcrumb","itemListElement":[{"@type":"ListItem","position":1,"name":"Home","item":"http:\/\/www.northhatley.org\/fr\/"},{"@type":"ListItem","position":2,"name":"Visiteurs","item":"https:\/\/www.northhatley.org\/fr\/visiteurs\/"},{"@type":"ListItem","position":3,"name":"Renseignements"}]},{"@type":"WebSite","@id":"http:\/\/www.northhatley.org\/fr\/#website","url":"http:\/\/www.northhatley.org\/fr\/","name":"Village de North Hatley","description":"Village of North Hatley","publisher":{"@id":"http:\/\/www.northhatley.org\/fr\/#organization"},"potentialAction":[{"@type":"SearchAction","target":{"@type":"EntryPoint","urlTemplate":"http:\/\/www.northhatley.org\/fr\/?s={search_term_string}"},"query-input":{"@type":"PropertyValueSpecification","valueRequired":true,"valueName":"search_term_string"}}],"inLanguage":"fr-FR"},{"@type":"Organization","@id":"http:\/\/www.northhatley.org\/fr\/#organization","name":"MUNICIPALIT\u00c9 DU VILLAGE DE NORTH HATLE","url":"http:\/\/www.northhatley.org\/fr\/","logo":{"@type":"ImageObject","inLanguage":"fr-FR","@id":"http:\/\/www.northhatley.org\/fr\/#\/schema\/logo\/image\/","url":"https:\/\/www.northhatley.org\/wp-content\/uploads\/2016\/06\/Logo-North-Hatley.jpg","contentUrl":"https:\/\/www.northhatley.org\/wp-content\/uploads\/2016\/06\/Logo-North-Hatley.jpg","width":127,"height":164,"caption":"MUNICIPALIT\u00c9 DU VILLAGE DE NORTH HATLE"},"image":{"@id":"http:\/\/www.northhatley.org\/fr\/#\/schema\/logo\/image\/"}}]}},"_links":{"self":[{"href":"http:\/\/www.northhatley.org\/fr\/wp-json\/wp\/v2\/pages\/1520","targetHints":{"allow":["GET"]}}],"collection":[{"href":"http:\/\/www.northhatley.org\/fr\/wp-json\/wp\/v2\/pages"}],"about":[{"href":"http:\/\/www.northhatley.org\/fr\/wp-json\/wp\/v2\/types\/page"}],"author":[{"embeddable":true,"href":"http:\/\/www.northhatley.org\/fr\/wp-json\/wp\/v2\/users\/2"}],"replies":[{"embeddable":true,"href":"http:\/\/www.northhatley.org\/fr\/wp-json\/wp\/v2\/comments?post=1520"}],"version-history":[{"count":18,"href":"http:\/\/www.northhatley.org\/fr\/wp-json\/wp\/v2\/pages\/1520\/revisions"}],"predecessor-version":[{"id":12082,"href":"http:\/\/www.northhatley.org\/fr\/wp-json\/wp\/v2\/pages\/1520\/revisions\/12082"}],"up":[{"embeddable":true,"href":"http:\/\/www.northhatley.org\/fr\/wp-json\/wp\/v2\/pages\/1327"}],"wp:attachment":[{"href":"http:\/\/www.northhatley.org\/fr\/wp-json\/wp\/v2\/media?parent=1520"}],"curies":[{"name":"wp","href":"https:\/\/api.w.org\/{rel}","templated":true}]}}