{"id":1506,"date":"2014-07-02T18:36:16","date_gmt":"2014-07-02T18:36:16","guid":{"rendered":"http:\/\/www.northhatley.org\/?page_id=1506"},"modified":"2015-01-12T17:57:41","modified_gmt":"2015-01-12T22:57:41","slug":"lieux-de-culte","status":"publish","type":"page","link":"http:\/\/www.northhatley.org\/fr\/communaute\/lieux-de-culte\/","title":{"rendered":"Lieux de culte"},"content":{"rendered":"<h1><strong>Le village aux quatre clochers <\/strong><\/h1>\n<p>North Hatley compte quatre \u00e9glises qui t\u00e9moignent de la diversit\u00e9 religieuse, culturelle et architecturale de la r\u00e9gion. Trois d\u2019entre elles datent du 19<sup>e<\/sup> si\u00e8cle. Pour plus de renseignements et pour voir des photos de l\u2019int\u00e9rieur et l\u2019ext\u00e9rieur de chaque lieu de culte, cliquez sur le nom de l\u2019\u00e9glise.<\/p>\n<ul>\n<li><strong><a href=\"http:\/\/www.lieuxdeculte.qc.ca\/fiche.php?LIEU_CULTE_ID=39597\" target=\"_blank\">L&rsquo;\u00c9glise North Hatley Unitarian Universalist<\/a> <\/strong>(universaliste, construite en 1895), 35, rue Gagnon, J0B 2C0<\/li>\n<\/ul>\n<ul>\n<li><strong><a href=\"http:\/\/www.lieuxdeculte.qc.ca\/fiche.php?LIEU_CULTE_ID=42016\" target=\"_blank\">L&rsquo;\u00c9glise Interfoi North Hatley United<\/a><\/strong> (ancienne \u00e9glise baptiste construite en 1895), 5, rue Main, J0B 2C0<\/li>\n<\/ul>\n<ul>\n<li><strong><a href=\"http:\/\/www.lieuxdeculte.qc.ca\/fiche.php?LIEU_CULTE_ID=39183\" target=\"_blank\">L&rsquo;\u00c9glise Saint-Barnabas<\/a> <\/strong>(anglicane, construite en 1893 &#8211; 1894), 640, ch. Sherbrooke, J0B 2C0<\/li>\n<\/ul>\n<ul>\n<li><strong><a href=\"http:\/\/www.lieuxdeculte.qc.ca\/fiche.php?LIEU_CULTE_ID=41614\" target=\"_blank\">L&rsquo;\u00c9glise Sainte-\u00c9lisabeth<\/a><\/strong> (catholique, construite en 1912 &#8211; 1913), 3115, ch. Capelton, J0B 2C0<\/li>\n<\/ul>\n<address>\u00a0<\/address>\n<address>\u00a0<\/address>\n<address>\u00a0<\/address>\n<address>\u00a0<\/address>\n<address>\u00a0<\/address>\n<address>\u00a0<\/address>\n","protected":false},"excerpt":{"rendered":"<p>Le village aux quatre clochers North Hatley compte quatre \u00e9glises qui t\u00e9moignent de la diversit\u00e9 religieuse, culturelle et architecturale de la r\u00e9gion. Trois d\u2019entre elles datent du 19e si\u00e8cle. Pour plus de renseignements et pour voir des photos de l\u2019int\u00e9rieur et l\u2019ext\u00e9rieur de chaque lieu de culte, cliquez sur le nom de l\u2019\u00e9glise. L&rsquo;\u00c9glise North<\/p>\n","protected":false},"author":2,"featured_media":0,"parent":1316,"menu_order":3,"comment_status":"open","ping_status":"closed","template":"","meta":{"_acf_changed":false,"footnotes":""},"class_list":["post-1506","page","type-page","status-publish","hentry"],"acf":[],"yoast_head":"<!-- This site is optimized with the Yoast SEO plugin v24.3 - https:\/\/yoast.com\/wordpress\/plugins\/seo\/ -->\n<title>Lieux de culte - Village de North Hatley<\/title>\n<meta name=\"robots\" content=\"index, follow, max-snippet:-1, max-image-preview:large, max-video-preview:-1\" \/>\n<link rel=\"canonical\" href=\"https:\/\/www.northhatley.org\/fr\/communaute\/lieux-de-culte\/\" \/>\n<meta property=\"og:locale\" content=\"fr_FR\" \/>\n<meta property=\"og:type\" content=\"article\" \/>\n<meta property=\"og:title\" content=\"Lieux de culte - Village de North Hatley\" \/>\n<meta property=\"og:description\" content=\"Le village aux quatre clochers North Hatley compte quatre \u00e9glises qui t\u00e9moignent de la diversit\u00e9 religieuse, culturelle et architecturale de la r\u00e9gion. Trois d\u2019entre elles datent du 19e si\u00e8cle. Pour plus de renseignements et pour voir des photos de l\u2019int\u00e9rieur et l\u2019ext\u00e9rieur de chaque lieu de culte, cliquez sur le nom de l\u2019\u00e9glise. L&rsquo;\u00c9glise North\" \/>\n<meta property=\"og:url\" content=\"https:\/\/www.northhatley.org\/fr\/communaute\/lieux-de-culte\/\" \/>\n<meta property=\"og:site_name\" content=\"Village de North Hatley\" \/>\n<meta property=\"article:modified_time\" content=\"2015-01-12T22:57:41+00:00\" \/>\n<meta name=\"twitter:label1\" content=\"Dur\u00e9e de lecture estim\u00e9e\" \/>\n\t<meta name=\"twitter:data1\" content=\"1 minute\" \/>\n<script type=\"application\/ld+json\" class=\"yoast-schema-graph\">{\"@context\":\"https:\/\/schema.org\",\"@graph\":[{\"@type\":\"WebPage\",\"@id\":\"https:\/\/www.northhatley.org\/fr\/communaute\/lieux-de-culte\/\",\"url\":\"https:\/\/www.northhatley.org\/fr\/communaute\/lieux-de-culte\/\",\"name\":\"Lieux de culte - Village de North Hatley\",\"isPartOf\":{\"@id\":\"https:\/\/www.northhatley.org\/en\/#website\"},\"datePublished\":\"2014-07-02T18:36:16+00:00\",\"dateModified\":\"2015-01-12T22:57:41+00:00\",\"breadcrumb\":{\"@id\":\"https:\/\/www.northhatley.org\/fr\/communaute\/lieux-de-culte\/#breadcrumb\"},\"inLanguage\":\"fr-FR\",\"potentialAction\":[{\"@type\":\"ReadAction\",\"target\":[\"https:\/\/www.northhatley.org\/fr\/communaute\/lieux-de-culte\/\"]}]},{\"@type\":\"BreadcrumbList\",\"@id\":\"https:\/\/www.northhatley.org\/fr\/communaute\/lieux-de-culte\/#breadcrumb\",\"itemListElement\":[{\"@type\":\"ListItem\",\"position\":1,\"name\":\"Home\",\"item\":\"https:\/\/www.northhatley.org\/fr\/\"},{\"@type\":\"ListItem\",\"position\":2,\"name\":\"R\u00e9sidents\",\"item\":\"https:\/\/www.northhatley.org\/fr\/communaute\/\"},{\"@type\":\"ListItem\",\"position\":3,\"name\":\"Lieux de culte\"}]},{\"@type\":\"WebSite\",\"@id\":\"https:\/\/www.northhatley.org\/en\/#website\",\"url\":\"https:\/\/www.northhatley.org\/en\/\",\"name\":\"Village de North Hatley\",\"description\":\"Village of North Hatley\",\"publisher\":{\"@id\":\"https:\/\/www.northhatley.org\/en\/#organization\"},\"potentialAction\":[{\"@type\":\"SearchAction\",\"target\":{\"@type\":\"EntryPoint\",\"urlTemplate\":\"https:\/\/www.northhatley.org\/en\/?s={search_term_string}\"},\"query-input\":{\"@type\":\"PropertyValueSpecification\",\"valueRequired\":true,\"valueName\":\"search_term_string\"}}],\"inLanguage\":\"fr-FR\"},{\"@type\":\"Organization\",\"@id\":\"https:\/\/www.northhatley.org\/en\/#organization\",\"name\":\"MUNICIPALIT\u00c9 DU VILLAGE DE NORTH HATLE\",\"url\":\"https:\/\/www.northhatley.org\/en\/\",\"logo\":{\"@type\":\"ImageObject\",\"inLanguage\":\"fr-FR\",\"@id\":\"https:\/\/www.northhatley.org\/en\/#\/schema\/logo\/image\/\",\"url\":\"https:\/\/www.northhatley.org\/wp-content\/uploads\/2016\/06\/Logo-North-Hatley.jpg\",\"contentUrl\":\"https:\/\/www.northhatley.org\/wp-content\/uploads\/2016\/06\/Logo-North-Hatley.jpg\",\"width\":127,\"height\":164,\"caption\":\"MUNICIPALIT\u00c9 DU VILLAGE DE NORTH HATLE\"},\"image\":{\"@id\":\"https:\/\/www.northhatley.org\/en\/#\/schema\/logo\/image\/\"}}]}<\/script>\n<!-- \/ Yoast SEO plugin. -->","yoast_head_json":{"title":"Lieux de culte - Village de North Hatley","robots":{"index":"index","follow":"follow","max-snippet":"max-snippet:-1","max-image-preview":"max-image-preview:large","max-video-preview":"max-video-preview:-1"},"canonical":"https:\/\/www.northhatley.org\/fr\/communaute\/lieux-de-culte\/","og_locale":"fr_FR","og_type":"article","og_title":"Lieux de culte - Village de North Hatley","og_description":"Le village aux quatre clochers North Hatley compte quatre \u00e9glises qui t\u00e9moignent de la diversit\u00e9 religieuse, culturelle et architecturale de la r\u00e9gion. Trois d\u2019entre elles datent du 19e si\u00e8cle. Pour plus de renseignements et pour voir des photos de l\u2019int\u00e9rieur et l\u2019ext\u00e9rieur de chaque lieu de culte, cliquez sur le nom de l\u2019\u00e9glise. L&rsquo;\u00c9glise North","og_url":"https:\/\/www.northhatley.org\/fr\/communaute\/lieux-de-culte\/","og_site_name":"Village de North Hatley","article_modified_time":"2015-01-12T22:57:41+00:00","twitter_misc":{"Dur\u00e9e de lecture estim\u00e9e":"1 minute"},"schema":{"@context":"https:\/\/schema.org","@graph":[{"@type":"WebPage","@id":"https:\/\/www.northhatley.org\/fr\/communaute\/lieux-de-culte\/","url":"https:\/\/www.northhatley.org\/fr\/communaute\/lieux-de-culte\/","name":"Lieux de culte - Village de North Hatley","isPartOf":{"@id":"https:\/\/www.northhatley.org\/en\/#website"},"datePublished":"2014-07-02T18:36:16+00:00","dateModified":"2015-01-12T22:57:41+00:00","breadcrumb":{"@id":"https:\/\/www.northhatley.org\/fr\/communaute\/lieux-de-culte\/#breadcrumb"},"inLanguage":"fr-FR","potentialAction":[{"@type":"ReadAction","target":["https:\/\/www.northhatley.org\/fr\/communaute\/lieux-de-culte\/"]}]},{"@type":"BreadcrumbList","@id":"https:\/\/www.northhatley.org\/fr\/communaute\/lieux-de-culte\/#breadcrumb","itemListElement":[{"@type":"ListItem","position":1,"name":"Home","item":"https:\/\/www.northhatley.org\/fr\/"},{"@type":"ListItem","position":2,"name":"R\u00e9sidents","item":"https:\/\/www.northhatley.org\/fr\/communaute\/"},{"@type":"ListItem","position":3,"name":"Lieux de culte"}]},{"@type":"WebSite","@id":"https:\/\/www.northhatley.org\/en\/#website","url":"https:\/\/www.northhatley.org\/en\/","name":"Village de North Hatley","description":"Village of North Hatley","publisher":{"@id":"https:\/\/www.northhatley.org\/en\/#organization"},"potentialAction":[{"@type":"SearchAction","target":{"@type":"EntryPoint","urlTemplate":"https:\/\/www.northhatley.org\/en\/?s={search_term_string}"},"query-input":{"@type":"PropertyValueSpecification","valueRequired":true,"valueName":"search_term_string"}}],"inLanguage":"fr-FR"},{"@type":"Organization","@id":"https:\/\/www.northhatley.org\/en\/#organization","name":"MUNICIPALIT\u00c9 DU VILLAGE DE NORTH HATLE","url":"https:\/\/www.northhatley.org\/en\/","logo":{"@type":"ImageObject","inLanguage":"fr-FR","@id":"https:\/\/www.northhatley.org\/en\/#\/schema\/logo\/image\/","url":"https:\/\/www.northhatley.org\/wp-content\/uploads\/2016\/06\/Logo-North-Hatley.jpg","contentUrl":"https:\/\/www.northhatley.org\/wp-content\/uploads\/2016\/06\/Logo-North-Hatley.jpg","width":127,"height":164,"caption":"MUNICIPALIT\u00c9 DU VILLAGE DE NORTH HATLE"},"image":{"@id":"https:\/\/www.northhatley.org\/en\/#\/schema\/logo\/image\/"}}]}},"_links":{"self":[{"href":"http:\/\/www.northhatley.org\/fr\/wp-json\/wp\/v2\/pages\/1506","targetHints":{"allow":["GET"]}}],"collection":[{"href":"http:\/\/www.northhatley.org\/fr\/wp-json\/wp\/v2\/pages"}],"about":[{"href":"http:\/\/www.northhatley.org\/fr\/wp-json\/wp\/v2\/types\/page"}],"author":[{"embeddable":true,"href":"http:\/\/www.northhatley.org\/fr\/wp-json\/wp\/v2\/users\/2"}],"replies":[{"embeddable":true,"href":"http:\/\/www.northhatley.org\/fr\/wp-json\/wp\/v2\/comments?post=1506"}],"version-history":[{"count":7,"href":"http:\/\/www.northhatley.org\/fr\/wp-json\/wp\/v2\/pages\/1506\/revisions"}],"predecessor-version":[{"id":3644,"href":"http:\/\/www.northhatley.org\/fr\/wp-json\/wp\/v2\/pages\/1506\/revisions\/3644"}],"up":[{"embeddable":true,"href":"http:\/\/www.northhatley.org\/fr\/wp-json\/wp\/v2\/pages\/1316"}],"wp:attachment":[{"href":"http:\/\/www.northhatley.org\/fr\/wp-json\/wp\/v2\/media?parent=1506"}],"curies":[{"name":"wp","href":"https:\/\/api.w.org\/{rel}","templated":true}]}}