{"id":1493,"date":"2014-07-02T17:56:32","date_gmt":"2014-07-02T17:56:32","guid":{"rendered":"http:\/\/www.northhatley.org\/?page_id=1493"},"modified":"2021-06-21T10:28:39","modified_gmt":"2021-06-21T14:28:39","slug":"bibliotheque","status":"publish","type":"page","link":"http:\/\/www.northhatley.org\/fr\/communaute\/arts-et-culture\/bibliotheque\/","title":{"rendered":"Biblioth\u00e8que"},"content":{"rendered":"<h1>La biblioth\u00e8que de North Hatley<\/h1>\n<p>\u00ab\u00a0Par la communaut\u00e9, pour la communaut\u00e9, depuis 1896\u00a0\u00bb<\/p>\n<p>Cr\u00e9\u00e9e \u00e0 la fin du 19<sup>e<\/sup> si\u00e8cle, la biblioth\u00e8que priv\u00e9e de North Hatley offre plus de 18\u00a0000 titres dont le tiers environ est destin\u00e9 aux jeunes et aux enfants.<\/p>\n<p>On y organise <a href=\"http:\/\/www.nhlibrary.qc.ca\/events.html\" target=\"_blank\" rel=\"noopener\">divers \u00e9v\u00e9nements<\/a>\u00a0: projets sp\u00e9ciaux, expositions d&rsquo;artistes de toutes disciplines et lectures de po\u00e8mes par leurs auteurs.<\/p>\n<p>\u00c9galement offerts :<\/p>\n<ul>\n<li>des pr\u00eats entre biblioth\u00e8ques<\/li>\n<li>deux ordinateurs \u00e0 l&rsquo;usage du public<\/li>\n<li>l&rsquo;acc\u00e8s \u00e0 l\u2019Internet sans fil haute vitesse<\/li>\n<li>des activit\u00e9s d\u2019un jour, p. ex., des excursions pour visiter des expositions \u00e0 Montr\u00e9al ou \u00e0 Qu\u00e9bec<\/li>\n<\/ul>\n<address><a href=\"http:\/\/www.nhlibrary.qc.ca\">Le site de la Biblioth\u00e8que de North Hatley<\/a>.<\/address>\n<address><a href=\"mailto:biblio@nhlibrary.org\">biblio@nhlibrary.org<\/a><\/address>\n<address>819 842-2110<\/address>\n<address>165, rue Main<\/address>\n<address>North Hatley, Qu\u00e9bec<\/address>\n<address>J0B 2C0<\/address>\n","protected":false},"excerpt":{"rendered":"<p>La biblioth\u00e8que de North Hatley \u00ab\u00a0Par la communaut\u00e9, pour la communaut\u00e9, depuis 1896\u00a0\u00bb Cr\u00e9\u00e9e \u00e0 la fin du 19e si\u00e8cle, la biblioth\u00e8que priv\u00e9e de North Hatley offre plus de 18\u00a0000 titres dont le tiers environ est destin\u00e9 aux jeunes et aux enfants. On y organise divers \u00e9v\u00e9nements\u00a0: projets sp\u00e9ciaux, expositions d&rsquo;artistes de toutes disciplines et<\/p>\n","protected":false},"author":2,"featured_media":0,"parent":1483,"menu_order":1,"comment_status":"open","ping_status":"open","template":"","meta":{"_acf_changed":false,"footnotes":""},"class_list":["post-1493","page","type-page","status-publish","hentry"],"acf":[],"yoast_head":"<!-- This site is optimized with the Yoast SEO plugin v24.3 - https:\/\/yoast.com\/wordpress\/plugins\/seo\/ -->\n<title>Biblioth\u00e8que - Village de North Hatley<\/title>\n<meta name=\"robots\" content=\"index, follow, max-snippet:-1, max-image-preview:large, max-video-preview:-1\" \/>\n<link rel=\"canonical\" href=\"https:\/\/www.northhatley.org\/fr\/communaute\/arts-et-culture\/bibliotheque\/\" \/>\n<meta property=\"og:locale\" content=\"fr_FR\" \/>\n<meta property=\"og:type\" content=\"article\" \/>\n<meta property=\"og:title\" content=\"Biblioth\u00e8que - Village de North Hatley\" \/>\n<meta property=\"og:description\" content=\"La biblioth\u00e8que de North Hatley \u00ab\u00a0Par la communaut\u00e9, pour la communaut\u00e9, depuis 1896\u00a0\u00bb Cr\u00e9\u00e9e \u00e0 la fin du 19e si\u00e8cle, la biblioth\u00e8que priv\u00e9e de North Hatley offre plus de 18\u00a0000 titres dont le tiers environ est destin\u00e9 aux jeunes et aux enfants. On y organise divers \u00e9v\u00e9nements\u00a0: projets sp\u00e9ciaux, expositions d&rsquo;artistes de toutes disciplines et\" \/>\n<meta property=\"og:url\" content=\"https:\/\/www.northhatley.org\/fr\/communaute\/arts-et-culture\/bibliotheque\/\" \/>\n<meta property=\"og:site_name\" content=\"Village de North Hatley\" \/>\n<meta property=\"article:modified_time\" content=\"2021-06-21T14:28:39+00:00\" \/>\n<meta name=\"twitter:label1\" content=\"Dur\u00e9e de lecture estim\u00e9e\" \/>\n\t<meta name=\"twitter:data1\" content=\"1 minute\" \/>\n<script type=\"application\/ld+json\" class=\"yoast-schema-graph\">{\"@context\":\"https:\/\/schema.org\",\"@graph\":[{\"@type\":\"WebPage\",\"@id\":\"https:\/\/www.northhatley.org\/fr\/communaute\/arts-et-culture\/bibliotheque\/\",\"url\":\"https:\/\/www.northhatley.org\/fr\/communaute\/arts-et-culture\/bibliotheque\/\",\"name\":\"Biblioth\u00e8que - Village de North Hatley\",\"isPartOf\":{\"@id\":\"http:\/\/www.northhatley.org\/fr\/#website\"},\"datePublished\":\"2014-07-02T17:56:32+00:00\",\"dateModified\":\"2021-06-21T14:28:39+00:00\",\"breadcrumb\":{\"@id\":\"https:\/\/www.northhatley.org\/fr\/communaute\/arts-et-culture\/bibliotheque\/#breadcrumb\"},\"inLanguage\":\"fr-FR\",\"potentialAction\":[{\"@type\":\"ReadAction\",\"target\":[\"https:\/\/www.northhatley.org\/fr\/communaute\/arts-et-culture\/bibliotheque\/\"]}]},{\"@type\":\"BreadcrumbList\",\"@id\":\"https:\/\/www.northhatley.org\/fr\/communaute\/arts-et-culture\/bibliotheque\/#breadcrumb\",\"itemListElement\":[{\"@type\":\"ListItem\",\"position\":1,\"name\":\"Home\",\"item\":\"http:\/\/www.northhatley.org\/fr\/\"},{\"@type\":\"ListItem\",\"position\":2,\"name\":\"R\u00e9sidents\",\"item\":\"https:\/\/www.northhatley.org\/fr\/communaute\/\"},{\"@type\":\"ListItem\",\"position\":3,\"name\":\"Art et culture\",\"item\":\"http:\/\/www.northhatley.org\/fr\/communaute\/arts-et-culture\/\"},{\"@type\":\"ListItem\",\"position\":4,\"name\":\"Biblioth\u00e8que\"}]},{\"@type\":\"WebSite\",\"@id\":\"http:\/\/www.northhatley.org\/fr\/#website\",\"url\":\"http:\/\/www.northhatley.org\/fr\/\",\"name\":\"Village de North Hatley\",\"description\":\"Village of North Hatley\",\"publisher\":{\"@id\":\"http:\/\/www.northhatley.org\/fr\/#organization\"},\"potentialAction\":[{\"@type\":\"SearchAction\",\"target\":{\"@type\":\"EntryPoint\",\"urlTemplate\":\"http:\/\/www.northhatley.org\/fr\/?s={search_term_string}\"},\"query-input\":{\"@type\":\"PropertyValueSpecification\",\"valueRequired\":true,\"valueName\":\"search_term_string\"}}],\"inLanguage\":\"fr-FR\"},{\"@type\":\"Organization\",\"@id\":\"http:\/\/www.northhatley.org\/fr\/#organization\",\"name\":\"MUNICIPALIT\u00c9 DU VILLAGE DE NORTH HATLE\",\"url\":\"http:\/\/www.northhatley.org\/fr\/\",\"logo\":{\"@type\":\"ImageObject\",\"inLanguage\":\"fr-FR\",\"@id\":\"http:\/\/www.northhatley.org\/fr\/#\/schema\/logo\/image\/\",\"url\":\"https:\/\/www.northhatley.org\/wp-content\/uploads\/2016\/06\/Logo-North-Hatley.jpg\",\"contentUrl\":\"https:\/\/www.northhatley.org\/wp-content\/uploads\/2016\/06\/Logo-North-Hatley.jpg\",\"width\":127,\"height\":164,\"caption\":\"MUNICIPALIT\u00c9 DU VILLAGE DE NORTH HATLE\"},\"image\":{\"@id\":\"http:\/\/www.northhatley.org\/fr\/#\/schema\/logo\/image\/\"}}]}<\/script>\n<!-- \/ Yoast SEO plugin. -->","yoast_head_json":{"title":"Biblioth\u00e8que - Village de North Hatley","robots":{"index":"index","follow":"follow","max-snippet":"max-snippet:-1","max-image-preview":"max-image-preview:large","max-video-preview":"max-video-preview:-1"},"canonical":"https:\/\/www.northhatley.org\/fr\/communaute\/arts-et-culture\/bibliotheque\/","og_locale":"fr_FR","og_type":"article","og_title":"Biblioth\u00e8que - Village de North Hatley","og_description":"La biblioth\u00e8que de North Hatley \u00ab\u00a0Par la communaut\u00e9, pour la communaut\u00e9, depuis 1896\u00a0\u00bb Cr\u00e9\u00e9e \u00e0 la fin du 19e si\u00e8cle, la biblioth\u00e8que priv\u00e9e de North Hatley offre plus de 18\u00a0000 titres dont le tiers environ est destin\u00e9 aux jeunes et aux enfants. On y organise divers \u00e9v\u00e9nements\u00a0: projets sp\u00e9ciaux, expositions d&rsquo;artistes de toutes disciplines et","og_url":"https:\/\/www.northhatley.org\/fr\/communaute\/arts-et-culture\/bibliotheque\/","og_site_name":"Village de North Hatley","article_modified_time":"2021-06-21T14:28:39+00:00","twitter_misc":{"Dur\u00e9e de lecture estim\u00e9e":"1 minute"},"schema":{"@context":"https:\/\/schema.org","@graph":[{"@type":"WebPage","@id":"https:\/\/www.northhatley.org\/fr\/communaute\/arts-et-culture\/bibliotheque\/","url":"https:\/\/www.northhatley.org\/fr\/communaute\/arts-et-culture\/bibliotheque\/","name":"Biblioth\u00e8que - Village de North Hatley","isPartOf":{"@id":"http:\/\/www.northhatley.org\/fr\/#website"},"datePublished":"2014-07-02T17:56:32+00:00","dateModified":"2021-06-21T14:28:39+00:00","breadcrumb":{"@id":"https:\/\/www.northhatley.org\/fr\/communaute\/arts-et-culture\/bibliotheque\/#breadcrumb"},"inLanguage":"fr-FR","potentialAction":[{"@type":"ReadAction","target":["https:\/\/www.northhatley.org\/fr\/communaute\/arts-et-culture\/bibliotheque\/"]}]},{"@type":"BreadcrumbList","@id":"https:\/\/www.northhatley.org\/fr\/communaute\/arts-et-culture\/bibliotheque\/#breadcrumb","itemListElement":[{"@type":"ListItem","position":1,"name":"Home","item":"http:\/\/www.northhatley.org\/fr\/"},{"@type":"ListItem","position":2,"name":"R\u00e9sidents","item":"https:\/\/www.northhatley.org\/fr\/communaute\/"},{"@type":"ListItem","position":3,"name":"Art et culture","item":"http:\/\/www.northhatley.org\/fr\/communaute\/arts-et-culture\/"},{"@type":"ListItem","position":4,"name":"Biblioth\u00e8que"}]},{"@type":"WebSite","@id":"http:\/\/www.northhatley.org\/fr\/#website","url":"http:\/\/www.northhatley.org\/fr\/","name":"Village de North Hatley","description":"Village of North Hatley","publisher":{"@id":"http:\/\/www.northhatley.org\/fr\/#organization"},"potentialAction":[{"@type":"SearchAction","target":{"@type":"EntryPoint","urlTemplate":"http:\/\/www.northhatley.org\/fr\/?s={search_term_string}"},"query-input":{"@type":"PropertyValueSpecification","valueRequired":true,"valueName":"search_term_string"}}],"inLanguage":"fr-FR"},{"@type":"Organization","@id":"http:\/\/www.northhatley.org\/fr\/#organization","name":"MUNICIPALIT\u00c9 DU VILLAGE DE NORTH HATLE","url":"http:\/\/www.northhatley.org\/fr\/","logo":{"@type":"ImageObject","inLanguage":"fr-FR","@id":"http:\/\/www.northhatley.org\/fr\/#\/schema\/logo\/image\/","url":"https:\/\/www.northhatley.org\/wp-content\/uploads\/2016\/06\/Logo-North-Hatley.jpg","contentUrl":"https:\/\/www.northhatley.org\/wp-content\/uploads\/2016\/06\/Logo-North-Hatley.jpg","width":127,"height":164,"caption":"MUNICIPALIT\u00c9 DU VILLAGE DE NORTH HATLE"},"image":{"@id":"http:\/\/www.northhatley.org\/fr\/#\/schema\/logo\/image\/"}}]}},"_links":{"self":[{"href":"http:\/\/www.northhatley.org\/fr\/wp-json\/wp\/v2\/pages\/1493","targetHints":{"allow":["GET"]}}],"collection":[{"href":"http:\/\/www.northhatley.org\/fr\/wp-json\/wp\/v2\/pages"}],"about":[{"href":"http:\/\/www.northhatley.org\/fr\/wp-json\/wp\/v2\/types\/page"}],"author":[{"embeddable":true,"href":"http:\/\/www.northhatley.org\/fr\/wp-json\/wp\/v2\/users\/2"}],"replies":[{"embeddable":true,"href":"http:\/\/www.northhatley.org\/fr\/wp-json\/wp\/v2\/comments?post=1493"}],"version-history":[{"count":6,"href":"http:\/\/www.northhatley.org\/fr\/wp-json\/wp\/v2\/pages\/1493\/revisions"}],"predecessor-version":[{"id":9906,"href":"http:\/\/www.northhatley.org\/fr\/wp-json\/wp\/v2\/pages\/1493\/revisions\/9906"}],"up":[{"embeddable":true,"href":"http:\/\/www.northhatley.org\/fr\/wp-json\/wp\/v2\/pages\/1483"}],"wp:attachment":[{"href":"http:\/\/www.northhatley.org\/fr\/wp-json\/wp\/v2\/media?parent=1493"}],"curies":[{"name":"wp","href":"https:\/\/api.w.org\/{rel}","templated":true}]}}