{"id":1483,"date":"2014-07-02T17:36:56","date_gmt":"2014-07-02T17:36:56","guid":{"rendered":"http:\/\/www.northhatley.org\/?page_id=1483"},"modified":"2021-10-18T14:40:23","modified_gmt":"2021-10-18T18:40:23","slug":"arts-et-culture","status":"publish","type":"page","link":"http:\/\/www.northhatley.org\/fr\/communaute\/arts-et-culture\/","title":{"rendered":"Art et culture"},"content":{"rendered":"<h1>Les arts et la culture \u00e0 North Hatley<\/h1>\n<p>De tout temps, North Hatley a \u00e9t\u00e9 un lieu de pr\u00e9dilection pour les peintres, les \u00e9crivains, les sculpteurs, les galeristes, les c\u00e9ramistes et les musiciens : ce n\u2019est pas d\u2019hier que le village est une merveilleuse source d\u2019inspiration pour les artistes !<\/p>\n<p><strong>Ressources<\/strong><\/p>\n<ul>\n<li><a title=\"Arts visuels, artisanat et culture\" href=\"http:\/\/www.northhatley.org\/fr\/communaute\/arts-et-culture\/arts-visuels-artisanat-antiquites\/\"><strong>Les arts visuels, l&rsquo;artisanat et la culture \u00e0 North Hatley<\/strong><\/a><\/li>\n<\/ul>\n<ul>\n<li><strong><a title=\"La musique \u00e0 North Hatley\" href=\"http:\/\/www.northhatley.org\/fr\/communaute\/arts-et-culture\/la-musique-north-hatley\/\">La musique \u00e0 North Hatley<\/a><\/strong><\/li>\n<\/ul>\n<ul>\n<li><a title=\"Biblioth\u00e8que\" href=\"http:\/\/www.northhatley.org\/fr\/communaute\/arts-et-culture\/bibliotheque\/\"><strong>La biblioth\u00e8que de North Hatley<\/strong><\/a><\/li>\n<\/ul>\n","protected":false},"excerpt":{"rendered":"<p>Les arts et la culture \u00e0 North Hatley De tout temps, North Hatley a \u00e9t\u00e9 un lieu de pr\u00e9dilection pour les peintres, les \u00e9crivains, les sculpteurs, les galeristes, les c\u00e9ramistes et les musiciens : ce n\u2019est pas d\u2019hier que le village est une merveilleuse source d\u2019inspiration pour les artistes ! Ressources Les arts visuels, l&rsquo;artisanat<\/p>\n","protected":false},"author":2,"featured_media":0,"parent":1316,"menu_order":2,"comment_status":"open","ping_status":"closed","template":"","meta":{"_acf_changed":false,"footnotes":""},"class_list":["post-1483","page","type-page","status-publish","hentry"],"acf":[],"yoast_head":"<!-- This site is optimized with the Yoast SEO plugin v24.3 - https:\/\/yoast.com\/wordpress\/plugins\/seo\/ -->\n<title>Art et culture - Village de North Hatley<\/title>\n<meta name=\"robots\" content=\"index, follow, max-snippet:-1, max-image-preview:large, max-video-preview:-1\" \/>\n<link rel=\"canonical\" href=\"http:\/\/www.northhatley.org\/fr\/communaute\/arts-et-culture\/\" \/>\n<meta property=\"og:locale\" content=\"fr_FR\" \/>\n<meta property=\"og:type\" content=\"article\" \/>\n<meta property=\"og:title\" content=\"Art et culture - Village de North Hatley\" \/>\n<meta property=\"og:description\" content=\"Les arts et la culture \u00e0 North Hatley De tout temps, North Hatley a \u00e9t\u00e9 un lieu de pr\u00e9dilection pour les peintres, les \u00e9crivains, les sculpteurs, les galeristes, les c\u00e9ramistes et les musiciens : ce n\u2019est pas d\u2019hier que le village est une merveilleuse source d\u2019inspiration pour les artistes ! Ressources Les arts visuels, l&rsquo;artisanat\" \/>\n<meta property=\"og:url\" content=\"http:\/\/www.northhatley.org\/fr\/communaute\/arts-et-culture\/\" \/>\n<meta property=\"og:site_name\" content=\"Village de North Hatley\" \/>\n<meta property=\"article:modified_time\" content=\"2021-10-18T18:40:23+00:00\" \/>\n<meta name=\"twitter:label1\" content=\"Dur\u00e9e de lecture estim\u00e9e\" \/>\n\t<meta name=\"twitter:data1\" content=\"1 minute\" \/>\n<script type=\"application\/ld+json\" class=\"yoast-schema-graph\">{\"@context\":\"https:\/\/schema.org\",\"@graph\":[{\"@type\":\"WebPage\",\"@id\":\"http:\/\/www.northhatley.org\/fr\/communaute\/arts-et-culture\/\",\"url\":\"http:\/\/www.northhatley.org\/fr\/communaute\/arts-et-culture\/\",\"name\":\"Art et culture - Village de North Hatley\",\"isPartOf\":{\"@id\":\"http:\/\/www.northhatley.org\/fr\/#website\"},\"datePublished\":\"2014-07-02T17:36:56+00:00\",\"dateModified\":\"2021-10-18T18:40:23+00:00\",\"breadcrumb\":{\"@id\":\"http:\/\/www.northhatley.org\/fr\/communaute\/arts-et-culture\/#breadcrumb\"},\"inLanguage\":\"fr-FR\",\"potentialAction\":[{\"@type\":\"ReadAction\",\"target\":[\"http:\/\/www.northhatley.org\/fr\/communaute\/arts-et-culture\/\"]}]},{\"@type\":\"BreadcrumbList\",\"@id\":\"http:\/\/www.northhatley.org\/fr\/communaute\/arts-et-culture\/#breadcrumb\",\"itemListElement\":[{\"@type\":\"ListItem\",\"position\":1,\"name\":\"Home\",\"item\":\"http:\/\/www.northhatley.org\/fr\/\"},{\"@type\":\"ListItem\",\"position\":2,\"name\":\"R\u00e9sidents\",\"item\":\"https:\/\/www.northhatley.org\/fr\/communaute\/\"},{\"@type\":\"ListItem\",\"position\":3,\"name\":\"Art et culture\"}]},{\"@type\":\"WebSite\",\"@id\":\"http:\/\/www.northhatley.org\/fr\/#website\",\"url\":\"http:\/\/www.northhatley.org\/fr\/\",\"name\":\"Village de North Hatley\",\"description\":\"Village of North Hatley\",\"publisher\":{\"@id\":\"http:\/\/www.northhatley.org\/fr\/#organization\"},\"potentialAction\":[{\"@type\":\"SearchAction\",\"target\":{\"@type\":\"EntryPoint\",\"urlTemplate\":\"http:\/\/www.northhatley.org\/fr\/?s={search_term_string}\"},\"query-input\":{\"@type\":\"PropertyValueSpecification\",\"valueRequired\":true,\"valueName\":\"search_term_string\"}}],\"inLanguage\":\"fr-FR\"},{\"@type\":\"Organization\",\"@id\":\"http:\/\/www.northhatley.org\/fr\/#organization\",\"name\":\"MUNICIPALIT\u00c9 DU VILLAGE DE NORTH HATLE\",\"url\":\"http:\/\/www.northhatley.org\/fr\/\",\"logo\":{\"@type\":\"ImageObject\",\"inLanguage\":\"fr-FR\",\"@id\":\"http:\/\/www.northhatley.org\/fr\/#\/schema\/logo\/image\/\",\"url\":\"https:\/\/www.northhatley.org\/wp-content\/uploads\/2016\/06\/Logo-North-Hatley.jpg\",\"contentUrl\":\"https:\/\/www.northhatley.org\/wp-content\/uploads\/2016\/06\/Logo-North-Hatley.jpg\",\"width\":127,\"height\":164,\"caption\":\"MUNICIPALIT\u00c9 DU VILLAGE DE NORTH HATLE\"},\"image\":{\"@id\":\"http:\/\/www.northhatley.org\/fr\/#\/schema\/logo\/image\/\"}}]}<\/script>\n<!-- \/ Yoast SEO plugin. -->","yoast_head_json":{"title":"Art et culture - Village de North Hatley","robots":{"index":"index","follow":"follow","max-snippet":"max-snippet:-1","max-image-preview":"max-image-preview:large","max-video-preview":"max-video-preview:-1"},"canonical":"http:\/\/www.northhatley.org\/fr\/communaute\/arts-et-culture\/","og_locale":"fr_FR","og_type":"article","og_title":"Art et culture - Village de North Hatley","og_description":"Les arts et la culture \u00e0 North Hatley De tout temps, North Hatley a \u00e9t\u00e9 un lieu de pr\u00e9dilection pour les peintres, les \u00e9crivains, les sculpteurs, les galeristes, les c\u00e9ramistes et les musiciens : ce n\u2019est pas d\u2019hier que le village est une merveilleuse source d\u2019inspiration pour les artistes ! Ressources Les arts visuels, l&rsquo;artisanat","og_url":"http:\/\/www.northhatley.org\/fr\/communaute\/arts-et-culture\/","og_site_name":"Village de North Hatley","article_modified_time":"2021-10-18T18:40:23+00:00","twitter_misc":{"Dur\u00e9e de lecture estim\u00e9e":"1 minute"},"schema":{"@context":"https:\/\/schema.org","@graph":[{"@type":"WebPage","@id":"http:\/\/www.northhatley.org\/fr\/communaute\/arts-et-culture\/","url":"http:\/\/www.northhatley.org\/fr\/communaute\/arts-et-culture\/","name":"Art et culture - Village de North Hatley","isPartOf":{"@id":"http:\/\/www.northhatley.org\/fr\/#website"},"datePublished":"2014-07-02T17:36:56+00:00","dateModified":"2021-10-18T18:40:23+00:00","breadcrumb":{"@id":"http:\/\/www.northhatley.org\/fr\/communaute\/arts-et-culture\/#breadcrumb"},"inLanguage":"fr-FR","potentialAction":[{"@type":"ReadAction","target":["http:\/\/www.northhatley.org\/fr\/communaute\/arts-et-culture\/"]}]},{"@type":"BreadcrumbList","@id":"http:\/\/www.northhatley.org\/fr\/communaute\/arts-et-culture\/#breadcrumb","itemListElement":[{"@type":"ListItem","position":1,"name":"Home","item":"http:\/\/www.northhatley.org\/fr\/"},{"@type":"ListItem","position":2,"name":"R\u00e9sidents","item":"https:\/\/www.northhatley.org\/fr\/communaute\/"},{"@type":"ListItem","position":3,"name":"Art et culture"}]},{"@type":"WebSite","@id":"http:\/\/www.northhatley.org\/fr\/#website","url":"http:\/\/www.northhatley.org\/fr\/","name":"Village de North Hatley","description":"Village of North Hatley","publisher":{"@id":"http:\/\/www.northhatley.org\/fr\/#organization"},"potentialAction":[{"@type":"SearchAction","target":{"@type":"EntryPoint","urlTemplate":"http:\/\/www.northhatley.org\/fr\/?s={search_term_string}"},"query-input":{"@type":"PropertyValueSpecification","valueRequired":true,"valueName":"search_term_string"}}],"inLanguage":"fr-FR"},{"@type":"Organization","@id":"http:\/\/www.northhatley.org\/fr\/#organization","name":"MUNICIPALIT\u00c9 DU VILLAGE DE NORTH HATLE","url":"http:\/\/www.northhatley.org\/fr\/","logo":{"@type":"ImageObject","inLanguage":"fr-FR","@id":"http:\/\/www.northhatley.org\/fr\/#\/schema\/logo\/image\/","url":"https:\/\/www.northhatley.org\/wp-content\/uploads\/2016\/06\/Logo-North-Hatley.jpg","contentUrl":"https:\/\/www.northhatley.org\/wp-content\/uploads\/2016\/06\/Logo-North-Hatley.jpg","width":127,"height":164,"caption":"MUNICIPALIT\u00c9 DU VILLAGE DE NORTH HATLE"},"image":{"@id":"http:\/\/www.northhatley.org\/fr\/#\/schema\/logo\/image\/"}}]}},"_links":{"self":[{"href":"http:\/\/www.northhatley.org\/fr\/wp-json\/wp\/v2\/pages\/1483","targetHints":{"allow":["GET"]}}],"collection":[{"href":"http:\/\/www.northhatley.org\/fr\/wp-json\/wp\/v2\/pages"}],"about":[{"href":"http:\/\/www.northhatley.org\/fr\/wp-json\/wp\/v2\/types\/page"}],"author":[{"embeddable":true,"href":"http:\/\/www.northhatley.org\/fr\/wp-json\/wp\/v2\/users\/2"}],"replies":[{"embeddable":true,"href":"http:\/\/www.northhatley.org\/fr\/wp-json\/wp\/v2\/comments?post=1483"}],"version-history":[{"count":12,"href":"http:\/\/www.northhatley.org\/fr\/wp-json\/wp\/v2\/pages\/1483\/revisions"}],"predecessor-version":[{"id":10419,"href":"http:\/\/www.northhatley.org\/fr\/wp-json\/wp\/v2\/pages\/1483\/revisions\/10419"}],"up":[{"embeddable":true,"href":"http:\/\/www.northhatley.org\/fr\/wp-json\/wp\/v2\/pages\/1316"}],"wp:attachment":[{"href":"http:\/\/www.northhatley.org\/fr\/wp-json\/wp\/v2\/media?parent=1483"}],"curies":[{"name":"wp","href":"https:\/\/api.w.org\/{rel}","templated":true}]}}