{"id":1423,"date":"2014-07-01T21:09:18","date_gmt":"2014-07-01T21:09:18","guid":{"rendered":"http:\/\/www.northhatley.org\/?page_id=1423"},"modified":"2021-09-09T14:10:15","modified_gmt":"2021-09-09T18:10:15","slug":"le-curling-club-de-north-hatley","status":"publish","type":"page","link":"http:\/\/www.northhatley.org\/fr\/communaute\/sports-et-loisirs\/le-curling-club-de-north-hatley\/","title":{"rendered":"Golf, curling, etc."},"content":{"rendered":"<h1><strong>Golf, curling et plus<\/strong><\/h1>\n<h3><strong>Golf<\/strong><\/h3>\n<p>Situ\u00e9 \u00e0 l\u2019extr\u00e9mit\u00e9 sud du village dans un paysage magnifique, le Club de golf North Hatley offre un des plus beaux parcours de neuf trous de longueur r\u00e9guli\u00e8re de l\u2019Est du Canada.<\/p>\n<p><a href=\"http:\/\/clubdegolfnorthhatley.com\/index.html\" target=\"_blank\" rel=\"noopener\">Club de golf North Hatley<\/a><br \/>\n819 842-2463<br \/>\n1140, ch. Massawippi<br \/>\nNorth Hatley, Qu\u00e9bec<br \/>\nJ0B 2C0<\/p>\n<h3>Curling<\/h3>\n<p>Le curling est souvent d\u00e9crit comme des \u00ab\u00a0\u00e9checs sur glace\u00a0\u00bb. Au Club de Curling de North Hatley, on accueille avec plaisir tous ceux \u2013 experts ou d\u00e9butants \u2013 qui s&rsquo;int\u00e9ressent \u00e0 ce sport fort divertissant.\u00a0 Ce club de curling \u00ab\u00a0vintage\u00a0\u00bb offre deux aires de glace ainsi qu&rsquo;un bar avec casse-cro\u00fbte. Venez vous initier au curling ou encore assister \u00e0 l&rsquo;un des matchs qui s&rsquo;y d\u00e9roulent durant la saison hivernale.<\/p>\n<p>Le club est \u00e9galement l&rsquo;endroit tout indiqu\u00e9 pour tenir des \u00e9v\u00e9nements ou des r\u00e9ceptions.<\/p>\n<p><a href=\"http:\/\/www.nhclub.org\/NHCurling\/nhcurlinghome.htm\" target=\"_blank\" rel=\"noopener\">Le Club de Curling de North Hatley<\/a><br \/>\n819 842-2655<br \/>\n3245, ch. Capelton<br \/>\nCanton de Hatley, Qu\u00e9bec<br \/>\nJ0B 2C0<\/p>\n<h3><strong>Club de bridge<\/strong><\/h3>\n<p>Le Club de bridge North Hatley ACBL est en op\u00e9ration depuis 1996. Ils sont affili\u00e9s \u00e0 l&rsquo;ACBL (American Contract Bridge League) et octroie des points de ma\u00eetre aux joueurs m\u00e9ritants.<\/p>\n<p>Leur licence est \u00e9mise annuellement pour la p\u00e9riode estivale du d\u00e9but juin \u00e0 la fin septembre. Les r\u00e9servations sont appr\u00e9ci\u00e9es. Ouvert \u00e0 tous !<\/p>\n<p>Le Club de bridge est situ\u00e9 au 95, rue Jackson Heights \u00e0 North Hatley.<\/p>\n<address>\u00a0<\/address>\n<address>\u00a0<\/address>\n<address>\u00a0<\/address>\n","protected":false},"excerpt":{"rendered":"<p>Golf, curling et plus Golf Situ\u00e9 \u00e0 l\u2019extr\u00e9mit\u00e9 sud du village dans un paysage magnifique, le Club de golf North Hatley offre un des plus beaux parcours de neuf trous de longueur r\u00e9guli\u00e8re de l\u2019Est du Canada. Club de golf North Hatley 819 842-2463 1140, ch. Massawippi North Hatley, Qu\u00e9bec J0B 2C0 Curling Le curling<\/p>\n","protected":false},"author":2,"featured_media":0,"parent":2867,"menu_order":5,"comment_status":"open","ping_status":"open","template":"","meta":{"_acf_changed":false,"footnotes":""},"class_list":["post-1423","page","type-page","status-publish","hentry"],"acf":[],"yoast_head":"<!-- This site is optimized with the Yoast SEO plugin v24.3 - https:\/\/yoast.com\/wordpress\/plugins\/seo\/ -->\n<title>Golf, curling, etc. - Village de North Hatley<\/title>\n<meta name=\"robots\" content=\"index, follow, max-snippet:-1, max-image-preview:large, max-video-preview:-1\" \/>\n<link rel=\"canonical\" href=\"https:\/\/www.northhatley.org\/fr\/communaute\/sports-et-loisirs\/le-curling-club-de-north-hatley\/\" \/>\n<meta property=\"og:locale\" content=\"fr_FR\" \/>\n<meta property=\"og:type\" content=\"article\" \/>\n<meta property=\"og:title\" content=\"Golf, curling, etc. - Village de North Hatley\" \/>\n<meta property=\"og:description\" content=\"Golf, curling et plus Golf Situ\u00e9 \u00e0 l\u2019extr\u00e9mit\u00e9 sud du village dans un paysage magnifique, le Club de golf North Hatley offre un des plus beaux parcours de neuf trous de longueur r\u00e9guli\u00e8re de l\u2019Est du Canada. Club de golf North Hatley 819 842-2463 1140, ch. Massawippi North Hatley, Qu\u00e9bec J0B 2C0 Curling Le curling\" \/>\n<meta property=\"og:url\" content=\"https:\/\/www.northhatley.org\/fr\/communaute\/sports-et-loisirs\/le-curling-club-de-north-hatley\/\" \/>\n<meta property=\"og:site_name\" content=\"Village de North Hatley\" \/>\n<meta property=\"article:modified_time\" content=\"2021-09-09T18:10:15+00:00\" \/>\n<meta name=\"twitter:label1\" content=\"Dur\u00e9e de lecture estim\u00e9e\" \/>\n\t<meta name=\"twitter:data1\" content=\"1 minute\" \/>\n<script type=\"application\/ld+json\" class=\"yoast-schema-graph\">{\"@context\":\"https:\/\/schema.org\",\"@graph\":[{\"@type\":\"WebPage\",\"@id\":\"https:\/\/www.northhatley.org\/fr\/communaute\/sports-et-loisirs\/le-curling-club-de-north-hatley\/\",\"url\":\"https:\/\/www.northhatley.org\/fr\/communaute\/sports-et-loisirs\/le-curling-club-de-north-hatley\/\",\"name\":\"Golf, curling, etc. - Village de North Hatley\",\"isPartOf\":{\"@id\":\"https:\/\/www.northhatley.org\/en\/#website\"},\"datePublished\":\"2014-07-01T21:09:18+00:00\",\"dateModified\":\"2021-09-09T18:10:15+00:00\",\"breadcrumb\":{\"@id\":\"https:\/\/www.northhatley.org\/fr\/communaute\/sports-et-loisirs\/le-curling-club-de-north-hatley\/#breadcrumb\"},\"inLanguage\":\"fr-FR\",\"potentialAction\":[{\"@type\":\"ReadAction\",\"target\":[\"https:\/\/www.northhatley.org\/fr\/communaute\/sports-et-loisirs\/le-curling-club-de-north-hatley\/\"]}]},{\"@type\":\"BreadcrumbList\",\"@id\":\"https:\/\/www.northhatley.org\/fr\/communaute\/sports-et-loisirs\/le-curling-club-de-north-hatley\/#breadcrumb\",\"itemListElement\":[{\"@type\":\"ListItem\",\"position\":1,\"name\":\"Home\",\"item\":\"http:\/\/www.northhatley.org\/fr\/\"},{\"@type\":\"ListItem\",\"position\":2,\"name\":\"R\u00e9sidents\",\"item\":\"http:\/\/www.northhatley.org\/fr\/communaute\/\"},{\"@type\":\"ListItem\",\"position\":3,\"name\":\"Sports et loisirs\",\"item\":\"http:\/\/www.northhatley.org\/fr\/communaute\/sports-et-loisirs\/\"},{\"@type\":\"ListItem\",\"position\":4,\"name\":\"Golf, curling, etc.\"}]},{\"@type\":\"WebSite\",\"@id\":\"https:\/\/www.northhatley.org\/en\/#website\",\"url\":\"https:\/\/www.northhatley.org\/en\/\",\"name\":\"Village de North Hatley\",\"description\":\"Village of North Hatley\",\"publisher\":{\"@id\":\"https:\/\/www.northhatley.org\/en\/#organization\"},\"potentialAction\":[{\"@type\":\"SearchAction\",\"target\":{\"@type\":\"EntryPoint\",\"urlTemplate\":\"https:\/\/www.northhatley.org\/en\/?s={search_term_string}\"},\"query-input\":{\"@type\":\"PropertyValueSpecification\",\"valueRequired\":true,\"valueName\":\"search_term_string\"}}],\"inLanguage\":\"fr-FR\"},{\"@type\":\"Organization\",\"@id\":\"https:\/\/www.northhatley.org\/en\/#organization\",\"name\":\"MUNICIPALIT\u00c9 DU VILLAGE DE NORTH HATLE\",\"url\":\"https:\/\/www.northhatley.org\/en\/\",\"logo\":{\"@type\":\"ImageObject\",\"inLanguage\":\"fr-FR\",\"@id\":\"https:\/\/www.northhatley.org\/en\/#\/schema\/logo\/image\/\",\"url\":\"https:\/\/www.northhatley.org\/wp-content\/uploads\/2016\/06\/Logo-North-Hatley.jpg\",\"contentUrl\":\"https:\/\/www.northhatley.org\/wp-content\/uploads\/2016\/06\/Logo-North-Hatley.jpg\",\"width\":127,\"height\":164,\"caption\":\"MUNICIPALIT\u00c9 DU VILLAGE DE NORTH HATLE\"},\"image\":{\"@id\":\"https:\/\/www.northhatley.org\/en\/#\/schema\/logo\/image\/\"}}]}<\/script>\n<!-- \/ Yoast SEO plugin. -->","yoast_head_json":{"title":"Golf, curling, etc. - Village de North Hatley","robots":{"index":"index","follow":"follow","max-snippet":"max-snippet:-1","max-image-preview":"max-image-preview:large","max-video-preview":"max-video-preview:-1"},"canonical":"https:\/\/www.northhatley.org\/fr\/communaute\/sports-et-loisirs\/le-curling-club-de-north-hatley\/","og_locale":"fr_FR","og_type":"article","og_title":"Golf, curling, etc. - Village de North Hatley","og_description":"Golf, curling et plus Golf Situ\u00e9 \u00e0 l\u2019extr\u00e9mit\u00e9 sud du village dans un paysage magnifique, le Club de golf North Hatley offre un des plus beaux parcours de neuf trous de longueur r\u00e9guli\u00e8re de l\u2019Est du Canada. Club de golf North Hatley 819 842-2463 1140, ch. Massawippi North Hatley, Qu\u00e9bec J0B 2C0 Curling Le curling","og_url":"https:\/\/www.northhatley.org\/fr\/communaute\/sports-et-loisirs\/le-curling-club-de-north-hatley\/","og_site_name":"Village de North Hatley","article_modified_time":"2021-09-09T18:10:15+00:00","twitter_misc":{"Dur\u00e9e de lecture estim\u00e9e":"1 minute"},"schema":{"@context":"https:\/\/schema.org","@graph":[{"@type":"WebPage","@id":"https:\/\/www.northhatley.org\/fr\/communaute\/sports-et-loisirs\/le-curling-club-de-north-hatley\/","url":"https:\/\/www.northhatley.org\/fr\/communaute\/sports-et-loisirs\/le-curling-club-de-north-hatley\/","name":"Golf, curling, etc. - Village de North Hatley","isPartOf":{"@id":"https:\/\/www.northhatley.org\/en\/#website"},"datePublished":"2014-07-01T21:09:18+00:00","dateModified":"2021-09-09T18:10:15+00:00","breadcrumb":{"@id":"https:\/\/www.northhatley.org\/fr\/communaute\/sports-et-loisirs\/le-curling-club-de-north-hatley\/#breadcrumb"},"inLanguage":"fr-FR","potentialAction":[{"@type":"ReadAction","target":["https:\/\/www.northhatley.org\/fr\/communaute\/sports-et-loisirs\/le-curling-club-de-north-hatley\/"]}]},{"@type":"BreadcrumbList","@id":"https:\/\/www.northhatley.org\/fr\/communaute\/sports-et-loisirs\/le-curling-club-de-north-hatley\/#breadcrumb","itemListElement":[{"@type":"ListItem","position":1,"name":"Home","item":"http:\/\/www.northhatley.org\/fr\/"},{"@type":"ListItem","position":2,"name":"R\u00e9sidents","item":"http:\/\/www.northhatley.org\/fr\/communaute\/"},{"@type":"ListItem","position":3,"name":"Sports et loisirs","item":"http:\/\/www.northhatley.org\/fr\/communaute\/sports-et-loisirs\/"},{"@type":"ListItem","position":4,"name":"Golf, curling, etc."}]},{"@type":"WebSite","@id":"https:\/\/www.northhatley.org\/en\/#website","url":"https:\/\/www.northhatley.org\/en\/","name":"Village de North Hatley","description":"Village of North Hatley","publisher":{"@id":"https:\/\/www.northhatley.org\/en\/#organization"},"potentialAction":[{"@type":"SearchAction","target":{"@type":"EntryPoint","urlTemplate":"https:\/\/www.northhatley.org\/en\/?s={search_term_string}"},"query-input":{"@type":"PropertyValueSpecification","valueRequired":true,"valueName":"search_term_string"}}],"inLanguage":"fr-FR"},{"@type":"Organization","@id":"https:\/\/www.northhatley.org\/en\/#organization","name":"MUNICIPALIT\u00c9 DU VILLAGE DE NORTH HATLE","url":"https:\/\/www.northhatley.org\/en\/","logo":{"@type":"ImageObject","inLanguage":"fr-FR","@id":"https:\/\/www.northhatley.org\/en\/#\/schema\/logo\/image\/","url":"https:\/\/www.northhatley.org\/wp-content\/uploads\/2016\/06\/Logo-North-Hatley.jpg","contentUrl":"https:\/\/www.northhatley.org\/wp-content\/uploads\/2016\/06\/Logo-North-Hatley.jpg","width":127,"height":164,"caption":"MUNICIPALIT\u00c9 DU VILLAGE DE NORTH HATLE"},"image":{"@id":"https:\/\/www.northhatley.org\/en\/#\/schema\/logo\/image\/"}}]}},"_links":{"self":[{"href":"http:\/\/www.northhatley.org\/fr\/wp-json\/wp\/v2\/pages\/1423","targetHints":{"allow":["GET"]}}],"collection":[{"href":"http:\/\/www.northhatley.org\/fr\/wp-json\/wp\/v2\/pages"}],"about":[{"href":"http:\/\/www.northhatley.org\/fr\/wp-json\/wp\/v2\/types\/page"}],"author":[{"embeddable":true,"href":"http:\/\/www.northhatley.org\/fr\/wp-json\/wp\/v2\/users\/2"}],"replies":[{"embeddable":true,"href":"http:\/\/www.northhatley.org\/fr\/wp-json\/wp\/v2\/comments?post=1423"}],"version-history":[{"count":12,"href":"http:\/\/www.northhatley.org\/fr\/wp-json\/wp\/v2\/pages\/1423\/revisions"}],"predecessor-version":[{"id":10107,"href":"http:\/\/www.northhatley.org\/fr\/wp-json\/wp\/v2\/pages\/1423\/revisions\/10107"}],"up":[{"embeddable":true,"href":"http:\/\/www.northhatley.org\/fr\/wp-json\/wp\/v2\/pages\/2867"}],"wp:attachment":[{"href":"http:\/\/www.northhatley.org\/fr\/wp-json\/wp\/v2\/media?parent=1423"}],"curies":[{"name":"wp","href":"https:\/\/api.w.org\/{rel}","templated":true}]}}