{"id":1415,"date":"2014-07-01T20:55:21","date_gmt":"2014-07-01T20:55:21","guid":{"rendered":"http:\/\/www.northhatley.org\/?page_id=1415"},"modified":"2014-10-29T16:48:41","modified_gmt":"2014-10-29T20:48:41","slug":"piste-pour-velo-et-ski-de-fond","status":"publish","type":"page","link":"http:\/\/www.northhatley.org\/fr\/communaute\/sports-et-loisirs\/piste-pour-velo-et-ski-de-fond\/","title":{"rendered":"Piste pour v\u00e9lo et ski de fond"},"content":{"rendered":"<h1><strong>V\u00e9lo en \u00e9t\u00e9, ski de fond en hiver<\/strong><\/h1>\n<p>Il existe plusieurs endroits o\u00f9 faire du v\u00e9lo en \u00e9t\u00e9 et pratiquer le ski de fond \u00e0 proximit\u00e9 de North Hatley. Le plus proche est sans contredit celui du <a href=\"http:\/\/fr.wikipedia.org\/wiki\/R%C3%A9seau_des_Grandes-Fourches\" target=\"_blank\">R\u00e9seau des Grandes-Fourches<\/a>, dont une partie est am\u00e9nag\u00e9e \u00e0 m\u00eame une ancienne voie ferr\u00e9e qui longe la rivi\u00e8re Massawippi\u00a0: une belle piste de quelque 13 km qui vous m\u00e8ne jusqu\u2019\u00e0 Sherbrooke (arrondissement Lennoxville).<\/p>\n<p>Pour plus de renseignements, composez le 819 560-4280 ou visitez le site web de <a href=\"http:\/\/www.destinationsherbrooke.com\/fr\/visiteurs\/index.aspx\" target=\"_blank\">Destination Sherbrooke<\/a>.<\/p>\n<p>&nbsp;<\/p>\n<p>&nbsp;<\/p>\n<p>&nbsp;<\/p>\n<p>&nbsp;<\/p>\n<p>&nbsp;<\/p>\n<p>&nbsp;<\/p>\n<p>&nbsp;<\/p>\n","protected":false},"excerpt":{"rendered":"<p>V\u00e9lo en \u00e9t\u00e9, ski de fond en hiver Il existe plusieurs endroits o\u00f9 faire du v\u00e9lo en \u00e9t\u00e9 et pratiquer le ski de fond \u00e0 proximit\u00e9 de North Hatley. Le plus proche est sans contredit celui du R\u00e9seau des Grandes-Fourches, dont une partie est am\u00e9nag\u00e9e \u00e0 m\u00eame une ancienne voie ferr\u00e9e qui longe la rivi\u00e8re<\/p>\n","protected":false},"author":2,"featured_media":0,"parent":2867,"menu_order":4,"comment_status":"open","ping_status":"closed","template":"","meta":{"_acf_changed":false,"footnotes":""},"class_list":["post-1415","page","type-page","status-publish","hentry"],"acf":[],"yoast_head":"<!-- This site is optimized with the Yoast SEO plugin v24.3 - https:\/\/yoast.com\/wordpress\/plugins\/seo\/ -->\n<title>Piste pour v\u00e9lo et ski de fond - Village de North Hatley<\/title>\n<meta name=\"robots\" content=\"index, follow, max-snippet:-1, max-image-preview:large, max-video-preview:-1\" \/>\n<link rel=\"canonical\" href=\"http:\/\/www.northhatley.org\/fr\/communaute\/sports-et-loisirs\/piste-pour-velo-et-ski-de-fond\/\" \/>\n<meta property=\"og:locale\" content=\"fr_FR\" \/>\n<meta property=\"og:type\" content=\"article\" \/>\n<meta property=\"og:title\" content=\"Piste pour v\u00e9lo et ski de fond - Village de North Hatley\" \/>\n<meta property=\"og:description\" content=\"V\u00e9lo en \u00e9t\u00e9, ski de fond en hiver Il existe plusieurs endroits o\u00f9 faire du v\u00e9lo en \u00e9t\u00e9 et pratiquer le ski de fond \u00e0 proximit\u00e9 de North Hatley. Le plus proche est sans contredit celui du R\u00e9seau des Grandes-Fourches, dont une partie est am\u00e9nag\u00e9e \u00e0 m\u00eame une ancienne voie ferr\u00e9e qui longe la rivi\u00e8re\" \/>\n<meta property=\"og:url\" content=\"http:\/\/www.northhatley.org\/fr\/communaute\/sports-et-loisirs\/piste-pour-velo-et-ski-de-fond\/\" \/>\n<meta property=\"og:site_name\" content=\"Village de North Hatley\" \/>\n<meta property=\"article:modified_time\" content=\"2014-10-29T20:48:41+00:00\" \/>\n<script type=\"application\/ld+json\" class=\"yoast-schema-graph\">{\"@context\":\"https:\/\/schema.org\",\"@graph\":[{\"@type\":\"WebPage\",\"@id\":\"http:\/\/www.northhatley.org\/fr\/communaute\/sports-et-loisirs\/piste-pour-velo-et-ski-de-fond\/\",\"url\":\"http:\/\/www.northhatley.org\/fr\/communaute\/sports-et-loisirs\/piste-pour-velo-et-ski-de-fond\/\",\"name\":\"Piste pour v\u00e9lo et ski de fond - Village de North Hatley\",\"isPartOf\":{\"@id\":\"http:\/\/www.northhatley.org\/fr\/#website\"},\"datePublished\":\"2014-07-01T20:55:21+00:00\",\"dateModified\":\"2014-10-29T20:48:41+00:00\",\"breadcrumb\":{\"@id\":\"http:\/\/www.northhatley.org\/fr\/communaute\/sports-et-loisirs\/piste-pour-velo-et-ski-de-fond\/#breadcrumb\"},\"inLanguage\":\"fr-FR\",\"potentialAction\":[{\"@type\":\"ReadAction\",\"target\":[\"http:\/\/www.northhatley.org\/fr\/communaute\/sports-et-loisirs\/piste-pour-velo-et-ski-de-fond\/\"]}]},{\"@type\":\"BreadcrumbList\",\"@id\":\"http:\/\/www.northhatley.org\/fr\/communaute\/sports-et-loisirs\/piste-pour-velo-et-ski-de-fond\/#breadcrumb\",\"itemListElement\":[{\"@type\":\"ListItem\",\"position\":1,\"name\":\"Home\",\"item\":\"http:\/\/www.northhatley.org\/fr\/\"},{\"@type\":\"ListItem\",\"position\":2,\"name\":\"R\u00e9sidents\",\"item\":\"https:\/\/www.northhatley.org\/fr\/communaute\/\"},{\"@type\":\"ListItem\",\"position\":3,\"name\":\"Sports et loisirs\",\"item\":\"https:\/\/www.northhatley.org\/fr\/communaute\/sports-et-loisirs\/\"},{\"@type\":\"ListItem\",\"position\":4,\"name\":\"Piste pour v\u00e9lo et ski de fond\"}]},{\"@type\":\"WebSite\",\"@id\":\"http:\/\/www.northhatley.org\/fr\/#website\",\"url\":\"http:\/\/www.northhatley.org\/fr\/\",\"name\":\"Village de North Hatley\",\"description\":\"Village of North Hatley\",\"publisher\":{\"@id\":\"http:\/\/www.northhatley.org\/fr\/#organization\"},\"potentialAction\":[{\"@type\":\"SearchAction\",\"target\":{\"@type\":\"EntryPoint\",\"urlTemplate\":\"http:\/\/www.northhatley.org\/fr\/?s={search_term_string}\"},\"query-input\":{\"@type\":\"PropertyValueSpecification\",\"valueRequired\":true,\"valueName\":\"search_term_string\"}}],\"inLanguage\":\"fr-FR\"},{\"@type\":\"Organization\",\"@id\":\"http:\/\/www.northhatley.org\/fr\/#organization\",\"name\":\"MUNICIPALIT\u00c9 DU VILLAGE DE NORTH HATLE\",\"url\":\"http:\/\/www.northhatley.org\/fr\/\",\"logo\":{\"@type\":\"ImageObject\",\"inLanguage\":\"fr-FR\",\"@id\":\"http:\/\/www.northhatley.org\/fr\/#\/schema\/logo\/image\/\",\"url\":\"https:\/\/www.northhatley.org\/wp-content\/uploads\/2016\/06\/Logo-North-Hatley.jpg\",\"contentUrl\":\"https:\/\/www.northhatley.org\/wp-content\/uploads\/2016\/06\/Logo-North-Hatley.jpg\",\"width\":127,\"height\":164,\"caption\":\"MUNICIPALIT\u00c9 DU VILLAGE DE NORTH HATLE\"},\"image\":{\"@id\":\"http:\/\/www.northhatley.org\/fr\/#\/schema\/logo\/image\/\"}}]}<\/script>\n<!-- \/ Yoast SEO plugin. -->","yoast_head_json":{"title":"Piste pour v\u00e9lo et ski de fond - Village de North Hatley","robots":{"index":"index","follow":"follow","max-snippet":"max-snippet:-1","max-image-preview":"max-image-preview:large","max-video-preview":"max-video-preview:-1"},"canonical":"http:\/\/www.northhatley.org\/fr\/communaute\/sports-et-loisirs\/piste-pour-velo-et-ski-de-fond\/","og_locale":"fr_FR","og_type":"article","og_title":"Piste pour v\u00e9lo et ski de fond - Village de North Hatley","og_description":"V\u00e9lo en \u00e9t\u00e9, ski de fond en hiver Il existe plusieurs endroits o\u00f9 faire du v\u00e9lo en \u00e9t\u00e9 et pratiquer le ski de fond \u00e0 proximit\u00e9 de North Hatley. Le plus proche est sans contredit celui du R\u00e9seau des Grandes-Fourches, dont une partie est am\u00e9nag\u00e9e \u00e0 m\u00eame une ancienne voie ferr\u00e9e qui longe la rivi\u00e8re","og_url":"http:\/\/www.northhatley.org\/fr\/communaute\/sports-et-loisirs\/piste-pour-velo-et-ski-de-fond\/","og_site_name":"Village de North Hatley","article_modified_time":"2014-10-29T20:48:41+00:00","schema":{"@context":"https:\/\/schema.org","@graph":[{"@type":"WebPage","@id":"http:\/\/www.northhatley.org\/fr\/communaute\/sports-et-loisirs\/piste-pour-velo-et-ski-de-fond\/","url":"http:\/\/www.northhatley.org\/fr\/communaute\/sports-et-loisirs\/piste-pour-velo-et-ski-de-fond\/","name":"Piste pour v\u00e9lo et ski de fond - Village de North Hatley","isPartOf":{"@id":"http:\/\/www.northhatley.org\/fr\/#website"},"datePublished":"2014-07-01T20:55:21+00:00","dateModified":"2014-10-29T20:48:41+00:00","breadcrumb":{"@id":"http:\/\/www.northhatley.org\/fr\/communaute\/sports-et-loisirs\/piste-pour-velo-et-ski-de-fond\/#breadcrumb"},"inLanguage":"fr-FR","potentialAction":[{"@type":"ReadAction","target":["http:\/\/www.northhatley.org\/fr\/communaute\/sports-et-loisirs\/piste-pour-velo-et-ski-de-fond\/"]}]},{"@type":"BreadcrumbList","@id":"http:\/\/www.northhatley.org\/fr\/communaute\/sports-et-loisirs\/piste-pour-velo-et-ski-de-fond\/#breadcrumb","itemListElement":[{"@type":"ListItem","position":1,"name":"Home","item":"http:\/\/www.northhatley.org\/fr\/"},{"@type":"ListItem","position":2,"name":"R\u00e9sidents","item":"https:\/\/www.northhatley.org\/fr\/communaute\/"},{"@type":"ListItem","position":3,"name":"Sports et loisirs","item":"https:\/\/www.northhatley.org\/fr\/communaute\/sports-et-loisirs\/"},{"@type":"ListItem","position":4,"name":"Piste pour v\u00e9lo et ski de fond"}]},{"@type":"WebSite","@id":"http:\/\/www.northhatley.org\/fr\/#website","url":"http:\/\/www.northhatley.org\/fr\/","name":"Village de North Hatley","description":"Village of North Hatley","publisher":{"@id":"http:\/\/www.northhatley.org\/fr\/#organization"},"potentialAction":[{"@type":"SearchAction","target":{"@type":"EntryPoint","urlTemplate":"http:\/\/www.northhatley.org\/fr\/?s={search_term_string}"},"query-input":{"@type":"PropertyValueSpecification","valueRequired":true,"valueName":"search_term_string"}}],"inLanguage":"fr-FR"},{"@type":"Organization","@id":"http:\/\/www.northhatley.org\/fr\/#organization","name":"MUNICIPALIT\u00c9 DU VILLAGE DE NORTH HATLE","url":"http:\/\/www.northhatley.org\/fr\/","logo":{"@type":"ImageObject","inLanguage":"fr-FR","@id":"http:\/\/www.northhatley.org\/fr\/#\/schema\/logo\/image\/","url":"https:\/\/www.northhatley.org\/wp-content\/uploads\/2016\/06\/Logo-North-Hatley.jpg","contentUrl":"https:\/\/www.northhatley.org\/wp-content\/uploads\/2016\/06\/Logo-North-Hatley.jpg","width":127,"height":164,"caption":"MUNICIPALIT\u00c9 DU VILLAGE DE NORTH HATLE"},"image":{"@id":"http:\/\/www.northhatley.org\/fr\/#\/schema\/logo\/image\/"}}]}},"_links":{"self":[{"href":"http:\/\/www.northhatley.org\/fr\/wp-json\/wp\/v2\/pages\/1415","targetHints":{"allow":["GET"]}}],"collection":[{"href":"http:\/\/www.northhatley.org\/fr\/wp-json\/wp\/v2\/pages"}],"about":[{"href":"http:\/\/www.northhatley.org\/fr\/wp-json\/wp\/v2\/types\/page"}],"author":[{"embeddable":true,"href":"http:\/\/www.northhatley.org\/fr\/wp-json\/wp\/v2\/users\/2"}],"replies":[{"embeddable":true,"href":"http:\/\/www.northhatley.org\/fr\/wp-json\/wp\/v2\/comments?post=1415"}],"version-history":[{"count":8,"href":"http:\/\/www.northhatley.org\/fr\/wp-json\/wp\/v2\/pages\/1415\/revisions"}],"predecessor-version":[{"id":2837,"href":"http:\/\/www.northhatley.org\/fr\/wp-json\/wp\/v2\/pages\/1415\/revisions\/2837"}],"up":[{"embeddable":true,"href":"http:\/\/www.northhatley.org\/fr\/wp-json\/wp\/v2\/pages\/2867"}],"wp:attachment":[{"href":"http:\/\/www.northhatley.org\/fr\/wp-json\/wp\/v2\/media?parent=1415"}],"curies":[{"name":"wp","href":"https:\/\/api.w.org\/{rel}","templated":true}]}}