{"id":1411,"date":"2014-07-01T20:51:28","date_gmt":"2014-07-01T20:51:28","guid":{"rendered":"http:\/\/www.northhatley.org\/?page_id=1411"},"modified":"2023-03-09T09:03:29","modified_gmt":"2023-03-09T14:03:29","slug":"les-parcs-de-north-hatley","status":"publish","type":"page","link":"http:\/\/www.northhatley.org\/fr\/communaute\/sports-et-loisirs\/les-parcs-de-north-hatley\/","title":{"rendered":"Parcs"},"content":{"rendered":"<div class=\"wpb-content-wrapper\"><p>[vc_row][vc_column][vc_column_text]<\/p>\n<h1>Les parcs de North Hatley<\/h1>\n<p><strong><strong>Le parc <\/strong>Dreamland<\/strong>, \u00e0 la pointe du lac, au centre-ville, \u00e0 l\u2019angle des rues Main et Capelton, avec son kiosque \u00e0 musique, o\u00f9 l\u2019on pr\u00e9sente des concerts tout l&rsquo;\u00e9t\u00e9.<\/p>\n<hr \/>\n<p><strong><strong>Le parc <\/strong>Rivi\u00e8re<\/strong>, en bordure des stationnements municipaux, avec son terrain de jeu et ses tables \u00e0 pique-nique en \u00e9t\u00e9 et sa patinoire l&rsquo;hiver.<\/p>\n<hr \/>\n<p><strong>Le parc des V\u00e9t\u00e9rans<\/strong>, face au Bureau de poste et du magasin LeBaron, rue Main, o\u00f9 a lieu la c\u00e9r\u00e9monie du Jour du Souvenir chaque 11 novembre.<\/p>\n<hr \/>\n<p><strong><strong>Le parc <\/strong>de la Plage<\/strong>, au 2070, ch. du Lac, qui comprend la plage publique,\u00a0 cours de natation et de voile, l&rsquo;espace vert environnant et les courts de tennis, en face.<\/p>\n<p>Le parc de la plage Pleasant View est ferm\u00e9 lorsque la plage n\u2019est pas surveill\u00e9e. \u00a0Toute personne qui d\u00e9sire acc\u00e9der au parc lorsque la plage n\u2019est pas surveill\u00e9e peut se procurer une puce qui permet l&rsquo;acc\u00e8s au parc.<\/p>\n<p>Afin de pouvoir utiliser ce service, chaque personne doit signer une lettre d\u2019engagement et verser un d\u00e9p\u00f4t remboursable de 20 $ pour la puce.<\/p>\n<p>Si la cl\u00e9 est endommag\u00e9e, perdue, vol\u00e9e, ou \u00e9gar\u00e9e, elle est alors d\u00e9sactiv\u00e9e et la personne responsable devra d\u00e9bourser 20 $ pour la remplacer.\u00a0Les personnes qui d\u00e9sirent obtenir une puce d\u2019acc\u00e8s sont pri\u00e9es de se pr\u00e9senter \u00e0 l\u2019h\u00f4tel de Ville avec\u00a0:<\/p>\n<ul>\n<li>La lettre d\u2019engagement remplie et sign\u00e9e (disponible \u00e0 l\u2019h\u00f4tel de Ville ou <a href=\"http:\/\/www.northhatley.org\/wp-content\/uploads\/2018\/09\/Demande_puce_acces.pdf\" target=\"_blank\" rel=\"noopener\">cliquez ici<\/a>);<\/li>\n<li>Une pi\u00e8ce d\u2019identit\u00e9 (avec nom, photo et adresse);<\/li>\n<li>Le d\u00e9p\u00f4t de 20$.<\/li>\n<\/ul>\n<p>La cl\u00e9 d\u2019acc\u00e8s permet d\u2019acc\u00e9der\u00a0uniquement au parc, hors des heures de surveillance.<\/p>\n<p>Pour avoir acc\u00e8s au parc lors des heures de surveillance, l\u2019usager doit s\u2019acquitter des droits d\u2019entr\u00e9es \u00e9tablis.<\/p>\n<p>S.V.P., prendre note que le parc n&rsquo;est pas accessible entre 23 h et 5 h 30.<\/p>\n<hr \/>\n<p><strong>Parc de baseball<\/strong>, un terrain de balle \u00e0 l\u2019angle des rues Wadleigh et LeBaron, dans les hauteurs du village.<\/p>\n<p>La dimension de ce terrain impose que l&rsquo;activit\u00e9 soit r\u00e9serv\u00e9e aux jeunes de moins de 15 ans.<\/p>\n<hr \/>\n<p>[\/vc_column_text][\/vc_column][\/vc_row]<\/p>\n<\/div>","protected":false},"excerpt":{"rendered":"<p>[vc_row][vc_column][vc_column_text] Les parcs de North Hatley Le parc Dreamland, \u00e0 la pointe du lac, au centre-ville, \u00e0 l\u2019angle des rues Main et Capelton, avec son kiosque \u00e0 musique, o\u00f9 l\u2019on pr\u00e9sente des concerts tout l&rsquo;\u00e9t\u00e9. Le parc Rivi\u00e8re, en bordure des stationnements municipaux, avec son terrain de jeu et ses tables \u00e0 pique-nique en \u00e9t\u00e9<\/p>\n","protected":false},"author":2,"featured_media":0,"parent":2867,"menu_order":3,"comment_status":"open","ping_status":"closed","template":"","meta":{"_acf_changed":false,"footnotes":""},"class_list":["post-1411","page","type-page","status-publish","hentry"],"acf":[],"yoast_head":"<!-- This site is optimized with the Yoast SEO plugin v24.3 - https:\/\/yoast.com\/wordpress\/plugins\/seo\/ -->\n<title>Parcs - Village de North Hatley<\/title>\n<meta name=\"robots\" content=\"index, follow, max-snippet:-1, max-image-preview:large, max-video-preview:-1\" \/>\n<link rel=\"canonical\" href=\"http:\/\/www.northhatley.org\/fr\/communaute\/sports-et-loisirs\/les-parcs-de-north-hatley\/\" \/>\n<meta property=\"og:locale\" content=\"fr_FR\" \/>\n<meta property=\"og:type\" content=\"article\" \/>\n<meta property=\"og:title\" content=\"Parcs - Village de North Hatley\" \/>\n<meta property=\"og:description\" content=\"[vc_row][vc_column][vc_column_text] Les parcs de North Hatley Le parc Dreamland, \u00e0 la pointe du lac, au centre-ville, \u00e0 l\u2019angle des rues Main et Capelton, avec son kiosque \u00e0 musique, o\u00f9 l\u2019on pr\u00e9sente des concerts tout l&rsquo;\u00e9t\u00e9. Le parc Rivi\u00e8re, en bordure des stationnements municipaux, avec son terrain de jeu et ses tables \u00e0 pique-nique en \u00e9t\u00e9\" \/>\n<meta property=\"og:url\" content=\"http:\/\/www.northhatley.org\/fr\/communaute\/sports-et-loisirs\/les-parcs-de-north-hatley\/\" \/>\n<meta property=\"og:site_name\" content=\"Village de North Hatley\" \/>\n<meta property=\"article:modified_time\" content=\"2023-03-09T14:03:29+00:00\" \/>\n<meta name=\"twitter:label1\" content=\"Dur\u00e9e de lecture estim\u00e9e\" \/>\n\t<meta name=\"twitter:data1\" content=\"2 minutes\" \/>\n<script type=\"application\/ld+json\" class=\"yoast-schema-graph\">{\"@context\":\"https:\/\/schema.org\",\"@graph\":[{\"@type\":\"WebPage\",\"@id\":\"http:\/\/www.northhatley.org\/fr\/communaute\/sports-et-loisirs\/les-parcs-de-north-hatley\/\",\"url\":\"http:\/\/www.northhatley.org\/fr\/communaute\/sports-et-loisirs\/les-parcs-de-north-hatley\/\",\"name\":\"Parcs - Village de North Hatley\",\"isPartOf\":{\"@id\":\"http:\/\/www.northhatley.org\/fr\/#website\"},\"datePublished\":\"2014-07-01T20:51:28+00:00\",\"dateModified\":\"2023-03-09T14:03:29+00:00\",\"breadcrumb\":{\"@id\":\"http:\/\/www.northhatley.org\/fr\/communaute\/sports-et-loisirs\/les-parcs-de-north-hatley\/#breadcrumb\"},\"inLanguage\":\"fr-FR\",\"potentialAction\":[{\"@type\":\"ReadAction\",\"target\":[\"http:\/\/www.northhatley.org\/fr\/communaute\/sports-et-loisirs\/les-parcs-de-north-hatley\/\"]}]},{\"@type\":\"BreadcrumbList\",\"@id\":\"http:\/\/www.northhatley.org\/fr\/communaute\/sports-et-loisirs\/les-parcs-de-north-hatley\/#breadcrumb\",\"itemListElement\":[{\"@type\":\"ListItem\",\"position\":1,\"name\":\"Home\",\"item\":\"http:\/\/www.northhatley.org\/fr\/\"},{\"@type\":\"ListItem\",\"position\":2,\"name\":\"R\u00e9sidents\",\"item\":\"https:\/\/www.northhatley.org\/fr\/communaute\/\"},{\"@type\":\"ListItem\",\"position\":3,\"name\":\"Sports et loisirs\",\"item\":\"https:\/\/www.northhatley.org\/fr\/communaute\/sports-et-loisirs\/\"},{\"@type\":\"ListItem\",\"position\":4,\"name\":\"Parcs\"}]},{\"@type\":\"WebSite\",\"@id\":\"http:\/\/www.northhatley.org\/fr\/#website\",\"url\":\"http:\/\/www.northhatley.org\/fr\/\",\"name\":\"Village de North Hatley\",\"description\":\"Village of North Hatley\",\"publisher\":{\"@id\":\"http:\/\/www.northhatley.org\/fr\/#organization\"},\"potentialAction\":[{\"@type\":\"SearchAction\",\"target\":{\"@type\":\"EntryPoint\",\"urlTemplate\":\"http:\/\/www.northhatley.org\/fr\/?s={search_term_string}\"},\"query-input\":{\"@type\":\"PropertyValueSpecification\",\"valueRequired\":true,\"valueName\":\"search_term_string\"}}],\"inLanguage\":\"fr-FR\"},{\"@type\":\"Organization\",\"@id\":\"http:\/\/www.northhatley.org\/fr\/#organization\",\"name\":\"MUNICIPALIT\u00c9 DU VILLAGE DE NORTH HATLE\",\"url\":\"http:\/\/www.northhatley.org\/fr\/\",\"logo\":{\"@type\":\"ImageObject\",\"inLanguage\":\"fr-FR\",\"@id\":\"http:\/\/www.northhatley.org\/fr\/#\/schema\/logo\/image\/\",\"url\":\"https:\/\/www.northhatley.org\/wp-content\/uploads\/2016\/06\/Logo-North-Hatley.jpg\",\"contentUrl\":\"https:\/\/www.northhatley.org\/wp-content\/uploads\/2016\/06\/Logo-North-Hatley.jpg\",\"width\":127,\"height\":164,\"caption\":\"MUNICIPALIT\u00c9 DU VILLAGE DE NORTH HATLE\"},\"image\":{\"@id\":\"http:\/\/www.northhatley.org\/fr\/#\/schema\/logo\/image\/\"}}]}<\/script>\n<!-- \/ Yoast SEO plugin. -->","yoast_head_json":{"title":"Parcs - Village de North Hatley","robots":{"index":"index","follow":"follow","max-snippet":"max-snippet:-1","max-image-preview":"max-image-preview:large","max-video-preview":"max-video-preview:-1"},"canonical":"http:\/\/www.northhatley.org\/fr\/communaute\/sports-et-loisirs\/les-parcs-de-north-hatley\/","og_locale":"fr_FR","og_type":"article","og_title":"Parcs - Village de North Hatley","og_description":"[vc_row][vc_column][vc_column_text] Les parcs de North Hatley Le parc Dreamland, \u00e0 la pointe du lac, au centre-ville, \u00e0 l\u2019angle des rues Main et Capelton, avec son kiosque \u00e0 musique, o\u00f9 l\u2019on pr\u00e9sente des concerts tout l&rsquo;\u00e9t\u00e9. Le parc Rivi\u00e8re, en bordure des stationnements municipaux, avec son terrain de jeu et ses tables \u00e0 pique-nique en \u00e9t\u00e9","og_url":"http:\/\/www.northhatley.org\/fr\/communaute\/sports-et-loisirs\/les-parcs-de-north-hatley\/","og_site_name":"Village de North Hatley","article_modified_time":"2023-03-09T14:03:29+00:00","twitter_misc":{"Dur\u00e9e de lecture estim\u00e9e":"2 minutes"},"schema":{"@context":"https:\/\/schema.org","@graph":[{"@type":"WebPage","@id":"http:\/\/www.northhatley.org\/fr\/communaute\/sports-et-loisirs\/les-parcs-de-north-hatley\/","url":"http:\/\/www.northhatley.org\/fr\/communaute\/sports-et-loisirs\/les-parcs-de-north-hatley\/","name":"Parcs - Village de North Hatley","isPartOf":{"@id":"http:\/\/www.northhatley.org\/fr\/#website"},"datePublished":"2014-07-01T20:51:28+00:00","dateModified":"2023-03-09T14:03:29+00:00","breadcrumb":{"@id":"http:\/\/www.northhatley.org\/fr\/communaute\/sports-et-loisirs\/les-parcs-de-north-hatley\/#breadcrumb"},"inLanguage":"fr-FR","potentialAction":[{"@type":"ReadAction","target":["http:\/\/www.northhatley.org\/fr\/communaute\/sports-et-loisirs\/les-parcs-de-north-hatley\/"]}]},{"@type":"BreadcrumbList","@id":"http:\/\/www.northhatley.org\/fr\/communaute\/sports-et-loisirs\/les-parcs-de-north-hatley\/#breadcrumb","itemListElement":[{"@type":"ListItem","position":1,"name":"Home","item":"http:\/\/www.northhatley.org\/fr\/"},{"@type":"ListItem","position":2,"name":"R\u00e9sidents","item":"https:\/\/www.northhatley.org\/fr\/communaute\/"},{"@type":"ListItem","position":3,"name":"Sports et loisirs","item":"https:\/\/www.northhatley.org\/fr\/communaute\/sports-et-loisirs\/"},{"@type":"ListItem","position":4,"name":"Parcs"}]},{"@type":"WebSite","@id":"http:\/\/www.northhatley.org\/fr\/#website","url":"http:\/\/www.northhatley.org\/fr\/","name":"Village de North Hatley","description":"Village of North Hatley","publisher":{"@id":"http:\/\/www.northhatley.org\/fr\/#organization"},"potentialAction":[{"@type":"SearchAction","target":{"@type":"EntryPoint","urlTemplate":"http:\/\/www.northhatley.org\/fr\/?s={search_term_string}"},"query-input":{"@type":"PropertyValueSpecification","valueRequired":true,"valueName":"search_term_string"}}],"inLanguage":"fr-FR"},{"@type":"Organization","@id":"http:\/\/www.northhatley.org\/fr\/#organization","name":"MUNICIPALIT\u00c9 DU VILLAGE DE NORTH HATLE","url":"http:\/\/www.northhatley.org\/fr\/","logo":{"@type":"ImageObject","inLanguage":"fr-FR","@id":"http:\/\/www.northhatley.org\/fr\/#\/schema\/logo\/image\/","url":"https:\/\/www.northhatley.org\/wp-content\/uploads\/2016\/06\/Logo-North-Hatley.jpg","contentUrl":"https:\/\/www.northhatley.org\/wp-content\/uploads\/2016\/06\/Logo-North-Hatley.jpg","width":127,"height":164,"caption":"MUNICIPALIT\u00c9 DU VILLAGE DE NORTH HATLE"},"image":{"@id":"http:\/\/www.northhatley.org\/fr\/#\/schema\/logo\/image\/"}}]}},"_links":{"self":[{"href":"http:\/\/www.northhatley.org\/fr\/wp-json\/wp\/v2\/pages\/1411","targetHints":{"allow":["GET"]}}],"collection":[{"href":"http:\/\/www.northhatley.org\/fr\/wp-json\/wp\/v2\/pages"}],"about":[{"href":"http:\/\/www.northhatley.org\/fr\/wp-json\/wp\/v2\/types\/page"}],"author":[{"embeddable":true,"href":"http:\/\/www.northhatley.org\/fr\/wp-json\/wp\/v2\/users\/2"}],"replies":[{"embeddable":true,"href":"http:\/\/www.northhatley.org\/fr\/wp-json\/wp\/v2\/comments?post=1411"}],"version-history":[{"count":13,"href":"http:\/\/www.northhatley.org\/fr\/wp-json\/wp\/v2\/pages\/1411\/revisions"}],"predecessor-version":[{"id":12106,"href":"http:\/\/www.northhatley.org\/fr\/wp-json\/wp\/v2\/pages\/1411\/revisions\/12106"}],"up":[{"embeddable":true,"href":"http:\/\/www.northhatley.org\/fr\/wp-json\/wp\/v2\/pages\/2867"}],"wp:attachment":[{"href":"http:\/\/www.northhatley.org\/fr\/wp-json\/wp\/v2\/media?parent=1411"}],"curies":[{"name":"wp","href":"https:\/\/api.w.org\/{rel}","templated":true}]}}