{"id":1390,"date":"2014-07-01T19:21:19","date_gmt":"2014-07-01T19:21:19","guid":{"rendered":"http:\/\/www.northhatley.org\/?page_id=1390"},"modified":"2021-08-05T15:04:36","modified_gmt":"2021-08-05T19:04:36","slug":"la-societe-des-loisirs-de-north-hatley","status":"publish","type":"page","link":"http:\/\/www.northhatley.org\/fr\/communaute\/sports-et-loisirs\/la-societe-des-loisirs-de-north-hatley\/","title":{"rendered":"Soci\u00e9t\u00e9 des loisirs"},"content":{"rendered":"<h1><img loading=\"lazy\" decoding=\"async\" class=\"alignleft wp-image-5822\" src=\"http:\/\/www.northhatley.org\/wp-content\/uploads\/2014\/07\/nhrs.jpg\" alt=\"\" width=\"91\" height=\"120\" srcset=\"http:\/\/www.northhatley.org\/wp-content\/uploads\/2014\/07\/nhrs.jpg 143w, http:\/\/www.northhatley.org\/wp-content\/uploads\/2014\/07\/nhrs-82x108.jpg 82w\" sizes=\"auto, (max-width: 91px) 100vw, 91px\" \/>La Soci\u00e9t\u00e9 des loisirs de North Hatley (NHRS)<\/h1>\n<p>Mieux connue sous l&rsquo;appellation de \u00ab NHRS\u00a0\u00bb, la Soci\u00e9t\u00e9 des loisirs de North Hatley organise plusieurs \u00e9v\u00e9nements pour la communaut\u00e9 comme des ventes de garage, son m\u00e9choui annuel et son d\u00e9jeuner annuel.<\/p>\n<p>Vous pouvez consulter le site de l\u2019organisme<\/p>\n<p><a href=\"https:\/\/www.facebook.com\/Soci%C3%A9t%C3%A9-r%C3%A9cr%C3%A9ative-de-North-Hatley-North-Hatley-Recreation-Society-956073681125697\/?ref=page_internal\" target=\"_blank\" rel=\"noopener\">La Soci\u00e9t\u00e9 des loisirs de North Hatley<\/a><\/p>\n<address><strong>\u00a0<\/strong><\/address>\n<address>\u00a0<\/address>\n<address>\u00a0<\/address>\n<address>\u00a0<\/address>\n<address>\u00a0<\/address>\n<address>\u00a0<\/address>\n","protected":false},"excerpt":{"rendered":"<p>La Soci\u00e9t\u00e9 des loisirs de North Hatley (NHRS) Mieux connue sous l&rsquo;appellation de \u00ab NHRS\u00a0\u00bb, la Soci\u00e9t\u00e9 des loisirs de North Hatley organise plusieurs \u00e9v\u00e9nements pour la communaut\u00e9 comme des ventes de garage, son m\u00e9choui annuel et son d\u00e9jeuner annuel. Vous pouvez consulter le site de l\u2019organisme La Soci\u00e9t\u00e9 des loisirs de North Hatley \u00a0<\/p>\n","protected":false},"author":2,"featured_media":0,"parent":2867,"menu_order":1,"comment_status":"open","ping_status":"closed","template":"","meta":{"_acf_changed":false,"footnotes":""},"class_list":["post-1390","page","type-page","status-publish","hentry"],"acf":[],"yoast_head":"<!-- This site is optimized with the Yoast SEO plugin v24.3 - https:\/\/yoast.com\/wordpress\/plugins\/seo\/ -->\n<title>Soci\u00e9t\u00e9 des loisirs - Village de North Hatley<\/title>\n<meta name=\"robots\" content=\"index, follow, max-snippet:-1, max-image-preview:large, max-video-preview:-1\" \/>\n<link rel=\"canonical\" href=\"https:\/\/www.northhatley.org\/fr\/communaute\/sports-et-loisirs\/la-societe-des-loisirs-de-north-hatley\/\" \/>\n<meta property=\"og:locale\" content=\"fr_FR\" \/>\n<meta property=\"og:type\" content=\"article\" \/>\n<meta property=\"og:title\" content=\"Soci\u00e9t\u00e9 des loisirs - Village de North Hatley\" \/>\n<meta property=\"og:description\" content=\"La Soci\u00e9t\u00e9 des loisirs de North Hatley (NHRS) Mieux connue sous l&rsquo;appellation de \u00ab NHRS\u00a0\u00bb, la Soci\u00e9t\u00e9 des loisirs de North Hatley organise plusieurs \u00e9v\u00e9nements pour la communaut\u00e9 comme des ventes de garage, son m\u00e9choui annuel et son d\u00e9jeuner annuel. Vous pouvez consulter le site de l\u2019organisme La Soci\u00e9t\u00e9 des loisirs de North Hatley \u00a0\" \/>\n<meta property=\"og:url\" content=\"https:\/\/www.northhatley.org\/fr\/communaute\/sports-et-loisirs\/la-societe-des-loisirs-de-north-hatley\/\" \/>\n<meta property=\"og:site_name\" content=\"Village de North Hatley\" \/>\n<meta property=\"article:modified_time\" content=\"2021-08-05T19:04:36+00:00\" \/>\n<meta property=\"og:image\" content=\"http:\/\/www.northhatley.org\/wp-content\/uploads\/2014\/07\/nhrs.jpg\" \/>\n<meta name=\"twitter:label1\" content=\"Dur\u00e9e de lecture estim\u00e9e\" \/>\n\t<meta name=\"twitter:data1\" content=\"1 minute\" \/>\n<script type=\"application\/ld+json\" class=\"yoast-schema-graph\">{\"@context\":\"https:\/\/schema.org\",\"@graph\":[{\"@type\":\"WebPage\",\"@id\":\"https:\/\/www.northhatley.org\/fr\/communaute\/sports-et-loisirs\/la-societe-des-loisirs-de-north-hatley\/\",\"url\":\"https:\/\/www.northhatley.org\/fr\/communaute\/sports-et-loisirs\/la-societe-des-loisirs-de-north-hatley\/\",\"name\":\"Soci\u00e9t\u00e9 des loisirs - Village de North Hatley\",\"isPartOf\":{\"@id\":\"https:\/\/www.northhatley.org\/en\/#website\"},\"primaryImageOfPage\":{\"@id\":\"https:\/\/www.northhatley.org\/fr\/communaute\/sports-et-loisirs\/la-societe-des-loisirs-de-north-hatley\/#primaryimage\"},\"image\":{\"@id\":\"https:\/\/www.northhatley.org\/fr\/communaute\/sports-et-loisirs\/la-societe-des-loisirs-de-north-hatley\/#primaryimage\"},\"thumbnailUrl\":\"http:\/\/www.northhatley.org\/wp-content\/uploads\/2014\/07\/nhrs.jpg\",\"datePublished\":\"2014-07-01T19:21:19+00:00\",\"dateModified\":\"2021-08-05T19:04:36+00:00\",\"breadcrumb\":{\"@id\":\"https:\/\/www.northhatley.org\/fr\/communaute\/sports-et-loisirs\/la-societe-des-loisirs-de-north-hatley\/#breadcrumb\"},\"inLanguage\":\"fr-FR\",\"potentialAction\":[{\"@type\":\"ReadAction\",\"target\":[\"https:\/\/www.northhatley.org\/fr\/communaute\/sports-et-loisirs\/la-societe-des-loisirs-de-north-hatley\/\"]}]},{\"@type\":\"ImageObject\",\"inLanguage\":\"fr-FR\",\"@id\":\"https:\/\/www.northhatley.org\/fr\/communaute\/sports-et-loisirs\/la-societe-des-loisirs-de-north-hatley\/#primaryimage\",\"url\":\"http:\/\/www.northhatley.org\/wp-content\/uploads\/2014\/07\/nhrs.jpg\",\"contentUrl\":\"http:\/\/www.northhatley.org\/wp-content\/uploads\/2014\/07\/nhrs.jpg\"},{\"@type\":\"BreadcrumbList\",\"@id\":\"https:\/\/www.northhatley.org\/fr\/communaute\/sports-et-loisirs\/la-societe-des-loisirs-de-north-hatley\/#breadcrumb\",\"itemListElement\":[{\"@type\":\"ListItem\",\"position\":1,\"name\":\"Home\",\"item\":\"https:\/\/www.northhatley.org\/fr\/\"},{\"@type\":\"ListItem\",\"position\":2,\"name\":\"R\u00e9sidents\",\"item\":\"https:\/\/www.northhatley.org\/fr\/communaute\/\"},{\"@type\":\"ListItem\",\"position\":3,\"name\":\"Sports et loisirs\",\"item\":\"https:\/\/www.northhatley.org\/fr\/communaute\/sports-et-loisirs\/\"},{\"@type\":\"ListItem\",\"position\":4,\"name\":\"Soci\u00e9t\u00e9 des loisirs\"}]},{\"@type\":\"WebSite\",\"@id\":\"https:\/\/www.northhatley.org\/en\/#website\",\"url\":\"https:\/\/www.northhatley.org\/en\/\",\"name\":\"Village de North Hatley\",\"description\":\"Village of North Hatley\",\"publisher\":{\"@id\":\"https:\/\/www.northhatley.org\/en\/#organization\"},\"potentialAction\":[{\"@type\":\"SearchAction\",\"target\":{\"@type\":\"EntryPoint\",\"urlTemplate\":\"https:\/\/www.northhatley.org\/en\/?s={search_term_string}\"},\"query-input\":{\"@type\":\"PropertyValueSpecification\",\"valueRequired\":true,\"valueName\":\"search_term_string\"}}],\"inLanguage\":\"fr-FR\"},{\"@type\":\"Organization\",\"@id\":\"https:\/\/www.northhatley.org\/en\/#organization\",\"name\":\"MUNICIPALIT\u00c9 DU VILLAGE DE NORTH HATLE\",\"url\":\"https:\/\/www.northhatley.org\/en\/\",\"logo\":{\"@type\":\"ImageObject\",\"inLanguage\":\"fr-FR\",\"@id\":\"https:\/\/www.northhatley.org\/en\/#\/schema\/logo\/image\/\",\"url\":\"https:\/\/www.northhatley.org\/wp-content\/uploads\/2016\/06\/Logo-North-Hatley.jpg\",\"contentUrl\":\"https:\/\/www.northhatley.org\/wp-content\/uploads\/2016\/06\/Logo-North-Hatley.jpg\",\"width\":127,\"height\":164,\"caption\":\"MUNICIPALIT\u00c9 DU VILLAGE DE NORTH HATLE\"},\"image\":{\"@id\":\"https:\/\/www.northhatley.org\/en\/#\/schema\/logo\/image\/\"}}]}<\/script>\n<!-- \/ Yoast SEO plugin. -->","yoast_head_json":{"title":"Soci\u00e9t\u00e9 des loisirs - Village de North Hatley","robots":{"index":"index","follow":"follow","max-snippet":"max-snippet:-1","max-image-preview":"max-image-preview:large","max-video-preview":"max-video-preview:-1"},"canonical":"https:\/\/www.northhatley.org\/fr\/communaute\/sports-et-loisirs\/la-societe-des-loisirs-de-north-hatley\/","og_locale":"fr_FR","og_type":"article","og_title":"Soci\u00e9t\u00e9 des loisirs - Village de North Hatley","og_description":"La Soci\u00e9t\u00e9 des loisirs de North Hatley (NHRS) Mieux connue sous l&rsquo;appellation de \u00ab NHRS\u00a0\u00bb, la Soci\u00e9t\u00e9 des loisirs de North Hatley organise plusieurs \u00e9v\u00e9nements pour la communaut\u00e9 comme des ventes de garage, son m\u00e9choui annuel et son d\u00e9jeuner annuel. Vous pouvez consulter le site de l\u2019organisme La Soci\u00e9t\u00e9 des loisirs de North Hatley \u00a0","og_url":"https:\/\/www.northhatley.org\/fr\/communaute\/sports-et-loisirs\/la-societe-des-loisirs-de-north-hatley\/","og_site_name":"Village de North Hatley","article_modified_time":"2021-08-05T19:04:36+00:00","og_image":[{"url":"http:\/\/www.northhatley.org\/wp-content\/uploads\/2014\/07\/nhrs.jpg","type":"","width":"","height":""}],"twitter_misc":{"Dur\u00e9e de lecture estim\u00e9e":"1 minute"},"schema":{"@context":"https:\/\/schema.org","@graph":[{"@type":"WebPage","@id":"https:\/\/www.northhatley.org\/fr\/communaute\/sports-et-loisirs\/la-societe-des-loisirs-de-north-hatley\/","url":"https:\/\/www.northhatley.org\/fr\/communaute\/sports-et-loisirs\/la-societe-des-loisirs-de-north-hatley\/","name":"Soci\u00e9t\u00e9 des loisirs - Village de North Hatley","isPartOf":{"@id":"https:\/\/www.northhatley.org\/en\/#website"},"primaryImageOfPage":{"@id":"https:\/\/www.northhatley.org\/fr\/communaute\/sports-et-loisirs\/la-societe-des-loisirs-de-north-hatley\/#primaryimage"},"image":{"@id":"https:\/\/www.northhatley.org\/fr\/communaute\/sports-et-loisirs\/la-societe-des-loisirs-de-north-hatley\/#primaryimage"},"thumbnailUrl":"http:\/\/www.northhatley.org\/wp-content\/uploads\/2014\/07\/nhrs.jpg","datePublished":"2014-07-01T19:21:19+00:00","dateModified":"2021-08-05T19:04:36+00:00","breadcrumb":{"@id":"https:\/\/www.northhatley.org\/fr\/communaute\/sports-et-loisirs\/la-societe-des-loisirs-de-north-hatley\/#breadcrumb"},"inLanguage":"fr-FR","potentialAction":[{"@type":"ReadAction","target":["https:\/\/www.northhatley.org\/fr\/communaute\/sports-et-loisirs\/la-societe-des-loisirs-de-north-hatley\/"]}]},{"@type":"ImageObject","inLanguage":"fr-FR","@id":"https:\/\/www.northhatley.org\/fr\/communaute\/sports-et-loisirs\/la-societe-des-loisirs-de-north-hatley\/#primaryimage","url":"http:\/\/www.northhatley.org\/wp-content\/uploads\/2014\/07\/nhrs.jpg","contentUrl":"http:\/\/www.northhatley.org\/wp-content\/uploads\/2014\/07\/nhrs.jpg"},{"@type":"BreadcrumbList","@id":"https:\/\/www.northhatley.org\/fr\/communaute\/sports-et-loisirs\/la-societe-des-loisirs-de-north-hatley\/#breadcrumb","itemListElement":[{"@type":"ListItem","position":1,"name":"Home","item":"https:\/\/www.northhatley.org\/fr\/"},{"@type":"ListItem","position":2,"name":"R\u00e9sidents","item":"https:\/\/www.northhatley.org\/fr\/communaute\/"},{"@type":"ListItem","position":3,"name":"Sports et loisirs","item":"https:\/\/www.northhatley.org\/fr\/communaute\/sports-et-loisirs\/"},{"@type":"ListItem","position":4,"name":"Soci\u00e9t\u00e9 des loisirs"}]},{"@type":"WebSite","@id":"https:\/\/www.northhatley.org\/en\/#website","url":"https:\/\/www.northhatley.org\/en\/","name":"Village de North Hatley","description":"Village of North Hatley","publisher":{"@id":"https:\/\/www.northhatley.org\/en\/#organization"},"potentialAction":[{"@type":"SearchAction","target":{"@type":"EntryPoint","urlTemplate":"https:\/\/www.northhatley.org\/en\/?s={search_term_string}"},"query-input":{"@type":"PropertyValueSpecification","valueRequired":true,"valueName":"search_term_string"}}],"inLanguage":"fr-FR"},{"@type":"Organization","@id":"https:\/\/www.northhatley.org\/en\/#organization","name":"MUNICIPALIT\u00c9 DU VILLAGE DE NORTH HATLE","url":"https:\/\/www.northhatley.org\/en\/","logo":{"@type":"ImageObject","inLanguage":"fr-FR","@id":"https:\/\/www.northhatley.org\/en\/#\/schema\/logo\/image\/","url":"https:\/\/www.northhatley.org\/wp-content\/uploads\/2016\/06\/Logo-North-Hatley.jpg","contentUrl":"https:\/\/www.northhatley.org\/wp-content\/uploads\/2016\/06\/Logo-North-Hatley.jpg","width":127,"height":164,"caption":"MUNICIPALIT\u00c9 DU VILLAGE DE NORTH HATLE"},"image":{"@id":"https:\/\/www.northhatley.org\/en\/#\/schema\/logo\/image\/"}}]}},"_links":{"self":[{"href":"http:\/\/www.northhatley.org\/fr\/wp-json\/wp\/v2\/pages\/1390","targetHints":{"allow":["GET"]}}],"collection":[{"href":"http:\/\/www.northhatley.org\/fr\/wp-json\/wp\/v2\/pages"}],"about":[{"href":"http:\/\/www.northhatley.org\/fr\/wp-json\/wp\/v2\/types\/page"}],"author":[{"embeddable":true,"href":"http:\/\/www.northhatley.org\/fr\/wp-json\/wp\/v2\/users\/2"}],"replies":[{"embeddable":true,"href":"http:\/\/www.northhatley.org\/fr\/wp-json\/wp\/v2\/comments?post=1390"}],"version-history":[{"count":12,"href":"http:\/\/www.northhatley.org\/fr\/wp-json\/wp\/v2\/pages\/1390\/revisions"}],"predecessor-version":[{"id":9997,"href":"http:\/\/www.northhatley.org\/fr\/wp-json\/wp\/v2\/pages\/1390\/revisions\/9997"}],"up":[{"embeddable":true,"href":"http:\/\/www.northhatley.org\/fr\/wp-json\/wp\/v2\/pages\/2867"}],"wp:attachment":[{"href":"http:\/\/www.northhatley.org\/fr\/wp-json\/wp\/v2\/media?parent=1390"}],"curies":[{"name":"wp","href":"https:\/\/api.w.org\/{rel}","templated":true}]}}