{"id":1351,"date":"2014-07-01T15:31:16","date_gmt":"2014-07-01T15:31:16","guid":{"rendered":"http:\/\/www.northhatley.org\/?page_id=1351"},"modified":"2024-06-11T15:30:42","modified_gmt":"2024-06-11T19:30:42","slug":"age-dor","status":"publish","type":"page","link":"http:\/\/www.northhatley.org\/fr\/communaute\/ressources-communautaires\/age-dor\/","title":{"rendered":"Soutien"},"content":{"rendered":"<h1>Soutien communautaire<\/h1>\n<p>La Municipalit\u00e9 de North Hatley, par le biais de l&rsquo;<a href=\"https:\/\/communityaid.ca\/fr\/\" target=\"_blank\" rel=\"noopener\">AIDE COMMUNAUTAIRE DE LENNOXVILLE ET DES ENVIRONS<\/a>, offre divers services pour rendre la vie plus facile et plus agr\u00e9able \u00e0 ses citoyens.<\/p>\n<p>Entre autres services et activit\u00e9s, mentionnons :<\/p>\n<ul>\n<li><a href=\"https:\/\/communityaid.ca\/fr\/popote-roulante\/\" target=\"_blank\" rel=\"noopener\">La \u00ab Popotte roulante \u00bb<\/a>, les mardis et jeudis<\/li>\n<li><a href=\"https:\/\/communityaid.ca\/fr\/foot-care-clinic\/\" target=\"_blank\" rel=\"noopener\">La clinique de soins des pieds<\/a><\/li>\n<li><a href=\"https:\/\/communityaid.ca\/fr\/friendly-contacts\/\" target=\"_blank\" rel=\"noopener\">Les visites amicales<\/a><\/li>\n<li>Les paniers de No\u00ebl<\/li>\n<\/ul>\n<p>Pour plus de renseignements, communiquez avec l\u2019aide communautaire au 819 821 4779 ou avec Suzanne O&rsquo;Connor, au 819-842-1061.<\/p>\n","protected":false},"excerpt":{"rendered":"<p>Soutien communautaire La Municipalit\u00e9 de North Hatley, par le biais de l&rsquo;AIDE COMMUNAUTAIRE DE LENNOXVILLE ET DES ENVIRONS, offre divers services pour rendre la vie plus facile et plus agr\u00e9able \u00e0 ses citoyens. Entre autres services et activit\u00e9s, mentionnons : La \u00ab Popotte roulante \u00bb, les mardis et jeudis La clinique de soins des pieds<\/p>\n","protected":false},"author":2,"featured_media":0,"parent":2800,"menu_order":3,"comment_status":"open","ping_status":"closed","template":"","meta":{"_acf_changed":false,"footnotes":""},"class_list":["post-1351","page","type-page","status-publish","hentry"],"acf":[],"yoast_head":"<!-- This site is optimized with the Yoast SEO plugin v24.3 - https:\/\/yoast.com\/wordpress\/plugins\/seo\/ -->\n<title>Soutien - Village de North Hatley<\/title>\n<meta name=\"robots\" content=\"index, follow, max-snippet:-1, max-image-preview:large, max-video-preview:-1\" \/>\n<link rel=\"canonical\" href=\"http:\/\/www.northhatley.org\/fr\/communaute\/ressources-communautaires\/age-dor\/\" \/>\n<meta property=\"og:locale\" content=\"fr_FR\" \/>\n<meta property=\"og:type\" content=\"article\" \/>\n<meta property=\"og:title\" content=\"Soutien - Village de North Hatley\" \/>\n<meta property=\"og:description\" content=\"Soutien communautaire La Municipalit\u00e9 de North Hatley, par le biais de l&rsquo;AIDE COMMUNAUTAIRE DE LENNOXVILLE ET DES ENVIRONS, offre divers services pour rendre la vie plus facile et plus agr\u00e9able \u00e0 ses citoyens. Entre autres services et activit\u00e9s, mentionnons : La \u00ab Popotte roulante \u00bb, les mardis et jeudis La clinique de soins des pieds\" \/>\n<meta property=\"og:url\" content=\"http:\/\/www.northhatley.org\/fr\/communaute\/ressources-communautaires\/age-dor\/\" \/>\n<meta property=\"og:site_name\" content=\"Village de North Hatley\" \/>\n<meta property=\"article:modified_time\" content=\"2024-06-11T19:30:42+00:00\" \/>\n<meta name=\"twitter:label1\" content=\"Dur\u00e9e de lecture estim\u00e9e\" \/>\n\t<meta name=\"twitter:data1\" content=\"1 minute\" \/>\n<script type=\"application\/ld+json\" class=\"yoast-schema-graph\">{\"@context\":\"https:\/\/schema.org\",\"@graph\":[{\"@type\":\"WebPage\",\"@id\":\"http:\/\/www.northhatley.org\/fr\/communaute\/ressources-communautaires\/age-dor\/\",\"url\":\"http:\/\/www.northhatley.org\/fr\/communaute\/ressources-communautaires\/age-dor\/\",\"name\":\"Soutien - Village de North Hatley\",\"isPartOf\":{\"@id\":\"https:\/\/www.northhatley.org\/fr\/#website\"},\"datePublished\":\"2014-07-01T15:31:16+00:00\",\"dateModified\":\"2024-06-11T19:30:42+00:00\",\"breadcrumb\":{\"@id\":\"http:\/\/www.northhatley.org\/fr\/communaute\/ressources-communautaires\/age-dor\/#breadcrumb\"},\"inLanguage\":\"fr-FR\",\"potentialAction\":[{\"@type\":\"ReadAction\",\"target\":[\"http:\/\/www.northhatley.org\/fr\/communaute\/ressources-communautaires\/age-dor\/\"]}]},{\"@type\":\"BreadcrumbList\",\"@id\":\"http:\/\/www.northhatley.org\/fr\/communaute\/ressources-communautaires\/age-dor\/#breadcrumb\",\"itemListElement\":[{\"@type\":\"ListItem\",\"position\":1,\"name\":\"Home\",\"item\":\"https:\/\/www.northhatley.org\/fr\/\"},{\"@type\":\"ListItem\",\"position\":2,\"name\":\"R\u00e9sidents\",\"item\":\"http:\/\/www.northhatley.org\/fr\/communaute\/\"},{\"@type\":\"ListItem\",\"position\":3,\"name\":\"Ressources\",\"item\":\"http:\/\/www.northhatley.org\/fr\/communaute\/ressources-communautaires\/\"},{\"@type\":\"ListItem\",\"position\":4,\"name\":\"Soutien\"}]},{\"@type\":\"WebSite\",\"@id\":\"https:\/\/www.northhatley.org\/fr\/#website\",\"url\":\"https:\/\/www.northhatley.org\/fr\/\",\"name\":\"Village de North Hatley\",\"description\":\"Village of North Hatley\",\"publisher\":{\"@id\":\"https:\/\/www.northhatley.org\/fr\/#organization\"},\"potentialAction\":[{\"@type\":\"SearchAction\",\"target\":{\"@type\":\"EntryPoint\",\"urlTemplate\":\"https:\/\/www.northhatley.org\/fr\/?s={search_term_string}\"},\"query-input\":{\"@type\":\"PropertyValueSpecification\",\"valueRequired\":true,\"valueName\":\"search_term_string\"}}],\"inLanguage\":\"fr-FR\"},{\"@type\":\"Organization\",\"@id\":\"https:\/\/www.northhatley.org\/fr\/#organization\",\"name\":\"MUNICIPALIT\u00c9 DU VILLAGE DE NORTH HATLE\",\"url\":\"https:\/\/www.northhatley.org\/fr\/\",\"logo\":{\"@type\":\"ImageObject\",\"inLanguage\":\"fr-FR\",\"@id\":\"https:\/\/www.northhatley.org\/fr\/#\/schema\/logo\/image\/\",\"url\":\"https:\/\/www.northhatley.org\/wp-content\/uploads\/2016\/06\/Logo-North-Hatley.jpg\",\"contentUrl\":\"https:\/\/www.northhatley.org\/wp-content\/uploads\/2016\/06\/Logo-North-Hatley.jpg\",\"width\":127,\"height\":164,\"caption\":\"MUNICIPALIT\u00c9 DU VILLAGE DE NORTH HATLE\"},\"image\":{\"@id\":\"https:\/\/www.northhatley.org\/fr\/#\/schema\/logo\/image\/\"}}]}<\/script>\n<!-- \/ Yoast SEO plugin. -->","yoast_head_json":{"title":"Soutien - Village de North Hatley","robots":{"index":"index","follow":"follow","max-snippet":"max-snippet:-1","max-image-preview":"max-image-preview:large","max-video-preview":"max-video-preview:-1"},"canonical":"http:\/\/www.northhatley.org\/fr\/communaute\/ressources-communautaires\/age-dor\/","og_locale":"fr_FR","og_type":"article","og_title":"Soutien - Village de North Hatley","og_description":"Soutien communautaire La Municipalit\u00e9 de North Hatley, par le biais de l&rsquo;AIDE COMMUNAUTAIRE DE LENNOXVILLE ET DES ENVIRONS, offre divers services pour rendre la vie plus facile et plus agr\u00e9able \u00e0 ses citoyens. Entre autres services et activit\u00e9s, mentionnons : La \u00ab Popotte roulante \u00bb, les mardis et jeudis La clinique de soins des pieds","og_url":"http:\/\/www.northhatley.org\/fr\/communaute\/ressources-communautaires\/age-dor\/","og_site_name":"Village de North Hatley","article_modified_time":"2024-06-11T19:30:42+00:00","twitter_misc":{"Dur\u00e9e de lecture estim\u00e9e":"1 minute"},"schema":{"@context":"https:\/\/schema.org","@graph":[{"@type":"WebPage","@id":"http:\/\/www.northhatley.org\/fr\/communaute\/ressources-communautaires\/age-dor\/","url":"http:\/\/www.northhatley.org\/fr\/communaute\/ressources-communautaires\/age-dor\/","name":"Soutien - Village de North Hatley","isPartOf":{"@id":"https:\/\/www.northhatley.org\/fr\/#website"},"datePublished":"2014-07-01T15:31:16+00:00","dateModified":"2024-06-11T19:30:42+00:00","breadcrumb":{"@id":"http:\/\/www.northhatley.org\/fr\/communaute\/ressources-communautaires\/age-dor\/#breadcrumb"},"inLanguage":"fr-FR","potentialAction":[{"@type":"ReadAction","target":["http:\/\/www.northhatley.org\/fr\/communaute\/ressources-communautaires\/age-dor\/"]}]},{"@type":"BreadcrumbList","@id":"http:\/\/www.northhatley.org\/fr\/communaute\/ressources-communautaires\/age-dor\/#breadcrumb","itemListElement":[{"@type":"ListItem","position":1,"name":"Home","item":"https:\/\/www.northhatley.org\/fr\/"},{"@type":"ListItem","position":2,"name":"R\u00e9sidents","item":"http:\/\/www.northhatley.org\/fr\/communaute\/"},{"@type":"ListItem","position":3,"name":"Ressources","item":"http:\/\/www.northhatley.org\/fr\/communaute\/ressources-communautaires\/"},{"@type":"ListItem","position":4,"name":"Soutien"}]},{"@type":"WebSite","@id":"https:\/\/www.northhatley.org\/fr\/#website","url":"https:\/\/www.northhatley.org\/fr\/","name":"Village de North Hatley","description":"Village of North Hatley","publisher":{"@id":"https:\/\/www.northhatley.org\/fr\/#organization"},"potentialAction":[{"@type":"SearchAction","target":{"@type":"EntryPoint","urlTemplate":"https:\/\/www.northhatley.org\/fr\/?s={search_term_string}"},"query-input":{"@type":"PropertyValueSpecification","valueRequired":true,"valueName":"search_term_string"}}],"inLanguage":"fr-FR"},{"@type":"Organization","@id":"https:\/\/www.northhatley.org\/fr\/#organization","name":"MUNICIPALIT\u00c9 DU VILLAGE DE NORTH HATLE","url":"https:\/\/www.northhatley.org\/fr\/","logo":{"@type":"ImageObject","inLanguage":"fr-FR","@id":"https:\/\/www.northhatley.org\/fr\/#\/schema\/logo\/image\/","url":"https:\/\/www.northhatley.org\/wp-content\/uploads\/2016\/06\/Logo-North-Hatley.jpg","contentUrl":"https:\/\/www.northhatley.org\/wp-content\/uploads\/2016\/06\/Logo-North-Hatley.jpg","width":127,"height":164,"caption":"MUNICIPALIT\u00c9 DU VILLAGE DE NORTH HATLE"},"image":{"@id":"https:\/\/www.northhatley.org\/fr\/#\/schema\/logo\/image\/"}}]}},"_links":{"self":[{"href":"http:\/\/www.northhatley.org\/fr\/wp-json\/wp\/v2\/pages\/1351","targetHints":{"allow":["GET"]}}],"collection":[{"href":"http:\/\/www.northhatley.org\/fr\/wp-json\/wp\/v2\/pages"}],"about":[{"href":"http:\/\/www.northhatley.org\/fr\/wp-json\/wp\/v2\/types\/page"}],"author":[{"embeddable":true,"href":"http:\/\/www.northhatley.org\/fr\/wp-json\/wp\/v2\/users\/2"}],"replies":[{"embeddable":true,"href":"http:\/\/www.northhatley.org\/fr\/wp-json\/wp\/v2\/comments?post=1351"}],"version-history":[{"count":8,"href":"http:\/\/www.northhatley.org\/fr\/wp-json\/wp\/v2\/pages\/1351\/revisions"}],"predecessor-version":[{"id":13396,"href":"http:\/\/www.northhatley.org\/fr\/wp-json\/wp\/v2\/pages\/1351\/revisions\/13396"}],"up":[{"embeddable":true,"href":"http:\/\/www.northhatley.org\/fr\/wp-json\/wp\/v2\/pages\/2800"}],"wp:attachment":[{"href":"http:\/\/www.northhatley.org\/fr\/wp-json\/wp\/v2\/media?parent=1351"}],"curies":[{"name":"wp","href":"https:\/\/api.w.org\/{rel}","templated":true}]}}