{"id":1305,"date":"2014-06-30T19:40:07","date_gmt":"2014-06-30T19:40:07","guid":{"rendered":"http:\/\/www.northhatley.org\/?page_id=1305"},"modified":"2020-05-28T08:19:35","modified_gmt":"2020-05-28T12:19:35","slug":"securite-incendie","status":"publish","type":"page","link":"http:\/\/www.northhatley.org\/fr\/municipalite\/securite-publiqueurgences\/securite-incendie\/","title":{"rendered":"S\u00e9curit\u00e9 incendie et pr\u00e9vention"},"content":{"rendered":"<h1>S\u00e9curit\u00e9 incendie et pr\u00e9vention<\/h1>\n<h2 style=\"text-align: center;\"><span style=\"color: #ff0000;\">POUR UNE URGENCE CONTACTEZ LE 911<\/span><\/h2>\n<p>Pour joindre la RIPPIME (R\u00e9gie intermunicipale de pr\u00e9vention et de protection incendie memphr\u00e9magog est)\u00a0 : 819\u00a0838-5877 .<\/p>\n<p>Ce service joue un r\u00f4le de premier plan en mati\u00e8re de pr\u00e9vention contre les incendies. Avec l\u2019adoption de la Loi sur la s\u00e9curit\u00e9 incendie, en 2000, les autorit\u00e9s provinciales ont impos\u00e9 aux MRC et aux municipalit\u00e9s l\u2019obligation d\u2019adopter et de d\u00e9ployer un sch\u00e9ma de s\u00e9curit\u00e9 civile.<\/p>\n<p>Ce sch\u00e9ma\u00a0:<\/p>\n<ul>\n<li>donne une description sommaire des caract\u00e9ristiques physiques, naturelles, humaines, sociales et \u00e9conomiques du territoire<\/li>\n<li>fait \u00e9tat de la nature des risques de sinistre majeur auxquels le territoire est expos\u00e9<\/li>\n<li>pr\u00e9cise, pour chaque risque, sa source et les cons\u00e9quences pr\u00e9visibles d&rsquo;un sinistre majeur li\u00e9 \u00e0 ce risque, notamment le territoire qui pourrait en \u00eatre affect\u00e9<\/li>\n<li>fait \u00e9tat des mesures de protection existantes ainsi que des ressources humaines, mat\u00e9rielles et informationnelles dont disposent les autorit\u00e9s locales ou r\u00e9gionales et les autorit\u00e9s responsables de la s\u00e9curit\u00e9 civile.<\/li>\n<\/ul>\n<h3>Pr\u00e9vention<\/h3>\n<p>Depuis septembre 2019, un pr\u00e9ventionniste est disponible \u00e0 la RIPPIME<\/p>\n<p><strong>Christian L\u00e9tourneau, TPI<br \/>\n<\/strong>2100, route 143, Hatley, Qc, J0B 4B0<br \/>\nCel.\u00a0:819-823-4830; T\u00e9l.\u00a0: 819\u00a0838-5877<br \/>\n<a href=\"mailto:pr\u00e9vention@regieincendieest.com\">pr\u00e9vention@regieincendieest.com<\/a><\/p>\n<p>SITE INTERNET<br \/>\n<a href=\"http:\/\/www.regieincendieest.ca\/\">http:\/\/www.regieincendieest.ca\/<\/a><\/p>\n<p><strong>\u00a0<\/strong><\/p>\n<p><a title=\"S\u00e9curit\u00e9 publique\" href=\"http:\/\/www.northhatley.org\/fr\/municipalite\/securite-publique\/\">Retour \u00e0 la page S\u00e9curit\u00e9 publique<\/a>.<\/p>\n","protected":false},"excerpt":{"rendered":"<p>S\u00e9curit\u00e9 incendie et pr\u00e9vention POUR UNE URGENCE CONTACTEZ LE 911 Pour joindre la RIPPIME (R\u00e9gie intermunicipale de pr\u00e9vention et de protection incendie memphr\u00e9magog est)\u00a0 : 819\u00a0838-5877 . Ce service joue un r\u00f4le de premier plan en mati\u00e8re de pr\u00e9vention contre les incendies. Avec l\u2019adoption de la Loi sur la s\u00e9curit\u00e9 incendie, en 2000, les autorit\u00e9s<\/p>\n","protected":false},"author":2,"featured_media":0,"parent":3341,"menu_order":1,"comment_status":"open","ping_status":"closed","template":"","meta":{"_acf_changed":false,"footnotes":""},"class_list":["post-1305","page","type-page","status-publish","hentry"],"acf":[],"yoast_head":"<!-- This site is optimized with the Yoast SEO plugin v24.3 - https:\/\/yoast.com\/wordpress\/plugins\/seo\/ -->\n<title>S\u00e9curit\u00e9 incendie et pr\u00e9vention - Village de North Hatley<\/title>\n<meta name=\"robots\" content=\"index, follow, max-snippet:-1, max-image-preview:large, max-video-preview:-1\" \/>\n<link rel=\"canonical\" href=\"https:\/\/www.northhatley.org\/fr\/municipalite\/securite-publiqueurgences\/securite-incendie\/\" \/>\n<meta property=\"og:locale\" content=\"fr_FR\" \/>\n<meta property=\"og:type\" content=\"article\" \/>\n<meta property=\"og:title\" content=\"S\u00e9curit\u00e9 incendie et pr\u00e9vention - Village de North Hatley\" \/>\n<meta property=\"og:description\" content=\"S\u00e9curit\u00e9 incendie et pr\u00e9vention POUR UNE URGENCE CONTACTEZ LE 911 Pour joindre la RIPPIME (R\u00e9gie intermunicipale de pr\u00e9vention et de protection incendie memphr\u00e9magog est)\u00a0 : 819\u00a0838-5877 . Ce service joue un r\u00f4le de premier plan en mati\u00e8re de pr\u00e9vention contre les incendies. Avec l\u2019adoption de la Loi sur la s\u00e9curit\u00e9 incendie, en 2000, les autorit\u00e9s\" \/>\n<meta property=\"og:url\" content=\"https:\/\/www.northhatley.org\/fr\/municipalite\/securite-publiqueurgences\/securite-incendie\/\" \/>\n<meta property=\"og:site_name\" content=\"Village de North Hatley\" \/>\n<meta property=\"article:modified_time\" content=\"2020-05-28T12:19:35+00:00\" \/>\n<meta name=\"twitter:label1\" content=\"Dur\u00e9e de lecture estim\u00e9e\" \/>\n\t<meta name=\"twitter:data1\" content=\"1 minute\" \/>\n<script type=\"application\/ld+json\" class=\"yoast-schema-graph\">{\"@context\":\"https:\/\/schema.org\",\"@graph\":[{\"@type\":\"WebPage\",\"@id\":\"https:\/\/www.northhatley.org\/fr\/municipalite\/securite-publiqueurgences\/securite-incendie\/\",\"url\":\"https:\/\/www.northhatley.org\/fr\/municipalite\/securite-publiqueurgences\/securite-incendie\/\",\"name\":\"S\u00e9curit\u00e9 incendie et pr\u00e9vention - Village de North Hatley\",\"isPartOf\":{\"@id\":\"http:\/\/www.northhatley.org\/fr\/#website\"},\"datePublished\":\"2014-06-30T19:40:07+00:00\",\"dateModified\":\"2020-05-28T12:19:35+00:00\",\"breadcrumb\":{\"@id\":\"https:\/\/www.northhatley.org\/fr\/municipalite\/securite-publiqueurgences\/securite-incendie\/#breadcrumb\"},\"inLanguage\":\"fr-FR\",\"potentialAction\":[{\"@type\":\"ReadAction\",\"target\":[\"https:\/\/www.northhatley.org\/fr\/municipalite\/securite-publiqueurgences\/securite-incendie\/\"]}]},{\"@type\":\"BreadcrumbList\",\"@id\":\"https:\/\/www.northhatley.org\/fr\/municipalite\/securite-publiqueurgences\/securite-incendie\/#breadcrumb\",\"itemListElement\":[{\"@type\":\"ListItem\",\"position\":1,\"name\":\"Home\",\"item\":\"http:\/\/www.northhatley.org\/fr\/\"},{\"@type\":\"ListItem\",\"position\":2,\"name\":\"Mairie\",\"item\":\"https:\/\/www.northhatley.org\/fr\/municipalite\/\"},{\"@type\":\"ListItem\",\"position\":3,\"name\":\"S\u00e9curit\u00e9 publique et urgences\",\"item\":\"http:\/\/www.northhatley.org\/fr\/municipalite\/securite-publiqueurgences\/\"},{\"@type\":\"ListItem\",\"position\":4,\"name\":\"S\u00e9curit\u00e9 incendie et pr\u00e9vention\"}]},{\"@type\":\"WebSite\",\"@id\":\"http:\/\/www.northhatley.org\/fr\/#website\",\"url\":\"http:\/\/www.northhatley.org\/fr\/\",\"name\":\"Village de North Hatley\",\"description\":\"Village of North Hatley\",\"publisher\":{\"@id\":\"http:\/\/www.northhatley.org\/fr\/#organization\"},\"potentialAction\":[{\"@type\":\"SearchAction\",\"target\":{\"@type\":\"EntryPoint\",\"urlTemplate\":\"http:\/\/www.northhatley.org\/fr\/?s={search_term_string}\"},\"query-input\":{\"@type\":\"PropertyValueSpecification\",\"valueRequired\":true,\"valueName\":\"search_term_string\"}}],\"inLanguage\":\"fr-FR\"},{\"@type\":\"Organization\",\"@id\":\"http:\/\/www.northhatley.org\/fr\/#organization\",\"name\":\"MUNICIPALIT\u00c9 DU VILLAGE DE NORTH HATLE\",\"url\":\"http:\/\/www.northhatley.org\/fr\/\",\"logo\":{\"@type\":\"ImageObject\",\"inLanguage\":\"fr-FR\",\"@id\":\"http:\/\/www.northhatley.org\/fr\/#\/schema\/logo\/image\/\",\"url\":\"https:\/\/www.northhatley.org\/wp-content\/uploads\/2016\/06\/Logo-North-Hatley.jpg\",\"contentUrl\":\"https:\/\/www.northhatley.org\/wp-content\/uploads\/2016\/06\/Logo-North-Hatley.jpg\",\"width\":127,\"height\":164,\"caption\":\"MUNICIPALIT\u00c9 DU VILLAGE DE NORTH HATLE\"},\"image\":{\"@id\":\"http:\/\/www.northhatley.org\/fr\/#\/schema\/logo\/image\/\"}}]}<\/script>\n<!-- \/ Yoast SEO plugin. -->","yoast_head_json":{"title":"S\u00e9curit\u00e9 incendie et pr\u00e9vention - Village de North Hatley","robots":{"index":"index","follow":"follow","max-snippet":"max-snippet:-1","max-image-preview":"max-image-preview:large","max-video-preview":"max-video-preview:-1"},"canonical":"https:\/\/www.northhatley.org\/fr\/municipalite\/securite-publiqueurgences\/securite-incendie\/","og_locale":"fr_FR","og_type":"article","og_title":"S\u00e9curit\u00e9 incendie et pr\u00e9vention - Village de North Hatley","og_description":"S\u00e9curit\u00e9 incendie et pr\u00e9vention POUR UNE URGENCE CONTACTEZ LE 911 Pour joindre la RIPPIME (R\u00e9gie intermunicipale de pr\u00e9vention et de protection incendie memphr\u00e9magog est)\u00a0 : 819\u00a0838-5877 . Ce service joue un r\u00f4le de premier plan en mati\u00e8re de pr\u00e9vention contre les incendies. Avec l\u2019adoption de la Loi sur la s\u00e9curit\u00e9 incendie, en 2000, les autorit\u00e9s","og_url":"https:\/\/www.northhatley.org\/fr\/municipalite\/securite-publiqueurgences\/securite-incendie\/","og_site_name":"Village de North Hatley","article_modified_time":"2020-05-28T12:19:35+00:00","twitter_misc":{"Dur\u00e9e de lecture estim\u00e9e":"1 minute"},"schema":{"@context":"https:\/\/schema.org","@graph":[{"@type":"WebPage","@id":"https:\/\/www.northhatley.org\/fr\/municipalite\/securite-publiqueurgences\/securite-incendie\/","url":"https:\/\/www.northhatley.org\/fr\/municipalite\/securite-publiqueurgences\/securite-incendie\/","name":"S\u00e9curit\u00e9 incendie et pr\u00e9vention - Village de North Hatley","isPartOf":{"@id":"http:\/\/www.northhatley.org\/fr\/#website"},"datePublished":"2014-06-30T19:40:07+00:00","dateModified":"2020-05-28T12:19:35+00:00","breadcrumb":{"@id":"https:\/\/www.northhatley.org\/fr\/municipalite\/securite-publiqueurgences\/securite-incendie\/#breadcrumb"},"inLanguage":"fr-FR","potentialAction":[{"@type":"ReadAction","target":["https:\/\/www.northhatley.org\/fr\/municipalite\/securite-publiqueurgences\/securite-incendie\/"]}]},{"@type":"BreadcrumbList","@id":"https:\/\/www.northhatley.org\/fr\/municipalite\/securite-publiqueurgences\/securite-incendie\/#breadcrumb","itemListElement":[{"@type":"ListItem","position":1,"name":"Home","item":"http:\/\/www.northhatley.org\/fr\/"},{"@type":"ListItem","position":2,"name":"Mairie","item":"https:\/\/www.northhatley.org\/fr\/municipalite\/"},{"@type":"ListItem","position":3,"name":"S\u00e9curit\u00e9 publique et urgences","item":"http:\/\/www.northhatley.org\/fr\/municipalite\/securite-publiqueurgences\/"},{"@type":"ListItem","position":4,"name":"S\u00e9curit\u00e9 incendie et pr\u00e9vention"}]},{"@type":"WebSite","@id":"http:\/\/www.northhatley.org\/fr\/#website","url":"http:\/\/www.northhatley.org\/fr\/","name":"Village de North Hatley","description":"Village of North Hatley","publisher":{"@id":"http:\/\/www.northhatley.org\/fr\/#organization"},"potentialAction":[{"@type":"SearchAction","target":{"@type":"EntryPoint","urlTemplate":"http:\/\/www.northhatley.org\/fr\/?s={search_term_string}"},"query-input":{"@type":"PropertyValueSpecification","valueRequired":true,"valueName":"search_term_string"}}],"inLanguage":"fr-FR"},{"@type":"Organization","@id":"http:\/\/www.northhatley.org\/fr\/#organization","name":"MUNICIPALIT\u00c9 DU VILLAGE DE NORTH HATLE","url":"http:\/\/www.northhatley.org\/fr\/","logo":{"@type":"ImageObject","inLanguage":"fr-FR","@id":"http:\/\/www.northhatley.org\/fr\/#\/schema\/logo\/image\/","url":"https:\/\/www.northhatley.org\/wp-content\/uploads\/2016\/06\/Logo-North-Hatley.jpg","contentUrl":"https:\/\/www.northhatley.org\/wp-content\/uploads\/2016\/06\/Logo-North-Hatley.jpg","width":127,"height":164,"caption":"MUNICIPALIT\u00c9 DU VILLAGE DE NORTH HATLE"},"image":{"@id":"http:\/\/www.northhatley.org\/fr\/#\/schema\/logo\/image\/"}}]}},"_links":{"self":[{"href":"http:\/\/www.northhatley.org\/fr\/wp-json\/wp\/v2\/pages\/1305","targetHints":{"allow":["GET"]}}],"collection":[{"href":"http:\/\/www.northhatley.org\/fr\/wp-json\/wp\/v2\/pages"}],"about":[{"href":"http:\/\/www.northhatley.org\/fr\/wp-json\/wp\/v2\/types\/page"}],"author":[{"embeddable":true,"href":"http:\/\/www.northhatley.org\/fr\/wp-json\/wp\/v2\/users\/2"}],"replies":[{"embeddable":true,"href":"http:\/\/www.northhatley.org\/fr\/wp-json\/wp\/v2\/comments?post=1305"}],"version-history":[{"count":9,"href":"http:\/\/www.northhatley.org\/fr\/wp-json\/wp\/v2\/pages\/1305\/revisions"}],"predecessor-version":[{"id":8834,"href":"http:\/\/www.northhatley.org\/fr\/wp-json\/wp\/v2\/pages\/1305\/revisions\/8834"}],"up":[{"embeddable":true,"href":"http:\/\/www.northhatley.org\/fr\/wp-json\/wp\/v2\/pages\/3341"}],"wp:attachment":[{"href":"http:\/\/www.northhatley.org\/fr\/wp-json\/wp\/v2\/media?parent=1305"}],"curies":[{"name":"wp","href":"https:\/\/api.w.org\/{rel}","templated":true}]}}