{"id":1300,"date":"2014-06-30T19:30:59","date_gmt":"2014-06-30T19:30:59","guid":{"rendered":"http:\/\/www.northhatley.org\/?page_id=1300"},"modified":"2023-07-03T11:46:04","modified_gmt":"2023-07-03T15:46:04","slug":"responsabilite-en-matiere-de-securite-publique","status":"publish","type":"page","link":"http:\/\/www.northhatley.org\/fr\/municipalite\/responsabilite-en-matiere-de-securite-publique\/","title":{"rendered":"S\u00e9curit\u00e9 civile"},"content":{"rendered":"\n<h1 class=\"wp-block-heading\">S\u00e9curit\u00e9 civile<\/h1>\n\n\n\n<p>Pour signaler une urgence en s\u00e9curit\u00e9 civile, par exemple une inondation, un glissement de terrain ou un tremblement de terre, ou pour signaler tout \u00e9v\u00e9nement pouvant compromettre la s\u00e9curit\u00e9 de personnes ou d\u2019infrastructures essentielles (explosion ou d\u00e9versement de mati\u00e8res dangereuses).<\/p>\n\n\n\n<p><strong>Services d\u2019urgence en s\u00e9curit\u00e9 civile 24\/7&nbsp;: 1 866 776-8345 (sans frais)<\/strong><\/p>\n\n\n\n<p>Pour en savoir plus<\/p>\n\n\n\n<p><a title=\"S\u00e9curit\u00e9 publique\" href=\"http:\/\/www.northhatley.org\/fr\/municipalite\/securite-publique\/\">Retour \u00e0 la page S\u00e9curit\u00e9 publique<\/a>.<\/p>\n","protected":false},"excerpt":{"rendered":"<p>S\u00e9curit\u00e9 civile Pour signaler une urgence en s\u00e9curit\u00e9 civile, par exemple une inondation, un glissement de terrain ou un tremblement de terre, ou pour signaler tout \u00e9v\u00e9nement pouvant compromettre la s\u00e9curit\u00e9 de personnes ou d\u2019infrastructures essentielles (explosion ou d\u00e9versement de mati\u00e8res dangereuses). Services d\u2019urgence en s\u00e9curit\u00e9 civile 24\/7&nbsp;: 1 866 776-8345 (sans frais) Pour en<\/p>\n","protected":false},"author":2,"featured_media":0,"parent":808,"menu_order":0,"comment_status":"open","ping_status":"closed","template":"","meta":{"_acf_changed":false,"footnotes":""},"class_list":["post-1300","page","type-page","status-publish","hentry"],"acf":[],"yoast_head":"<!-- This site is optimized with the Yoast SEO plugin v24.3 - https:\/\/yoast.com\/wordpress\/plugins\/seo\/ -->\n<title>S\u00e9curit\u00e9 civile - Village de North Hatley<\/title>\n<meta name=\"robots\" content=\"index, follow, max-snippet:-1, max-image-preview:large, max-video-preview:-1\" \/>\n<link rel=\"canonical\" href=\"http:\/\/www.northhatley.org\/fr\/municipalite\/responsabilite-en-matiere-de-securite-publique\/\" \/>\n<meta property=\"og:locale\" content=\"fr_FR\" \/>\n<meta property=\"og:type\" content=\"article\" \/>\n<meta property=\"og:title\" content=\"S\u00e9curit\u00e9 civile - Village de North Hatley\" \/>\n<meta property=\"og:description\" content=\"S\u00e9curit\u00e9 civile Pour signaler une urgence en s\u00e9curit\u00e9 civile, par exemple une inondation, un glissement de terrain ou un tremblement de terre, ou pour signaler tout \u00e9v\u00e9nement pouvant compromettre la s\u00e9curit\u00e9 de personnes ou d\u2019infrastructures essentielles (explosion ou d\u00e9versement de mati\u00e8res dangereuses). Services d\u2019urgence en s\u00e9curit\u00e9 civile 24\/7&nbsp;: 1 866 776-8345 (sans frais) Pour en\" \/>\n<meta property=\"og:url\" content=\"http:\/\/www.northhatley.org\/fr\/municipalite\/responsabilite-en-matiere-de-securite-publique\/\" \/>\n<meta property=\"og:site_name\" content=\"Village de North Hatley\" \/>\n<meta property=\"article:modified_time\" content=\"2023-07-03T15:46:04+00:00\" \/>\n<meta name=\"twitter:label1\" content=\"Dur\u00e9e de lecture estim\u00e9e\" \/>\n\t<meta name=\"twitter:data1\" content=\"1 minute\" \/>\n<script type=\"application\/ld+json\" class=\"yoast-schema-graph\">{\"@context\":\"https:\/\/schema.org\",\"@graph\":[{\"@type\":\"WebPage\",\"@id\":\"http:\/\/www.northhatley.org\/fr\/municipalite\/responsabilite-en-matiere-de-securite-publique\/\",\"url\":\"http:\/\/www.northhatley.org\/fr\/municipalite\/responsabilite-en-matiere-de-securite-publique\/\",\"name\":\"S\u00e9curit\u00e9 civile - Village de North Hatley\",\"isPartOf\":{\"@id\":\"http:\/\/www.northhatley.org\/fr\/#website\"},\"datePublished\":\"2014-06-30T19:30:59+00:00\",\"dateModified\":\"2023-07-03T15:46:04+00:00\",\"breadcrumb\":{\"@id\":\"http:\/\/www.northhatley.org\/fr\/municipalite\/responsabilite-en-matiere-de-securite-publique\/#breadcrumb\"},\"inLanguage\":\"fr-FR\",\"potentialAction\":[{\"@type\":\"ReadAction\",\"target\":[\"http:\/\/www.northhatley.org\/fr\/municipalite\/responsabilite-en-matiere-de-securite-publique\/\"]}]},{\"@type\":\"BreadcrumbList\",\"@id\":\"http:\/\/www.northhatley.org\/fr\/municipalite\/responsabilite-en-matiere-de-securite-publique\/#breadcrumb\",\"itemListElement\":[{\"@type\":\"ListItem\",\"position\":1,\"name\":\"Home\",\"item\":\"http:\/\/www.northhatley.org\/fr\/\"},{\"@type\":\"ListItem\",\"position\":2,\"name\":\"Mairie\",\"item\":\"https:\/\/www.northhatley.org\/fr\/municipalite\/\"},{\"@type\":\"ListItem\",\"position\":3,\"name\":\"S\u00e9curit\u00e9 civile\"}]},{\"@type\":\"WebSite\",\"@id\":\"http:\/\/www.northhatley.org\/fr\/#website\",\"url\":\"http:\/\/www.northhatley.org\/fr\/\",\"name\":\"Village de North Hatley\",\"description\":\"Village of North Hatley\",\"publisher\":{\"@id\":\"http:\/\/www.northhatley.org\/fr\/#organization\"},\"potentialAction\":[{\"@type\":\"SearchAction\",\"target\":{\"@type\":\"EntryPoint\",\"urlTemplate\":\"http:\/\/www.northhatley.org\/fr\/?s={search_term_string}\"},\"query-input\":{\"@type\":\"PropertyValueSpecification\",\"valueRequired\":true,\"valueName\":\"search_term_string\"}}],\"inLanguage\":\"fr-FR\"},{\"@type\":\"Organization\",\"@id\":\"http:\/\/www.northhatley.org\/fr\/#organization\",\"name\":\"MUNICIPALIT\u00c9 DU VILLAGE DE NORTH HATLE\",\"url\":\"http:\/\/www.northhatley.org\/fr\/\",\"logo\":{\"@type\":\"ImageObject\",\"inLanguage\":\"fr-FR\",\"@id\":\"http:\/\/www.northhatley.org\/fr\/#\/schema\/logo\/image\/\",\"url\":\"https:\/\/www.northhatley.org\/wp-content\/uploads\/2016\/06\/Logo-North-Hatley.jpg\",\"contentUrl\":\"https:\/\/www.northhatley.org\/wp-content\/uploads\/2016\/06\/Logo-North-Hatley.jpg\",\"width\":127,\"height\":164,\"caption\":\"MUNICIPALIT\u00c9 DU VILLAGE DE NORTH HATLE\"},\"image\":{\"@id\":\"http:\/\/www.northhatley.org\/fr\/#\/schema\/logo\/image\/\"}}]}<\/script>\n<!-- \/ Yoast SEO plugin. -->","yoast_head_json":{"title":"S\u00e9curit\u00e9 civile - Village de North Hatley","robots":{"index":"index","follow":"follow","max-snippet":"max-snippet:-1","max-image-preview":"max-image-preview:large","max-video-preview":"max-video-preview:-1"},"canonical":"http:\/\/www.northhatley.org\/fr\/municipalite\/responsabilite-en-matiere-de-securite-publique\/","og_locale":"fr_FR","og_type":"article","og_title":"S\u00e9curit\u00e9 civile - Village de North Hatley","og_description":"S\u00e9curit\u00e9 civile Pour signaler une urgence en s\u00e9curit\u00e9 civile, par exemple une inondation, un glissement de terrain ou un tremblement de terre, ou pour signaler tout \u00e9v\u00e9nement pouvant compromettre la s\u00e9curit\u00e9 de personnes ou d\u2019infrastructures essentielles (explosion ou d\u00e9versement de mati\u00e8res dangereuses). Services d\u2019urgence en s\u00e9curit\u00e9 civile 24\/7&nbsp;: 1 866 776-8345 (sans frais) Pour en","og_url":"http:\/\/www.northhatley.org\/fr\/municipalite\/responsabilite-en-matiere-de-securite-publique\/","og_site_name":"Village de North Hatley","article_modified_time":"2023-07-03T15:46:04+00:00","twitter_misc":{"Dur\u00e9e de lecture estim\u00e9e":"1 minute"},"schema":{"@context":"https:\/\/schema.org","@graph":[{"@type":"WebPage","@id":"http:\/\/www.northhatley.org\/fr\/municipalite\/responsabilite-en-matiere-de-securite-publique\/","url":"http:\/\/www.northhatley.org\/fr\/municipalite\/responsabilite-en-matiere-de-securite-publique\/","name":"S\u00e9curit\u00e9 civile - Village de North Hatley","isPartOf":{"@id":"http:\/\/www.northhatley.org\/fr\/#website"},"datePublished":"2014-06-30T19:30:59+00:00","dateModified":"2023-07-03T15:46:04+00:00","breadcrumb":{"@id":"http:\/\/www.northhatley.org\/fr\/municipalite\/responsabilite-en-matiere-de-securite-publique\/#breadcrumb"},"inLanguage":"fr-FR","potentialAction":[{"@type":"ReadAction","target":["http:\/\/www.northhatley.org\/fr\/municipalite\/responsabilite-en-matiere-de-securite-publique\/"]}]},{"@type":"BreadcrumbList","@id":"http:\/\/www.northhatley.org\/fr\/municipalite\/responsabilite-en-matiere-de-securite-publique\/#breadcrumb","itemListElement":[{"@type":"ListItem","position":1,"name":"Home","item":"http:\/\/www.northhatley.org\/fr\/"},{"@type":"ListItem","position":2,"name":"Mairie","item":"https:\/\/www.northhatley.org\/fr\/municipalite\/"},{"@type":"ListItem","position":3,"name":"S\u00e9curit\u00e9 civile"}]},{"@type":"WebSite","@id":"http:\/\/www.northhatley.org\/fr\/#website","url":"http:\/\/www.northhatley.org\/fr\/","name":"Village de North Hatley","description":"Village of North Hatley","publisher":{"@id":"http:\/\/www.northhatley.org\/fr\/#organization"},"potentialAction":[{"@type":"SearchAction","target":{"@type":"EntryPoint","urlTemplate":"http:\/\/www.northhatley.org\/fr\/?s={search_term_string}"},"query-input":{"@type":"PropertyValueSpecification","valueRequired":true,"valueName":"search_term_string"}}],"inLanguage":"fr-FR"},{"@type":"Organization","@id":"http:\/\/www.northhatley.org\/fr\/#organization","name":"MUNICIPALIT\u00c9 DU VILLAGE DE NORTH HATLE","url":"http:\/\/www.northhatley.org\/fr\/","logo":{"@type":"ImageObject","inLanguage":"fr-FR","@id":"http:\/\/www.northhatley.org\/fr\/#\/schema\/logo\/image\/","url":"https:\/\/www.northhatley.org\/wp-content\/uploads\/2016\/06\/Logo-North-Hatley.jpg","contentUrl":"https:\/\/www.northhatley.org\/wp-content\/uploads\/2016\/06\/Logo-North-Hatley.jpg","width":127,"height":164,"caption":"MUNICIPALIT\u00c9 DU VILLAGE DE NORTH HATLE"},"image":{"@id":"http:\/\/www.northhatley.org\/fr\/#\/schema\/logo\/image\/"}}]}},"_links":{"self":[{"href":"http:\/\/www.northhatley.org\/fr\/wp-json\/wp\/v2\/pages\/1300","targetHints":{"allow":["GET"]}}],"collection":[{"href":"http:\/\/www.northhatley.org\/fr\/wp-json\/wp\/v2\/pages"}],"about":[{"href":"http:\/\/www.northhatley.org\/fr\/wp-json\/wp\/v2\/types\/page"}],"author":[{"embeddable":true,"href":"http:\/\/www.northhatley.org\/fr\/wp-json\/wp\/v2\/users\/2"}],"replies":[{"embeddable":true,"href":"http:\/\/www.northhatley.org\/fr\/wp-json\/wp\/v2\/comments?post=1300"}],"version-history":[{"count":14,"href":"http:\/\/www.northhatley.org\/fr\/wp-json\/wp\/v2\/pages\/1300\/revisions"}],"predecessor-version":[{"id":12591,"href":"http:\/\/www.northhatley.org\/fr\/wp-json\/wp\/v2\/pages\/1300\/revisions\/12591"}],"up":[{"embeddable":true,"href":"http:\/\/www.northhatley.org\/fr\/wp-json\/wp\/v2\/pages\/808"}],"wp:attachment":[{"href":"http:\/\/www.northhatley.org\/fr\/wp-json\/wp\/v2\/media?parent=1300"}],"curies":[{"name":"wp","href":"https:\/\/api.w.org\/{rel}","templated":true}]}}