{"id":1290,"date":"2014-06-30T18:47:59","date_gmt":"2014-06-30T18:47:59","guid":{"rendered":"http:\/\/www.northhatley.org\/?page_id=1290"},"modified":"2015-01-09T19:26:31","modified_gmt":"2015-01-10T00:26:31","slug":"promenades-hivernales","status":"publish","type":"page","link":"http:\/\/www.northhatley.org\/fr\/municipalite\/securite-publiqueurgences\/promenades-hivernales\/","title":{"rendered":"Promenades hivernales"},"content":{"rendered":"<h1>Promenades hivernales<\/h1>\n<p>Pour \u00eatre agr\u00e9ables, vos promenades doivent s\u2019accompagner de quelques mesures \u00e9l\u00e9mentaires\u00a0de s\u00e9curit\u00e9 :<\/p>\n<ul>\n<li>dans la rue, marchez en sens inverse de la circulation ;<\/li>\n<li>en tout temps, portez des v\u00eatements aux couleurs vives, id\u00e9alement avec des bandes r\u00e9fl\u00e9chissantes \u2013 les pr\u00e9pos\u00e9s au d\u00e9neigement, notamment, appr\u00e9cient que vous soyez bien visible !<\/li>\n<li>si vous marchez seul, avertissez quelqu\u2019un que vous sortez, surtout pendant une temp\u00eate.<\/li>\n<\/ul>\n<p>&nbsp;<\/p>\n<p>&nbsp;<\/p>\n<p>&nbsp;<\/p>\n<p>&nbsp;<\/p>\n<p>&nbsp;<\/p>\n","protected":false},"excerpt":{"rendered":"<p>Promenades hivernales Pour \u00eatre agr\u00e9ables, vos promenades doivent s\u2019accompagner de quelques mesures \u00e9l\u00e9mentaires\u00a0de s\u00e9curit\u00e9 : dans la rue, marchez en sens inverse de la circulation ; en tout temps, portez des v\u00eatements aux couleurs vives, id\u00e9alement avec des bandes r\u00e9fl\u00e9chissantes \u2013 les pr\u00e9pos\u00e9s au d\u00e9neigement, notamment, appr\u00e9cient que vous soyez bien visible ! si vous<\/p>\n","protected":false},"author":2,"featured_media":0,"parent":3341,"menu_order":3,"comment_status":"open","ping_status":"open","template":"","meta":{"_acf_changed":false,"footnotes":""},"class_list":["post-1290","page","type-page","status-publish","hentry"],"acf":[],"yoast_head":"<!-- This site is optimized with the Yoast SEO plugin v24.3 - https:\/\/yoast.com\/wordpress\/plugins\/seo\/ -->\n<title>Promenades hivernales - Village de North Hatley<\/title>\n<meta name=\"robots\" content=\"index, follow, max-snippet:-1, max-image-preview:large, max-video-preview:-1\" \/>\n<link rel=\"canonical\" href=\"https:\/\/www.northhatley.org\/fr\/municipalite\/securite-publiqueurgences\/promenades-hivernales\/\" \/>\n<meta property=\"og:locale\" content=\"fr_FR\" \/>\n<meta property=\"og:type\" content=\"article\" \/>\n<meta property=\"og:title\" content=\"Promenades hivernales - Village de North Hatley\" \/>\n<meta property=\"og:description\" content=\"Promenades hivernales Pour \u00eatre agr\u00e9ables, vos promenades doivent s\u2019accompagner de quelques mesures \u00e9l\u00e9mentaires\u00a0de s\u00e9curit\u00e9 : dans la rue, marchez en sens inverse de la circulation ; en tout temps, portez des v\u00eatements aux couleurs vives, id\u00e9alement avec des bandes r\u00e9fl\u00e9chissantes \u2013 les pr\u00e9pos\u00e9s au d\u00e9neigement, notamment, appr\u00e9cient que vous soyez bien visible ! si vous\" \/>\n<meta property=\"og:url\" content=\"https:\/\/www.northhatley.org\/fr\/municipalite\/securite-publiqueurgences\/promenades-hivernales\/\" \/>\n<meta property=\"og:site_name\" content=\"Village de North Hatley\" \/>\n<meta property=\"article:modified_time\" content=\"2015-01-10T00:26:31+00:00\" \/>\n<script type=\"application\/ld+json\" class=\"yoast-schema-graph\">{\"@context\":\"https:\/\/schema.org\",\"@graph\":[{\"@type\":\"WebPage\",\"@id\":\"https:\/\/www.northhatley.org\/fr\/municipalite\/securite-publiqueurgences\/promenades-hivernales\/\",\"url\":\"https:\/\/www.northhatley.org\/fr\/municipalite\/securite-publiqueurgences\/promenades-hivernales\/\",\"name\":\"Promenades hivernales - Village de North Hatley\",\"isPartOf\":{\"@id\":\"https:\/\/www.northhatley.org\/fr\/#website\"},\"datePublished\":\"2014-06-30T18:47:59+00:00\",\"dateModified\":\"2015-01-10T00:26:31+00:00\",\"breadcrumb\":{\"@id\":\"https:\/\/www.northhatley.org\/fr\/municipalite\/securite-publiqueurgences\/promenades-hivernales\/#breadcrumb\"},\"inLanguage\":\"fr-FR\",\"potentialAction\":[{\"@type\":\"ReadAction\",\"target\":[\"https:\/\/www.northhatley.org\/fr\/municipalite\/securite-publiqueurgences\/promenades-hivernales\/\"]}]},{\"@type\":\"BreadcrumbList\",\"@id\":\"https:\/\/www.northhatley.org\/fr\/municipalite\/securite-publiqueurgences\/promenades-hivernales\/#breadcrumb\",\"itemListElement\":[{\"@type\":\"ListItem\",\"position\":1,\"name\":\"Home\",\"item\":\"https:\/\/www.northhatley.org\/fr\/\"},{\"@type\":\"ListItem\",\"position\":2,\"name\":\"Mairie\",\"item\":\"http:\/\/www.northhatley.org\/fr\/municipalite\/\"},{\"@type\":\"ListItem\",\"position\":3,\"name\":\"S\u00e9curit\u00e9 publique et urgences\",\"item\":\"https:\/\/www.northhatley.org\/fr\/municipalite\/securite-publiqueurgences\/\"},{\"@type\":\"ListItem\",\"position\":4,\"name\":\"Promenades hivernales\"}]},{\"@type\":\"WebSite\",\"@id\":\"https:\/\/www.northhatley.org\/fr\/#website\",\"url\":\"https:\/\/www.northhatley.org\/fr\/\",\"name\":\"Village de North Hatley\",\"description\":\"Village of North Hatley\",\"publisher\":{\"@id\":\"https:\/\/www.northhatley.org\/fr\/#organization\"},\"potentialAction\":[{\"@type\":\"SearchAction\",\"target\":{\"@type\":\"EntryPoint\",\"urlTemplate\":\"https:\/\/www.northhatley.org\/fr\/?s={search_term_string}\"},\"query-input\":{\"@type\":\"PropertyValueSpecification\",\"valueRequired\":true,\"valueName\":\"search_term_string\"}}],\"inLanguage\":\"fr-FR\"},{\"@type\":\"Organization\",\"@id\":\"https:\/\/www.northhatley.org\/fr\/#organization\",\"name\":\"MUNICIPALIT\u00c9 DU VILLAGE DE NORTH HATLE\",\"url\":\"https:\/\/www.northhatley.org\/fr\/\",\"logo\":{\"@type\":\"ImageObject\",\"inLanguage\":\"fr-FR\",\"@id\":\"https:\/\/www.northhatley.org\/fr\/#\/schema\/logo\/image\/\",\"url\":\"https:\/\/www.northhatley.org\/wp-content\/uploads\/2016\/06\/Logo-North-Hatley.jpg\",\"contentUrl\":\"https:\/\/www.northhatley.org\/wp-content\/uploads\/2016\/06\/Logo-North-Hatley.jpg\",\"width\":127,\"height\":164,\"caption\":\"MUNICIPALIT\u00c9 DU VILLAGE DE NORTH HATLE\"},\"image\":{\"@id\":\"https:\/\/www.northhatley.org\/fr\/#\/schema\/logo\/image\/\"}}]}<\/script>\n<!-- \/ Yoast SEO plugin. -->","yoast_head_json":{"title":"Promenades hivernales - Village de North Hatley","robots":{"index":"index","follow":"follow","max-snippet":"max-snippet:-1","max-image-preview":"max-image-preview:large","max-video-preview":"max-video-preview:-1"},"canonical":"https:\/\/www.northhatley.org\/fr\/municipalite\/securite-publiqueurgences\/promenades-hivernales\/","og_locale":"fr_FR","og_type":"article","og_title":"Promenades hivernales - Village de North Hatley","og_description":"Promenades hivernales Pour \u00eatre agr\u00e9ables, vos promenades doivent s\u2019accompagner de quelques mesures \u00e9l\u00e9mentaires\u00a0de s\u00e9curit\u00e9 : dans la rue, marchez en sens inverse de la circulation ; en tout temps, portez des v\u00eatements aux couleurs vives, id\u00e9alement avec des bandes r\u00e9fl\u00e9chissantes \u2013 les pr\u00e9pos\u00e9s au d\u00e9neigement, notamment, appr\u00e9cient que vous soyez bien visible ! si vous","og_url":"https:\/\/www.northhatley.org\/fr\/municipalite\/securite-publiqueurgences\/promenades-hivernales\/","og_site_name":"Village de North Hatley","article_modified_time":"2015-01-10T00:26:31+00:00","schema":{"@context":"https:\/\/schema.org","@graph":[{"@type":"WebPage","@id":"https:\/\/www.northhatley.org\/fr\/municipalite\/securite-publiqueurgences\/promenades-hivernales\/","url":"https:\/\/www.northhatley.org\/fr\/municipalite\/securite-publiqueurgences\/promenades-hivernales\/","name":"Promenades hivernales - Village de North Hatley","isPartOf":{"@id":"https:\/\/www.northhatley.org\/fr\/#website"},"datePublished":"2014-06-30T18:47:59+00:00","dateModified":"2015-01-10T00:26:31+00:00","breadcrumb":{"@id":"https:\/\/www.northhatley.org\/fr\/municipalite\/securite-publiqueurgences\/promenades-hivernales\/#breadcrumb"},"inLanguage":"fr-FR","potentialAction":[{"@type":"ReadAction","target":["https:\/\/www.northhatley.org\/fr\/municipalite\/securite-publiqueurgences\/promenades-hivernales\/"]}]},{"@type":"BreadcrumbList","@id":"https:\/\/www.northhatley.org\/fr\/municipalite\/securite-publiqueurgences\/promenades-hivernales\/#breadcrumb","itemListElement":[{"@type":"ListItem","position":1,"name":"Home","item":"https:\/\/www.northhatley.org\/fr\/"},{"@type":"ListItem","position":2,"name":"Mairie","item":"http:\/\/www.northhatley.org\/fr\/municipalite\/"},{"@type":"ListItem","position":3,"name":"S\u00e9curit\u00e9 publique et urgences","item":"https:\/\/www.northhatley.org\/fr\/municipalite\/securite-publiqueurgences\/"},{"@type":"ListItem","position":4,"name":"Promenades hivernales"}]},{"@type":"WebSite","@id":"https:\/\/www.northhatley.org\/fr\/#website","url":"https:\/\/www.northhatley.org\/fr\/","name":"Village de North Hatley","description":"Village of North Hatley","publisher":{"@id":"https:\/\/www.northhatley.org\/fr\/#organization"},"potentialAction":[{"@type":"SearchAction","target":{"@type":"EntryPoint","urlTemplate":"https:\/\/www.northhatley.org\/fr\/?s={search_term_string}"},"query-input":{"@type":"PropertyValueSpecification","valueRequired":true,"valueName":"search_term_string"}}],"inLanguage":"fr-FR"},{"@type":"Organization","@id":"https:\/\/www.northhatley.org\/fr\/#organization","name":"MUNICIPALIT\u00c9 DU VILLAGE DE NORTH HATLE","url":"https:\/\/www.northhatley.org\/fr\/","logo":{"@type":"ImageObject","inLanguage":"fr-FR","@id":"https:\/\/www.northhatley.org\/fr\/#\/schema\/logo\/image\/","url":"https:\/\/www.northhatley.org\/wp-content\/uploads\/2016\/06\/Logo-North-Hatley.jpg","contentUrl":"https:\/\/www.northhatley.org\/wp-content\/uploads\/2016\/06\/Logo-North-Hatley.jpg","width":127,"height":164,"caption":"MUNICIPALIT\u00c9 DU VILLAGE DE NORTH HATLE"},"image":{"@id":"https:\/\/www.northhatley.org\/fr\/#\/schema\/logo\/image\/"}}]}},"_links":{"self":[{"href":"http:\/\/www.northhatley.org\/fr\/wp-json\/wp\/v2\/pages\/1290","targetHints":{"allow":["GET"]}}],"collection":[{"href":"http:\/\/www.northhatley.org\/fr\/wp-json\/wp\/v2\/pages"}],"about":[{"href":"http:\/\/www.northhatley.org\/fr\/wp-json\/wp\/v2\/types\/page"}],"author":[{"embeddable":true,"href":"http:\/\/www.northhatley.org\/fr\/wp-json\/wp\/v2\/users\/2"}],"replies":[{"embeddable":true,"href":"http:\/\/www.northhatley.org\/fr\/wp-json\/wp\/v2\/comments?post=1290"}],"version-history":[{"count":8,"href":"http:\/\/www.northhatley.org\/fr\/wp-json\/wp\/v2\/pages\/1290\/revisions"}],"predecessor-version":[{"id":3572,"href":"http:\/\/www.northhatley.org\/fr\/wp-json\/wp\/v2\/pages\/1290\/revisions\/3572"}],"up":[{"embeddable":true,"href":"http:\/\/www.northhatley.org\/fr\/wp-json\/wp\/v2\/pages\/3341"}],"wp:attachment":[{"href":"http:\/\/www.northhatley.org\/fr\/wp-json\/wp\/v2\/media?parent=1290"}],"curies":[{"name":"wp","href":"https:\/\/api.w.org\/{rel}","templated":true}]}}