{"id":1284,"date":"2014-06-30T18:40:38","date_gmt":"2014-06-30T18:40:38","guid":{"rendered":"http:\/\/www.northhatley.org\/?page_id=1284"},"modified":"2015-09-18T09:59:25","modified_gmt":"2015-09-18T13:59:25","slug":"vehicules","status":"publish","type":"page","link":"http:\/\/www.northhatley.org\/fr\/municipalite\/renseignements-generaux\/vehicules\/","title":{"rendered":"V\u00e9hicules"},"content":{"rendered":"<h1>V\u00e9hicules<\/h1>\n<h3><strong>Le stationnement \u00e0 North Hatley<\/strong><\/h3>\n<p><strong>a. Stationnement de nuit <\/strong><\/p>\n<p>Du 1<sup>er<\/sup> novembre au 1<sup>er<\/sup> avril, il est strictement interdit de garer un v\u00e9hicule entre 23 h et 7 h dans un stationnement municipal ou sur les chemins publics.<\/p>\n<p><strong>b. Stationnement et Service des incendies<\/strong><\/p>\n<p>Assurez-vous d\u2019immobiliser votre v\u00e9hicule dans une zone s\u00e9curitaire pour tous. S\u2019il est mal gar\u00e9 ou arr\u00eat\u00e9 au mauvais endroit, il peut retarder ou entraver le travail des pompiers ainsi que les d\u00e9placements des v\u00e9hicules d\u2019urgence, et vous rendre passible d\u2019une amende de 100 $ plus les frais extrajudiciaires.<\/p>\n<h3><strong>Stationnements municipaux<\/strong><\/h3>\n<p><strong>Tarifs\u00a0des stationnements municipaux<\/strong><\/p>\n<ul>\n<li>Gratuit en tout temps<\/li>\n<\/ul>\n<p><strong>Vignettes de<\/strong> <strong>stationnement <\/strong><\/p>\n<p>Chaque r\u00e9sident(e) de la municipalit\u00e9 de North Hatley a droit \u00e0 une vignette de stationnement sans frais. Les vignettes sont disponibles tous les deux ans, au d\u00e9but de l\u2019ann\u00e9e.<\/p>\n<p>Pour vous les procurer, pr\u00e9sentez-vous aux bureaux de la municipalit\u00e9, au 3125 ch. Capelton, avec\u00a0:<\/p>\n<ul>\n<li>une preuve de r\u00e9sidence, p. ex., votre compte de taxes courant ou votre permis de conduire<\/li>\n<li>le certificat d\u2019immatriculation du v\u00e9hicule pour lequel vous utiliserez la vignette<\/li>\n<\/ul>\n<h3><strong>Abris d\u2019auto temporaires<\/strong><\/h3>\n<p>Les abris d\u2019auto temporaires sont autoris\u00e9s du 1<sup>er<\/sup> novembre au 15 avril. En dehors de cette p\u00e9riode, l\u2019abri doit \u00eatre d\u00e9mont\u00e9 et remis\u00e9. Votre abri d\u2019auto doit\u00a0:<\/p>\n<ul>\n<li>\u00eatre constitu\u00e9 d\u2019une structure m\u00e9tallique recouverte de toile ou de poly\u00e9thyl\u00e8ne<\/li>\n<li>\u00eatre install\u00e9 \u00e0 au moins 0,60 m du trottoir<\/li>\n<li>\u00eatre situ\u00e9 sur une voie d\u2019acc\u00e8s ou une aire de stationnement, \u00e0 un minimum de 1,5 m (5 pi) de l\u2019emprise lat\u00e9rale ou, dans le cas d\u2019un terrain situ\u00e9 sur un coin de rue, \u00e0 3 m (9 pi) de l\u2019emprise lat\u00e9rale pour les 15 premiers m\u00e8tres.<\/li>\n<\/ul>\n<h3><strong>Conditions routi\u00e8res<\/strong><\/h3>\n<p>Vous trouverez des renseignements sur les conditions routi\u00e8res sur <a href=\"http:\/\/www.quebec511.info\/fr\/index.asp\">le site de Transports Qu\u00e9bec<\/a>. Vous pouvez aussi t\u00e9l\u00e9phoner au 1 888 355-0511.<\/p>\n<p>&nbsp;<\/p>\n<p>&nbsp;<\/p>\n<p>&nbsp;<\/p>\n<p>&nbsp;<\/p>\n<p>&nbsp;<\/p>\n<p>&nbsp;<\/p>\n<p>&nbsp;<\/p>\n<p>&nbsp;<\/p>\n<p>&nbsp;<\/p>\n","protected":false},"excerpt":{"rendered":"<p>V\u00e9hicules Le stationnement \u00e0 North Hatley a. Stationnement de nuit Du 1er novembre au 1er avril, il est strictement interdit de garer un v\u00e9hicule entre 23 h et 7 h dans un stationnement municipal ou sur les chemins publics. b. Stationnement et Service des incendies Assurez-vous d\u2019immobiliser votre v\u00e9hicule dans une zone s\u00e9curitaire pour tous.<\/p>\n","protected":false},"author":2,"featured_media":0,"parent":1251,"menu_order":6,"comment_status":"open","ping_status":"open","template":"","meta":{"_acf_changed":false,"footnotes":""},"class_list":["post-1284","page","type-page","status-publish","hentry"],"acf":[],"yoast_head":"<!-- This site is optimized with the Yoast SEO plugin v24.3 - https:\/\/yoast.com\/wordpress\/plugins\/seo\/ -->\n<title>V\u00e9hicules - Village de North Hatley<\/title>\n<meta name=\"robots\" content=\"index, follow, max-snippet:-1, max-image-preview:large, max-video-preview:-1\" \/>\n<link rel=\"canonical\" href=\"http:\/\/www.northhatley.org\/fr\/municipalite\/renseignements-generaux\/vehicules\/\" \/>\n<meta property=\"og:locale\" content=\"fr_FR\" \/>\n<meta property=\"og:type\" content=\"article\" \/>\n<meta property=\"og:title\" content=\"V\u00e9hicules - Village de North Hatley\" \/>\n<meta property=\"og:description\" content=\"V\u00e9hicules Le stationnement \u00e0 North Hatley a. Stationnement de nuit Du 1er novembre au 1er avril, il est strictement interdit de garer un v\u00e9hicule entre 23 h et 7 h dans un stationnement municipal ou sur les chemins publics. b. Stationnement et Service des incendies Assurez-vous d\u2019immobiliser votre v\u00e9hicule dans une zone s\u00e9curitaire pour tous.\" \/>\n<meta property=\"og:url\" content=\"http:\/\/www.northhatley.org\/fr\/municipalite\/renseignements-generaux\/vehicules\/\" \/>\n<meta property=\"og:site_name\" content=\"Village de North Hatley\" \/>\n<meta property=\"article:modified_time\" content=\"2015-09-18T13:59:25+00:00\" \/>\n<meta name=\"twitter:label1\" content=\"Dur\u00e9e de lecture estim\u00e9e\" \/>\n\t<meta name=\"twitter:data1\" content=\"2 minutes\" \/>\n<script type=\"application\/ld+json\" class=\"yoast-schema-graph\">{\"@context\":\"https:\/\/schema.org\",\"@graph\":[{\"@type\":\"WebPage\",\"@id\":\"http:\/\/www.northhatley.org\/fr\/municipalite\/renseignements-generaux\/vehicules\/\",\"url\":\"http:\/\/www.northhatley.org\/fr\/municipalite\/renseignements-generaux\/vehicules\/\",\"name\":\"V\u00e9hicules - Village de North Hatley\",\"isPartOf\":{\"@id\":\"http:\/\/www.northhatley.org\/fr\/#website\"},\"datePublished\":\"2014-06-30T18:40:38+00:00\",\"dateModified\":\"2015-09-18T13:59:25+00:00\",\"breadcrumb\":{\"@id\":\"http:\/\/www.northhatley.org\/fr\/municipalite\/renseignements-generaux\/vehicules\/#breadcrumb\"},\"inLanguage\":\"fr-FR\",\"potentialAction\":[{\"@type\":\"ReadAction\",\"target\":[\"http:\/\/www.northhatley.org\/fr\/municipalite\/renseignements-generaux\/vehicules\/\"]}]},{\"@type\":\"BreadcrumbList\",\"@id\":\"http:\/\/www.northhatley.org\/fr\/municipalite\/renseignements-generaux\/vehicules\/#breadcrumb\",\"itemListElement\":[{\"@type\":\"ListItem\",\"position\":1,\"name\":\"Home\",\"item\":\"http:\/\/www.northhatley.org\/fr\/\"},{\"@type\":\"ListItem\",\"position\":2,\"name\":\"Mairie\",\"item\":\"https:\/\/www.northhatley.org\/fr\/municipalite\/\"},{\"@type\":\"ListItem\",\"position\":3,\"name\":\"Renseignements g\u00e9n\u00e9raux\",\"item\":\"http:\/\/www.northhatley.org\/fr\/municipalite\/renseignements-generaux\/\"},{\"@type\":\"ListItem\",\"position\":4,\"name\":\"V\u00e9hicules\"}]},{\"@type\":\"WebSite\",\"@id\":\"http:\/\/www.northhatley.org\/fr\/#website\",\"url\":\"http:\/\/www.northhatley.org\/fr\/\",\"name\":\"Village de North Hatley\",\"description\":\"Village of North Hatley\",\"publisher\":{\"@id\":\"http:\/\/www.northhatley.org\/fr\/#organization\"},\"potentialAction\":[{\"@type\":\"SearchAction\",\"target\":{\"@type\":\"EntryPoint\",\"urlTemplate\":\"http:\/\/www.northhatley.org\/fr\/?s={search_term_string}\"},\"query-input\":{\"@type\":\"PropertyValueSpecification\",\"valueRequired\":true,\"valueName\":\"search_term_string\"}}],\"inLanguage\":\"fr-FR\"},{\"@type\":\"Organization\",\"@id\":\"http:\/\/www.northhatley.org\/fr\/#organization\",\"name\":\"MUNICIPALIT\u00c9 DU VILLAGE DE NORTH HATLE\",\"url\":\"http:\/\/www.northhatley.org\/fr\/\",\"logo\":{\"@type\":\"ImageObject\",\"inLanguage\":\"fr-FR\",\"@id\":\"http:\/\/www.northhatley.org\/fr\/#\/schema\/logo\/image\/\",\"url\":\"https:\/\/www.northhatley.org\/wp-content\/uploads\/2016\/06\/Logo-North-Hatley.jpg\",\"contentUrl\":\"https:\/\/www.northhatley.org\/wp-content\/uploads\/2016\/06\/Logo-North-Hatley.jpg\",\"width\":127,\"height\":164,\"caption\":\"MUNICIPALIT\u00c9 DU VILLAGE DE NORTH HATLE\"},\"image\":{\"@id\":\"http:\/\/www.northhatley.org\/fr\/#\/schema\/logo\/image\/\"}}]}<\/script>\n<!-- \/ Yoast SEO plugin. -->","yoast_head_json":{"title":"V\u00e9hicules - Village de North Hatley","robots":{"index":"index","follow":"follow","max-snippet":"max-snippet:-1","max-image-preview":"max-image-preview:large","max-video-preview":"max-video-preview:-1"},"canonical":"http:\/\/www.northhatley.org\/fr\/municipalite\/renseignements-generaux\/vehicules\/","og_locale":"fr_FR","og_type":"article","og_title":"V\u00e9hicules - Village de North Hatley","og_description":"V\u00e9hicules Le stationnement \u00e0 North Hatley a. Stationnement de nuit Du 1er novembre au 1er avril, il est strictement interdit de garer un v\u00e9hicule entre 23 h et 7 h dans un stationnement municipal ou sur les chemins publics. b. Stationnement et Service des incendies Assurez-vous d\u2019immobiliser votre v\u00e9hicule dans une zone s\u00e9curitaire pour tous.","og_url":"http:\/\/www.northhatley.org\/fr\/municipalite\/renseignements-generaux\/vehicules\/","og_site_name":"Village de North Hatley","article_modified_time":"2015-09-18T13:59:25+00:00","twitter_misc":{"Dur\u00e9e de lecture estim\u00e9e":"2 minutes"},"schema":{"@context":"https:\/\/schema.org","@graph":[{"@type":"WebPage","@id":"http:\/\/www.northhatley.org\/fr\/municipalite\/renseignements-generaux\/vehicules\/","url":"http:\/\/www.northhatley.org\/fr\/municipalite\/renseignements-generaux\/vehicules\/","name":"V\u00e9hicules - Village de North Hatley","isPartOf":{"@id":"http:\/\/www.northhatley.org\/fr\/#website"},"datePublished":"2014-06-30T18:40:38+00:00","dateModified":"2015-09-18T13:59:25+00:00","breadcrumb":{"@id":"http:\/\/www.northhatley.org\/fr\/municipalite\/renseignements-generaux\/vehicules\/#breadcrumb"},"inLanguage":"fr-FR","potentialAction":[{"@type":"ReadAction","target":["http:\/\/www.northhatley.org\/fr\/municipalite\/renseignements-generaux\/vehicules\/"]}]},{"@type":"BreadcrumbList","@id":"http:\/\/www.northhatley.org\/fr\/municipalite\/renseignements-generaux\/vehicules\/#breadcrumb","itemListElement":[{"@type":"ListItem","position":1,"name":"Home","item":"http:\/\/www.northhatley.org\/fr\/"},{"@type":"ListItem","position":2,"name":"Mairie","item":"https:\/\/www.northhatley.org\/fr\/municipalite\/"},{"@type":"ListItem","position":3,"name":"Renseignements g\u00e9n\u00e9raux","item":"http:\/\/www.northhatley.org\/fr\/municipalite\/renseignements-generaux\/"},{"@type":"ListItem","position":4,"name":"V\u00e9hicules"}]},{"@type":"WebSite","@id":"http:\/\/www.northhatley.org\/fr\/#website","url":"http:\/\/www.northhatley.org\/fr\/","name":"Village de North Hatley","description":"Village of North Hatley","publisher":{"@id":"http:\/\/www.northhatley.org\/fr\/#organization"},"potentialAction":[{"@type":"SearchAction","target":{"@type":"EntryPoint","urlTemplate":"http:\/\/www.northhatley.org\/fr\/?s={search_term_string}"},"query-input":{"@type":"PropertyValueSpecification","valueRequired":true,"valueName":"search_term_string"}}],"inLanguage":"fr-FR"},{"@type":"Organization","@id":"http:\/\/www.northhatley.org\/fr\/#organization","name":"MUNICIPALIT\u00c9 DU VILLAGE DE NORTH HATLE","url":"http:\/\/www.northhatley.org\/fr\/","logo":{"@type":"ImageObject","inLanguage":"fr-FR","@id":"http:\/\/www.northhatley.org\/fr\/#\/schema\/logo\/image\/","url":"https:\/\/www.northhatley.org\/wp-content\/uploads\/2016\/06\/Logo-North-Hatley.jpg","contentUrl":"https:\/\/www.northhatley.org\/wp-content\/uploads\/2016\/06\/Logo-North-Hatley.jpg","width":127,"height":164,"caption":"MUNICIPALIT\u00c9 DU VILLAGE DE NORTH HATLE"},"image":{"@id":"http:\/\/www.northhatley.org\/fr\/#\/schema\/logo\/image\/"}}]}},"_links":{"self":[{"href":"http:\/\/www.northhatley.org\/fr\/wp-json\/wp\/v2\/pages\/1284","targetHints":{"allow":["GET"]}}],"collection":[{"href":"http:\/\/www.northhatley.org\/fr\/wp-json\/wp\/v2\/pages"}],"about":[{"href":"http:\/\/www.northhatley.org\/fr\/wp-json\/wp\/v2\/types\/page"}],"author":[{"embeddable":true,"href":"http:\/\/www.northhatley.org\/fr\/wp-json\/wp\/v2\/users\/2"}],"replies":[{"embeddable":true,"href":"http:\/\/www.northhatley.org\/fr\/wp-json\/wp\/v2\/comments?post=1284"}],"version-history":[{"count":12,"href":"http:\/\/www.northhatley.org\/fr\/wp-json\/wp\/v2\/pages\/1284\/revisions"}],"predecessor-version":[{"id":3999,"href":"http:\/\/www.northhatley.org\/fr\/wp-json\/wp\/v2\/pages\/1284\/revisions\/3999"}],"up":[{"embeddable":true,"href":"http:\/\/www.northhatley.org\/fr\/wp-json\/wp\/v2\/pages\/1251"}],"wp:attachment":[{"href":"http:\/\/www.northhatley.org\/fr\/wp-json\/wp\/v2\/media?parent=1284"}],"curies":[{"name":"wp","href":"https:\/\/api.w.org\/{rel}","templated":true}]}}