{"id":1277,"date":"2014-06-30T18:02:50","date_gmt":"2014-06-30T18:02:50","guid":{"rendered":"http:\/\/www.northhatley.org\/?page_id=1277"},"modified":"2021-07-22T15:21:52","modified_gmt":"2021-07-22T19:21:52","slug":"sapins-de-noel","status":"publish","type":"page","link":"http:\/\/www.northhatley.org\/fr\/municipalite\/renseignements-generaux\/recyclage-ordures-compost-etc\/sapins-de-noel\/","title":{"rendered":"Sapins de No\u00ebl"},"content":{"rendered":"<h1><strong>Apr\u00e8s le temps des F\u00eates\u2026<\/strong><\/h1>\n<p>Chaque ann\u00e9e, au mois de janvier, la Municipalit\u00e9 effectue la collecte des sapins de No\u00ebl pour en faire du compost qui sera utilis\u00e9 dans les parcs municipaux.\u00a0 La municipalit\u00e9 ramasse en moyenne 80 arbres par ann\u00e9e.<\/p>\n<p>V\u00e9rifiez la date exacte dans l&rsquo;\u00e9dition de d\u00e9cembre d&rsquo;Info Village.<\/p>\n","protected":false},"excerpt":{"rendered":"<p>Apr\u00e8s le temps des F\u00eates\u2026 Chaque ann\u00e9e, au mois de janvier, la Municipalit\u00e9 effectue la collecte des sapins de No\u00ebl pour en faire du compost qui sera utilis\u00e9 dans les parcs municipaux.\u00a0 La municipalit\u00e9 ramasse en moyenne 80 arbres par ann\u00e9e. V\u00e9rifiez la date exacte dans l&rsquo;\u00e9dition de d\u00e9cembre d&rsquo;Info Village.<\/p>\n","protected":false},"author":2,"featured_media":0,"parent":1263,"menu_order":5,"comment_status":"open","ping_status":"closed","template":"","meta":{"_acf_changed":false,"footnotes":""},"class_list":["post-1277","page","type-page","status-publish","hentry"],"acf":[],"yoast_head":"<!-- This site is optimized with the Yoast SEO plugin v24.3 - https:\/\/yoast.com\/wordpress\/plugins\/seo\/ -->\n<title>Sapins de No\u00ebl - Village de North Hatley<\/title>\n<meta name=\"robots\" content=\"index, follow, max-snippet:-1, max-image-preview:large, max-video-preview:-1\" \/>\n<link rel=\"canonical\" href=\"https:\/\/www.northhatley.org\/fr\/municipalite\/renseignements-generaux\/recyclage-ordures-compost-etc\/sapins-de-noel\/\" \/>\n<meta property=\"og:locale\" content=\"fr_FR\" \/>\n<meta property=\"og:type\" content=\"article\" \/>\n<meta property=\"og:title\" content=\"Sapins de No\u00ebl - Village de North Hatley\" \/>\n<meta property=\"og:description\" content=\"Apr\u00e8s le temps des F\u00eates\u2026 Chaque ann\u00e9e, au mois de janvier, la Municipalit\u00e9 effectue la collecte des sapins de No\u00ebl pour en faire du compost qui sera utilis\u00e9 dans les parcs municipaux.\u00a0 La municipalit\u00e9 ramasse en moyenne 80 arbres par ann\u00e9e. V\u00e9rifiez la date exacte dans l&rsquo;\u00e9dition de d\u00e9cembre d&rsquo;Info Village.\" \/>\n<meta property=\"og:url\" content=\"https:\/\/www.northhatley.org\/fr\/municipalite\/renseignements-generaux\/recyclage-ordures-compost-etc\/sapins-de-noel\/\" \/>\n<meta property=\"og:site_name\" content=\"Village de North Hatley\" \/>\n<meta property=\"article:modified_time\" content=\"2021-07-22T19:21:52+00:00\" \/>\n<meta name=\"twitter:label1\" content=\"Dur\u00e9e de lecture estim\u00e9e\" \/>\n\t<meta name=\"twitter:data1\" content=\"1 minute\" \/>\n<script type=\"application\/ld+json\" class=\"yoast-schema-graph\">{\"@context\":\"https:\/\/schema.org\",\"@graph\":[{\"@type\":\"WebPage\",\"@id\":\"https:\/\/www.northhatley.org\/fr\/municipalite\/renseignements-generaux\/recyclage-ordures-compost-etc\/sapins-de-noel\/\",\"url\":\"https:\/\/www.northhatley.org\/fr\/municipalite\/renseignements-generaux\/recyclage-ordures-compost-etc\/sapins-de-noel\/\",\"name\":\"Sapins de No\u00ebl - Village de North Hatley\",\"isPartOf\":{\"@id\":\"https:\/\/www.northhatley.org\/fr\/#website\"},\"datePublished\":\"2014-06-30T18:02:50+00:00\",\"dateModified\":\"2021-07-22T19:21:52+00:00\",\"breadcrumb\":{\"@id\":\"https:\/\/www.northhatley.org\/fr\/municipalite\/renseignements-generaux\/recyclage-ordures-compost-etc\/sapins-de-noel\/#breadcrumb\"},\"inLanguage\":\"fr-FR\",\"potentialAction\":[{\"@type\":\"ReadAction\",\"target\":[\"https:\/\/www.northhatley.org\/fr\/municipalite\/renseignements-generaux\/recyclage-ordures-compost-etc\/sapins-de-noel\/\"]}]},{\"@type\":\"BreadcrumbList\",\"@id\":\"https:\/\/www.northhatley.org\/fr\/municipalite\/renseignements-generaux\/recyclage-ordures-compost-etc\/sapins-de-noel\/#breadcrumb\",\"itemListElement\":[{\"@type\":\"ListItem\",\"position\":1,\"name\":\"Home\",\"item\":\"https:\/\/www.northhatley.org\/fr\/\"},{\"@type\":\"ListItem\",\"position\":2,\"name\":\"Mairie\",\"item\":\"http:\/\/www.northhatley.org\/fr\/municipalite\/\"},{\"@type\":\"ListItem\",\"position\":3,\"name\":\"Renseignements g\u00e9n\u00e9raux\",\"item\":\"https:\/\/www.northhatley.org\/fr\/municipalite\/renseignements-generaux\/\"},{\"@type\":\"ListItem\",\"position\":4,\"name\":\"Ordures, recyclage et compost\",\"item\":\"https:\/\/www.northhatley.org\/fr\/municipalite\/renseignements-generaux\/recyclage-ordures-compost-etc\/\"},{\"@type\":\"ListItem\",\"position\":5,\"name\":\"Sapins de No\u00ebl\"}]},{\"@type\":\"WebSite\",\"@id\":\"https:\/\/www.northhatley.org\/fr\/#website\",\"url\":\"https:\/\/www.northhatley.org\/fr\/\",\"name\":\"Village de North Hatley\",\"description\":\"Village of North Hatley\",\"publisher\":{\"@id\":\"https:\/\/www.northhatley.org\/fr\/#organization\"},\"potentialAction\":[{\"@type\":\"SearchAction\",\"target\":{\"@type\":\"EntryPoint\",\"urlTemplate\":\"https:\/\/www.northhatley.org\/fr\/?s={search_term_string}\"},\"query-input\":{\"@type\":\"PropertyValueSpecification\",\"valueRequired\":true,\"valueName\":\"search_term_string\"}}],\"inLanguage\":\"fr-FR\"},{\"@type\":\"Organization\",\"@id\":\"https:\/\/www.northhatley.org\/fr\/#organization\",\"name\":\"MUNICIPALIT\u00c9 DU VILLAGE DE NORTH HATLE\",\"url\":\"https:\/\/www.northhatley.org\/fr\/\",\"logo\":{\"@type\":\"ImageObject\",\"inLanguage\":\"fr-FR\",\"@id\":\"https:\/\/www.northhatley.org\/fr\/#\/schema\/logo\/image\/\",\"url\":\"https:\/\/www.northhatley.org\/wp-content\/uploads\/2016\/06\/Logo-North-Hatley.jpg\",\"contentUrl\":\"https:\/\/www.northhatley.org\/wp-content\/uploads\/2016\/06\/Logo-North-Hatley.jpg\",\"width\":127,\"height\":164,\"caption\":\"MUNICIPALIT\u00c9 DU VILLAGE DE NORTH HATLE\"},\"image\":{\"@id\":\"https:\/\/www.northhatley.org\/fr\/#\/schema\/logo\/image\/\"}}]}<\/script>\n<!-- \/ Yoast SEO plugin. -->","yoast_head_json":{"title":"Sapins de No\u00ebl - Village de North Hatley","robots":{"index":"index","follow":"follow","max-snippet":"max-snippet:-1","max-image-preview":"max-image-preview:large","max-video-preview":"max-video-preview:-1"},"canonical":"https:\/\/www.northhatley.org\/fr\/municipalite\/renseignements-generaux\/recyclage-ordures-compost-etc\/sapins-de-noel\/","og_locale":"fr_FR","og_type":"article","og_title":"Sapins de No\u00ebl - Village de North Hatley","og_description":"Apr\u00e8s le temps des F\u00eates\u2026 Chaque ann\u00e9e, au mois de janvier, la Municipalit\u00e9 effectue la collecte des sapins de No\u00ebl pour en faire du compost qui sera utilis\u00e9 dans les parcs municipaux.\u00a0 La municipalit\u00e9 ramasse en moyenne 80 arbres par ann\u00e9e. V\u00e9rifiez la date exacte dans l&rsquo;\u00e9dition de d\u00e9cembre d&rsquo;Info Village.","og_url":"https:\/\/www.northhatley.org\/fr\/municipalite\/renseignements-generaux\/recyclage-ordures-compost-etc\/sapins-de-noel\/","og_site_name":"Village de North Hatley","article_modified_time":"2021-07-22T19:21:52+00:00","twitter_misc":{"Dur\u00e9e de lecture estim\u00e9e":"1 minute"},"schema":{"@context":"https:\/\/schema.org","@graph":[{"@type":"WebPage","@id":"https:\/\/www.northhatley.org\/fr\/municipalite\/renseignements-generaux\/recyclage-ordures-compost-etc\/sapins-de-noel\/","url":"https:\/\/www.northhatley.org\/fr\/municipalite\/renseignements-generaux\/recyclage-ordures-compost-etc\/sapins-de-noel\/","name":"Sapins de No\u00ebl - Village de North Hatley","isPartOf":{"@id":"https:\/\/www.northhatley.org\/fr\/#website"},"datePublished":"2014-06-30T18:02:50+00:00","dateModified":"2021-07-22T19:21:52+00:00","breadcrumb":{"@id":"https:\/\/www.northhatley.org\/fr\/municipalite\/renseignements-generaux\/recyclage-ordures-compost-etc\/sapins-de-noel\/#breadcrumb"},"inLanguage":"fr-FR","potentialAction":[{"@type":"ReadAction","target":["https:\/\/www.northhatley.org\/fr\/municipalite\/renseignements-generaux\/recyclage-ordures-compost-etc\/sapins-de-noel\/"]}]},{"@type":"BreadcrumbList","@id":"https:\/\/www.northhatley.org\/fr\/municipalite\/renseignements-generaux\/recyclage-ordures-compost-etc\/sapins-de-noel\/#breadcrumb","itemListElement":[{"@type":"ListItem","position":1,"name":"Home","item":"https:\/\/www.northhatley.org\/fr\/"},{"@type":"ListItem","position":2,"name":"Mairie","item":"http:\/\/www.northhatley.org\/fr\/municipalite\/"},{"@type":"ListItem","position":3,"name":"Renseignements g\u00e9n\u00e9raux","item":"https:\/\/www.northhatley.org\/fr\/municipalite\/renseignements-generaux\/"},{"@type":"ListItem","position":4,"name":"Ordures, recyclage et compost","item":"https:\/\/www.northhatley.org\/fr\/municipalite\/renseignements-generaux\/recyclage-ordures-compost-etc\/"},{"@type":"ListItem","position":5,"name":"Sapins de No\u00ebl"}]},{"@type":"WebSite","@id":"https:\/\/www.northhatley.org\/fr\/#website","url":"https:\/\/www.northhatley.org\/fr\/","name":"Village de North Hatley","description":"Village of North Hatley","publisher":{"@id":"https:\/\/www.northhatley.org\/fr\/#organization"},"potentialAction":[{"@type":"SearchAction","target":{"@type":"EntryPoint","urlTemplate":"https:\/\/www.northhatley.org\/fr\/?s={search_term_string}"},"query-input":{"@type":"PropertyValueSpecification","valueRequired":true,"valueName":"search_term_string"}}],"inLanguage":"fr-FR"},{"@type":"Organization","@id":"https:\/\/www.northhatley.org\/fr\/#organization","name":"MUNICIPALIT\u00c9 DU VILLAGE DE NORTH HATLE","url":"https:\/\/www.northhatley.org\/fr\/","logo":{"@type":"ImageObject","inLanguage":"fr-FR","@id":"https:\/\/www.northhatley.org\/fr\/#\/schema\/logo\/image\/","url":"https:\/\/www.northhatley.org\/wp-content\/uploads\/2016\/06\/Logo-North-Hatley.jpg","contentUrl":"https:\/\/www.northhatley.org\/wp-content\/uploads\/2016\/06\/Logo-North-Hatley.jpg","width":127,"height":164,"caption":"MUNICIPALIT\u00c9 DU VILLAGE DE NORTH HATLE"},"image":{"@id":"https:\/\/www.northhatley.org\/fr\/#\/schema\/logo\/image\/"}}]}},"_links":{"self":[{"href":"http:\/\/www.northhatley.org\/fr\/wp-json\/wp\/v2\/pages\/1277","targetHints":{"allow":["GET"]}}],"collection":[{"href":"http:\/\/www.northhatley.org\/fr\/wp-json\/wp\/v2\/pages"}],"about":[{"href":"http:\/\/www.northhatley.org\/fr\/wp-json\/wp\/v2\/types\/page"}],"author":[{"embeddable":true,"href":"http:\/\/www.northhatley.org\/fr\/wp-json\/wp\/v2\/users\/2"}],"replies":[{"embeddable":true,"href":"http:\/\/www.northhatley.org\/fr\/wp-json\/wp\/v2\/comments?post=1277"}],"version-history":[{"count":8,"href":"http:\/\/www.northhatley.org\/fr\/wp-json\/wp\/v2\/pages\/1277\/revisions"}],"predecessor-version":[{"id":9971,"href":"http:\/\/www.northhatley.org\/fr\/wp-json\/wp\/v2\/pages\/1277\/revisions\/9971"}],"up":[{"embeddable":true,"href":"http:\/\/www.northhatley.org\/fr\/wp-json\/wp\/v2\/pages\/1263"}],"wp:attachment":[{"href":"http:\/\/www.northhatley.org\/fr\/wp-json\/wp\/v2\/media?parent=1277"}],"curies":[{"name":"wp","href":"https:\/\/api.w.org\/{rel}","templated":true}]}}