{"id":1275,"date":"2014-06-30T17:58:03","date_gmt":"2014-06-30T17:58:03","guid":{"rendered":"http:\/\/www.northhatley.org\/?page_id=1275"},"modified":"2015-01-09T17:15:01","modified_gmt":"2015-01-09T22:15:01","slug":"ramassage-des-feuilles","status":"publish","type":"page","link":"http:\/\/www.northhatley.org\/fr\/municipalite\/renseignements-generaux\/recyclage-ordures-compost-etc\/ramassage-des-feuilles\/","title":{"rendered":"Ramassage des feuilles"},"content":{"rendered":"<h1>Ramassage des feuilles mortes<\/h1>\n<p>Le ramassage des feuilles a lieu \u00e0 la fin d\u2019octobre et au d\u00e9but de novembre. Pour les dates exactes de l\u2019ann\u00e9e en cours, consultez l\u2019Info Village de l\u2019automne.<\/p>\n<p>Mettez les feuilles dans des sacs en papier compostables.<\/p>\n<p>SVP, pas de\u00a0:<\/p>\n<ul>\n<li>sacs biod\u00e9gradables<\/li>\n<li>sacs de plastique<\/li>\n<\/ul>\n<p>\u00c9vitez d\u2019y mettre des aiguilles de pin, de sapin ou d\u2019autres d\u00e9chets.<\/p>\n<p>Vous avez rat\u00e9 le ramassage ? Vous pouvez mettre vos feuilles dans votre bac brun.<\/p>\n<p>Pas envie de ramasser vos feuilles\u00a0? Laissez-les s\u00e9cher puis passez-y la tondeuse\u00a0: broy\u00e9es, elles font un engrais de premi\u00e8re cat\u00e9gorie !<\/p>\n<p>&nbsp;<\/p>\n<p>&nbsp;<\/p>\n<p>&nbsp;<\/p>\n<p>&nbsp;<\/p>\n<p>&nbsp;<\/p>\n","protected":false},"excerpt":{"rendered":"<p>Ramassage des feuilles mortes Le ramassage des feuilles a lieu \u00e0 la fin d\u2019octobre et au d\u00e9but de novembre. Pour les dates exactes de l\u2019ann\u00e9e en cours, consultez l\u2019Info Village de l\u2019automne. Mettez les feuilles dans des sacs en papier compostables. SVP, pas de\u00a0: sacs biod\u00e9gradables sacs de plastique \u00c9vitez d\u2019y mettre des aiguilles de<\/p>\n","protected":false},"author":2,"featured_media":0,"parent":1263,"menu_order":4,"comment_status":"open","ping_status":"open","template":"","meta":{"_acf_changed":false,"footnotes":""},"class_list":["post-1275","page","type-page","status-publish","hentry"],"acf":[],"yoast_head":"<!-- This site is optimized with the Yoast SEO plugin v24.3 - https:\/\/yoast.com\/wordpress\/plugins\/seo\/ -->\n<title>Ramassage des feuilles - Village de North Hatley<\/title>\n<meta name=\"robots\" content=\"index, follow, max-snippet:-1, max-image-preview:large, max-video-preview:-1\" \/>\n<link rel=\"canonical\" href=\"http:\/\/www.northhatley.org\/fr\/municipalite\/renseignements-generaux\/recyclage-ordures-compost-etc\/ramassage-des-feuilles\/\" \/>\n<meta property=\"og:locale\" content=\"fr_FR\" \/>\n<meta property=\"og:type\" content=\"article\" \/>\n<meta property=\"og:title\" content=\"Ramassage des feuilles - Village de North Hatley\" \/>\n<meta property=\"og:description\" content=\"Ramassage des feuilles mortes Le ramassage des feuilles a lieu \u00e0 la fin d\u2019octobre et au d\u00e9but de novembre. Pour les dates exactes de l\u2019ann\u00e9e en cours, consultez l\u2019Info Village de l\u2019automne. Mettez les feuilles dans des sacs en papier compostables. SVP, pas de\u00a0: sacs biod\u00e9gradables sacs de plastique \u00c9vitez d\u2019y mettre des aiguilles de\" \/>\n<meta property=\"og:url\" content=\"http:\/\/www.northhatley.org\/fr\/municipalite\/renseignements-generaux\/recyclage-ordures-compost-etc\/ramassage-des-feuilles\/\" \/>\n<meta property=\"og:site_name\" content=\"Village de North Hatley\" \/>\n<meta property=\"article:modified_time\" content=\"2015-01-09T22:15:01+00:00\" \/>\n<meta name=\"twitter:label1\" content=\"Dur\u00e9e de lecture estim\u00e9e\" \/>\n\t<meta name=\"twitter:data1\" content=\"1 minute\" \/>\n<script type=\"application\/ld+json\" class=\"yoast-schema-graph\">{\"@context\":\"https:\/\/schema.org\",\"@graph\":[{\"@type\":\"WebPage\",\"@id\":\"http:\/\/www.northhatley.org\/fr\/municipalite\/renseignements-generaux\/recyclage-ordures-compost-etc\/ramassage-des-feuilles\/\",\"url\":\"http:\/\/www.northhatley.org\/fr\/municipalite\/renseignements-generaux\/recyclage-ordures-compost-etc\/ramassage-des-feuilles\/\",\"name\":\"Ramassage des feuilles - Village de North Hatley\",\"isPartOf\":{\"@id\":\"https:\/\/www.northhatley.org\/fr\/#website\"},\"datePublished\":\"2014-06-30T17:58:03+00:00\",\"dateModified\":\"2015-01-09T22:15:01+00:00\",\"breadcrumb\":{\"@id\":\"http:\/\/www.northhatley.org\/fr\/municipalite\/renseignements-generaux\/recyclage-ordures-compost-etc\/ramassage-des-feuilles\/#breadcrumb\"},\"inLanguage\":\"fr-FR\",\"potentialAction\":[{\"@type\":\"ReadAction\",\"target\":[\"http:\/\/www.northhatley.org\/fr\/municipalite\/renseignements-generaux\/recyclage-ordures-compost-etc\/ramassage-des-feuilles\/\"]}]},{\"@type\":\"BreadcrumbList\",\"@id\":\"http:\/\/www.northhatley.org\/fr\/municipalite\/renseignements-generaux\/recyclage-ordures-compost-etc\/ramassage-des-feuilles\/#breadcrumb\",\"itemListElement\":[{\"@type\":\"ListItem\",\"position\":1,\"name\":\"Home\",\"item\":\"https:\/\/www.northhatley.org\/fr\/\"},{\"@type\":\"ListItem\",\"position\":2,\"name\":\"Mairie\",\"item\":\"http:\/\/www.northhatley.org\/fr\/municipalite\/\"},{\"@type\":\"ListItem\",\"position\":3,\"name\":\"Renseignements g\u00e9n\u00e9raux\",\"item\":\"https:\/\/www.northhatley.org\/fr\/municipalite\/renseignements-generaux\/\"},{\"@type\":\"ListItem\",\"position\":4,\"name\":\"Ordures, recyclage et compost\",\"item\":\"https:\/\/www.northhatley.org\/fr\/municipalite\/renseignements-generaux\/recyclage-ordures-compost-etc\/\"},{\"@type\":\"ListItem\",\"position\":5,\"name\":\"Ramassage des feuilles\"}]},{\"@type\":\"WebSite\",\"@id\":\"https:\/\/www.northhatley.org\/fr\/#website\",\"url\":\"https:\/\/www.northhatley.org\/fr\/\",\"name\":\"Village de North Hatley\",\"description\":\"Village of North Hatley\",\"publisher\":{\"@id\":\"https:\/\/www.northhatley.org\/fr\/#organization\"},\"potentialAction\":[{\"@type\":\"SearchAction\",\"target\":{\"@type\":\"EntryPoint\",\"urlTemplate\":\"https:\/\/www.northhatley.org\/fr\/?s={search_term_string}\"},\"query-input\":{\"@type\":\"PropertyValueSpecification\",\"valueRequired\":true,\"valueName\":\"search_term_string\"}}],\"inLanguage\":\"fr-FR\"},{\"@type\":\"Organization\",\"@id\":\"https:\/\/www.northhatley.org\/fr\/#organization\",\"name\":\"MUNICIPALIT\u00c9 DU VILLAGE DE NORTH HATLE\",\"url\":\"https:\/\/www.northhatley.org\/fr\/\",\"logo\":{\"@type\":\"ImageObject\",\"inLanguage\":\"fr-FR\",\"@id\":\"https:\/\/www.northhatley.org\/fr\/#\/schema\/logo\/image\/\",\"url\":\"https:\/\/www.northhatley.org\/wp-content\/uploads\/2016\/06\/Logo-North-Hatley.jpg\",\"contentUrl\":\"https:\/\/www.northhatley.org\/wp-content\/uploads\/2016\/06\/Logo-North-Hatley.jpg\",\"width\":127,\"height\":164,\"caption\":\"MUNICIPALIT\u00c9 DU VILLAGE DE NORTH HATLE\"},\"image\":{\"@id\":\"https:\/\/www.northhatley.org\/fr\/#\/schema\/logo\/image\/\"}}]}<\/script>\n<!-- \/ Yoast SEO plugin. -->","yoast_head_json":{"title":"Ramassage des feuilles - Village de North Hatley","robots":{"index":"index","follow":"follow","max-snippet":"max-snippet:-1","max-image-preview":"max-image-preview:large","max-video-preview":"max-video-preview:-1"},"canonical":"http:\/\/www.northhatley.org\/fr\/municipalite\/renseignements-generaux\/recyclage-ordures-compost-etc\/ramassage-des-feuilles\/","og_locale":"fr_FR","og_type":"article","og_title":"Ramassage des feuilles - Village de North Hatley","og_description":"Ramassage des feuilles mortes Le ramassage des feuilles a lieu \u00e0 la fin d\u2019octobre et au d\u00e9but de novembre. Pour les dates exactes de l\u2019ann\u00e9e en cours, consultez l\u2019Info Village de l\u2019automne. Mettez les feuilles dans des sacs en papier compostables. SVP, pas de\u00a0: sacs biod\u00e9gradables sacs de plastique \u00c9vitez d\u2019y mettre des aiguilles de","og_url":"http:\/\/www.northhatley.org\/fr\/municipalite\/renseignements-generaux\/recyclage-ordures-compost-etc\/ramassage-des-feuilles\/","og_site_name":"Village de North Hatley","article_modified_time":"2015-01-09T22:15:01+00:00","twitter_misc":{"Dur\u00e9e de lecture estim\u00e9e":"1 minute"},"schema":{"@context":"https:\/\/schema.org","@graph":[{"@type":"WebPage","@id":"http:\/\/www.northhatley.org\/fr\/municipalite\/renseignements-generaux\/recyclage-ordures-compost-etc\/ramassage-des-feuilles\/","url":"http:\/\/www.northhatley.org\/fr\/municipalite\/renseignements-generaux\/recyclage-ordures-compost-etc\/ramassage-des-feuilles\/","name":"Ramassage des feuilles - Village de North Hatley","isPartOf":{"@id":"https:\/\/www.northhatley.org\/fr\/#website"},"datePublished":"2014-06-30T17:58:03+00:00","dateModified":"2015-01-09T22:15:01+00:00","breadcrumb":{"@id":"http:\/\/www.northhatley.org\/fr\/municipalite\/renseignements-generaux\/recyclage-ordures-compost-etc\/ramassage-des-feuilles\/#breadcrumb"},"inLanguage":"fr-FR","potentialAction":[{"@type":"ReadAction","target":["http:\/\/www.northhatley.org\/fr\/municipalite\/renseignements-generaux\/recyclage-ordures-compost-etc\/ramassage-des-feuilles\/"]}]},{"@type":"BreadcrumbList","@id":"http:\/\/www.northhatley.org\/fr\/municipalite\/renseignements-generaux\/recyclage-ordures-compost-etc\/ramassage-des-feuilles\/#breadcrumb","itemListElement":[{"@type":"ListItem","position":1,"name":"Home","item":"https:\/\/www.northhatley.org\/fr\/"},{"@type":"ListItem","position":2,"name":"Mairie","item":"http:\/\/www.northhatley.org\/fr\/municipalite\/"},{"@type":"ListItem","position":3,"name":"Renseignements g\u00e9n\u00e9raux","item":"https:\/\/www.northhatley.org\/fr\/municipalite\/renseignements-generaux\/"},{"@type":"ListItem","position":4,"name":"Ordures, recyclage et compost","item":"https:\/\/www.northhatley.org\/fr\/municipalite\/renseignements-generaux\/recyclage-ordures-compost-etc\/"},{"@type":"ListItem","position":5,"name":"Ramassage des feuilles"}]},{"@type":"WebSite","@id":"https:\/\/www.northhatley.org\/fr\/#website","url":"https:\/\/www.northhatley.org\/fr\/","name":"Village de North Hatley","description":"Village of North Hatley","publisher":{"@id":"https:\/\/www.northhatley.org\/fr\/#organization"},"potentialAction":[{"@type":"SearchAction","target":{"@type":"EntryPoint","urlTemplate":"https:\/\/www.northhatley.org\/fr\/?s={search_term_string}"},"query-input":{"@type":"PropertyValueSpecification","valueRequired":true,"valueName":"search_term_string"}}],"inLanguage":"fr-FR"},{"@type":"Organization","@id":"https:\/\/www.northhatley.org\/fr\/#organization","name":"MUNICIPALIT\u00c9 DU VILLAGE DE NORTH HATLE","url":"https:\/\/www.northhatley.org\/fr\/","logo":{"@type":"ImageObject","inLanguage":"fr-FR","@id":"https:\/\/www.northhatley.org\/fr\/#\/schema\/logo\/image\/","url":"https:\/\/www.northhatley.org\/wp-content\/uploads\/2016\/06\/Logo-North-Hatley.jpg","contentUrl":"https:\/\/www.northhatley.org\/wp-content\/uploads\/2016\/06\/Logo-North-Hatley.jpg","width":127,"height":164,"caption":"MUNICIPALIT\u00c9 DU VILLAGE DE NORTH HATLE"},"image":{"@id":"https:\/\/www.northhatley.org\/fr\/#\/schema\/logo\/image\/"}}]}},"_links":{"self":[{"href":"http:\/\/www.northhatley.org\/fr\/wp-json\/wp\/v2\/pages\/1275","targetHints":{"allow":["GET"]}}],"collection":[{"href":"http:\/\/www.northhatley.org\/fr\/wp-json\/wp\/v2\/pages"}],"about":[{"href":"http:\/\/www.northhatley.org\/fr\/wp-json\/wp\/v2\/types\/page"}],"author":[{"embeddable":true,"href":"http:\/\/www.northhatley.org\/fr\/wp-json\/wp\/v2\/users\/2"}],"replies":[{"embeddable":true,"href":"http:\/\/www.northhatley.org\/fr\/wp-json\/wp\/v2\/comments?post=1275"}],"version-history":[{"count":6,"href":"http:\/\/www.northhatley.org\/fr\/wp-json\/wp\/v2\/pages\/1275\/revisions"}],"predecessor-version":[{"id":3545,"href":"http:\/\/www.northhatley.org\/fr\/wp-json\/wp\/v2\/pages\/1275\/revisions\/3545"}],"up":[{"embeddable":true,"href":"http:\/\/www.northhatley.org\/fr\/wp-json\/wp\/v2\/pages\/1263"}],"wp:attachment":[{"href":"http:\/\/www.northhatley.org\/fr\/wp-json\/wp\/v2\/media?parent=1275"}],"curies":[{"name":"wp","href":"https:\/\/api.w.org\/{rel}","templated":true}]}}